{"id":9187,"date":"2017-01-30T12:43:03","date_gmt":"2017-01-30T12:43:03","guid":{"rendered":"https:\/\/www.valgusevabrik.ee\/?post_type=product&#038;p=9187\/"},"modified":"2026-04-16T12:34:50","modified_gmt":"2026-04-16T09:34:50","slug":"wedding-candle-blue-bells","status":"publish","type":"product","link":"https:\/\/www.valgusevabrik.ee\/en\/product\/wedding-candles\/wedding-candle-for-bride-and-groom\/wedding-candle-blue-bells\/","title":{"rendered":"Wedding candle Blue Bells"},"content":{"rendered":"<p><strong>Wedding candle Blue Bells<\/strong><\/p>\n<ul>\n<li><strong>Elegant hand-painted design\u00a0<\/strong><\/li>\n<li><strong>Customizable details \u2013\u00a0<\/strong>Personalize your candle with the bride and groom\u2019s names and wedding date (optional<strong>).<\/strong>\u00a0If you have special requests regarding color and decoration, please contact us\u00a0<a href=\"mailto:info@valgusevabrik.ee\">info@valgusevabrik.ee<\/a>\u00a0The colour scheme of candle design can be personalised without any extra charges.<\/li>\n<li><strong>Premium quality \u2013\u00a0<\/strong>Made from high-quality refined wax with a stable burn, creating a warm, inviting glow throughout your event. 100% OEKO-TEX certified cotton wick (lead-free). Special wax colors melt evenly with candle wax. Does not contain palm oil. Vegan<\/li>\n<li><strong>Perfect size\u00a0<\/strong>\u2013 Candle on the photo is in white marble colour size 10 \u00d7 30 cm, approximate burning time 180 h. In addition to the most popular wedding candle sizes offered, we can also make wedding candles in other sizes. A larger size wedding candle, 60cm can only be sent to an Omniva parcel machine or by courier.<\/li>\n<li><strong>Estonian handcraft<\/strong><\/li>\n<\/ul>\n<p><strong>Related products:<\/strong><\/p>\n<p>This design is also available in a\u00a0<strong>smaller size as a parent gift candle\u00a0<\/strong><a href=\"https:\/\/www.valgusevabrik.ee\/en\/product\/wedding-candles\/wedding-candle-for-parents\/wedding-candle-eucalyptus-2\/\" target=\"_blank\" rel=\"noopener\">here:<\/a><\/p>\n<p>You may also choose a\u00a0<strong>matching unity ceremony candles<\/strong>\u00a0to lit the wedding candle\u00a0<a href=\"https:\/\/www.valgusevabrik.ee\/en\/product\/wedding-candles\/ceremony-candles\/unity-ceremony-candles\/\" target=\"_blank\" rel=\"noopener\">here:<\/a><\/p>\n<p>Please find suitable\u00a0<strong>ceramic candle holders<\/strong>\u00a0<a href=\"https:\/\/www.valgusevabrik.ee\/en\/product-cat\/candle-holders-and-accessories\/\" target=\"_blank\" rel=\"noopener\">here:<\/a><\/p>\n<p>Please check the order confirmation to make sure all details were entered correctly. If necessary, please send additional information to\u00a0<strong><a href=\"mailto:info@valgusevabrik.ee\">info@valgusevabrik.ee<\/a><\/strong><\/p>\n<p>We work with you to design your candle, so you get personalised customised and individually crafted candle creating everlasting memories.<\/p>\n<p>&nbsp;<\/p>\n<p><img decoding=\"async\" class=\"alignnone size-medium wp-image-10773\" src=\"https:\/\/www.valgusevabrik.ee\/wp-content\/uploads\/2017\/03\/IMG_8919-200x300.jpg\" alt=\"\" width=\"200\" height=\"300\" srcset=\"https:\/\/www.valgusevabrik.ee\/wp-content\/uploads\/2017\/03\/IMG_8919-200x300.jpg 200w, https:\/\/www.valgusevabrik.ee\/wp-content\/uploads\/2017\/03\/IMG_8919-682x1024.jpg 682w, https:\/\/www.valgusevabrik.ee\/wp-content\/uploads\/2017\/03\/IMG_8919-768x1152.jpg 768w, https:\/\/www.valgusevabrik.ee\/wp-content\/uploads\/2017\/03\/IMG_8919-1024x1536.jpg 1024w, https:\/\/www.valgusevabrik.ee\/wp-content\/uploads\/2017\/03\/IMG_8919-400x600.jpg 400w, https:\/\/www.valgusevabrik.ee\/wp-content\/uploads\/2017\/03\/IMG_8919.jpg 1333w\" sizes=\"(max-width: 200px) 100vw, 200px\" \/> <img decoding=\"async\" class=\"alignnone size-medium wp-image-10775\" src=\"https:\/\/www.valgusevabrik.ee\/wp-content\/uploads\/2017\/03\/IMG_8920-200x300.jpg\" alt=\"\" width=\"200\" height=\"300\" srcset=\"https:\/\/www.valgusevabrik.ee\/wp-content\/uploads\/2017\/03\/IMG_8920-200x300.jpg 200w, https:\/\/www.valgusevabrik.ee\/wp-content\/uploads\/2017\/03\/IMG_8920-682x1024.jpg 682w, https:\/\/www.valgusevabrik.ee\/wp-content\/uploads\/2017\/03\/IMG_8920-768x1152.jpg 768w, https:\/\/www.valgusevabrik.ee\/wp-content\/uploads\/2017\/03\/IMG_8920-1024x1536.jpg 1024w, https:\/\/www.valgusevabrik.ee\/wp-content\/uploads\/2017\/03\/IMG_8920-400x600.jpg 400w, https:\/\/www.valgusevabrik.ee\/wp-content\/uploads\/2017\/03\/IMG_8920.jpg 1333w\" sizes=\"(max-width: 200px) 100vw, 200px\" \/> <img decoding=\"async\" class=\"alignnone size-medium wp-image-9141\" src=\"https:\/\/www.valgusevabrik.ee\/wp-content\/uploads\/2017\/02\/IMG_8819-1-200x300.jpg\" alt=\"\" width=\"200\" height=\"300\" srcset=\"https:\/\/www.valgusevabrik.ee\/wp-content\/uploads\/2017\/02\/IMG_8819-1-200x300.jpg 200w, https:\/\/www.valgusevabrik.ee\/wp-content\/uploads\/2017\/02\/IMG_8819-1-768x1152.jpg 768w, https:\/\/www.valgusevabrik.ee\/wp-content\/uploads\/2017\/02\/IMG_8819-1-683x1024.jpg 683w, https:\/\/www.valgusevabrik.ee\/wp-content\/uploads\/2017\/02\/IMG_8819-1-400x600.jpg 400w, https:\/\/www.valgusevabrik.ee\/wp-content\/uploads\/2017\/02\/IMG_8819-1-scaled.jpg 1707w\" sizes=\"(max-width: 200px) 100vw, 200px\" \/> <img decoding=\"async\" class=\"alignnone size-medium wp-image-9143\" src=\"https:\/\/www.valgusevabrik.ee\/wp-content\/uploads\/2017\/02\/IMG_8820-1-200x300.jpg\" alt=\"\" width=\"200\" height=\"300\" srcset=\"https:\/\/www.valgusevabrik.ee\/wp-content\/uploads\/2017\/02\/IMG_8820-1-200x300.jpg 200w, https:\/\/www.valgusevabrik.ee\/wp-content\/uploads\/2017\/02\/IMG_8820-1-768x1152.jpg 768w, https:\/\/www.valgusevabrik.ee\/wp-content\/uploads\/2017\/02\/IMG_8820-1-683x1024.jpg 683w, https:\/\/www.valgusevabrik.ee\/wp-content\/uploads\/2017\/02\/IMG_8820-1-400x600.jpg 400w, https:\/\/www.valgusevabrik.ee\/wp-content\/uploads\/2017\/02\/IMG_8820-1-scaled.jpg 1707w\" sizes=\"(max-width: 200px) 100vw, 200px\" \/><\/p>\n","protected":false},"excerpt":{"rendered":"<p>The handpainted wedding candle with lots and lots of bellies. At your request we can paint the candle with the colour of your choice. Both names and date can be added to this wedding candle.<\/p>\n<ul>\n<li>Shipping in Estonia within 14 days<\/li>\n<li>International delivery time depends on the courier in the recipient\u2019s country.<\/li>\n<\/ul>\n<p>Choose from a range of size and colour to match your wedding theme from the drop-down menu. Contact us directly if you have an urgent order or a custom order request.<\/p>\n","protected":false},"featured_media":48426,"comment_status":"open","ping_status":"closed","template":"","meta":{"_acf_changed":false,"inline_featured_image":false},"product_brand":[],"product_cat":[77,1827],"product_tag":[],"giftcard-category":[],"class_list":{"0":"post-9187","1":"product","2":"type-product","3":"status-publish","4":"has-post-thumbnail","6":"product_cat-wedding-candles","7":"product_cat-wedding-candle-for-bride-and-groom","9":"first","10":"instock","11":"taxable","12":"shipping-taxable","13":"purchasable","14":"product-type-variable"},"acf":[],"yoast_head":"<!-- This site is optimized with the Yoast SEO plugin v27.5 - https:\/\/yoast.com\/product\/yoast-seo-wordpress\/ -->\n<title>Wedding candle Blue Bells - V\u00f5hma<\/title>\n<meta name=\"description\" content=\"Wedding candle Blue Bells with lots and lots of bellies. At your request we can paint the candle with the colour of your choice. V\u00f5hma Valgusevabrik\" \/>\n<meta name=\"robots\" content=\"index, follow, max-snippet:-1, max-image-preview:large, max-video-preview:-1\" \/>\n<link rel=\"canonical\" href=\"https:\/\/www.valgusevabrik.ee\/en\/product\/wedding-candles\/wedding-candle-for-bride-and-groom\/wedding-candle-blue-bells\/\" \/>\n<meta property=\"og:locale\" content=\"en_US\" \/>\n<meta property=\"og:type\" content=\"article\" \/>\n<meta property=\"og:title\" content=\"Wedding candle Blue Bells - V\u00f5hma\" \/>\n<meta property=\"og:description\" content=\"Wedding candle Blue Bells with lots and lots of bellies. At your request we can paint the candle with the colour of your choice. V\u00f5hma Valgusevabrik\" \/>\n<meta property=\"og:url\" content=\"https:\/\/www.valgusevabrik.ee\/en\/product\/wedding-candles\/wedding-candle-for-bride-and-groom\/wedding-candle-blue-bells\/\" \/>\n<meta property=\"og:site_name\" content=\"V\u00f5hma\" \/>\n<meta property=\"article:publisher\" content=\"https:\/\/www.facebook.com\/V%c3%b5hma-Valgusevabrik-1511025752479317\/\" \/>\n<meta property=\"article:modified_time\" content=\"2026-04-16T09:34:50+00:00\" \/>\n<meta property=\"og:image\" content=\"https:\/\/www.valgusevabrik.ee\/wp-content\/uploads\/2017\/01\/pulmakuunal-30-armastuseviis-eest-ja-tagant-maalitud-vohma-valgusevabrik-kasitoo.jpeg\" \/>\n\t<meta property=\"og:image:width\" content=\"940\" \/>\n\t<meta property=\"og:image:height\" content=\"788\" \/>\n\t<meta property=\"og:image:type\" content=\"image\/jpeg\" \/>\n<meta name=\"twitter:card\" content=\"summary_large_image\" \/>\n<meta name=\"twitter:label1\" content=\"Est. reading time\" \/>\n\t<meta name=\"twitter:data1\" content=\"3 minutes\" \/>\n<script type=\"application\/ld+json\" class=\"yoast-schema-graph\">{\"@context\":\"https:\\\/\\\/schema.org\",\"@graph\":[{\"@type\":\"WebPage\",\"@id\":\"https:\\\/\\\/www.valgusevabrik.ee\\\/en\\\/product\\\/wedding-candles\\\/wedding-candle-for-bride-and-groom\\\/wedding-candle-blue-bells\\\/\",\"url\":\"https:\\\/\\\/www.valgusevabrik.ee\\\/en\\\/product\\\/wedding-candles\\\/wedding-candle-for-bride-and-groom\\\/wedding-candle-blue-bells\\\/\",\"name\":\"Wedding candle Blue Bells - V\u00f5hma\",\"isPartOf\":{\"@id\":\"https:\\\/\\\/www.valgusevabrik.ee\\\/#website\"},\"primaryImageOfPage\":{\"@id\":\"https:\\\/\\\/www.valgusevabrik.ee\\\/en\\\/product\\\/wedding-candles\\\/wedding-candle-for-bride-and-groom\\\/wedding-candle-blue-bells\\\/#primaryimage\"},\"image\":{\"@id\":\"https:\\\/\\\/www.valgusevabrik.ee\\\/en\\\/product\\\/wedding-candles\\\/wedding-candle-for-bride-and-groom\\\/wedding-candle-blue-bells\\\/#primaryimage\"},\"thumbnailUrl\":\"https:\\\/\\\/www.valgusevabrik.ee\\\/wp-content\\\/uploads\\\/2017\\\/01\\\/pulmakuunal-30-armastuseviis-eest-ja-tagant-maalitud-vohma-valgusevabrik-kasitoo.jpeg\",\"datePublished\":\"2017-01-30T12:43:03+00:00\",\"dateModified\":\"2026-04-16T09:34:50+00:00\",\"description\":\"Wedding candle Blue Bells with lots and lots of bellies. At your request we can paint the candle with the colour of your choice. V\u00f5hma Valgusevabrik\",\"breadcrumb\":{\"@id\":\"https:\\\/\\\/www.valgusevabrik.ee\\\/en\\\/product\\\/wedding-candles\\\/wedding-candle-for-bride-and-groom\\\/wedding-candle-blue-bells\\\/#breadcrumb\"},\"inLanguage\":\"en-US\",\"potentialAction\":[{\"@type\":\"ReadAction\",\"target\":[\"https:\\\/\\\/www.valgusevabrik.ee\\\/en\\\/product\\\/wedding-candles\\\/wedding-candle-for-bride-and-groom\\\/wedding-candle-blue-bells\\\/\"]}]},{\"@type\":\"ImageObject\",\"inLanguage\":\"en-US\",\"@id\":\"https:\\\/\\\/www.valgusevabrik.ee\\\/en\\\/product\\\/wedding-candles\\\/wedding-candle-for-bride-and-groom\\\/wedding-candle-blue-bells\\\/#primaryimage\",\"url\":\"https:\\\/\\\/www.valgusevabrik.ee\\\/wp-content\\\/uploads\\\/2017\\\/01\\\/pulmakuunal-30-armastuseviis-eest-ja-tagant-maalitud-vohma-valgusevabrik-kasitoo.jpeg\",\"contentUrl\":\"https:\\\/\\\/www.valgusevabrik.ee\\\/wp-content\\\/uploads\\\/2017\\\/01\\\/pulmakuunal-30-armastuseviis-eest-ja-tagant-maalitud-vohma-valgusevabrik-kasitoo.jpeg\",\"width\":940,\"height\":788,\"caption\":\"Pulmak\u00fc\u00fcnal 30 Armastuseviis eest ja tagant maalitud V\u00f5hma Valgusevabrik k\u00e4sit\u00f6\u00f6\"},{\"@type\":\"BreadcrumbList\",\"@id\":\"https:\\\/\\\/www.valgusevabrik.ee\\\/en\\\/product\\\/wedding-candles\\\/wedding-candle-for-bride-and-groom\\\/wedding-candle-blue-bells\\\/#breadcrumb\",\"itemListElement\":[{\"@type\":\"ListItem\",\"position\":1,\"name\":\"Home\",\"item\":\"https:\\\/\\\/www.valgusevabrik.ee\\\/en\\\/\"},{\"@type\":\"ListItem\",\"position\":2,\"name\":\"E-shop\",\"item\":\"https:\\\/\\\/www.valgusevabrik.ee\\\/en\\\/e-shop\\\/\"},{\"@type\":\"ListItem\",\"position\":3,\"name\":\"Wedding candle Blue Bells\"}]},{\"@type\":\"WebSite\",\"@id\":\"https:\\\/\\\/www.valgusevabrik.ee\\\/#website\",\"url\":\"https:\\\/\\\/www.valgusevabrik.ee\\\/\",\"name\":\"V\u00f5hma\",\"description\":\"Valguse Vabrik\",\"publisher\":{\"@id\":\"https:\\\/\\\/www.valgusevabrik.ee\\\/#organization\"},\"potentialAction\":[{\"@type\":\"SearchAction\",\"target\":{\"@type\":\"EntryPoint\",\"urlTemplate\":\"https:\\\/\\\/www.valgusevabrik.ee\\\/?s={search_term_string}\"},\"query-input\":{\"@type\":\"PropertyValueSpecification\",\"valueRequired\":true,\"valueName\":\"search_term_string\"}}],\"inLanguage\":\"en-US\"},{\"@type\":\"Organization\",\"@id\":\"https:\\\/\\\/www.valgusevabrik.ee\\\/#organization\",\"name\":\"V\u00f5hma\",\"url\":\"https:\\\/\\\/www.valgusevabrik.ee\\\/\",\"logo\":{\"@type\":\"ImageObject\",\"inLanguage\":\"en-US\",\"@id\":\"https:\\\/\\\/www.valgusevabrik.ee\\\/#\\\/schema\\\/logo\\\/image\\\/\",\"url\":\"https:\\\/\\\/www.valgusevabrik.ee\\\/wp-content\\\/uploads\\\/2025\\\/09\\\/vohmavalgusevabrik.png\",\"contentUrl\":\"https:\\\/\\\/www.valgusevabrik.ee\\\/wp-content\\\/uploads\\\/2025\\\/09\\\/vohmavalgusevabrik.png\",\"width\":256,\"height\":122,\"caption\":\"V\u00f5hma\"},\"image\":{\"@id\":\"https:\\\/\\\/www.valgusevabrik.ee\\\/#\\\/schema\\\/logo\\\/image\\\/\"},\"sameAs\":[\"https:\\\/\\\/www.facebook.com\\\/V\u00f5hma-Valgusevabrik-1511025752479317\\\/\",\"https:\\\/\\\/www.instagram.com\\\/valguse_vabrik\\\/\"]}]}<\/script>\n<!-- \/ Yoast SEO plugin. -->","yoast_head_json":{"title":"Wedding candle Blue Bells - V\u00f5hma","description":"Wedding candle Blue Bells with lots and lots of bellies. At your request we can paint the candle with the colour of your choice. V\u00f5hma Valgusevabrik","robots":{"index":"index","follow":"follow","max-snippet":"max-snippet:-1","max-image-preview":"max-image-preview:large","max-video-preview":"max-video-preview:-1"},"canonical":"https:\/\/www.valgusevabrik.ee\/en\/product\/wedding-candles\/wedding-candle-for-bride-and-groom\/wedding-candle-blue-bells\/","og_locale":"en_US","og_type":"article","og_title":"Wedding candle Blue Bells - V\u00f5hma","og_description":"Wedding candle Blue Bells with lots and lots of bellies. At your request we can paint the candle with the colour of your choice. V\u00f5hma Valgusevabrik","og_url":"https:\/\/www.valgusevabrik.ee\/en\/product\/wedding-candles\/wedding-candle-for-bride-and-groom\/wedding-candle-blue-bells\/","og_site_name":"V\u00f5hma","article_publisher":"https:\/\/www.facebook.com\/V%c3%b5hma-Valgusevabrik-1511025752479317\/","article_modified_time":"2026-04-16T09:34:50+00:00","og_image":[{"width":940,"height":788,"url":"https:\/\/www.valgusevabrik.ee\/wp-content\/uploads\/2017\/01\/pulmakuunal-30-armastuseviis-eest-ja-tagant-maalitud-vohma-valgusevabrik-kasitoo.jpeg","type":"image\/jpeg"}],"twitter_card":"summary_large_image","twitter_misc":{"Est. reading time":"3 minutes"},"schema":{"@context":"https:\/\/schema.org","@graph":[{"@type":"WebPage","@id":"https:\/\/www.valgusevabrik.ee\/en\/product\/wedding-candles\/wedding-candle-for-bride-and-groom\/wedding-candle-blue-bells\/","url":"https:\/\/www.valgusevabrik.ee\/en\/product\/wedding-candles\/wedding-candle-for-bride-and-groom\/wedding-candle-blue-bells\/","name":"Wedding candle Blue Bells - V\u00f5hma","isPartOf":{"@id":"https:\/\/www.valgusevabrik.ee\/#website"},"primaryImageOfPage":{"@id":"https:\/\/www.valgusevabrik.ee\/en\/product\/wedding-candles\/wedding-candle-for-bride-and-groom\/wedding-candle-blue-bells\/#primaryimage"},"image":{"@id":"https:\/\/www.valgusevabrik.ee\/en\/product\/wedding-candles\/wedding-candle-for-bride-and-groom\/wedding-candle-blue-bells\/#primaryimage"},"thumbnailUrl":"https:\/\/www.valgusevabrik.ee\/wp-content\/uploads\/2017\/01\/pulmakuunal-30-armastuseviis-eest-ja-tagant-maalitud-vohma-valgusevabrik-kasitoo.jpeg","datePublished":"2017-01-30T12:43:03+00:00","dateModified":"2026-04-16T09:34:50+00:00","description":"Wedding candle Blue Bells with lots and lots of bellies. At your request we can paint the candle with the colour of your choice. V\u00f5hma Valgusevabrik","breadcrumb":{"@id":"https:\/\/www.valgusevabrik.ee\/en\/product\/wedding-candles\/wedding-candle-for-bride-and-groom\/wedding-candle-blue-bells\/#breadcrumb"},"inLanguage":"en-US","potentialAction":[{"@type":"ReadAction","target":["https:\/\/www.valgusevabrik.ee\/en\/product\/wedding-candles\/wedding-candle-for-bride-and-groom\/wedding-candle-blue-bells\/"]}]},{"@type":"ImageObject","inLanguage":"en-US","@id":"https:\/\/www.valgusevabrik.ee\/en\/product\/wedding-candles\/wedding-candle-for-bride-and-groom\/wedding-candle-blue-bells\/#primaryimage","url":"https:\/\/www.valgusevabrik.ee\/wp-content\/uploads\/2017\/01\/pulmakuunal-30-armastuseviis-eest-ja-tagant-maalitud-vohma-valgusevabrik-kasitoo.jpeg","contentUrl":"https:\/\/www.valgusevabrik.ee\/wp-content\/uploads\/2017\/01\/pulmakuunal-30-armastuseviis-eest-ja-tagant-maalitud-vohma-valgusevabrik-kasitoo.jpeg","width":940,"height":788,"caption":"Pulmak\u00fc\u00fcnal 30 Armastuseviis eest ja tagant maalitud V\u00f5hma Valgusevabrik k\u00e4sit\u00f6\u00f6"},{"@type":"BreadcrumbList","@id":"https:\/\/www.valgusevabrik.ee\/en\/product\/wedding-candles\/wedding-candle-for-bride-and-groom\/wedding-candle-blue-bells\/#breadcrumb","itemListElement":[{"@type":"ListItem","position":1,"name":"Home","item":"https:\/\/www.valgusevabrik.ee\/en\/"},{"@type":"ListItem","position":2,"name":"E-shop","item":"https:\/\/www.valgusevabrik.ee\/en\/e-shop\/"},{"@type":"ListItem","position":3,"name":"Wedding candle Blue Bells"}]},{"@type":"WebSite","@id":"https:\/\/www.valgusevabrik.ee\/#website","url":"https:\/\/www.valgusevabrik.ee\/","name":"V\u00f5hma","description":"Valguse Vabrik","publisher":{"@id":"https:\/\/www.valgusevabrik.ee\/#organization"},"potentialAction":[{"@type":"SearchAction","target":{"@type":"EntryPoint","urlTemplate":"https:\/\/www.valgusevabrik.ee\/?s={search_term_string}"},"query-input":{"@type":"PropertyValueSpecification","valueRequired":true,"valueName":"search_term_string"}}],"inLanguage":"en-US"},{"@type":"Organization","@id":"https:\/\/www.valgusevabrik.ee\/#organization","name":"V\u00f5hma","url":"https:\/\/www.valgusevabrik.ee\/","logo":{"@type":"ImageObject","inLanguage":"en-US","@id":"https:\/\/www.valgusevabrik.ee\/#\/schema\/logo\/image\/","url":"https:\/\/www.valgusevabrik.ee\/wp-content\/uploads\/2025\/09\/vohmavalgusevabrik.png","contentUrl":"https:\/\/www.valgusevabrik.ee\/wp-content\/uploads\/2025\/09\/vohmavalgusevabrik.png","width":256,"height":122,"caption":"V\u00f5hma"},"image":{"@id":"https:\/\/www.valgusevabrik.ee\/#\/schema\/logo\/image\/"},"sameAs":["https:\/\/www.facebook.com\/V\u00f5hma-Valgusevabrik-1511025752479317\/","https:\/\/www.instagram.com\/valguse_vabrik\/"]}]}},"_links":{"self":[{"href":"https:\/\/www.valgusevabrik.ee\/en\/wp-json\/wp\/v2\/product\/9187","targetHints":{"allow":["GET"]}}],"collection":[{"href":"https:\/\/www.valgusevabrik.ee\/en\/wp-json\/wp\/v2\/product"}],"about":[{"href":"https:\/\/www.valgusevabrik.ee\/en\/wp-json\/wp\/v2\/types\/product"}],"replies":[{"embeddable":true,"href":"https:\/\/www.valgusevabrik.ee\/en\/wp-json\/wp\/v2\/comments?post=9187"}],"wp:featuredmedia":[{"embeddable":true,"href":"https:\/\/www.valgusevabrik.ee\/en\/wp-json\/wp\/v2\/media\/48426"}],"wp:attachment":[{"href":"https:\/\/www.valgusevabrik.ee\/en\/wp-json\/wp\/v2\/media?parent=9187"}],"wp:term":[{"taxonomy":"product_brand","embeddable":true,"href":"https:\/\/www.valgusevabrik.ee\/en\/wp-json\/wp\/v2\/product_brand?post=9187"},{"taxonomy":"product_cat","embeddable":true,"href":"https:\/\/www.valgusevabrik.ee\/en\/wp-json\/wp\/v2\/product_cat?post=9187"},{"taxonomy":"product_tag","embeddable":true,"href":"https:\/\/www.valgusevabrik.ee\/en\/wp-json\/wp\/v2\/product_tag?post=9187"},{"taxonomy":"giftcard-category","embeddable":true,"href":"https:\/\/www.valgusevabrik.ee\/en\/wp-json\/wp\/v2\/giftcard-category?post=9187"}],"curies":[{"name":"wp","href":"https:\/\/api.w.org\/{rel}","templated":true}]}}