{"id":88158,"date":"2026-03-10T09:55:05","date_gmt":"2026-03-10T07:55:05","guid":{"rendered":"https:\/\/www.valgusevabrik.ee\/?post_type=product&#038;p=88158"},"modified":"2026-04-13T12:48:38","modified_gmt":"2026-04-13T09:48:38","slug":"gift-set-congratulations","status":"publish","type":"product","link":"https:\/\/www.valgusevabrik.ee\/en\/product\/gifts\/birthday-candles\/gift-set-congratulations\/","title":{"rendered":"Gift Set Congratulations"},"content":{"rendered":"<p><strong>Gift Set Congratulations<\/strong><\/p>\n<p data-start=\"138\" data-end=\"237\"><strong data-start=\"138\" data-end=\"152\">Materials:<\/strong>\u00a0High-quality refined paraffin and a 100% OEKO-TEX certified cotton wick (lead-free).<\/p>\n<p data-start=\"239\" data-end=\"470\"><strong data-start=\"239\" data-end=\"253\">Fragrance:<\/strong>\u00a0The candles are scented with nature-identical fragrance oils specially developed for candle production and compliant with the standards of the International Fragrance Association (IFRA).<br data-start=\"440\" data-end=\"443\" \/>Origin: Poland<\/p>\n<p data-start=\"472\" data-end=\"502\"><strong data-start=\"472\" data-end=\"502\">Free from palm oil. Vegan.<\/strong><\/p>\n<p data-start=\"504\" data-end=\"594\">With every purchase, you support Estonian craftsmanship and local producers. Thank you! \u2764\ufe0f<\/p>\n<p><strong>Manufacturer:<\/strong>\u00a0Eesti Valgus O\u00dc<\/p>\n<p>Estonian handcraft \u2013 high quality and safe \u2013 clean burning, smoke and drip-free, handmade. The choice of the best quality material ensures even burning of the candle and stable aroma retention.<\/p>\n<p>A beautiful selection of candle holders can be found here:<a href=\"https:\/\/www.valgusevabrik.ee\/en\/candle-holders-and-accessories\/\" target=\"_blank\" rel=\"noopener\">https:\/\/www.valgusevabrik.ee\/en\/candle-holders-and-accessories\/<\/a><\/p>\n","protected":false},"excerpt":{"rendered":"<p><strong>Gift Set Congratulations<\/strong><\/p>\n<p>Lovely gift idea with hand-painted candle and scented tealights.<\/p>\n<ul>\n<li>Shipping in Estonia within 7 days<\/li>\n<li>Please contact us, if you need your shipping abroad<\/li>\n<\/ul>\n<p>Contact us directly if you have an urgent order or a custom order request.<\/p>\n","protected":false},"featured_media":88195,"comment_status":"open","ping_status":"closed","template":"","meta":{"_acf_changed":false,"inline_featured_image":false},"product_brand":[],"product_cat":[219,1338,59],"product_tag":[],"giftcard-category":[],"class_list":{"0":"post-88158","1":"product","2":"type-product","3":"status-publish","4":"has-post-thumbnail","6":"product_cat-birthday-candles","7":"product_cat-gift-set","8":"product_cat-gifts","10":"first","11":"instock","12":"taxable","13":"shipping-taxable","14":"purchasable","15":"product-type-variable"},"acf":[],"yoast_head":"<!-- This site is optimized with the Yoast SEO plugin v27.4 - https:\/\/yoast.com\/product\/yoast-seo-wordpress\/ -->\n<title>Gift Set Congratulations - V\u00f5hma<\/title>\n<meta name=\"description\" content=\"Gift Set Congratulations. Lovely gift idea with hand-painted candle and scented tealights. V\u00f5hma Valgusevabrik artisan handcraft\" \/>\n<meta name=\"robots\" content=\"index, follow, max-snippet:-1, max-image-preview:large, max-video-preview:-1\" \/>\n<link rel=\"canonical\" href=\"https:\/\/www.valgusevabrik.ee\/en\/product\/gifts\/birthday-candles\/gift-set-congratulations\/\" \/>\n<meta property=\"og:locale\" content=\"en_US\" \/>\n<meta property=\"og:type\" content=\"article\" \/>\n<meta property=\"og:title\" content=\"Gift Set Congratulations - V\u00f5hma\" \/>\n<meta property=\"og:description\" content=\"Gift Set Congratulations. Lovely gift idea with hand-painted candle and scented tealights. V\u00f5hma Valgusevabrik artisan handcraft\" \/>\n<meta property=\"og:url\" content=\"https:\/\/www.valgusevabrik.ee\/en\/product\/gifts\/birthday-candles\/gift-set-congratulations\/\" \/>\n<meta property=\"og:site_name\" content=\"V\u00f5hma\" \/>\n<meta property=\"article:publisher\" content=\"https:\/\/www.facebook.com\/V%c3%b5hma-Valgusevabrik-1511025752479317\/\" \/>\n<meta property=\"article:modified_time\" content=\"2026-04-13T09:48:38+00:00\" \/>\n<meta property=\"og:image\" content=\"https:\/\/www.valgusevabrik.ee\/wp-content\/uploads\/2026\/03\/kinkekomplekt-Palju-onne-maalitud-kuunlaga-Vohma-Valgusevabrik.jpg\" \/>\n\t<meta property=\"og:image:width\" content=\"1365\" \/>\n\t<meta property=\"og:image:height\" content=\"2048\" \/>\n\t<meta property=\"og:image:type\" content=\"image\/jpeg\" \/>\n<meta name=\"twitter:card\" content=\"summary_large_image\" \/>\n<meta name=\"twitter:label1\" content=\"Est. reading time\" \/>\n\t<meta name=\"twitter:data1\" content=\"1 minute\" \/>\n<script type=\"application\/ld+json\" class=\"yoast-schema-graph\">{\"@context\":\"https:\\\/\\\/schema.org\",\"@graph\":[{\"@type\":\"WebPage\",\"@id\":\"https:\\\/\\\/www.valgusevabrik.ee\\\/en\\\/product\\\/gifts\\\/birthday-candles\\\/gift-set-congratulations\\\/\",\"url\":\"https:\\\/\\\/www.valgusevabrik.ee\\\/en\\\/product\\\/gifts\\\/birthday-candles\\\/gift-set-congratulations\\\/\",\"name\":\"Gift Set Congratulations - V\u00f5hma\",\"isPartOf\":{\"@id\":\"https:\\\/\\\/www.valgusevabrik.ee\\\/#website\"},\"primaryImageOfPage\":{\"@id\":\"https:\\\/\\\/www.valgusevabrik.ee\\\/en\\\/product\\\/gifts\\\/birthday-candles\\\/gift-set-congratulations\\\/#primaryimage\"},\"image\":{\"@id\":\"https:\\\/\\\/www.valgusevabrik.ee\\\/en\\\/product\\\/gifts\\\/birthday-candles\\\/gift-set-congratulations\\\/#primaryimage\"},\"thumbnailUrl\":\"https:\\\/\\\/www.valgusevabrik.ee\\\/wp-content\\\/uploads\\\/2026\\\/03\\\/kinkekomplekt-Palju-onne-maalitud-kuunlaga-Vohma-Valgusevabrik.jpg\",\"datePublished\":\"2026-03-10T07:55:05+00:00\",\"dateModified\":\"2026-04-13T09:48:38+00:00\",\"description\":\"Gift Set Congratulations. Lovely gift idea with hand-painted candle and scented tealights. V\u00f5hma Valgusevabrik artisan handcraft\",\"breadcrumb\":{\"@id\":\"https:\\\/\\\/www.valgusevabrik.ee\\\/en\\\/product\\\/gifts\\\/birthday-candles\\\/gift-set-congratulations\\\/#breadcrumb\"},\"inLanguage\":\"en-US\",\"potentialAction\":[{\"@type\":\"ReadAction\",\"target\":[\"https:\\\/\\\/www.valgusevabrik.ee\\\/en\\\/product\\\/gifts\\\/birthday-candles\\\/gift-set-congratulations\\\/\"]}]},{\"@type\":\"ImageObject\",\"inLanguage\":\"en-US\",\"@id\":\"https:\\\/\\\/www.valgusevabrik.ee\\\/en\\\/product\\\/gifts\\\/birthday-candles\\\/gift-set-congratulations\\\/#primaryimage\",\"url\":\"https:\\\/\\\/www.valgusevabrik.ee\\\/wp-content\\\/uploads\\\/2026\\\/03\\\/kinkekomplekt-Palju-onne-maalitud-kuunlaga-Vohma-Valgusevabrik.jpg\",\"contentUrl\":\"https:\\\/\\\/www.valgusevabrik.ee\\\/wp-content\\\/uploads\\\/2026\\\/03\\\/kinkekomplekt-Palju-onne-maalitud-kuunlaga-Vohma-Valgusevabrik.jpg\",\"width\":1365,\"height\":2048,\"caption\":\"kinkekomplekt Palju \u00f5nne maalitud k\u00fc\u00fcnlaga V\u00f5hma Valgusevabrik\"},{\"@type\":\"BreadcrumbList\",\"@id\":\"https:\\\/\\\/www.valgusevabrik.ee\\\/en\\\/product\\\/gifts\\\/birthday-candles\\\/gift-set-congratulations\\\/#breadcrumb\",\"itemListElement\":[{\"@type\":\"ListItem\",\"position\":1,\"name\":\"Home\",\"item\":\"https:\\\/\\\/www.valgusevabrik.ee\\\/en\\\/\"},{\"@type\":\"ListItem\",\"position\":2,\"name\":\"E-shop\",\"item\":\"https:\\\/\\\/www.valgusevabrik.ee\\\/en\\\/e-shop\\\/\"},{\"@type\":\"ListItem\",\"position\":3,\"name\":\"Gift Set Congratulations\"}]},{\"@type\":\"WebSite\",\"@id\":\"https:\\\/\\\/www.valgusevabrik.ee\\\/#website\",\"url\":\"https:\\\/\\\/www.valgusevabrik.ee\\\/\",\"name\":\"V\u00f5hma\",\"description\":\"Valguse Vabrik\",\"publisher\":{\"@id\":\"https:\\\/\\\/www.valgusevabrik.ee\\\/#organization\"},\"potentialAction\":[{\"@type\":\"SearchAction\",\"target\":{\"@type\":\"EntryPoint\",\"urlTemplate\":\"https:\\\/\\\/www.valgusevabrik.ee\\\/?s={search_term_string}\"},\"query-input\":{\"@type\":\"PropertyValueSpecification\",\"valueRequired\":true,\"valueName\":\"search_term_string\"}}],\"inLanguage\":\"en-US\"},{\"@type\":\"Organization\",\"@id\":\"https:\\\/\\\/www.valgusevabrik.ee\\\/#organization\",\"name\":\"V\u00f5hma\",\"url\":\"https:\\\/\\\/www.valgusevabrik.ee\\\/\",\"logo\":{\"@type\":\"ImageObject\",\"inLanguage\":\"en-US\",\"@id\":\"https:\\\/\\\/www.valgusevabrik.ee\\\/#\\\/schema\\\/logo\\\/image\\\/\",\"url\":\"https:\\\/\\\/www.valgusevabrik.ee\\\/wp-content\\\/uploads\\\/2025\\\/09\\\/vohmavalgusevabrik.png\",\"contentUrl\":\"https:\\\/\\\/www.valgusevabrik.ee\\\/wp-content\\\/uploads\\\/2025\\\/09\\\/vohmavalgusevabrik.png\",\"width\":256,\"height\":122,\"caption\":\"V\u00f5hma\"},\"image\":{\"@id\":\"https:\\\/\\\/www.valgusevabrik.ee\\\/#\\\/schema\\\/logo\\\/image\\\/\"},\"sameAs\":[\"https:\\\/\\\/www.facebook.com\\\/V\u00f5hma-Valgusevabrik-1511025752479317\\\/\",\"https:\\\/\\\/www.instagram.com\\\/valguse_vabrik\\\/\"]}]}<\/script>\n<!-- \/ Yoast SEO plugin. -->","yoast_head_json":{"title":"Gift Set Congratulations - V\u00f5hma","description":"Gift Set Congratulations. Lovely gift idea with hand-painted candle and scented tealights. V\u00f5hma Valgusevabrik artisan handcraft","robots":{"index":"index","follow":"follow","max-snippet":"max-snippet:-1","max-image-preview":"max-image-preview:large","max-video-preview":"max-video-preview:-1"},"canonical":"https:\/\/www.valgusevabrik.ee\/en\/product\/gifts\/birthday-candles\/gift-set-congratulations\/","og_locale":"en_US","og_type":"article","og_title":"Gift Set Congratulations - V\u00f5hma","og_description":"Gift Set Congratulations. Lovely gift idea with hand-painted candle and scented tealights. V\u00f5hma Valgusevabrik artisan handcraft","og_url":"https:\/\/www.valgusevabrik.ee\/en\/product\/gifts\/birthday-candles\/gift-set-congratulations\/","og_site_name":"V\u00f5hma","article_publisher":"https:\/\/www.facebook.com\/V%c3%b5hma-Valgusevabrik-1511025752479317\/","article_modified_time":"2026-04-13T09:48:38+00:00","og_image":[{"width":1365,"height":2048,"url":"https:\/\/www.valgusevabrik.ee\/wp-content\/uploads\/2026\/03\/kinkekomplekt-Palju-onne-maalitud-kuunlaga-Vohma-Valgusevabrik.jpg","type":"image\/jpeg"}],"twitter_card":"summary_large_image","twitter_misc":{"Est. reading time":"1 minute"},"schema":{"@context":"https:\/\/schema.org","@graph":[{"@type":"WebPage","@id":"https:\/\/www.valgusevabrik.ee\/en\/product\/gifts\/birthday-candles\/gift-set-congratulations\/","url":"https:\/\/www.valgusevabrik.ee\/en\/product\/gifts\/birthday-candles\/gift-set-congratulations\/","name":"Gift Set Congratulations - V\u00f5hma","isPartOf":{"@id":"https:\/\/www.valgusevabrik.ee\/#website"},"primaryImageOfPage":{"@id":"https:\/\/www.valgusevabrik.ee\/en\/product\/gifts\/birthday-candles\/gift-set-congratulations\/#primaryimage"},"image":{"@id":"https:\/\/www.valgusevabrik.ee\/en\/product\/gifts\/birthday-candles\/gift-set-congratulations\/#primaryimage"},"thumbnailUrl":"https:\/\/www.valgusevabrik.ee\/wp-content\/uploads\/2026\/03\/kinkekomplekt-Palju-onne-maalitud-kuunlaga-Vohma-Valgusevabrik.jpg","datePublished":"2026-03-10T07:55:05+00:00","dateModified":"2026-04-13T09:48:38+00:00","description":"Gift Set Congratulations. Lovely gift idea with hand-painted candle and scented tealights. V\u00f5hma Valgusevabrik artisan handcraft","breadcrumb":{"@id":"https:\/\/www.valgusevabrik.ee\/en\/product\/gifts\/birthday-candles\/gift-set-congratulations\/#breadcrumb"},"inLanguage":"en-US","potentialAction":[{"@type":"ReadAction","target":["https:\/\/www.valgusevabrik.ee\/en\/product\/gifts\/birthday-candles\/gift-set-congratulations\/"]}]},{"@type":"ImageObject","inLanguage":"en-US","@id":"https:\/\/www.valgusevabrik.ee\/en\/product\/gifts\/birthday-candles\/gift-set-congratulations\/#primaryimage","url":"https:\/\/www.valgusevabrik.ee\/wp-content\/uploads\/2026\/03\/kinkekomplekt-Palju-onne-maalitud-kuunlaga-Vohma-Valgusevabrik.jpg","contentUrl":"https:\/\/www.valgusevabrik.ee\/wp-content\/uploads\/2026\/03\/kinkekomplekt-Palju-onne-maalitud-kuunlaga-Vohma-Valgusevabrik.jpg","width":1365,"height":2048,"caption":"kinkekomplekt Palju \u00f5nne maalitud k\u00fc\u00fcnlaga V\u00f5hma Valgusevabrik"},{"@type":"BreadcrumbList","@id":"https:\/\/www.valgusevabrik.ee\/en\/product\/gifts\/birthday-candles\/gift-set-congratulations\/#breadcrumb","itemListElement":[{"@type":"ListItem","position":1,"name":"Home","item":"https:\/\/www.valgusevabrik.ee\/en\/"},{"@type":"ListItem","position":2,"name":"E-shop","item":"https:\/\/www.valgusevabrik.ee\/en\/e-shop\/"},{"@type":"ListItem","position":3,"name":"Gift Set Congratulations"}]},{"@type":"WebSite","@id":"https:\/\/www.valgusevabrik.ee\/#website","url":"https:\/\/www.valgusevabrik.ee\/","name":"V\u00f5hma","description":"Valguse Vabrik","publisher":{"@id":"https:\/\/www.valgusevabrik.ee\/#organization"},"potentialAction":[{"@type":"SearchAction","target":{"@type":"EntryPoint","urlTemplate":"https:\/\/www.valgusevabrik.ee\/?s={search_term_string}"},"query-input":{"@type":"PropertyValueSpecification","valueRequired":true,"valueName":"search_term_string"}}],"inLanguage":"en-US"},{"@type":"Organization","@id":"https:\/\/www.valgusevabrik.ee\/#organization","name":"V\u00f5hma","url":"https:\/\/www.valgusevabrik.ee\/","logo":{"@type":"ImageObject","inLanguage":"en-US","@id":"https:\/\/www.valgusevabrik.ee\/#\/schema\/logo\/image\/","url":"https:\/\/www.valgusevabrik.ee\/wp-content\/uploads\/2025\/09\/vohmavalgusevabrik.png","contentUrl":"https:\/\/www.valgusevabrik.ee\/wp-content\/uploads\/2025\/09\/vohmavalgusevabrik.png","width":256,"height":122,"caption":"V\u00f5hma"},"image":{"@id":"https:\/\/www.valgusevabrik.ee\/#\/schema\/logo\/image\/"},"sameAs":["https:\/\/www.facebook.com\/V\u00f5hma-Valgusevabrik-1511025752479317\/","https:\/\/www.instagram.com\/valguse_vabrik\/"]}]}},"_links":{"self":[{"href":"https:\/\/www.valgusevabrik.ee\/en\/wp-json\/wp\/v2\/product\/88158","targetHints":{"allow":["GET"]}}],"collection":[{"href":"https:\/\/www.valgusevabrik.ee\/en\/wp-json\/wp\/v2\/product"}],"about":[{"href":"https:\/\/www.valgusevabrik.ee\/en\/wp-json\/wp\/v2\/types\/product"}],"replies":[{"embeddable":true,"href":"https:\/\/www.valgusevabrik.ee\/en\/wp-json\/wp\/v2\/comments?post=88158"}],"wp:featuredmedia":[{"embeddable":true,"href":"https:\/\/www.valgusevabrik.ee\/en\/wp-json\/wp\/v2\/media\/88195"}],"wp:attachment":[{"href":"https:\/\/www.valgusevabrik.ee\/en\/wp-json\/wp\/v2\/media?parent=88158"}],"wp:term":[{"taxonomy":"product_brand","embeddable":true,"href":"https:\/\/www.valgusevabrik.ee\/en\/wp-json\/wp\/v2\/product_brand?post=88158"},{"taxonomy":"product_cat","embeddable":true,"href":"https:\/\/www.valgusevabrik.ee\/en\/wp-json\/wp\/v2\/product_cat?post=88158"},{"taxonomy":"product_tag","embeddable":true,"href":"https:\/\/www.valgusevabrik.ee\/en\/wp-json\/wp\/v2\/product_tag?post=88158"},{"taxonomy":"giftcard-category","embeddable":true,"href":"https:\/\/www.valgusevabrik.ee\/en\/wp-json\/wp\/v2\/giftcard-category?post=88158"}],"curies":[{"name":"wp","href":"https:\/\/api.w.org\/{rel}","templated":true}]}}