{"id":70607,"date":"2025-03-12T11:37:12","date_gmt":"2025-03-12T09:37:12","guid":{"rendered":"https:\/\/www.valgusevabrik.ee\/?post_type=product&#038;p=70607"},"modified":"2026-03-23T15:19:58","modified_gmt":"2026-03-23T13:19:58","slug":"candle-colorful-flower","status":"publish","type":"product","link":"https:\/\/www.valgusevabrik.ee\/en\/product\/unscented-candles\/special-shaped-unscented\/candle-colorful-flower\/","title":{"rendered":"Candle Colorful Flower"},"content":{"rendered":"<p><strong>Candle Colorful Flower<\/strong><\/p>\n<p>Since the tips of the flower are further away from the flame, they melt more slowly and can be bent towards the middle while burning the candle, giving your candle an even more beautiful shape. So it&#8217;s perfect for those who like to play with candle wax \ud83d\ude42<\/p>\n<p>Choose your favorite color from the drop-down menu and let spring into the room!<\/p>\n<p><strong>Size:<\/strong> Diameter 8 cm, height 4 cm. Unscented<\/p>\n<p><strong>Material:<\/strong>\u00a0Made from high-quality refined wax with a stable burn, creating a warm, inviting glow. 100% OEKO-TEX certified cotton wick (lead-free). Special wax colors melt evenly with candle wax.<\/p>\n<p>Does not contain palm oil. Vegan<\/p>\n<p>With every purchase you support Estonian craft tradition and local producers. Thank you! \u2764\ufe0f<\/p>\n","protected":false},"excerpt":{"rendered":"<p>These lovely, hand-poured colorful flower-shaped candles could be real eye-catching decorations in your home.<\/p>\n<p>The warm candle flame shines beautifully in the middle of the flower and effectively enhances the color of the wax.<\/p>\n<ul>\n<li>\ufe0f\ufe0fFast delivery 1-3 days across Estonia<\/li>\n<li>Free shipping to parcel lockers from \u20ac40<\/li>\n<\/ul>\n<p>Please choose the colour from drop-down menu.<\/p>\n","protected":false},"featured_media":70590,"comment_status":"open","ping_status":"closed","template":"","meta":{"_acf_changed":false,"inline_featured_image":false},"product_brand":[],"product_cat":[59,1959,1776],"product_tag":[],"giftcard-category":[],"class_list":{"0":"post-70607","1":"product","2":"type-product","3":"status-publish","4":"has-post-thumbnail","6":"product_cat-gifts","7":"product_cat-spring","8":"product_cat-special-shaped-unscented","10":"first","11":"instock","12":"taxable","13":"shipping-taxable","14":"purchasable","15":"product-type-variable"},"acf":[],"yoast_head":"<!-- This site is optimized with the Yoast SEO plugin v27.3 - https:\/\/yoast.com\/product\/yoast-seo-wordpress\/ -->\n<title>Candle Colorful Flower - V\u00f5hma<\/title>\n<meta name=\"description\" content=\"Candle Colorful Flower. Hand-poured colorful flower-shaped candles could be real eye-catching decorations in your home. Size: 8x 4 cm. Unscented\" \/>\n<meta name=\"robots\" content=\"index, follow, max-snippet:-1, max-image-preview:large, max-video-preview:-1\" \/>\n<link rel=\"canonical\" href=\"https:\/\/www.valgusevabrik.ee\/en\/product\/unscented-candles\/special-shaped-unscented\/candle-colorful-flower\/\" \/>\n<meta property=\"og:locale\" content=\"en_US\" \/>\n<meta property=\"og:type\" content=\"article\" \/>\n<meta property=\"og:title\" content=\"Candle Colorful Flower - V\u00f5hma\" \/>\n<meta property=\"og:description\" content=\"Candle Colorful Flower. Hand-poured colorful flower-shaped candles could be real eye-catching decorations in your home. Size: 8x 4 cm. Unscented\" \/>\n<meta property=\"og:url\" content=\"https:\/\/www.valgusevabrik.ee\/en\/product\/unscented-candles\/special-shaped-unscented\/candle-colorful-flower\/\" \/>\n<meta property=\"og:site_name\" content=\"V\u00f5hma\" \/>\n<meta property=\"article:publisher\" content=\"https:\/\/www.facebook.com\/V%c3%b5hma-Valgusevabrik-1511025752479317\/\" \/>\n<meta property=\"article:modified_time\" content=\"2026-03-23T13:19:58+00:00\" \/>\n<meta property=\"og:image\" content=\"https:\/\/www.valgusevabrik.ee\/wp-content\/uploads\/2025\/03\/varvilised-ilma-lohnata-lilled-vohma-valgusevabrik-kasitoo-scaled.png\" \/>\n\t<meta property=\"og:image:width\" content=\"1707\" \/>\n\t<meta property=\"og:image:height\" content=\"2560\" \/>\n\t<meta property=\"og:image:type\" content=\"image\/png\" \/>\n<meta name=\"twitter:card\" content=\"summary_large_image\" \/>\n<meta name=\"twitter:label1\" content=\"Est. reading time\" \/>\n\t<meta name=\"twitter:data1\" content=\"1 minute\" \/>\n<script type=\"application\/ld+json\" class=\"yoast-schema-graph\">{\"@context\":\"https:\\\/\\\/schema.org\",\"@graph\":[{\"@type\":\"WebPage\",\"@id\":\"https:\\\/\\\/www.valgusevabrik.ee\\\/en\\\/product\\\/unscented-candles\\\/special-shaped-unscented\\\/candle-colorful-flower\\\/\",\"url\":\"https:\\\/\\\/www.valgusevabrik.ee\\\/en\\\/product\\\/unscented-candles\\\/special-shaped-unscented\\\/candle-colorful-flower\\\/\",\"name\":\"Candle Colorful Flower - V\u00f5hma\",\"isPartOf\":{\"@id\":\"https:\\\/\\\/www.valgusevabrik.ee\\\/#website\"},\"primaryImageOfPage\":{\"@id\":\"https:\\\/\\\/www.valgusevabrik.ee\\\/en\\\/product\\\/unscented-candles\\\/special-shaped-unscented\\\/candle-colorful-flower\\\/#primaryimage\"},\"image\":{\"@id\":\"https:\\\/\\\/www.valgusevabrik.ee\\\/en\\\/product\\\/unscented-candles\\\/special-shaped-unscented\\\/candle-colorful-flower\\\/#primaryimage\"},\"thumbnailUrl\":\"https:\\\/\\\/www.valgusevabrik.ee\\\/wp-content\\\/uploads\\\/2025\\\/03\\\/varvilised-ilma-lohnata-lilled-vohma-valgusevabrik-kasitoo-scaled.png\",\"datePublished\":\"2025-03-12T09:37:12+00:00\",\"dateModified\":\"2026-03-23T13:19:58+00:00\",\"description\":\"Candle Colorful Flower. Hand-poured colorful flower-shaped candles could be real eye-catching decorations in your home. Size: 8x 4 cm. Unscented\",\"breadcrumb\":{\"@id\":\"https:\\\/\\\/www.valgusevabrik.ee\\\/en\\\/product\\\/unscented-candles\\\/special-shaped-unscented\\\/candle-colorful-flower\\\/#breadcrumb\"},\"inLanguage\":\"en-US\",\"potentialAction\":[{\"@type\":\"ReadAction\",\"target\":[\"https:\\\/\\\/www.valgusevabrik.ee\\\/en\\\/product\\\/unscented-candles\\\/special-shaped-unscented\\\/candle-colorful-flower\\\/\"]}]},{\"@type\":\"ImageObject\",\"inLanguage\":\"en-US\",\"@id\":\"https:\\\/\\\/www.valgusevabrik.ee\\\/en\\\/product\\\/unscented-candles\\\/special-shaped-unscented\\\/candle-colorful-flower\\\/#primaryimage\",\"url\":\"https:\\\/\\\/www.valgusevabrik.ee\\\/wp-content\\\/uploads\\\/2025\\\/03\\\/varvilised-ilma-lohnata-lilled-vohma-valgusevabrik-kasitoo-scaled.png\",\"contentUrl\":\"https:\\\/\\\/www.valgusevabrik.ee\\\/wp-content\\\/uploads\\\/2025\\\/03\\\/varvilised-ilma-lohnata-lilled-vohma-valgusevabrik-kasitoo-scaled.png\",\"width\":1707,\"height\":2560,\"caption\":\"v\u00e4rvilised ilma l\u00f5hnata lilled V\u00f5hma Valgusevabrik k\u00e4sit\u00f6\u00f6\"},{\"@type\":\"BreadcrumbList\",\"@id\":\"https:\\\/\\\/www.valgusevabrik.ee\\\/en\\\/product\\\/unscented-candles\\\/special-shaped-unscented\\\/candle-colorful-flower\\\/#breadcrumb\",\"itemListElement\":[{\"@type\":\"ListItem\",\"position\":1,\"name\":\"Home\",\"item\":\"https:\\\/\\\/www.valgusevabrik.ee\\\/en\\\/\"},{\"@type\":\"ListItem\",\"position\":2,\"name\":\"E-shop\",\"item\":\"https:\\\/\\\/www.valgusevabrik.ee\\\/en\\\/e-shop\\\/\"},{\"@type\":\"ListItem\",\"position\":3,\"name\":\"Candle Colorful Flower\"}]},{\"@type\":\"WebSite\",\"@id\":\"https:\\\/\\\/www.valgusevabrik.ee\\\/#website\",\"url\":\"https:\\\/\\\/www.valgusevabrik.ee\\\/\",\"name\":\"V\u00f5hma\",\"description\":\"Valguse Vabrik\",\"publisher\":{\"@id\":\"https:\\\/\\\/www.valgusevabrik.ee\\\/#organization\"},\"potentialAction\":[{\"@type\":\"SearchAction\",\"target\":{\"@type\":\"EntryPoint\",\"urlTemplate\":\"https:\\\/\\\/www.valgusevabrik.ee\\\/?s={search_term_string}\"},\"query-input\":{\"@type\":\"PropertyValueSpecification\",\"valueRequired\":true,\"valueName\":\"search_term_string\"}}],\"inLanguage\":\"en-US\"},{\"@type\":\"Organization\",\"@id\":\"https:\\\/\\\/www.valgusevabrik.ee\\\/#organization\",\"name\":\"V\u00f5hma\",\"url\":\"https:\\\/\\\/www.valgusevabrik.ee\\\/\",\"logo\":{\"@type\":\"ImageObject\",\"inLanguage\":\"en-US\",\"@id\":\"https:\\\/\\\/www.valgusevabrik.ee\\\/#\\\/schema\\\/logo\\\/image\\\/\",\"url\":\"https:\\\/\\\/www.valgusevabrik.ee\\\/wp-content\\\/uploads\\\/2025\\\/09\\\/vohmavalgusevabrik.png\",\"contentUrl\":\"https:\\\/\\\/www.valgusevabrik.ee\\\/wp-content\\\/uploads\\\/2025\\\/09\\\/vohmavalgusevabrik.png\",\"width\":256,\"height\":122,\"caption\":\"V\u00f5hma\"},\"image\":{\"@id\":\"https:\\\/\\\/www.valgusevabrik.ee\\\/#\\\/schema\\\/logo\\\/image\\\/\"},\"sameAs\":[\"https:\\\/\\\/www.facebook.com\\\/V\u00f5hma-Valgusevabrik-1511025752479317\\\/\",\"https:\\\/\\\/www.instagram.com\\\/valguse_vabrik\\\/\"]}]}<\/script>\n<!-- \/ Yoast SEO plugin. -->","yoast_head_json":{"title":"Candle Colorful Flower - V\u00f5hma","description":"Candle Colorful Flower. Hand-poured colorful flower-shaped candles could be real eye-catching decorations in your home. Size: 8x 4 cm. Unscented","robots":{"index":"index","follow":"follow","max-snippet":"max-snippet:-1","max-image-preview":"max-image-preview:large","max-video-preview":"max-video-preview:-1"},"canonical":"https:\/\/www.valgusevabrik.ee\/en\/product\/unscented-candles\/special-shaped-unscented\/candle-colorful-flower\/","og_locale":"en_US","og_type":"article","og_title":"Candle Colorful Flower - V\u00f5hma","og_description":"Candle Colorful Flower. Hand-poured colorful flower-shaped candles could be real eye-catching decorations in your home. Size: 8x 4 cm. Unscented","og_url":"https:\/\/www.valgusevabrik.ee\/en\/product\/unscented-candles\/special-shaped-unscented\/candle-colorful-flower\/","og_site_name":"V\u00f5hma","article_publisher":"https:\/\/www.facebook.com\/V%c3%b5hma-Valgusevabrik-1511025752479317\/","article_modified_time":"2026-03-23T13:19:58+00:00","og_image":[{"width":1707,"height":2560,"url":"https:\/\/www.valgusevabrik.ee\/wp-content\/uploads\/2025\/03\/varvilised-ilma-lohnata-lilled-vohma-valgusevabrik-kasitoo-scaled.png","type":"image\/png"}],"twitter_card":"summary_large_image","twitter_misc":{"Est. reading time":"1 minute"},"schema":{"@context":"https:\/\/schema.org","@graph":[{"@type":"WebPage","@id":"https:\/\/www.valgusevabrik.ee\/en\/product\/unscented-candles\/special-shaped-unscented\/candle-colorful-flower\/","url":"https:\/\/www.valgusevabrik.ee\/en\/product\/unscented-candles\/special-shaped-unscented\/candle-colorful-flower\/","name":"Candle Colorful Flower - V\u00f5hma","isPartOf":{"@id":"https:\/\/www.valgusevabrik.ee\/#website"},"primaryImageOfPage":{"@id":"https:\/\/www.valgusevabrik.ee\/en\/product\/unscented-candles\/special-shaped-unscented\/candle-colorful-flower\/#primaryimage"},"image":{"@id":"https:\/\/www.valgusevabrik.ee\/en\/product\/unscented-candles\/special-shaped-unscented\/candle-colorful-flower\/#primaryimage"},"thumbnailUrl":"https:\/\/www.valgusevabrik.ee\/wp-content\/uploads\/2025\/03\/varvilised-ilma-lohnata-lilled-vohma-valgusevabrik-kasitoo-scaled.png","datePublished":"2025-03-12T09:37:12+00:00","dateModified":"2026-03-23T13:19:58+00:00","description":"Candle Colorful Flower. Hand-poured colorful flower-shaped candles could be real eye-catching decorations in your home. Size: 8x 4 cm. Unscented","breadcrumb":{"@id":"https:\/\/www.valgusevabrik.ee\/en\/product\/unscented-candles\/special-shaped-unscented\/candle-colorful-flower\/#breadcrumb"},"inLanguage":"en-US","potentialAction":[{"@type":"ReadAction","target":["https:\/\/www.valgusevabrik.ee\/en\/product\/unscented-candles\/special-shaped-unscented\/candle-colorful-flower\/"]}]},{"@type":"ImageObject","inLanguage":"en-US","@id":"https:\/\/www.valgusevabrik.ee\/en\/product\/unscented-candles\/special-shaped-unscented\/candle-colorful-flower\/#primaryimage","url":"https:\/\/www.valgusevabrik.ee\/wp-content\/uploads\/2025\/03\/varvilised-ilma-lohnata-lilled-vohma-valgusevabrik-kasitoo-scaled.png","contentUrl":"https:\/\/www.valgusevabrik.ee\/wp-content\/uploads\/2025\/03\/varvilised-ilma-lohnata-lilled-vohma-valgusevabrik-kasitoo-scaled.png","width":1707,"height":2560,"caption":"v\u00e4rvilised ilma l\u00f5hnata lilled V\u00f5hma Valgusevabrik k\u00e4sit\u00f6\u00f6"},{"@type":"BreadcrumbList","@id":"https:\/\/www.valgusevabrik.ee\/en\/product\/unscented-candles\/special-shaped-unscented\/candle-colorful-flower\/#breadcrumb","itemListElement":[{"@type":"ListItem","position":1,"name":"Home","item":"https:\/\/www.valgusevabrik.ee\/en\/"},{"@type":"ListItem","position":2,"name":"E-shop","item":"https:\/\/www.valgusevabrik.ee\/en\/e-shop\/"},{"@type":"ListItem","position":3,"name":"Candle Colorful Flower"}]},{"@type":"WebSite","@id":"https:\/\/www.valgusevabrik.ee\/#website","url":"https:\/\/www.valgusevabrik.ee\/","name":"V\u00f5hma","description":"Valguse Vabrik","publisher":{"@id":"https:\/\/www.valgusevabrik.ee\/#organization"},"potentialAction":[{"@type":"SearchAction","target":{"@type":"EntryPoint","urlTemplate":"https:\/\/www.valgusevabrik.ee\/?s={search_term_string}"},"query-input":{"@type":"PropertyValueSpecification","valueRequired":true,"valueName":"search_term_string"}}],"inLanguage":"en-US"},{"@type":"Organization","@id":"https:\/\/www.valgusevabrik.ee\/#organization","name":"V\u00f5hma","url":"https:\/\/www.valgusevabrik.ee\/","logo":{"@type":"ImageObject","inLanguage":"en-US","@id":"https:\/\/www.valgusevabrik.ee\/#\/schema\/logo\/image\/","url":"https:\/\/www.valgusevabrik.ee\/wp-content\/uploads\/2025\/09\/vohmavalgusevabrik.png","contentUrl":"https:\/\/www.valgusevabrik.ee\/wp-content\/uploads\/2025\/09\/vohmavalgusevabrik.png","width":256,"height":122,"caption":"V\u00f5hma"},"image":{"@id":"https:\/\/www.valgusevabrik.ee\/#\/schema\/logo\/image\/"},"sameAs":["https:\/\/www.facebook.com\/V\u00f5hma-Valgusevabrik-1511025752479317\/","https:\/\/www.instagram.com\/valguse_vabrik\/"]}]}},"_links":{"self":[{"href":"https:\/\/www.valgusevabrik.ee\/en\/wp-json\/wp\/v2\/product\/70607","targetHints":{"allow":["GET"]}}],"collection":[{"href":"https:\/\/www.valgusevabrik.ee\/en\/wp-json\/wp\/v2\/product"}],"about":[{"href":"https:\/\/www.valgusevabrik.ee\/en\/wp-json\/wp\/v2\/types\/product"}],"replies":[{"embeddable":true,"href":"https:\/\/www.valgusevabrik.ee\/en\/wp-json\/wp\/v2\/comments?post=70607"}],"wp:featuredmedia":[{"embeddable":true,"href":"https:\/\/www.valgusevabrik.ee\/en\/wp-json\/wp\/v2\/media\/70590"}],"wp:attachment":[{"href":"https:\/\/www.valgusevabrik.ee\/en\/wp-json\/wp\/v2\/media?parent=70607"}],"wp:term":[{"taxonomy":"product_brand","embeddable":true,"href":"https:\/\/www.valgusevabrik.ee\/en\/wp-json\/wp\/v2\/product_brand?post=70607"},{"taxonomy":"product_cat","embeddable":true,"href":"https:\/\/www.valgusevabrik.ee\/en\/wp-json\/wp\/v2\/product_cat?post=70607"},{"taxonomy":"product_tag","embeddable":true,"href":"https:\/\/www.valgusevabrik.ee\/en\/wp-json\/wp\/v2\/product_tag?post=70607"},{"taxonomy":"giftcard-category","embeddable":true,"href":"https:\/\/www.valgusevabrik.ee\/en\/wp-json\/wp\/v2\/giftcard-category?post=70607"}],"curies":[{"name":"wp","href":"https:\/\/api.w.org\/{rel}","templated":true}]}}