{"id":6993,"date":"2016-12-07T16:51:11","date_gmt":"2016-12-07T16:51:11","guid":{"rendered":"https:\/\/www.valgusevabrik.ee\/product\/vurtsibasaar\/"},"modified":"2024-04-03T11:09:08","modified_gmt":"2024-04-03T08:09:08","slug":"spice-bazaar-scented-candle","status":"publish","type":"product","link":"https:\/\/www.valgusevabrik.ee\/en\/product\/scented-candles\/trend-and-lifestyle\/spice-bazaar-scented-candle\/","title":{"rendered":"Scented candle Spice Bazaar"},"content":{"rendered":"<p><strong>Scented candle Spice Bazaar<\/strong><\/p>\n<p>A vast array of oriental spices in and Asian market.\u00a0 The air is filled with curry, cardamone and rosemary.<\/p>\n<p>Coloured through scented candle. Coral red.<\/p>\n<p>Candles are handmade from high quality refined paraffin. 100% cotton wick.<\/p>\n<p>Estonian handcraft.<\/p>\n<p><img decoding=\"async\" class=\"alignnone size-full wp-image-20577\" src=\"https:\/\/www.valgusevabrik.ee\/wp-content\/uploads\/2016\/12\/v\u00fcrtsibasaar.jpg\" alt=\"\" width=\"414\" height=\"290\" srcset=\"https:\/\/www.valgusevabrik.ee\/wp-content\/uploads\/2016\/12\/v\u00fcrtsibasaar.jpg 414w, https:\/\/www.valgusevabrik.ee\/wp-content\/uploads\/2016\/12\/v\u00fcrtsibasaar-400x280.jpg 400w\" sizes=\"(max-width: 414px) 100vw, 414px\" \/><\/p>\n","protected":false},"excerpt":{"rendered":"<p>Scented candle Spice Bazaar A vast array of oriental spices in and Asian market.\u00a0 The air is filled with curry, cardamone and rosemary. Coloured through scented candle. Coral red. Candles are handmade from high quality refined paraffin. 100% cotton wick. Estonian handcraft.<\/p>\n","protected":false},"featured_media":35171,"comment_status":"closed","ping_status":"closed","template":"","meta":{"_acf_changed":false,"inline_featured_image":false},"product_brand":[],"product_cat":[32,1394],"product_tag":[],"giftcard-category":[],"class_list":{"0":"post-6993","1":"product","2":"type-product","3":"status-publish","4":"has-post-thumbnail","6":"product_cat-scented-candles","7":"product_cat-trend-and-lifestyle","9":"first","10":"outofstock","11":"taxable","12":"shipping-taxable","13":"purchasable","14":"product-type-variable"},"acf":[],"yoast_head":"<!-- This site is optimized with the Yoast SEO plugin v27.2 - https:\/\/yoast.com\/product\/yoast-seo-wordpress\/ -->\n<title>Scented candle Spice Bazaar - V\u00f5hma<\/title>\n<meta name=\"description\" content=\"The scent of curry, cardamone and rosemary. Estonian handcraft.\" \/>\n<meta name=\"robots\" content=\"index, follow, max-snippet:-1, max-image-preview:large, max-video-preview:-1\" \/>\n<link rel=\"canonical\" href=\"https:\/\/www.valgusevabrik.ee\/en\/product\/scented-candles\/trend-and-lifestyle\/spice-bazaar-scented-candle\/\" \/>\n<meta property=\"og:locale\" content=\"en_US\" \/>\n<meta property=\"og:type\" content=\"article\" \/>\n<meta property=\"og:title\" content=\"Scented candle Spice Bazaar - V\u00f5hma\" \/>\n<meta property=\"og:description\" content=\"The scent of curry, cardamone and rosemary. Estonian handcraft.\" \/>\n<meta property=\"og:url\" content=\"https:\/\/www.valgusevabrik.ee\/en\/product\/scented-candles\/trend-and-lifestyle\/spice-bazaar-scented-candle\/\" \/>\n<meta property=\"og:site_name\" content=\"V\u00f5hma\" \/>\n<meta property=\"article:publisher\" content=\"https:\/\/www.facebook.com\/V%c3%b5hma-Valgusevabrik-1511025752479317\/\" \/>\n<meta property=\"article:modified_time\" content=\"2024-04-03T08:09:08+00:00\" \/>\n<meta property=\"og:image\" content=\"https:\/\/www.valgusevabrik.ee\/wp-content\/uploads\/2016\/12\/idamaine-vurtsibasaar-lohnakuunal-vohma-valgusevabrik-kasitoo-scaled.jpg\" \/>\n\t<meta property=\"og:image:width\" content=\"1707\" \/>\n\t<meta property=\"og:image:height\" content=\"2560\" \/>\n\t<meta property=\"og:image:type\" content=\"image\/jpeg\" \/>\n<meta name=\"twitter:card\" content=\"summary_large_image\" \/>\n<meta name=\"twitter:label1\" content=\"Est. reading time\" \/>\n\t<meta name=\"twitter:data1\" content=\"1 minute\" \/>\n<script type=\"application\/ld+json\" class=\"yoast-schema-graph\">{\"@context\":\"https:\/\/schema.org\",\"@graph\":[{\"@type\":\"WebPage\",\"@id\":\"https:\/\/www.valgusevabrik.ee\/en\/product\/scented-candles\/trend-and-lifestyle\/spice-bazaar-scented-candle\/\",\"url\":\"https:\/\/www.valgusevabrik.ee\/en\/product\/scented-candles\/trend-and-lifestyle\/spice-bazaar-scented-candle\/\",\"name\":\"Scented candle Spice Bazaar - V\u00f5hma\",\"isPartOf\":{\"@id\":\"https:\/\/www.valgusevabrik.ee\/#website\"},\"primaryImageOfPage\":{\"@id\":\"https:\/\/www.valgusevabrik.ee\/en\/product\/scented-candles\/trend-and-lifestyle\/spice-bazaar-scented-candle\/#primaryimage\"},\"image\":{\"@id\":\"https:\/\/www.valgusevabrik.ee\/en\/product\/scented-candles\/trend-and-lifestyle\/spice-bazaar-scented-candle\/#primaryimage\"},\"thumbnailUrl\":\"https:\/\/www.valgusevabrik.ee\/wp-content\/uploads\/2016\/12\/idamaine-vurtsibasaar-lohnakuunal-vohma-valgusevabrik-kasitoo-scaled.jpg\",\"datePublished\":\"2016-12-07T16:51:11+00:00\",\"dateModified\":\"2024-04-03T08:09:08+00:00\",\"description\":\"The scent of curry, cardamone and rosemary. Estonian handcraft.\",\"breadcrumb\":{\"@id\":\"https:\/\/www.valgusevabrik.ee\/en\/product\/scented-candles\/trend-and-lifestyle\/spice-bazaar-scented-candle\/#breadcrumb\"},\"inLanguage\":\"en-US\",\"potentialAction\":[{\"@type\":\"ReadAction\",\"target\":[\"https:\/\/www.valgusevabrik.ee\/en\/product\/scented-candles\/trend-and-lifestyle\/spice-bazaar-scented-candle\/\"]}]},{\"@type\":\"ImageObject\",\"inLanguage\":\"en-US\",\"@id\":\"https:\/\/www.valgusevabrik.ee\/en\/product\/scented-candles\/trend-and-lifestyle\/spice-bazaar-scented-candle\/#primaryimage\",\"url\":\"https:\/\/www.valgusevabrik.ee\/wp-content\/uploads\/2016\/12\/idamaine-vurtsibasaar-lohnakuunal-vohma-valgusevabrik-kasitoo-scaled.jpg\",\"contentUrl\":\"https:\/\/www.valgusevabrik.ee\/wp-content\/uploads\/2016\/12\/idamaine-vurtsibasaar-lohnakuunal-vohma-valgusevabrik-kasitoo-scaled.jpg\",\"width\":1707,\"height\":2560,\"caption\":\"L\u00e4biv\u00e4rvitud, korallpunane, aroomiga k\u00e4sit\u00f6\u00f6k\u00fc\u00fcnal \\\"v\u00fcrtsibasaar\\\". S\u00e4rtsakas aroomik\u00fc\u00fcnal v\u00fcrtside l\u00f5hnaga.\"},{\"@type\":\"BreadcrumbList\",\"@id\":\"https:\/\/www.valgusevabrik.ee\/en\/product\/scented-candles\/trend-and-lifestyle\/spice-bazaar-scented-candle\/#breadcrumb\",\"itemListElement\":[{\"@type\":\"ListItem\",\"position\":1,\"name\":\"Home\",\"item\":\"https:\/\/www.valgusevabrik.ee\/en\/\"},{\"@type\":\"ListItem\",\"position\":2,\"name\":\"E-shop\",\"item\":\"https:\/\/www.valgusevabrik.ee\/en\/e-shop\/\"},{\"@type\":\"ListItem\",\"position\":3,\"name\":\"Scented candle Spice Bazaar\"}]},{\"@type\":\"WebSite\",\"@id\":\"https:\/\/www.valgusevabrik.ee\/#website\",\"url\":\"https:\/\/www.valgusevabrik.ee\/\",\"name\":\"V\u00f5hma\",\"description\":\"Valguse Vabrik\",\"publisher\":{\"@id\":\"https:\/\/www.valgusevabrik.ee\/#organization\"},\"potentialAction\":[{\"@type\":\"SearchAction\",\"target\":{\"@type\":\"EntryPoint\",\"urlTemplate\":\"https:\/\/www.valgusevabrik.ee\/?s={search_term_string}\"},\"query-input\":{\"@type\":\"PropertyValueSpecification\",\"valueRequired\":true,\"valueName\":\"search_term_string\"}}],\"inLanguage\":\"en-US\"},{\"@type\":\"Organization\",\"@id\":\"https:\/\/www.valgusevabrik.ee\/#organization\",\"name\":\"V\u00f5hma\",\"url\":\"https:\/\/www.valgusevabrik.ee\/\",\"logo\":{\"@type\":\"ImageObject\",\"inLanguage\":\"en-US\",\"@id\":\"https:\/\/www.valgusevabrik.ee\/#\/schema\/logo\/image\/\",\"url\":\"https:\/\/www.valgusevabrik.ee\/wp-content\/uploads\/2025\/09\/vohmavalgusevabrik.png\",\"contentUrl\":\"https:\/\/www.valgusevabrik.ee\/wp-content\/uploads\/2025\/09\/vohmavalgusevabrik.png\",\"width\":256,\"height\":122,\"caption\":\"V\u00f5hma\"},\"image\":{\"@id\":\"https:\/\/www.valgusevabrik.ee\/#\/schema\/logo\/image\/\"},\"sameAs\":[\"https:\/\/www.facebook.com\/V\u00f5hma-Valgusevabrik-1511025752479317\/\",\"https:\/\/www.instagram.com\/valguse_vabrik\/\"]}]}<\/script>\n<!-- \/ Yoast SEO plugin. -->","yoast_head_json":{"title":"Scented candle Spice Bazaar - V\u00f5hma","description":"The scent of curry, cardamone and rosemary. Estonian handcraft.","robots":{"index":"index","follow":"follow","max-snippet":"max-snippet:-1","max-image-preview":"max-image-preview:large","max-video-preview":"max-video-preview:-1"},"canonical":"https:\/\/www.valgusevabrik.ee\/en\/product\/scented-candles\/trend-and-lifestyle\/spice-bazaar-scented-candle\/","og_locale":"en_US","og_type":"article","og_title":"Scented candle Spice Bazaar - V\u00f5hma","og_description":"The scent of curry, cardamone and rosemary. Estonian handcraft.","og_url":"https:\/\/www.valgusevabrik.ee\/en\/product\/scented-candles\/trend-and-lifestyle\/spice-bazaar-scented-candle\/","og_site_name":"V\u00f5hma","article_publisher":"https:\/\/www.facebook.com\/V%c3%b5hma-Valgusevabrik-1511025752479317\/","article_modified_time":"2024-04-03T08:09:08+00:00","og_image":[{"width":1707,"height":2560,"url":"https:\/\/www.valgusevabrik.ee\/wp-content\/uploads\/2016\/12\/idamaine-vurtsibasaar-lohnakuunal-vohma-valgusevabrik-kasitoo-scaled.jpg","type":"image\/jpeg"}],"twitter_card":"summary_large_image","twitter_misc":{"Est. reading time":"1 minute"},"schema":{"@context":"https:\/\/schema.org","@graph":[{"@type":"WebPage","@id":"https:\/\/www.valgusevabrik.ee\/en\/product\/scented-candles\/trend-and-lifestyle\/spice-bazaar-scented-candle\/","url":"https:\/\/www.valgusevabrik.ee\/en\/product\/scented-candles\/trend-and-lifestyle\/spice-bazaar-scented-candle\/","name":"Scented candle Spice Bazaar - V\u00f5hma","isPartOf":{"@id":"https:\/\/www.valgusevabrik.ee\/#website"},"primaryImageOfPage":{"@id":"https:\/\/www.valgusevabrik.ee\/en\/product\/scented-candles\/trend-and-lifestyle\/spice-bazaar-scented-candle\/#primaryimage"},"image":{"@id":"https:\/\/www.valgusevabrik.ee\/en\/product\/scented-candles\/trend-and-lifestyle\/spice-bazaar-scented-candle\/#primaryimage"},"thumbnailUrl":"https:\/\/www.valgusevabrik.ee\/wp-content\/uploads\/2016\/12\/idamaine-vurtsibasaar-lohnakuunal-vohma-valgusevabrik-kasitoo-scaled.jpg","datePublished":"2016-12-07T16:51:11+00:00","dateModified":"2024-04-03T08:09:08+00:00","description":"The scent of curry, cardamone and rosemary. Estonian handcraft.","breadcrumb":{"@id":"https:\/\/www.valgusevabrik.ee\/en\/product\/scented-candles\/trend-and-lifestyle\/spice-bazaar-scented-candle\/#breadcrumb"},"inLanguage":"en-US","potentialAction":[{"@type":"ReadAction","target":["https:\/\/www.valgusevabrik.ee\/en\/product\/scented-candles\/trend-and-lifestyle\/spice-bazaar-scented-candle\/"]}]},{"@type":"ImageObject","inLanguage":"en-US","@id":"https:\/\/www.valgusevabrik.ee\/en\/product\/scented-candles\/trend-and-lifestyle\/spice-bazaar-scented-candle\/#primaryimage","url":"https:\/\/www.valgusevabrik.ee\/wp-content\/uploads\/2016\/12\/idamaine-vurtsibasaar-lohnakuunal-vohma-valgusevabrik-kasitoo-scaled.jpg","contentUrl":"https:\/\/www.valgusevabrik.ee\/wp-content\/uploads\/2016\/12\/idamaine-vurtsibasaar-lohnakuunal-vohma-valgusevabrik-kasitoo-scaled.jpg","width":1707,"height":2560,"caption":"L\u00e4biv\u00e4rvitud, korallpunane, aroomiga k\u00e4sit\u00f6\u00f6k\u00fc\u00fcnal \"v\u00fcrtsibasaar\". S\u00e4rtsakas aroomik\u00fc\u00fcnal v\u00fcrtside l\u00f5hnaga."},{"@type":"BreadcrumbList","@id":"https:\/\/www.valgusevabrik.ee\/en\/product\/scented-candles\/trend-and-lifestyle\/spice-bazaar-scented-candle\/#breadcrumb","itemListElement":[{"@type":"ListItem","position":1,"name":"Home","item":"https:\/\/www.valgusevabrik.ee\/en\/"},{"@type":"ListItem","position":2,"name":"E-shop","item":"https:\/\/www.valgusevabrik.ee\/en\/e-shop\/"},{"@type":"ListItem","position":3,"name":"Scented candle Spice Bazaar"}]},{"@type":"WebSite","@id":"https:\/\/www.valgusevabrik.ee\/#website","url":"https:\/\/www.valgusevabrik.ee\/","name":"V\u00f5hma","description":"Valguse Vabrik","publisher":{"@id":"https:\/\/www.valgusevabrik.ee\/#organization"},"potentialAction":[{"@type":"SearchAction","target":{"@type":"EntryPoint","urlTemplate":"https:\/\/www.valgusevabrik.ee\/?s={search_term_string}"},"query-input":{"@type":"PropertyValueSpecification","valueRequired":true,"valueName":"search_term_string"}}],"inLanguage":"en-US"},{"@type":"Organization","@id":"https:\/\/www.valgusevabrik.ee\/#organization","name":"V\u00f5hma","url":"https:\/\/www.valgusevabrik.ee\/","logo":{"@type":"ImageObject","inLanguage":"en-US","@id":"https:\/\/www.valgusevabrik.ee\/#\/schema\/logo\/image\/","url":"https:\/\/www.valgusevabrik.ee\/wp-content\/uploads\/2025\/09\/vohmavalgusevabrik.png","contentUrl":"https:\/\/www.valgusevabrik.ee\/wp-content\/uploads\/2025\/09\/vohmavalgusevabrik.png","width":256,"height":122,"caption":"V\u00f5hma"},"image":{"@id":"https:\/\/www.valgusevabrik.ee\/#\/schema\/logo\/image\/"},"sameAs":["https:\/\/www.facebook.com\/V\u00f5hma-Valgusevabrik-1511025752479317\/","https:\/\/www.instagram.com\/valguse_vabrik\/"]}]}},"_links":{"self":[{"href":"https:\/\/www.valgusevabrik.ee\/en\/wp-json\/wp\/v2\/product\/6993","targetHints":{"allow":["GET"]}}],"collection":[{"href":"https:\/\/www.valgusevabrik.ee\/en\/wp-json\/wp\/v2\/product"}],"about":[{"href":"https:\/\/www.valgusevabrik.ee\/en\/wp-json\/wp\/v2\/types\/product"}],"replies":[{"embeddable":true,"href":"https:\/\/www.valgusevabrik.ee\/en\/wp-json\/wp\/v2\/comments?post=6993"}],"wp:featuredmedia":[{"embeddable":true,"href":"https:\/\/www.valgusevabrik.ee\/en\/wp-json\/wp\/v2\/media\/35171"}],"wp:attachment":[{"href":"https:\/\/www.valgusevabrik.ee\/en\/wp-json\/wp\/v2\/media?parent=6993"}],"wp:term":[{"taxonomy":"product_brand","embeddable":true,"href":"https:\/\/www.valgusevabrik.ee\/en\/wp-json\/wp\/v2\/product_brand?post=6993"},{"taxonomy":"product_cat","embeddable":true,"href":"https:\/\/www.valgusevabrik.ee\/en\/wp-json\/wp\/v2\/product_cat?post=6993"},{"taxonomy":"product_tag","embeddable":true,"href":"https:\/\/www.valgusevabrik.ee\/en\/wp-json\/wp\/v2\/product_tag?post=6993"},{"taxonomy":"giftcard-category","embeddable":true,"href":"https:\/\/www.valgusevabrik.ee\/en\/wp-json\/wp\/v2\/giftcard-category?post=6993"}],"curies":[{"name":"wp","href":"https:\/\/api.w.org\/{rel}","templated":true}]}}