{"id":54328,"date":"2023-11-23T14:35:09","date_gmt":"2023-11-23T12:35:09","guid":{"rendered":"https:\/\/www.valgusevabrik.ee\/?post_type=product&#038;p=54328"},"modified":"2025-12-17T10:36:42","modified_gmt":"2025-12-17T08:36:42","slug":"silver-glass-candle-winter-joy-kopeeri","status":"publish","type":"product","link":"https:\/\/www.valgusevabrik.ee\/en\/product\/vegetable-wax-candles\/vegetable-candles-glasses\/silver-glass-candle-winter-joy-kopeeri\/","title":{"rendered":"Golden glass candle <br>Bright Christmas"},"content":{"rendered":"<p><strong>Golden glass candle Bright Christmas<\/strong><\/p>\n<p>&#8220;Bright Christmas&#8221; is a wintery aroma blend of cinnamon and baked apple.<\/p>\n<p><strong>The glass collection is available in three sizes and shapes:<\/strong><br \/>\noval \u2205 8 cm x height 10 cm<br \/>\ncylinder \u2205 8 cm x height 8.5 cm<br \/>\nstem \u2205 6 x height 10 cm<\/p>\n<p><strong>Properties and benefits of rapeseed wax:<\/strong> biodegradable, not tested on animals, produced from unmodified raw materials, kosher, allergy-free, soot-free when burned.<\/p>\n<p>The canola wax is easy to wash off with warm water to refill the glass.<\/p>\n<p>Estonian handicrafts.<\/p>\n<p>With every purchase you support the Estonian craft tradition and local manufacturer. Thank you!\u2764\ufe0f<\/p>\n","protected":false},"excerpt":{"rendered":"<p>Decorative scented candle made of natural canola wax, &#8220;Bright Christmas&#8221; When you light the candle, the light plays brilliantly through the golden glass, becoming a particularly effective table decoration in your home in Christmas.<\/p>\n<ul>\n<li>\ufe0f\ufe0fFast delivery within 1-3 working days to parcel machines across Estonia<\/li>\n<li>\ufe0f\ufe0fFree shipping on orders over 40\u20ac<\/li>\n<\/ul>\n","protected":false},"featured_media":54429,"comment_status":"open","ping_status":"closed","template":"","meta":{"_acf_changed":false,"inline_featured_image":false},"product_brand":[],"product_cat":[586,1397,1944],"product_tag":[],"giftcard-category":[],"class_list":{"0":"post-54328","1":"product","2":"type-product","3":"status-publish","4":"has-post-thumbnail","6":"product_cat-vegetable-wax-candles","7":"product_cat-vegetable-candles-glasses","8":"product_cat-christmas","10":"first","11":"instock","12":"taxable","13":"shipping-taxable","14":"purchasable","15":"product-type-variable"},"acf":[],"yoast_head":"<!-- This site is optimized with the Yoast SEO plugin v27.5 - https:\/\/yoast.com\/product\/yoast-seo-wordpress\/ -->\n<title>Golden glass candle Bright Christmas - V\u00f5hma<\/title>\n<meta name=\"description\" content=\"Decorative scented candle made of natural canola wax, &quot;Bright Christmas&quot;\" \/>\n<meta name=\"robots\" content=\"index, follow, max-snippet:-1, max-image-preview:large, max-video-preview:-1\" \/>\n<link rel=\"canonical\" href=\"https:\/\/www.valgusevabrik.ee\/en\/product\/vegetable-wax-candles\/vegetable-candles-glasses\/silver-glass-candle-winter-joy-kopeeri\/\" \/>\n<meta property=\"og:locale\" content=\"en_US\" \/>\n<meta property=\"og:type\" content=\"article\" \/>\n<meta property=\"og:title\" content=\"Golden glass candle Bright Christmas - V\u00f5hma\" \/>\n<meta property=\"og:description\" content=\"Decorative scented candle made of natural canola wax, &quot;Bright Christmas&quot;\" \/>\n<meta property=\"og:url\" content=\"https:\/\/www.valgusevabrik.ee\/en\/product\/vegetable-wax-candles\/vegetable-candles-glasses\/silver-glass-candle-winter-joy-kopeeri\/\" \/>\n<meta property=\"og:site_name\" content=\"V\u00f5hma\" \/>\n<meta property=\"article:publisher\" content=\"https:\/\/www.facebook.com\/V%c3%b5hma-Valgusevabrik-1511025752479317\/\" \/>\n<meta property=\"article:modified_time\" content=\"2025-12-17T08:36:42+00:00\" \/>\n<meta property=\"og:image\" content=\"https:\/\/www.valgusevabrik.ee\/wp-content\/uploads\/2023\/11\/367968666_876624650518281_4610832955095489921_n-scaled.jpg\" \/>\n\t<meta property=\"og:image:width\" content=\"1707\" \/>\n\t<meta property=\"og:image:height\" content=\"2560\" \/>\n\t<meta property=\"og:image:type\" content=\"image\/jpeg\" \/>\n<meta name=\"twitter:card\" content=\"summary_large_image\" \/>\n<meta name=\"twitter:label1\" content=\"Est. reading time\" \/>\n\t<meta name=\"twitter:data1\" content=\"1 minute\" \/>\n<script type=\"application\/ld+json\" class=\"yoast-schema-graph\">{\"@context\":\"https:\\\/\\\/schema.org\",\"@graph\":[{\"@type\":\"WebPage\",\"@id\":\"https:\\\/\\\/www.valgusevabrik.ee\\\/en\\\/product\\\/vegetable-wax-candles\\\/vegetable-candles-glasses\\\/silver-glass-candle-winter-joy-kopeeri\\\/\",\"url\":\"https:\\\/\\\/www.valgusevabrik.ee\\\/en\\\/product\\\/vegetable-wax-candles\\\/vegetable-candles-glasses\\\/silver-glass-candle-winter-joy-kopeeri\\\/\",\"name\":\"Golden glass candle Bright Christmas - V\u00f5hma\",\"isPartOf\":{\"@id\":\"https:\\\/\\\/www.valgusevabrik.ee\\\/#website\"},\"primaryImageOfPage\":{\"@id\":\"https:\\\/\\\/www.valgusevabrik.ee\\\/en\\\/product\\\/vegetable-wax-candles\\\/vegetable-candles-glasses\\\/silver-glass-candle-winter-joy-kopeeri\\\/#primaryimage\"},\"image\":{\"@id\":\"https:\\\/\\\/www.valgusevabrik.ee\\\/en\\\/product\\\/vegetable-wax-candles\\\/vegetable-candles-glasses\\\/silver-glass-candle-winter-joy-kopeeri\\\/#primaryimage\"},\"thumbnailUrl\":\"https:\\\/\\\/www.valgusevabrik.ee\\\/wp-content\\\/uploads\\\/2023\\\/11\\\/367968666_876624650518281_4610832955095489921_n-scaled.jpg\",\"datePublished\":\"2023-11-23T12:35:09+00:00\",\"dateModified\":\"2025-12-17T08:36:42+00:00\",\"description\":\"Decorative scented candle made of natural canola wax, \\\"Bright Christmas\\\"\",\"breadcrumb\":{\"@id\":\"https:\\\/\\\/www.valgusevabrik.ee\\\/en\\\/product\\\/vegetable-wax-candles\\\/vegetable-candles-glasses\\\/silver-glass-candle-winter-joy-kopeeri\\\/#breadcrumb\"},\"inLanguage\":\"en-US\",\"potentialAction\":[{\"@type\":\"ReadAction\",\"target\":[\"https:\\\/\\\/www.valgusevabrik.ee\\\/en\\\/product\\\/vegetable-wax-candles\\\/vegetable-candles-glasses\\\/silver-glass-candle-winter-joy-kopeeri\\\/\"]}]},{\"@type\":\"ImageObject\",\"inLanguage\":\"en-US\",\"@id\":\"https:\\\/\\\/www.valgusevabrik.ee\\\/en\\\/product\\\/vegetable-wax-candles\\\/vegetable-candles-glasses\\\/silver-glass-candle-winter-joy-kopeeri\\\/#primaryimage\",\"url\":\"https:\\\/\\\/www.valgusevabrik.ee\\\/wp-content\\\/uploads\\\/2023\\\/11\\\/367968666_876624650518281_4610832955095489921_n-scaled.jpg\",\"contentUrl\":\"https:\\\/\\\/www.valgusevabrik.ee\\\/wp-content\\\/uploads\\\/2023\\\/11\\\/367968666_876624650518281_4610832955095489921_n-scaled.jpg\",\"width\":1707,\"height\":2560,\"caption\":\"s\u00e4rav kuldses klaas rapsivahast aroomik\u00fc\u00fcnal\"},{\"@type\":\"BreadcrumbList\",\"@id\":\"https:\\\/\\\/www.valgusevabrik.ee\\\/en\\\/product\\\/vegetable-wax-candles\\\/vegetable-candles-glasses\\\/silver-glass-candle-winter-joy-kopeeri\\\/#breadcrumb\",\"itemListElement\":[{\"@type\":\"ListItem\",\"position\":1,\"name\":\"Home\",\"item\":\"https:\\\/\\\/www.valgusevabrik.ee\\\/en\\\/\"},{\"@type\":\"ListItem\",\"position\":2,\"name\":\"E-shop\",\"item\":\"https:\\\/\\\/www.valgusevabrik.ee\\\/en\\\/e-shop\\\/\"},{\"@type\":\"ListItem\",\"position\":3,\"name\":\"Golden glass candle Bright Christmas\"}]},{\"@type\":\"WebSite\",\"@id\":\"https:\\\/\\\/www.valgusevabrik.ee\\\/#website\",\"url\":\"https:\\\/\\\/www.valgusevabrik.ee\\\/\",\"name\":\"V\u00f5hma\",\"description\":\"Valguse Vabrik\",\"publisher\":{\"@id\":\"https:\\\/\\\/www.valgusevabrik.ee\\\/#organization\"},\"potentialAction\":[{\"@type\":\"SearchAction\",\"target\":{\"@type\":\"EntryPoint\",\"urlTemplate\":\"https:\\\/\\\/www.valgusevabrik.ee\\\/?s={search_term_string}\"},\"query-input\":{\"@type\":\"PropertyValueSpecification\",\"valueRequired\":true,\"valueName\":\"search_term_string\"}}],\"inLanguage\":\"en-US\"},{\"@type\":\"Organization\",\"@id\":\"https:\\\/\\\/www.valgusevabrik.ee\\\/#organization\",\"name\":\"V\u00f5hma\",\"url\":\"https:\\\/\\\/www.valgusevabrik.ee\\\/\",\"logo\":{\"@type\":\"ImageObject\",\"inLanguage\":\"en-US\",\"@id\":\"https:\\\/\\\/www.valgusevabrik.ee\\\/#\\\/schema\\\/logo\\\/image\\\/\",\"url\":\"https:\\\/\\\/www.valgusevabrik.ee\\\/wp-content\\\/uploads\\\/2025\\\/09\\\/vohmavalgusevabrik.png\",\"contentUrl\":\"https:\\\/\\\/www.valgusevabrik.ee\\\/wp-content\\\/uploads\\\/2025\\\/09\\\/vohmavalgusevabrik.png\",\"width\":256,\"height\":122,\"caption\":\"V\u00f5hma\"},\"image\":{\"@id\":\"https:\\\/\\\/www.valgusevabrik.ee\\\/#\\\/schema\\\/logo\\\/image\\\/\"},\"sameAs\":[\"https:\\\/\\\/www.facebook.com\\\/V\u00f5hma-Valgusevabrik-1511025752479317\\\/\",\"https:\\\/\\\/www.instagram.com\\\/valguse_vabrik\\\/\"]}]}<\/script>\n<!-- \/ Yoast SEO plugin. -->","yoast_head_json":{"title":"Golden glass candle Bright Christmas - V\u00f5hma","description":"Decorative scented candle made of natural canola wax, \"Bright Christmas\"","robots":{"index":"index","follow":"follow","max-snippet":"max-snippet:-1","max-image-preview":"max-image-preview:large","max-video-preview":"max-video-preview:-1"},"canonical":"https:\/\/www.valgusevabrik.ee\/en\/product\/vegetable-wax-candles\/vegetable-candles-glasses\/silver-glass-candle-winter-joy-kopeeri\/","og_locale":"en_US","og_type":"article","og_title":"Golden glass candle Bright Christmas - V\u00f5hma","og_description":"Decorative scented candle made of natural canola wax, \"Bright Christmas\"","og_url":"https:\/\/www.valgusevabrik.ee\/en\/product\/vegetable-wax-candles\/vegetable-candles-glasses\/silver-glass-candle-winter-joy-kopeeri\/","og_site_name":"V\u00f5hma","article_publisher":"https:\/\/www.facebook.com\/V%c3%b5hma-Valgusevabrik-1511025752479317\/","article_modified_time":"2025-12-17T08:36:42+00:00","og_image":[{"width":1707,"height":2560,"url":"https:\/\/www.valgusevabrik.ee\/wp-content\/uploads\/2023\/11\/367968666_876624650518281_4610832955095489921_n-scaled.jpg","type":"image\/jpeg"}],"twitter_card":"summary_large_image","twitter_misc":{"Est. reading time":"1 minute"},"schema":{"@context":"https:\/\/schema.org","@graph":[{"@type":"WebPage","@id":"https:\/\/www.valgusevabrik.ee\/en\/product\/vegetable-wax-candles\/vegetable-candles-glasses\/silver-glass-candle-winter-joy-kopeeri\/","url":"https:\/\/www.valgusevabrik.ee\/en\/product\/vegetable-wax-candles\/vegetable-candles-glasses\/silver-glass-candle-winter-joy-kopeeri\/","name":"Golden glass candle Bright Christmas - V\u00f5hma","isPartOf":{"@id":"https:\/\/www.valgusevabrik.ee\/#website"},"primaryImageOfPage":{"@id":"https:\/\/www.valgusevabrik.ee\/en\/product\/vegetable-wax-candles\/vegetable-candles-glasses\/silver-glass-candle-winter-joy-kopeeri\/#primaryimage"},"image":{"@id":"https:\/\/www.valgusevabrik.ee\/en\/product\/vegetable-wax-candles\/vegetable-candles-glasses\/silver-glass-candle-winter-joy-kopeeri\/#primaryimage"},"thumbnailUrl":"https:\/\/www.valgusevabrik.ee\/wp-content\/uploads\/2023\/11\/367968666_876624650518281_4610832955095489921_n-scaled.jpg","datePublished":"2023-11-23T12:35:09+00:00","dateModified":"2025-12-17T08:36:42+00:00","description":"Decorative scented candle made of natural canola wax, \"Bright Christmas\"","breadcrumb":{"@id":"https:\/\/www.valgusevabrik.ee\/en\/product\/vegetable-wax-candles\/vegetable-candles-glasses\/silver-glass-candle-winter-joy-kopeeri\/#breadcrumb"},"inLanguage":"en-US","potentialAction":[{"@type":"ReadAction","target":["https:\/\/www.valgusevabrik.ee\/en\/product\/vegetable-wax-candles\/vegetable-candles-glasses\/silver-glass-candle-winter-joy-kopeeri\/"]}]},{"@type":"ImageObject","inLanguage":"en-US","@id":"https:\/\/www.valgusevabrik.ee\/en\/product\/vegetable-wax-candles\/vegetable-candles-glasses\/silver-glass-candle-winter-joy-kopeeri\/#primaryimage","url":"https:\/\/www.valgusevabrik.ee\/wp-content\/uploads\/2023\/11\/367968666_876624650518281_4610832955095489921_n-scaled.jpg","contentUrl":"https:\/\/www.valgusevabrik.ee\/wp-content\/uploads\/2023\/11\/367968666_876624650518281_4610832955095489921_n-scaled.jpg","width":1707,"height":2560,"caption":"s\u00e4rav kuldses klaas rapsivahast aroomik\u00fc\u00fcnal"},{"@type":"BreadcrumbList","@id":"https:\/\/www.valgusevabrik.ee\/en\/product\/vegetable-wax-candles\/vegetable-candles-glasses\/silver-glass-candle-winter-joy-kopeeri\/#breadcrumb","itemListElement":[{"@type":"ListItem","position":1,"name":"Home","item":"https:\/\/www.valgusevabrik.ee\/en\/"},{"@type":"ListItem","position":2,"name":"E-shop","item":"https:\/\/www.valgusevabrik.ee\/en\/e-shop\/"},{"@type":"ListItem","position":3,"name":"Golden glass candle Bright Christmas"}]},{"@type":"WebSite","@id":"https:\/\/www.valgusevabrik.ee\/#website","url":"https:\/\/www.valgusevabrik.ee\/","name":"V\u00f5hma","description":"Valguse Vabrik","publisher":{"@id":"https:\/\/www.valgusevabrik.ee\/#organization"},"potentialAction":[{"@type":"SearchAction","target":{"@type":"EntryPoint","urlTemplate":"https:\/\/www.valgusevabrik.ee\/?s={search_term_string}"},"query-input":{"@type":"PropertyValueSpecification","valueRequired":true,"valueName":"search_term_string"}}],"inLanguage":"en-US"},{"@type":"Organization","@id":"https:\/\/www.valgusevabrik.ee\/#organization","name":"V\u00f5hma","url":"https:\/\/www.valgusevabrik.ee\/","logo":{"@type":"ImageObject","inLanguage":"en-US","@id":"https:\/\/www.valgusevabrik.ee\/#\/schema\/logo\/image\/","url":"https:\/\/www.valgusevabrik.ee\/wp-content\/uploads\/2025\/09\/vohmavalgusevabrik.png","contentUrl":"https:\/\/www.valgusevabrik.ee\/wp-content\/uploads\/2025\/09\/vohmavalgusevabrik.png","width":256,"height":122,"caption":"V\u00f5hma"},"image":{"@id":"https:\/\/www.valgusevabrik.ee\/#\/schema\/logo\/image\/"},"sameAs":["https:\/\/www.facebook.com\/V\u00f5hma-Valgusevabrik-1511025752479317\/","https:\/\/www.instagram.com\/valguse_vabrik\/"]}]}},"_links":{"self":[{"href":"https:\/\/www.valgusevabrik.ee\/en\/wp-json\/wp\/v2\/product\/54328","targetHints":{"allow":["GET"]}}],"collection":[{"href":"https:\/\/www.valgusevabrik.ee\/en\/wp-json\/wp\/v2\/product"}],"about":[{"href":"https:\/\/www.valgusevabrik.ee\/en\/wp-json\/wp\/v2\/types\/product"}],"replies":[{"embeddable":true,"href":"https:\/\/www.valgusevabrik.ee\/en\/wp-json\/wp\/v2\/comments?post=54328"}],"wp:featuredmedia":[{"embeddable":true,"href":"https:\/\/www.valgusevabrik.ee\/en\/wp-json\/wp\/v2\/media\/54429"}],"wp:attachment":[{"href":"https:\/\/www.valgusevabrik.ee\/en\/wp-json\/wp\/v2\/media?parent=54328"}],"wp:term":[{"taxonomy":"product_brand","embeddable":true,"href":"https:\/\/www.valgusevabrik.ee\/en\/wp-json\/wp\/v2\/product_brand?post=54328"},{"taxonomy":"product_cat","embeddable":true,"href":"https:\/\/www.valgusevabrik.ee\/en\/wp-json\/wp\/v2\/product_cat?post=54328"},{"taxonomy":"product_tag","embeddable":true,"href":"https:\/\/www.valgusevabrik.ee\/en\/wp-json\/wp\/v2\/product_tag?post=54328"},{"taxonomy":"giftcard-category","embeddable":true,"href":"https:\/\/www.valgusevabrik.ee\/en\/wp-json\/wp\/v2\/giftcard-category?post=54328"}],"curies":[{"name":"wp","href":"https:\/\/api.w.org\/{rel}","templated":true}]}}