{"id":52737,"date":"2023-10-26T09:27:08","date_gmt":"2023-10-26T06:27:08","guid":{"rendered":"https:\/\/www.valgusevabrik.ee\/product\/uncategorized\/scented-tealights-gingerbread-house-30-pcs-150h\/"},"modified":"2026-03-26T14:33:45","modified_gmt":"2026-03-26T12:33:45","slug":"scented-tealights-gingerbread-house-30-pcs-150h","status":"publish","type":"product","link":"https:\/\/www.valgusevabrik.ee\/en\/product\/sale\/scented-tealights-gingerbread-house-30-pcs-150h\/","title":{"rendered":"Scented Tealights Gingerbread House 30 pcs &#8211; 150h"},"content":{"rendered":"<p><strong>Scented tealights gingerbread house 30 pcs &#8211; 150h<\/strong><\/p>\n<p><strong>Materials:<\/strong> high-quality refined paraffin, 100% OEKO-TEX certified cotton wick (lead-free).<\/p>\n<p>The candles are scented with nature-identical aroma oils, which are produced specifically for use in candles and meet the standards of the International Fragrance Association (origin: France, Germany).<\/p>\n<p>Does not contain palm oil.\u00a0Vegan<\/p>\n<p><strong>Manufacturer:<\/strong> Eesti Valgus O\u00dc<\/p>\n<p>Estonian handcraft &#8211; high quality and safe \u2013 clean burning, smoke and drip-free, handmade. The choice of the best quality material ensures even burning of the candle and stable aroma retention.<\/p>\n<p>A beautiful selection of candle holders can be found here:<a href=\"https:\/\/www.valgusevabrik.ee\/en\/candle-holders-and-accessories\/\" target=\"_blank\" rel=\"noopener\">https:\/\/www.valgusevabrik.ee\/en\/candle-holders-and-accessories\/<\/a><\/p>\n<p>With every purchase you support the Estonian craft tradition and local manufacturer. Thank you!\u2764\ufe0f<\/p>\n","protected":false},"excerpt":{"rendered":"<p>An exciting selection of scented tea candles in decorated gingerbread house. The set contains at least 5 different aromas in different colors. Suitable as a gift.<\/p>\n<ul>\n<li>Fast delivery within 1-3 working days to parcel machines across Estonia<\/li>\n<li>\ufe0f\ufe0fFree shipping on orders over 40\u20ac<\/li>\n<\/ul>\n<p>&nbsp;<\/p>\n","protected":false},"featured_media":52735,"comment_status":"open","ping_status":"closed","template":"","meta":{"_acf_changed":false,"inline_featured_image":false},"product_brand":[],"product_cat":[880,60],"product_tag":[],"giftcard-category":[],"class_list":{"0":"post-52737","1":"product","2":"type-product","3":"status-publish","4":"has-post-thumbnail","6":"product_cat-tealight-candles","7":"product_cat-sale","9":"first","10":"instock","11":"sale","12":"taxable","13":"shipping-taxable","14":"purchasable","15":"product-type-simple"},"acf":[],"yoast_head":"<!-- This site is optimized with the Yoast SEO plugin v27.4 - https:\/\/yoast.com\/product\/yoast-seo-wordpress\/ -->\n<title>Scented Tealights Gingerbread House 30 pcs - 150h - V\u00f5hma<\/title>\n<meta name=\"description\" content=\"Scented tealights gingerbread house 30 pcs - 150h\" \/>\n<meta name=\"robots\" content=\"index, follow, max-snippet:-1, max-image-preview:large, max-video-preview:-1\" \/>\n<link rel=\"canonical\" href=\"https:\/\/www.valgusevabrik.ee\/en\/product\/sale\/scented-tealights-gingerbread-house-30-pcs-150h\/\" \/>\n<meta property=\"og:locale\" content=\"en_US\" \/>\n<meta property=\"og:type\" content=\"article\" \/>\n<meta property=\"og:title\" content=\"Scented Tealights Gingerbread House 30 pcs - 150h - V\u00f5hma\" \/>\n<meta property=\"og:description\" content=\"Scented tealights gingerbread house 30 pcs - 150h\" \/>\n<meta property=\"og:url\" content=\"https:\/\/www.valgusevabrik.ee\/en\/product\/sale\/scented-tealights-gingerbread-house-30-pcs-150h\/\" \/>\n<meta property=\"og:site_name\" content=\"V\u00f5hma\" \/>\n<meta property=\"article:publisher\" content=\"https:\/\/www.facebook.com\/V%c3%b5hma-Valgusevabrik-1511025752479317\/\" \/>\n<meta property=\"article:modified_time\" content=\"2026-03-26T12:33:45+00:00\" \/>\n<meta property=\"og:image\" content=\"https:\/\/www.valgusevabrik.ee\/wp-content\/uploads\/2023\/10\/4743288002248teekuunlad-lohnaga-assortii-scaled.jpg\" \/>\n\t<meta property=\"og:image:width\" content=\"1707\" \/>\n\t<meta property=\"og:image:height\" content=\"2560\" \/>\n\t<meta property=\"og:image:type\" content=\"image\/jpeg\" \/>\n<meta name=\"twitter:card\" content=\"summary_large_image\" \/>\n<meta name=\"twitter:label1\" content=\"Est. reading time\" \/>\n\t<meta name=\"twitter:data1\" content=\"1 minute\" \/>\n<script type=\"application\/ld+json\" class=\"yoast-schema-graph\">{\"@context\":\"https:\\\/\\\/schema.org\",\"@graph\":[{\"@type\":\"WebPage\",\"@id\":\"https:\\\/\\\/www.valgusevabrik.ee\\\/en\\\/product\\\/sale\\\/scented-tealights-gingerbread-house-30-pcs-150h\\\/\",\"url\":\"https:\\\/\\\/www.valgusevabrik.ee\\\/en\\\/product\\\/sale\\\/scented-tealights-gingerbread-house-30-pcs-150h\\\/\",\"name\":\"Scented Tealights Gingerbread House 30 pcs - 150h - V\u00f5hma\",\"isPartOf\":{\"@id\":\"https:\\\/\\\/www.valgusevabrik.ee\\\/#website\"},\"primaryImageOfPage\":{\"@id\":\"https:\\\/\\\/www.valgusevabrik.ee\\\/en\\\/product\\\/sale\\\/scented-tealights-gingerbread-house-30-pcs-150h\\\/#primaryimage\"},\"image\":{\"@id\":\"https:\\\/\\\/www.valgusevabrik.ee\\\/en\\\/product\\\/sale\\\/scented-tealights-gingerbread-house-30-pcs-150h\\\/#primaryimage\"},\"thumbnailUrl\":\"https:\\\/\\\/www.valgusevabrik.ee\\\/wp-content\\\/uploads\\\/2023\\\/10\\\/4743288002248teekuunlad-lohnaga-assortii-scaled.jpg\",\"datePublished\":\"2023-10-26T06:27:08+00:00\",\"dateModified\":\"2026-03-26T12:33:45+00:00\",\"description\":\"Scented tealights gingerbread house 30 pcs - 150h\",\"breadcrumb\":{\"@id\":\"https:\\\/\\\/www.valgusevabrik.ee\\\/en\\\/product\\\/sale\\\/scented-tealights-gingerbread-house-30-pcs-150h\\\/#breadcrumb\"},\"inLanguage\":\"en-US\",\"potentialAction\":[{\"@type\":\"ReadAction\",\"target\":[\"https:\\\/\\\/www.valgusevabrik.ee\\\/en\\\/product\\\/sale\\\/scented-tealights-gingerbread-house-30-pcs-150h\\\/\"]}]},{\"@type\":\"ImageObject\",\"inLanguage\":\"en-US\",\"@id\":\"https:\\\/\\\/www.valgusevabrik.ee\\\/en\\\/product\\\/sale\\\/scented-tealights-gingerbread-house-30-pcs-150h\\\/#primaryimage\",\"url\":\"https:\\\/\\\/www.valgusevabrik.ee\\\/wp-content\\\/uploads\\\/2023\\\/10\\\/4743288002248teekuunlad-lohnaga-assortii-scaled.jpg\",\"contentUrl\":\"https:\\\/\\\/www.valgusevabrik.ee\\\/wp-content\\\/uploads\\\/2023\\\/10\\\/4743288002248teekuunlad-lohnaga-assortii-scaled.jpg\",\"width\":1707,\"height\":2560,\"caption\":\"Aroomiteek\u00fc\u00fcnla piparkoogimajake 30tk assortii V\u00f5hma Valgusevabrik k\u00e4sit\u00f6\u00f6\"},{\"@type\":\"BreadcrumbList\",\"@id\":\"https:\\\/\\\/www.valgusevabrik.ee\\\/en\\\/product\\\/sale\\\/scented-tealights-gingerbread-house-30-pcs-150h\\\/#breadcrumb\",\"itemListElement\":[{\"@type\":\"ListItem\",\"position\":1,\"name\":\"Home\",\"item\":\"https:\\\/\\\/www.valgusevabrik.ee\\\/en\\\/\"},{\"@type\":\"ListItem\",\"position\":2,\"name\":\"E-shop\",\"item\":\"https:\\\/\\\/www.valgusevabrik.ee\\\/en\\\/e-shop\\\/\"},{\"@type\":\"ListItem\",\"position\":3,\"name\":\"Scented Tealights Gingerbread House 30 pcs &#8211; 150h\"}]},{\"@type\":\"WebSite\",\"@id\":\"https:\\\/\\\/www.valgusevabrik.ee\\\/#website\",\"url\":\"https:\\\/\\\/www.valgusevabrik.ee\\\/\",\"name\":\"V\u00f5hma\",\"description\":\"Valguse Vabrik\",\"publisher\":{\"@id\":\"https:\\\/\\\/www.valgusevabrik.ee\\\/#organization\"},\"potentialAction\":[{\"@type\":\"SearchAction\",\"target\":{\"@type\":\"EntryPoint\",\"urlTemplate\":\"https:\\\/\\\/www.valgusevabrik.ee\\\/?s={search_term_string}\"},\"query-input\":{\"@type\":\"PropertyValueSpecification\",\"valueRequired\":true,\"valueName\":\"search_term_string\"}}],\"inLanguage\":\"en-US\"},{\"@type\":\"Organization\",\"@id\":\"https:\\\/\\\/www.valgusevabrik.ee\\\/#organization\",\"name\":\"V\u00f5hma\",\"url\":\"https:\\\/\\\/www.valgusevabrik.ee\\\/\",\"logo\":{\"@type\":\"ImageObject\",\"inLanguage\":\"en-US\",\"@id\":\"https:\\\/\\\/www.valgusevabrik.ee\\\/#\\\/schema\\\/logo\\\/image\\\/\",\"url\":\"https:\\\/\\\/www.valgusevabrik.ee\\\/wp-content\\\/uploads\\\/2025\\\/09\\\/vohmavalgusevabrik.png\",\"contentUrl\":\"https:\\\/\\\/www.valgusevabrik.ee\\\/wp-content\\\/uploads\\\/2025\\\/09\\\/vohmavalgusevabrik.png\",\"width\":256,\"height\":122,\"caption\":\"V\u00f5hma\"},\"image\":{\"@id\":\"https:\\\/\\\/www.valgusevabrik.ee\\\/#\\\/schema\\\/logo\\\/image\\\/\"},\"sameAs\":[\"https:\\\/\\\/www.facebook.com\\\/V\u00f5hma-Valgusevabrik-1511025752479317\\\/\",\"https:\\\/\\\/www.instagram.com\\\/valguse_vabrik\\\/\"]}]}<\/script>\n<!-- \/ Yoast SEO plugin. -->","yoast_head_json":{"title":"Scented Tealights Gingerbread House 30 pcs - 150h - V\u00f5hma","description":"Scented tealights gingerbread house 30 pcs - 150h","robots":{"index":"index","follow":"follow","max-snippet":"max-snippet:-1","max-image-preview":"max-image-preview:large","max-video-preview":"max-video-preview:-1"},"canonical":"https:\/\/www.valgusevabrik.ee\/en\/product\/sale\/scented-tealights-gingerbread-house-30-pcs-150h\/","og_locale":"en_US","og_type":"article","og_title":"Scented Tealights Gingerbread House 30 pcs - 150h - V\u00f5hma","og_description":"Scented tealights gingerbread house 30 pcs - 150h","og_url":"https:\/\/www.valgusevabrik.ee\/en\/product\/sale\/scented-tealights-gingerbread-house-30-pcs-150h\/","og_site_name":"V\u00f5hma","article_publisher":"https:\/\/www.facebook.com\/V%c3%b5hma-Valgusevabrik-1511025752479317\/","article_modified_time":"2026-03-26T12:33:45+00:00","og_image":[{"width":1707,"height":2560,"url":"https:\/\/www.valgusevabrik.ee\/wp-content\/uploads\/2023\/10\/4743288002248teekuunlad-lohnaga-assortii-scaled.jpg","type":"image\/jpeg"}],"twitter_card":"summary_large_image","twitter_misc":{"Est. reading time":"1 minute"},"schema":{"@context":"https:\/\/schema.org","@graph":[{"@type":"WebPage","@id":"https:\/\/www.valgusevabrik.ee\/en\/product\/sale\/scented-tealights-gingerbread-house-30-pcs-150h\/","url":"https:\/\/www.valgusevabrik.ee\/en\/product\/sale\/scented-tealights-gingerbread-house-30-pcs-150h\/","name":"Scented Tealights Gingerbread House 30 pcs - 150h - V\u00f5hma","isPartOf":{"@id":"https:\/\/www.valgusevabrik.ee\/#website"},"primaryImageOfPage":{"@id":"https:\/\/www.valgusevabrik.ee\/en\/product\/sale\/scented-tealights-gingerbread-house-30-pcs-150h\/#primaryimage"},"image":{"@id":"https:\/\/www.valgusevabrik.ee\/en\/product\/sale\/scented-tealights-gingerbread-house-30-pcs-150h\/#primaryimage"},"thumbnailUrl":"https:\/\/www.valgusevabrik.ee\/wp-content\/uploads\/2023\/10\/4743288002248teekuunlad-lohnaga-assortii-scaled.jpg","datePublished":"2023-10-26T06:27:08+00:00","dateModified":"2026-03-26T12:33:45+00:00","description":"Scented tealights gingerbread house 30 pcs - 150h","breadcrumb":{"@id":"https:\/\/www.valgusevabrik.ee\/en\/product\/sale\/scented-tealights-gingerbread-house-30-pcs-150h\/#breadcrumb"},"inLanguage":"en-US","potentialAction":[{"@type":"ReadAction","target":["https:\/\/www.valgusevabrik.ee\/en\/product\/sale\/scented-tealights-gingerbread-house-30-pcs-150h\/"]}]},{"@type":"ImageObject","inLanguage":"en-US","@id":"https:\/\/www.valgusevabrik.ee\/en\/product\/sale\/scented-tealights-gingerbread-house-30-pcs-150h\/#primaryimage","url":"https:\/\/www.valgusevabrik.ee\/wp-content\/uploads\/2023\/10\/4743288002248teekuunlad-lohnaga-assortii-scaled.jpg","contentUrl":"https:\/\/www.valgusevabrik.ee\/wp-content\/uploads\/2023\/10\/4743288002248teekuunlad-lohnaga-assortii-scaled.jpg","width":1707,"height":2560,"caption":"Aroomiteek\u00fc\u00fcnla piparkoogimajake 30tk assortii V\u00f5hma Valgusevabrik k\u00e4sit\u00f6\u00f6"},{"@type":"BreadcrumbList","@id":"https:\/\/www.valgusevabrik.ee\/en\/product\/sale\/scented-tealights-gingerbread-house-30-pcs-150h\/#breadcrumb","itemListElement":[{"@type":"ListItem","position":1,"name":"Home","item":"https:\/\/www.valgusevabrik.ee\/en\/"},{"@type":"ListItem","position":2,"name":"E-shop","item":"https:\/\/www.valgusevabrik.ee\/en\/e-shop\/"},{"@type":"ListItem","position":3,"name":"Scented Tealights Gingerbread House 30 pcs &#8211; 150h"}]},{"@type":"WebSite","@id":"https:\/\/www.valgusevabrik.ee\/#website","url":"https:\/\/www.valgusevabrik.ee\/","name":"V\u00f5hma","description":"Valguse Vabrik","publisher":{"@id":"https:\/\/www.valgusevabrik.ee\/#organization"},"potentialAction":[{"@type":"SearchAction","target":{"@type":"EntryPoint","urlTemplate":"https:\/\/www.valgusevabrik.ee\/?s={search_term_string}"},"query-input":{"@type":"PropertyValueSpecification","valueRequired":true,"valueName":"search_term_string"}}],"inLanguage":"en-US"},{"@type":"Organization","@id":"https:\/\/www.valgusevabrik.ee\/#organization","name":"V\u00f5hma","url":"https:\/\/www.valgusevabrik.ee\/","logo":{"@type":"ImageObject","inLanguage":"en-US","@id":"https:\/\/www.valgusevabrik.ee\/#\/schema\/logo\/image\/","url":"https:\/\/www.valgusevabrik.ee\/wp-content\/uploads\/2025\/09\/vohmavalgusevabrik.png","contentUrl":"https:\/\/www.valgusevabrik.ee\/wp-content\/uploads\/2025\/09\/vohmavalgusevabrik.png","width":256,"height":122,"caption":"V\u00f5hma"},"image":{"@id":"https:\/\/www.valgusevabrik.ee\/#\/schema\/logo\/image\/"},"sameAs":["https:\/\/www.facebook.com\/V\u00f5hma-Valgusevabrik-1511025752479317\/","https:\/\/www.instagram.com\/valguse_vabrik\/"]}]}},"_links":{"self":[{"href":"https:\/\/www.valgusevabrik.ee\/en\/wp-json\/wp\/v2\/product\/52737","targetHints":{"allow":["GET"]}}],"collection":[{"href":"https:\/\/www.valgusevabrik.ee\/en\/wp-json\/wp\/v2\/product"}],"about":[{"href":"https:\/\/www.valgusevabrik.ee\/en\/wp-json\/wp\/v2\/types\/product"}],"replies":[{"embeddable":true,"href":"https:\/\/www.valgusevabrik.ee\/en\/wp-json\/wp\/v2\/comments?post=52737"}],"wp:featuredmedia":[{"embeddable":true,"href":"https:\/\/www.valgusevabrik.ee\/en\/wp-json\/wp\/v2\/media\/52735"}],"wp:attachment":[{"href":"https:\/\/www.valgusevabrik.ee\/en\/wp-json\/wp\/v2\/media?parent=52737"}],"wp:term":[{"taxonomy":"product_brand","embeddable":true,"href":"https:\/\/www.valgusevabrik.ee\/en\/wp-json\/wp\/v2\/product_brand?post=52737"},{"taxonomy":"product_cat","embeddable":true,"href":"https:\/\/www.valgusevabrik.ee\/en\/wp-json\/wp\/v2\/product_cat?post=52737"},{"taxonomy":"product_tag","embeddable":true,"href":"https:\/\/www.valgusevabrik.ee\/en\/wp-json\/wp\/v2\/product_tag?post=52737"},{"taxonomy":"giftcard-category","embeddable":true,"href":"https:\/\/www.valgusevabrik.ee\/en\/wp-json\/wp\/v2\/giftcard-category?post=52737"}],"curies":[{"name":"wp","href":"https:\/\/api.w.org\/{rel}","templated":true}]}}