{"id":48130,"date":"2023-03-13T11:50:54","date_gmt":"2023-03-13T09:50:54","guid":{"rendered":"https:\/\/www.valgusevabrik.ee\/product\/uncategorized\/scented-rapeseed-wax-candle-lavender-170g\/"},"modified":"2026-03-10T16:25:11","modified_gmt":"2026-03-10T14:25:11","slug":"scented-rapeseed-wax-candle-lavender-170g","status":"publish","type":"product","link":"https:\/\/www.valgusevabrik.ee\/en\/product\/vegetable-wax-candles\/vegetable-candles-glasses\/scented-rapeseed-wax-candle-lavender-170g\/","title":{"rendered":"Scented rapeseed wax candle &#8220;Lavender field&#8221;, 170g"},"content":{"rendered":"<p><strong>Rapeseed wax scented candle &#8220;Lavender field&#8221; 170g<\/strong><\/p>\n<p><strong>Measurments:<\/strong> 170ml, 6,5 x 7cm, burning time ~30h<\/p>\n<p><strong>Properties and benefits of rapeseed wax:<\/strong> biodegradable, not tested on animals, produced from unmodified raw materials, kosher, allergy-free, soot-free when burned.<\/p>\n<p>The canola wax is easy to wash off with warm water to refill the glass.<\/p>\n<p>Estonian handicrafts.<\/p>\n<p>With every purchase you support the Estonian craft tradition and local manufacturer. Thank you!\u2764\ufe0f<\/p>\n<p>&nbsp;<\/p>\n","protected":false},"excerpt":{"rendered":"<p>Scented candle made of natural rapeseed wax &#8220;Lavender field&#8221; in a glass. Calming soothing\u00a0 floral aroma.<\/p>\n<ul>\n<li>\ufe0f\ufe0fFast delivery within 1-3 working days to parcel machines across Estonia<\/li>\n<li>\ufe0f\ufe0fFree shipping on orders over 40\u20ac<\/li>\n<\/ul>\n","protected":false},"featured_media":48697,"comment_status":"open","ping_status":"closed","template":"","meta":{"_acf_changed":false,"inline_featured_image":false},"product_brand":[],"product_cat":[586,1397],"product_tag":[],"giftcard-category":[],"class_list":{"0":"post-48130","1":"product","2":"type-product","3":"status-publish","4":"has-post-thumbnail","6":"product_cat-vegetable-wax-candles","7":"product_cat-vegetable-candles-glasses","9":"first","10":"instock","11":"taxable","12":"shipping-taxable","13":"purchasable","14":"product-type-simple"},"acf":[],"yoast_head":"<!-- This site is optimized with the Yoast SEO plugin v27.3 - https:\/\/yoast.com\/product\/yoast-seo-wordpress\/ -->\n<title>Scented rapeseed wax candle &quot;Lavender field&quot;, 170g - V\u00f5hma<\/title>\n<meta name=\"robots\" content=\"index, follow, max-snippet:-1, max-image-preview:large, max-video-preview:-1\" \/>\n<link rel=\"canonical\" href=\"https:\/\/www.valgusevabrik.ee\/en\/product\/vegetable-wax-candles\/vegetable-candles-glasses\/scented-rapeseed-wax-candle-lavender-170g\/\" \/>\n<meta property=\"og:locale\" content=\"en_US\" \/>\n<meta property=\"og:type\" content=\"article\" \/>\n<meta property=\"og:title\" content=\"Scented rapeseed wax candle &quot;Lavender field&quot;, 170g - V\u00f5hma\" \/>\n<meta property=\"og:description\" content=\"Scented candle made of natural rapeseed wax &quot;Lavender field&quot; in a glass. Calming soothing\u00a0 floral aroma.   \ufe0f\ufe0fFast delivery within 1-3 working days to parcel machines across Estonia  \ufe0f\ufe0fFree shipping on orders over 40\u20ac\" \/>\n<meta property=\"og:url\" content=\"https:\/\/www.valgusevabrik.ee\/en\/product\/vegetable-wax-candles\/vegetable-candles-glasses\/scented-rapeseed-wax-candle-lavender-170g\/\" \/>\n<meta property=\"og:site_name\" content=\"V\u00f5hma\" \/>\n<meta property=\"article:publisher\" content=\"https:\/\/www.facebook.com\/V%c3%b5hma-Valgusevabrik-1511025752479317\/\" \/>\n<meta property=\"article:modified_time\" content=\"2026-03-10T14:25:11+00:00\" \/>\n<meta property=\"og:image\" content=\"https:\/\/www.valgusevabrik.ee\/wp-content\/uploads\/2023\/04\/rapsivaha-kuunal-viskiklaasis-lavendlivali-vohma-valgusevabrik-scaled.jpg\" \/>\n\t<meta property=\"og:image:width\" content=\"1707\" \/>\n\t<meta property=\"og:image:height\" content=\"2560\" \/>\n\t<meta property=\"og:image:type\" content=\"image\/jpeg\" \/>\n<meta name=\"twitter:card\" content=\"summary_large_image\" \/>\n<meta name=\"twitter:label1\" content=\"Est. reading time\" \/>\n\t<meta name=\"twitter:data1\" content=\"1 minute\" \/>\n<script type=\"application\/ld+json\" class=\"yoast-schema-graph\">{\"@context\":\"https:\\\/\\\/schema.org\",\"@graph\":[{\"@type\":\"WebPage\",\"@id\":\"https:\\\/\\\/www.valgusevabrik.ee\\\/en\\\/product\\\/vegetable-wax-candles\\\/vegetable-candles-glasses\\\/scented-rapeseed-wax-candle-lavender-170g\\\/\",\"url\":\"https:\\\/\\\/www.valgusevabrik.ee\\\/en\\\/product\\\/vegetable-wax-candles\\\/vegetable-candles-glasses\\\/scented-rapeseed-wax-candle-lavender-170g\\\/\",\"name\":\"Scented rapeseed wax candle \\\"Lavender field\\\", 170g - V\u00f5hma\",\"isPartOf\":{\"@id\":\"https:\\\/\\\/www.valgusevabrik.ee\\\/#website\"},\"primaryImageOfPage\":{\"@id\":\"https:\\\/\\\/www.valgusevabrik.ee\\\/en\\\/product\\\/vegetable-wax-candles\\\/vegetable-candles-glasses\\\/scented-rapeseed-wax-candle-lavender-170g\\\/#primaryimage\"},\"image\":{\"@id\":\"https:\\\/\\\/www.valgusevabrik.ee\\\/en\\\/product\\\/vegetable-wax-candles\\\/vegetable-candles-glasses\\\/scented-rapeseed-wax-candle-lavender-170g\\\/#primaryimage\"},\"thumbnailUrl\":\"https:\\\/\\\/www.valgusevabrik.ee\\\/wp-content\\\/uploads\\\/2023\\\/04\\\/rapsivaha-kuunal-viskiklaasis-lavendlivali-vohma-valgusevabrik-scaled.jpg\",\"datePublished\":\"2023-03-13T09:50:54+00:00\",\"dateModified\":\"2026-03-10T14:25:11+00:00\",\"breadcrumb\":{\"@id\":\"https:\\\/\\\/www.valgusevabrik.ee\\\/en\\\/product\\\/vegetable-wax-candles\\\/vegetable-candles-glasses\\\/scented-rapeseed-wax-candle-lavender-170g\\\/#breadcrumb\"},\"inLanguage\":\"en-US\",\"potentialAction\":[{\"@type\":\"ReadAction\",\"target\":[\"https:\\\/\\\/www.valgusevabrik.ee\\\/en\\\/product\\\/vegetable-wax-candles\\\/vegetable-candles-glasses\\\/scented-rapeseed-wax-candle-lavender-170g\\\/\"]}]},{\"@type\":\"ImageObject\",\"inLanguage\":\"en-US\",\"@id\":\"https:\\\/\\\/www.valgusevabrik.ee\\\/en\\\/product\\\/vegetable-wax-candles\\\/vegetable-candles-glasses\\\/scented-rapeseed-wax-candle-lavender-170g\\\/#primaryimage\",\"url\":\"https:\\\/\\\/www.valgusevabrik.ee\\\/wp-content\\\/uploads\\\/2023\\\/04\\\/rapsivaha-kuunal-viskiklaasis-lavendlivali-vohma-valgusevabrik-scaled.jpg\",\"contentUrl\":\"https:\\\/\\\/www.valgusevabrik.ee\\\/wp-content\\\/uploads\\\/2023\\\/04\\\/rapsivaha-kuunal-viskiklaasis-lavendlivali-vohma-valgusevabrik-scaled.jpg\",\"width\":1707,\"height\":2560,\"caption\":\"rapsivaha k\u00fc\u00fcnal viskiklaasis Lavendliv\u00e4li V\u00f5hma Valgusevabrik\"},{\"@type\":\"BreadcrumbList\",\"@id\":\"https:\\\/\\\/www.valgusevabrik.ee\\\/en\\\/product\\\/vegetable-wax-candles\\\/vegetable-candles-glasses\\\/scented-rapeseed-wax-candle-lavender-170g\\\/#breadcrumb\",\"itemListElement\":[{\"@type\":\"ListItem\",\"position\":1,\"name\":\"Home\",\"item\":\"https:\\\/\\\/www.valgusevabrik.ee\\\/en\\\/\"},{\"@type\":\"ListItem\",\"position\":2,\"name\":\"E-shop\",\"item\":\"https:\\\/\\\/www.valgusevabrik.ee\\\/en\\\/e-shop\\\/\"},{\"@type\":\"ListItem\",\"position\":3,\"name\":\"Scented rapeseed wax candle &#8220;Lavender field&#8221;, 170g\"}]},{\"@type\":\"WebSite\",\"@id\":\"https:\\\/\\\/www.valgusevabrik.ee\\\/#website\",\"url\":\"https:\\\/\\\/www.valgusevabrik.ee\\\/\",\"name\":\"V\u00f5hma\",\"description\":\"Valguse Vabrik\",\"publisher\":{\"@id\":\"https:\\\/\\\/www.valgusevabrik.ee\\\/#organization\"},\"potentialAction\":[{\"@type\":\"SearchAction\",\"target\":{\"@type\":\"EntryPoint\",\"urlTemplate\":\"https:\\\/\\\/www.valgusevabrik.ee\\\/?s={search_term_string}\"},\"query-input\":{\"@type\":\"PropertyValueSpecification\",\"valueRequired\":true,\"valueName\":\"search_term_string\"}}],\"inLanguage\":\"en-US\"},{\"@type\":\"Organization\",\"@id\":\"https:\\\/\\\/www.valgusevabrik.ee\\\/#organization\",\"name\":\"V\u00f5hma\",\"url\":\"https:\\\/\\\/www.valgusevabrik.ee\\\/\",\"logo\":{\"@type\":\"ImageObject\",\"inLanguage\":\"en-US\",\"@id\":\"https:\\\/\\\/www.valgusevabrik.ee\\\/#\\\/schema\\\/logo\\\/image\\\/\",\"url\":\"https:\\\/\\\/www.valgusevabrik.ee\\\/wp-content\\\/uploads\\\/2025\\\/09\\\/vohmavalgusevabrik.png\",\"contentUrl\":\"https:\\\/\\\/www.valgusevabrik.ee\\\/wp-content\\\/uploads\\\/2025\\\/09\\\/vohmavalgusevabrik.png\",\"width\":256,\"height\":122,\"caption\":\"V\u00f5hma\"},\"image\":{\"@id\":\"https:\\\/\\\/www.valgusevabrik.ee\\\/#\\\/schema\\\/logo\\\/image\\\/\"},\"sameAs\":[\"https:\\\/\\\/www.facebook.com\\\/V\u00f5hma-Valgusevabrik-1511025752479317\\\/\",\"https:\\\/\\\/www.instagram.com\\\/valguse_vabrik\\\/\"]}]}<\/script>\n<!-- \/ Yoast SEO plugin. -->","yoast_head_json":{"title":"Scented rapeseed wax candle \"Lavender field\", 170g - V\u00f5hma","robots":{"index":"index","follow":"follow","max-snippet":"max-snippet:-1","max-image-preview":"max-image-preview:large","max-video-preview":"max-video-preview:-1"},"canonical":"https:\/\/www.valgusevabrik.ee\/en\/product\/vegetable-wax-candles\/vegetable-candles-glasses\/scented-rapeseed-wax-candle-lavender-170g\/","og_locale":"en_US","og_type":"article","og_title":"Scented rapeseed wax candle \"Lavender field\", 170g - V\u00f5hma","og_description":"Scented candle made of natural rapeseed wax \"Lavender field\" in a glass. Calming soothing\u00a0 floral aroma.   \ufe0f\ufe0fFast delivery within 1-3 working days to parcel machines across Estonia  \ufe0f\ufe0fFree shipping on orders over 40\u20ac","og_url":"https:\/\/www.valgusevabrik.ee\/en\/product\/vegetable-wax-candles\/vegetable-candles-glasses\/scented-rapeseed-wax-candle-lavender-170g\/","og_site_name":"V\u00f5hma","article_publisher":"https:\/\/www.facebook.com\/V%c3%b5hma-Valgusevabrik-1511025752479317\/","article_modified_time":"2026-03-10T14:25:11+00:00","og_image":[{"width":1707,"height":2560,"url":"https:\/\/www.valgusevabrik.ee\/wp-content\/uploads\/2023\/04\/rapsivaha-kuunal-viskiklaasis-lavendlivali-vohma-valgusevabrik-scaled.jpg","type":"image\/jpeg"}],"twitter_card":"summary_large_image","twitter_misc":{"Est. reading time":"1 minute"},"schema":{"@context":"https:\/\/schema.org","@graph":[{"@type":"WebPage","@id":"https:\/\/www.valgusevabrik.ee\/en\/product\/vegetable-wax-candles\/vegetable-candles-glasses\/scented-rapeseed-wax-candle-lavender-170g\/","url":"https:\/\/www.valgusevabrik.ee\/en\/product\/vegetable-wax-candles\/vegetable-candles-glasses\/scented-rapeseed-wax-candle-lavender-170g\/","name":"Scented rapeseed wax candle \"Lavender field\", 170g - V\u00f5hma","isPartOf":{"@id":"https:\/\/www.valgusevabrik.ee\/#website"},"primaryImageOfPage":{"@id":"https:\/\/www.valgusevabrik.ee\/en\/product\/vegetable-wax-candles\/vegetable-candles-glasses\/scented-rapeseed-wax-candle-lavender-170g\/#primaryimage"},"image":{"@id":"https:\/\/www.valgusevabrik.ee\/en\/product\/vegetable-wax-candles\/vegetable-candles-glasses\/scented-rapeseed-wax-candle-lavender-170g\/#primaryimage"},"thumbnailUrl":"https:\/\/www.valgusevabrik.ee\/wp-content\/uploads\/2023\/04\/rapsivaha-kuunal-viskiklaasis-lavendlivali-vohma-valgusevabrik-scaled.jpg","datePublished":"2023-03-13T09:50:54+00:00","dateModified":"2026-03-10T14:25:11+00:00","breadcrumb":{"@id":"https:\/\/www.valgusevabrik.ee\/en\/product\/vegetable-wax-candles\/vegetable-candles-glasses\/scented-rapeseed-wax-candle-lavender-170g\/#breadcrumb"},"inLanguage":"en-US","potentialAction":[{"@type":"ReadAction","target":["https:\/\/www.valgusevabrik.ee\/en\/product\/vegetable-wax-candles\/vegetable-candles-glasses\/scented-rapeseed-wax-candle-lavender-170g\/"]}]},{"@type":"ImageObject","inLanguage":"en-US","@id":"https:\/\/www.valgusevabrik.ee\/en\/product\/vegetable-wax-candles\/vegetable-candles-glasses\/scented-rapeseed-wax-candle-lavender-170g\/#primaryimage","url":"https:\/\/www.valgusevabrik.ee\/wp-content\/uploads\/2023\/04\/rapsivaha-kuunal-viskiklaasis-lavendlivali-vohma-valgusevabrik-scaled.jpg","contentUrl":"https:\/\/www.valgusevabrik.ee\/wp-content\/uploads\/2023\/04\/rapsivaha-kuunal-viskiklaasis-lavendlivali-vohma-valgusevabrik-scaled.jpg","width":1707,"height":2560,"caption":"rapsivaha k\u00fc\u00fcnal viskiklaasis Lavendliv\u00e4li V\u00f5hma Valgusevabrik"},{"@type":"BreadcrumbList","@id":"https:\/\/www.valgusevabrik.ee\/en\/product\/vegetable-wax-candles\/vegetable-candles-glasses\/scented-rapeseed-wax-candle-lavender-170g\/#breadcrumb","itemListElement":[{"@type":"ListItem","position":1,"name":"Home","item":"https:\/\/www.valgusevabrik.ee\/en\/"},{"@type":"ListItem","position":2,"name":"E-shop","item":"https:\/\/www.valgusevabrik.ee\/en\/e-shop\/"},{"@type":"ListItem","position":3,"name":"Scented rapeseed wax candle &#8220;Lavender field&#8221;, 170g"}]},{"@type":"WebSite","@id":"https:\/\/www.valgusevabrik.ee\/#website","url":"https:\/\/www.valgusevabrik.ee\/","name":"V\u00f5hma","description":"Valguse Vabrik","publisher":{"@id":"https:\/\/www.valgusevabrik.ee\/#organization"},"potentialAction":[{"@type":"SearchAction","target":{"@type":"EntryPoint","urlTemplate":"https:\/\/www.valgusevabrik.ee\/?s={search_term_string}"},"query-input":{"@type":"PropertyValueSpecification","valueRequired":true,"valueName":"search_term_string"}}],"inLanguage":"en-US"},{"@type":"Organization","@id":"https:\/\/www.valgusevabrik.ee\/#organization","name":"V\u00f5hma","url":"https:\/\/www.valgusevabrik.ee\/","logo":{"@type":"ImageObject","inLanguage":"en-US","@id":"https:\/\/www.valgusevabrik.ee\/#\/schema\/logo\/image\/","url":"https:\/\/www.valgusevabrik.ee\/wp-content\/uploads\/2025\/09\/vohmavalgusevabrik.png","contentUrl":"https:\/\/www.valgusevabrik.ee\/wp-content\/uploads\/2025\/09\/vohmavalgusevabrik.png","width":256,"height":122,"caption":"V\u00f5hma"},"image":{"@id":"https:\/\/www.valgusevabrik.ee\/#\/schema\/logo\/image\/"},"sameAs":["https:\/\/www.facebook.com\/V\u00f5hma-Valgusevabrik-1511025752479317\/","https:\/\/www.instagram.com\/valguse_vabrik\/"]}]}},"_links":{"self":[{"href":"https:\/\/www.valgusevabrik.ee\/en\/wp-json\/wp\/v2\/product\/48130","targetHints":{"allow":["GET"]}}],"collection":[{"href":"https:\/\/www.valgusevabrik.ee\/en\/wp-json\/wp\/v2\/product"}],"about":[{"href":"https:\/\/www.valgusevabrik.ee\/en\/wp-json\/wp\/v2\/types\/product"}],"replies":[{"embeddable":true,"href":"https:\/\/www.valgusevabrik.ee\/en\/wp-json\/wp\/v2\/comments?post=48130"}],"wp:featuredmedia":[{"embeddable":true,"href":"https:\/\/www.valgusevabrik.ee\/en\/wp-json\/wp\/v2\/media\/48697"}],"wp:attachment":[{"href":"https:\/\/www.valgusevabrik.ee\/en\/wp-json\/wp\/v2\/media?parent=48130"}],"wp:term":[{"taxonomy":"product_brand","embeddable":true,"href":"https:\/\/www.valgusevabrik.ee\/en\/wp-json\/wp\/v2\/product_brand?post=48130"},{"taxonomy":"product_cat","embeddable":true,"href":"https:\/\/www.valgusevabrik.ee\/en\/wp-json\/wp\/v2\/product_cat?post=48130"},{"taxonomy":"product_tag","embeddable":true,"href":"https:\/\/www.valgusevabrik.ee\/en\/wp-json\/wp\/v2\/product_tag?post=48130"},{"taxonomy":"giftcard-category","embeddable":true,"href":"https:\/\/www.valgusevabrik.ee\/en\/wp-json\/wp\/v2\/giftcard-category?post=48130"}],"curies":[{"name":"wp","href":"https:\/\/api.w.org\/{rel}","templated":true}]}}