{"id":42456,"date":"2021-11-08T15:30:56","date_gmt":"2021-11-08T13:30:56","guid":{"rendered":"https:\/\/www.valgusevabrik.ee\/product\/uncategorized\/handpainted-candle-winter-bird\/"},"modified":"2026-03-25T10:36:17","modified_gmt":"2026-03-25T08:36:17","slug":"handpainted-candle-winter-bird","status":"publish","type":"product","link":"https:\/\/www.valgusevabrik.ee\/en\/product\/gifts\/seasons\/handpainted-candle-winter-bird\/","title":{"rendered":"Handpainted Candle Winter Bird"},"content":{"rendered":"<p><strong>Handpainted Candle Winter Bird<\/strong><\/p>\n<p>Suitable as a gift. Packed in cellophane.<\/p>\n<p><strong>Size:<\/strong> 15 x 14 x 5 cm unscented<\/p>\n<p><strong>Materials:<\/strong> high-quality refined paraffin, 100% OEKO-TEX certified cotton wick (lead-free).<\/p>\n<p>The candle is handmade, painted with special wax paints.<\/p>\n<p>When you burn a candle, the edges remain. Our recommendation is to burn candle a little and then place a tealight candle in the melted hole so that the beautiful painting lasts longer.<\/p>\n<p>Estonian handicraft<\/p>\n<p>With every purchase you support the Estonian craft tradition and local manufacturer. Thank you!\u2764\ufe0f<\/p>\n<p>&nbsp;<\/p>\n","protected":false},"excerpt":{"rendered":"<p>Oval-shaped candle with a handpainted beautiful picture of a bullfinch and white flowered poinsettia.<\/p>\n<ul>\n<li>Fast delivery within 1-3 working days to parcel machines across Estonia<\/li>\n<li>\ufe0f\ufe0fFree shipping on orders over 40\u20ac<\/li>\n<\/ul>\n","protected":false},"featured_media":36704,"comment_status":"open","ping_status":"closed","template":"","meta":{"_acf_changed":false,"inline_featured_image":false},"product_brand":[],"product_cat":[812],"product_tag":[],"giftcard-category":[],"class_list":{"0":"post-42456","1":"product","2":"type-product","3":"status-publish","4":"has-post-thumbnail","6":"product_cat-seasons","8":"first","9":"instock","10":"taxable","11":"shipping-taxable","12":"purchasable","13":"product-type-simple"},"acf":[],"yoast_head":"<!-- This site is optimized with the Yoast SEO plugin v27.3 - https:\/\/yoast.com\/product\/yoast-seo-wordpress\/ -->\n<title>Handpainted Candle Winter Bird - V\u00f5hma<\/title>\n<meta name=\"description\" content=\"Handpainted Candle Winter Bird. Oval-shaped candle with a handpainted beautiful picture of a bullfinch and white flowered poinsettia.\" \/>\n<meta name=\"robots\" content=\"index, follow, max-snippet:-1, max-image-preview:large, max-video-preview:-1\" \/>\n<link rel=\"canonical\" href=\"https:\/\/www.valgusevabrik.ee\/en\/product\/gifts\/seasons\/handpainted-candle-winter-bird\/\" \/>\n<meta property=\"og:locale\" content=\"en_US\" \/>\n<meta property=\"og:type\" content=\"article\" \/>\n<meta property=\"og:title\" content=\"Handpainted Candle Winter Bird - V\u00f5hma\" \/>\n<meta property=\"og:description\" content=\"Handpainted Candle Winter Bird. Oval-shaped candle with a handpainted beautiful picture of a bullfinch and white flowered poinsettia.\" \/>\n<meta property=\"og:url\" content=\"https:\/\/www.valgusevabrik.ee\/en\/product\/gifts\/seasons\/handpainted-candle-winter-bird\/\" \/>\n<meta property=\"og:site_name\" content=\"V\u00f5hma\" \/>\n<meta property=\"article:publisher\" content=\"https:\/\/www.facebook.com\/V%c3%b5hma-Valgusevabrik-1511025752479317\/\" \/>\n<meta property=\"article:modified_time\" content=\"2026-03-25T08:36:17+00:00\" \/>\n<meta property=\"og:image\" content=\"https:\/\/www.valgusevabrik.ee\/wp-content\/uploads\/2021\/11\/leevike-ja-parg-1-scaled.jpg\" \/>\n\t<meta property=\"og:image:width\" content=\"1707\" \/>\n\t<meta property=\"og:image:height\" content=\"2560\" \/>\n\t<meta property=\"og:image:type\" content=\"image\/jpeg\" \/>\n<meta name=\"twitter:card\" content=\"summary_large_image\" \/>\n<meta name=\"twitter:label1\" content=\"Est. reading time\" \/>\n\t<meta name=\"twitter:data1\" content=\"1 minute\" \/>\n<script type=\"application\/ld+json\" class=\"yoast-schema-graph\">{\"@context\":\"https:\\\/\\\/schema.org\",\"@graph\":[{\"@type\":\"WebPage\",\"@id\":\"https:\\\/\\\/www.valgusevabrik.ee\\\/en\\\/product\\\/gifts\\\/seasons\\\/handpainted-candle-winter-bird\\\/\",\"url\":\"https:\\\/\\\/www.valgusevabrik.ee\\\/en\\\/product\\\/gifts\\\/seasons\\\/handpainted-candle-winter-bird\\\/\",\"name\":\"Handpainted Candle Winter Bird - V\u00f5hma\",\"isPartOf\":{\"@id\":\"https:\\\/\\\/www.valgusevabrik.ee\\\/#website\"},\"primaryImageOfPage\":{\"@id\":\"https:\\\/\\\/www.valgusevabrik.ee\\\/en\\\/product\\\/gifts\\\/seasons\\\/handpainted-candle-winter-bird\\\/#primaryimage\"},\"image\":{\"@id\":\"https:\\\/\\\/www.valgusevabrik.ee\\\/en\\\/product\\\/gifts\\\/seasons\\\/handpainted-candle-winter-bird\\\/#primaryimage\"},\"thumbnailUrl\":\"https:\\\/\\\/www.valgusevabrik.ee\\\/wp-content\\\/uploads\\\/2021\\\/11\\\/leevike-ja-parg-1-scaled.jpg\",\"datePublished\":\"2021-11-08T13:30:56+00:00\",\"dateModified\":\"2026-03-25T08:36:17+00:00\",\"description\":\"Handpainted Candle Winter Bird. Oval-shaped candle with a handpainted beautiful picture of a bullfinch and white flowered poinsettia.\",\"breadcrumb\":{\"@id\":\"https:\\\/\\\/www.valgusevabrik.ee\\\/en\\\/product\\\/gifts\\\/seasons\\\/handpainted-candle-winter-bird\\\/#breadcrumb\"},\"inLanguage\":\"en-US\",\"potentialAction\":[{\"@type\":\"ReadAction\",\"target\":[\"https:\\\/\\\/www.valgusevabrik.ee\\\/en\\\/product\\\/gifts\\\/seasons\\\/handpainted-candle-winter-bird\\\/\"]}]},{\"@type\":\"ImageObject\",\"inLanguage\":\"en-US\",\"@id\":\"https:\\\/\\\/www.valgusevabrik.ee\\\/en\\\/product\\\/gifts\\\/seasons\\\/handpainted-candle-winter-bird\\\/#primaryimage\",\"url\":\"https:\\\/\\\/www.valgusevabrik.ee\\\/wp-content\\\/uploads\\\/2021\\\/11\\\/leevike-ja-parg-1-scaled.jpg\",\"contentUrl\":\"https:\\\/\\\/www.valgusevabrik.ee\\\/wp-content\\\/uploads\\\/2021\\\/11\\\/leevike-ja-parg-1-scaled.jpg\",\"width\":1707,\"height\":2560,\"caption\":\"ovaalne k\u00e4sit\u00f6\u00f6k\u00fc\u00fcnal leevike ja p\u00e4rg\"},{\"@type\":\"BreadcrumbList\",\"@id\":\"https:\\\/\\\/www.valgusevabrik.ee\\\/en\\\/product\\\/gifts\\\/seasons\\\/handpainted-candle-winter-bird\\\/#breadcrumb\",\"itemListElement\":[{\"@type\":\"ListItem\",\"position\":1,\"name\":\"Home\",\"item\":\"https:\\\/\\\/www.valgusevabrik.ee\\\/en\\\/\"},{\"@type\":\"ListItem\",\"position\":2,\"name\":\"E-shop\",\"item\":\"https:\\\/\\\/www.valgusevabrik.ee\\\/en\\\/e-shop\\\/\"},{\"@type\":\"ListItem\",\"position\":3,\"name\":\"Handpainted Candle Winter Bird\"}]},{\"@type\":\"WebSite\",\"@id\":\"https:\\\/\\\/www.valgusevabrik.ee\\\/#website\",\"url\":\"https:\\\/\\\/www.valgusevabrik.ee\\\/\",\"name\":\"V\u00f5hma\",\"description\":\"Valguse Vabrik\",\"publisher\":{\"@id\":\"https:\\\/\\\/www.valgusevabrik.ee\\\/#organization\"},\"potentialAction\":[{\"@type\":\"SearchAction\",\"target\":{\"@type\":\"EntryPoint\",\"urlTemplate\":\"https:\\\/\\\/www.valgusevabrik.ee\\\/?s={search_term_string}\"},\"query-input\":{\"@type\":\"PropertyValueSpecification\",\"valueRequired\":true,\"valueName\":\"search_term_string\"}}],\"inLanguage\":\"en-US\"},{\"@type\":\"Organization\",\"@id\":\"https:\\\/\\\/www.valgusevabrik.ee\\\/#organization\",\"name\":\"V\u00f5hma\",\"url\":\"https:\\\/\\\/www.valgusevabrik.ee\\\/\",\"logo\":{\"@type\":\"ImageObject\",\"inLanguage\":\"en-US\",\"@id\":\"https:\\\/\\\/www.valgusevabrik.ee\\\/#\\\/schema\\\/logo\\\/image\\\/\",\"url\":\"https:\\\/\\\/www.valgusevabrik.ee\\\/wp-content\\\/uploads\\\/2025\\\/09\\\/vohmavalgusevabrik.png\",\"contentUrl\":\"https:\\\/\\\/www.valgusevabrik.ee\\\/wp-content\\\/uploads\\\/2025\\\/09\\\/vohmavalgusevabrik.png\",\"width\":256,\"height\":122,\"caption\":\"V\u00f5hma\"},\"image\":{\"@id\":\"https:\\\/\\\/www.valgusevabrik.ee\\\/#\\\/schema\\\/logo\\\/image\\\/\"},\"sameAs\":[\"https:\\\/\\\/www.facebook.com\\\/V\u00f5hma-Valgusevabrik-1511025752479317\\\/\",\"https:\\\/\\\/www.instagram.com\\\/valguse_vabrik\\\/\"]}]}<\/script>\n<!-- \/ Yoast SEO plugin. -->","yoast_head_json":{"title":"Handpainted Candle Winter Bird - V\u00f5hma","description":"Handpainted Candle Winter Bird. Oval-shaped candle with a handpainted beautiful picture of a bullfinch and white flowered poinsettia.","robots":{"index":"index","follow":"follow","max-snippet":"max-snippet:-1","max-image-preview":"max-image-preview:large","max-video-preview":"max-video-preview:-1"},"canonical":"https:\/\/www.valgusevabrik.ee\/en\/product\/gifts\/seasons\/handpainted-candle-winter-bird\/","og_locale":"en_US","og_type":"article","og_title":"Handpainted Candle Winter Bird - V\u00f5hma","og_description":"Handpainted Candle Winter Bird. Oval-shaped candle with a handpainted beautiful picture of a bullfinch and white flowered poinsettia.","og_url":"https:\/\/www.valgusevabrik.ee\/en\/product\/gifts\/seasons\/handpainted-candle-winter-bird\/","og_site_name":"V\u00f5hma","article_publisher":"https:\/\/www.facebook.com\/V%c3%b5hma-Valgusevabrik-1511025752479317\/","article_modified_time":"2026-03-25T08:36:17+00:00","og_image":[{"width":1707,"height":2560,"url":"https:\/\/www.valgusevabrik.ee\/wp-content\/uploads\/2021\/11\/leevike-ja-parg-1-scaled.jpg","type":"image\/jpeg"}],"twitter_card":"summary_large_image","twitter_misc":{"Est. reading time":"1 minute"},"schema":{"@context":"https:\/\/schema.org","@graph":[{"@type":"WebPage","@id":"https:\/\/www.valgusevabrik.ee\/en\/product\/gifts\/seasons\/handpainted-candle-winter-bird\/","url":"https:\/\/www.valgusevabrik.ee\/en\/product\/gifts\/seasons\/handpainted-candle-winter-bird\/","name":"Handpainted Candle Winter Bird - V\u00f5hma","isPartOf":{"@id":"https:\/\/www.valgusevabrik.ee\/#website"},"primaryImageOfPage":{"@id":"https:\/\/www.valgusevabrik.ee\/en\/product\/gifts\/seasons\/handpainted-candle-winter-bird\/#primaryimage"},"image":{"@id":"https:\/\/www.valgusevabrik.ee\/en\/product\/gifts\/seasons\/handpainted-candle-winter-bird\/#primaryimage"},"thumbnailUrl":"https:\/\/www.valgusevabrik.ee\/wp-content\/uploads\/2021\/11\/leevike-ja-parg-1-scaled.jpg","datePublished":"2021-11-08T13:30:56+00:00","dateModified":"2026-03-25T08:36:17+00:00","description":"Handpainted Candle Winter Bird. Oval-shaped candle with a handpainted beautiful picture of a bullfinch and white flowered poinsettia.","breadcrumb":{"@id":"https:\/\/www.valgusevabrik.ee\/en\/product\/gifts\/seasons\/handpainted-candle-winter-bird\/#breadcrumb"},"inLanguage":"en-US","potentialAction":[{"@type":"ReadAction","target":["https:\/\/www.valgusevabrik.ee\/en\/product\/gifts\/seasons\/handpainted-candle-winter-bird\/"]}]},{"@type":"ImageObject","inLanguage":"en-US","@id":"https:\/\/www.valgusevabrik.ee\/en\/product\/gifts\/seasons\/handpainted-candle-winter-bird\/#primaryimage","url":"https:\/\/www.valgusevabrik.ee\/wp-content\/uploads\/2021\/11\/leevike-ja-parg-1-scaled.jpg","contentUrl":"https:\/\/www.valgusevabrik.ee\/wp-content\/uploads\/2021\/11\/leevike-ja-parg-1-scaled.jpg","width":1707,"height":2560,"caption":"ovaalne k\u00e4sit\u00f6\u00f6k\u00fc\u00fcnal leevike ja p\u00e4rg"},{"@type":"BreadcrumbList","@id":"https:\/\/www.valgusevabrik.ee\/en\/product\/gifts\/seasons\/handpainted-candle-winter-bird\/#breadcrumb","itemListElement":[{"@type":"ListItem","position":1,"name":"Home","item":"https:\/\/www.valgusevabrik.ee\/en\/"},{"@type":"ListItem","position":2,"name":"E-shop","item":"https:\/\/www.valgusevabrik.ee\/en\/e-shop\/"},{"@type":"ListItem","position":3,"name":"Handpainted Candle Winter Bird"}]},{"@type":"WebSite","@id":"https:\/\/www.valgusevabrik.ee\/#website","url":"https:\/\/www.valgusevabrik.ee\/","name":"V\u00f5hma","description":"Valguse Vabrik","publisher":{"@id":"https:\/\/www.valgusevabrik.ee\/#organization"},"potentialAction":[{"@type":"SearchAction","target":{"@type":"EntryPoint","urlTemplate":"https:\/\/www.valgusevabrik.ee\/?s={search_term_string}"},"query-input":{"@type":"PropertyValueSpecification","valueRequired":true,"valueName":"search_term_string"}}],"inLanguage":"en-US"},{"@type":"Organization","@id":"https:\/\/www.valgusevabrik.ee\/#organization","name":"V\u00f5hma","url":"https:\/\/www.valgusevabrik.ee\/","logo":{"@type":"ImageObject","inLanguage":"en-US","@id":"https:\/\/www.valgusevabrik.ee\/#\/schema\/logo\/image\/","url":"https:\/\/www.valgusevabrik.ee\/wp-content\/uploads\/2025\/09\/vohmavalgusevabrik.png","contentUrl":"https:\/\/www.valgusevabrik.ee\/wp-content\/uploads\/2025\/09\/vohmavalgusevabrik.png","width":256,"height":122,"caption":"V\u00f5hma"},"image":{"@id":"https:\/\/www.valgusevabrik.ee\/#\/schema\/logo\/image\/"},"sameAs":["https:\/\/www.facebook.com\/V\u00f5hma-Valgusevabrik-1511025752479317\/","https:\/\/www.instagram.com\/valguse_vabrik\/"]}]}},"_links":{"self":[{"href":"https:\/\/www.valgusevabrik.ee\/en\/wp-json\/wp\/v2\/product\/42456","targetHints":{"allow":["GET"]}}],"collection":[{"href":"https:\/\/www.valgusevabrik.ee\/en\/wp-json\/wp\/v2\/product"}],"about":[{"href":"https:\/\/www.valgusevabrik.ee\/en\/wp-json\/wp\/v2\/types\/product"}],"replies":[{"embeddable":true,"href":"https:\/\/www.valgusevabrik.ee\/en\/wp-json\/wp\/v2\/comments?post=42456"}],"wp:featuredmedia":[{"embeddable":true,"href":"https:\/\/www.valgusevabrik.ee\/en\/wp-json\/wp\/v2\/media\/36704"}],"wp:attachment":[{"href":"https:\/\/www.valgusevabrik.ee\/en\/wp-json\/wp\/v2\/media?parent=42456"}],"wp:term":[{"taxonomy":"product_brand","embeddable":true,"href":"https:\/\/www.valgusevabrik.ee\/en\/wp-json\/wp\/v2\/product_brand?post=42456"},{"taxonomy":"product_cat","embeddable":true,"href":"https:\/\/www.valgusevabrik.ee\/en\/wp-json\/wp\/v2\/product_cat?post=42456"},{"taxonomy":"product_tag","embeddable":true,"href":"https:\/\/www.valgusevabrik.ee\/en\/wp-json\/wp\/v2\/product_tag?post=42456"},{"taxonomy":"giftcard-category","embeddable":true,"href":"https:\/\/www.valgusevabrik.ee\/en\/wp-json\/wp\/v2\/giftcard-category?post=42456"}],"curies":[{"name":"wp","href":"https:\/\/api.w.org\/{rel}","templated":true}]}}