{"id":39736,"date":"2019-04-11T15:21:06","date_gmt":"2019-04-11T12:21:06","guid":{"rendered":"https:\/\/www.valgusevabrik.ee\/toode\/owl-with-mosquito-repellent-tealights\/"},"modified":"2025-06-30T10:31:51","modified_gmt":"2025-06-30T07:31:51","slug":"owl-with-mosquito-repellent-tealights","status":"publish","type":"product","link":"https:\/\/www.valgusevabrik.ee\/en\/product\/gifts\/owl-with-mosquito-repellent-tealights\/","title":{"rendered":"Owl with mosquito repellent tealights"},"content":{"rendered":"<p><strong>Owl with mosquito repellent tealights<\/strong><\/p>\n<p>The mosquito repellent tealight burns beautifully and safely inside ceramic Owl candle holder, creating an unpleasant citronella odor on the mosquitoes. From the holes, the aroma spreads all over the area, scaring away the mosquitoes.<\/p>\n<p>The owl is made of fireproof ceramics. Please do not leave the tealight lit unattended.<\/p>\n<p>The set includes owl + 10 mosquito repellent tealights<\/p>\n<p>size about 15 x 15cm, chain length up to 90cm<\/p>\n<p>Estonian handicraft<\/p>\n","protected":false},"excerpt":{"rendered":"<p>Owl with mosquito repellent tealights The mosquito repellent tealight burns beautifully and safely inside ceramic Owl candle holder, creating an unpleasant citronella odor on the mosquitoes. From the holes, the aroma spreads all over the area, scaring away the mosquitoes. The owl is made of fireproof ceramics. Please do not leave the tealight lit unattended&#8230;.<\/p>\n","protected":false},"featured_media":48889,"comment_status":"open","ping_status":"closed","template":"","meta":{"_acf_changed":false,"inline_featured_image":false},"product_brand":[],"product_cat":[59,983],"product_tag":[],"giftcard-category":[],"class_list":{"0":"post-39736","1":"product","2":"type-product","3":"status-publish","4":"has-post-thumbnail","6":"product_cat-gifts","7":"product_cat-candle-holders-and-accessories","9":"first","10":"instock","11":"taxable","12":"shipping-taxable","13":"purchasable","14":"product-type-variable"},"acf":[],"yoast_head":"<!-- This site is optimized with the Yoast SEO plugin v27.5 - https:\/\/yoast.com\/product\/yoast-seo-wordpress\/ -->\n<title>Owl with mosquito repellent tealights - V\u00f5hma<\/title>\n<meta name=\"description\" content=\"Owl with mosquito repellent tealights The set includes owl + 10 mosquito repellent tealights 15 x 15cm, chain length 90cm Estonian handicraft\" \/>\n<meta name=\"robots\" content=\"index, follow, max-snippet:-1, max-image-preview:large, max-video-preview:-1\" \/>\n<link rel=\"canonical\" href=\"https:\/\/www.valgusevabrik.ee\/en\/candle-holders-and-accessories\/owl-with-mosquito-repellent-tealights\/\" \/>\n<meta property=\"og:locale\" content=\"en_US\" \/>\n<meta property=\"og:type\" content=\"article\" \/>\n<meta property=\"og:title\" content=\"Owl with mosquito repellent tealights - V\u00f5hma\" \/>\n<meta property=\"og:description\" content=\"Owl with mosquito repellent tealights The set includes owl + 10 mosquito repellent tealights 15 x 15cm, chain length 90cm Estonian handicraft\" \/>\n<meta property=\"og:url\" content=\"https:\/\/www.valgusevabrik.ee\/en\/candle-holders-and-accessories\/owl-with-mosquito-repellent-tealights\/\" \/>\n<meta property=\"og:site_name\" content=\"V\u00f5hma\" \/>\n<meta property=\"article:publisher\" content=\"https:\/\/www.facebook.com\/V%c3%b5hma-Valgusevabrik-1511025752479317\/\" \/>\n<meta property=\"article:modified_time\" content=\"2025-06-30T07:31:51+00:00\" \/>\n<meta property=\"og:image\" content=\"https:\/\/www.valgusevabrik.ee\/wp-content\/uploads\/2019\/04\/facebook-post-940x788-px-2023-04-14t135734-760.jpeg\" \/>\n\t<meta property=\"og:image:width\" content=\"940\" \/>\n\t<meta property=\"og:image:height\" content=\"788\" \/>\n\t<meta property=\"og:image:type\" content=\"image\/jpeg\" \/>\n<meta name=\"twitter:card\" content=\"summary_large_image\" \/>\n<meta name=\"twitter:label1\" content=\"Est. reading time\" \/>\n\t<meta name=\"twitter:data1\" content=\"1 minute\" \/>\n<script type=\"application\/ld+json\" class=\"yoast-schema-graph\">{\"@context\":\"https:\\\/\\\/schema.org\",\"@graph\":[{\"@type\":\"WebPage\",\"@id\":\"https:\\\/\\\/www.valgusevabrik.ee\\\/en\\\/candle-holders-and-accessories\\\/owl-with-mosquito-repellent-tealights\\\/\",\"url\":\"https:\\\/\\\/www.valgusevabrik.ee\\\/en\\\/candle-holders-and-accessories\\\/owl-with-mosquito-repellent-tealights\\\/\",\"name\":\"Owl with mosquito repellent tealights - V\u00f5hma\",\"isPartOf\":{\"@id\":\"https:\\\/\\\/www.valgusevabrik.ee\\\/#website\"},\"primaryImageOfPage\":{\"@id\":\"https:\\\/\\\/www.valgusevabrik.ee\\\/en\\\/candle-holders-and-accessories\\\/owl-with-mosquito-repellent-tealights\\\/#primaryimage\"},\"image\":{\"@id\":\"https:\\\/\\\/www.valgusevabrik.ee\\\/en\\\/candle-holders-and-accessories\\\/owl-with-mosquito-repellent-tealights\\\/#primaryimage\"},\"thumbnailUrl\":\"https:\\\/\\\/www.valgusevabrik.ee\\\/wp-content\\\/uploads\\\/2019\\\/04\\\/facebook-post-940x788-px-2023-04-14t135734-760.jpeg\",\"datePublished\":\"2019-04-11T12:21:06+00:00\",\"dateModified\":\"2025-06-30T07:31:51+00:00\",\"description\":\"Owl with mosquito repellent tealights The set includes owl + 10 mosquito repellent tealights 15 x 15cm, chain length 90cm Estonian handicraft\",\"breadcrumb\":{\"@id\":\"https:\\\/\\\/www.valgusevabrik.ee\\\/en\\\/candle-holders-and-accessories\\\/owl-with-mosquito-repellent-tealights\\\/#breadcrumb\"},\"inLanguage\":\"en-US\",\"potentialAction\":[{\"@type\":\"ReadAction\",\"target\":[\"https:\\\/\\\/www.valgusevabrik.ee\\\/en\\\/candle-holders-and-accessories\\\/owl-with-mosquito-repellent-tealights\\\/\"]}]},{\"@type\":\"ImageObject\",\"inLanguage\":\"en-US\",\"@id\":\"https:\\\/\\\/www.valgusevabrik.ee\\\/en\\\/candle-holders-and-accessories\\\/owl-with-mosquito-repellent-tealights\\\/#primaryimage\",\"url\":\"https:\\\/\\\/www.valgusevabrik.ee\\\/wp-content\\\/uploads\\\/2019\\\/04\\\/facebook-post-940x788-px-2023-04-14t135734-760.jpeg\",\"contentUrl\":\"https:\\\/\\\/www.valgusevabrik.ee\\\/wp-content\\\/uploads\\\/2019\\\/04\\\/facebook-post-940x788-px-2023-04-14t135734-760.jpeg\",\"width\":940,\"height\":788,\"caption\":\"Keraamiline\u00a0\u00f6\u00f6kull +s\u00e4\u00e4set\u00f5rje teek\u00fc\u00fcnlad 10tk\"},{\"@type\":\"BreadcrumbList\",\"@id\":\"https:\\\/\\\/www.valgusevabrik.ee\\\/en\\\/candle-holders-and-accessories\\\/owl-with-mosquito-repellent-tealights\\\/#breadcrumb\",\"itemListElement\":[{\"@type\":\"ListItem\",\"position\":1,\"name\":\"Home\",\"item\":\"https:\\\/\\\/www.valgusevabrik.ee\\\/en\\\/\"},{\"@type\":\"ListItem\",\"position\":2,\"name\":\"E-shop\",\"item\":\"https:\\\/\\\/www.valgusevabrik.ee\\\/en\\\/e-shop\\\/\"},{\"@type\":\"ListItem\",\"position\":3,\"name\":\"Owl with mosquito repellent tealights\"}]},{\"@type\":\"WebSite\",\"@id\":\"https:\\\/\\\/www.valgusevabrik.ee\\\/#website\",\"url\":\"https:\\\/\\\/www.valgusevabrik.ee\\\/\",\"name\":\"V\u00f5hma\",\"description\":\"Valguse Vabrik\",\"publisher\":{\"@id\":\"https:\\\/\\\/www.valgusevabrik.ee\\\/#organization\"},\"potentialAction\":[{\"@type\":\"SearchAction\",\"target\":{\"@type\":\"EntryPoint\",\"urlTemplate\":\"https:\\\/\\\/www.valgusevabrik.ee\\\/?s={search_term_string}\"},\"query-input\":{\"@type\":\"PropertyValueSpecification\",\"valueRequired\":true,\"valueName\":\"search_term_string\"}}],\"inLanguage\":\"en-US\"},{\"@type\":\"Organization\",\"@id\":\"https:\\\/\\\/www.valgusevabrik.ee\\\/#organization\",\"name\":\"V\u00f5hma\",\"url\":\"https:\\\/\\\/www.valgusevabrik.ee\\\/\",\"logo\":{\"@type\":\"ImageObject\",\"inLanguage\":\"en-US\",\"@id\":\"https:\\\/\\\/www.valgusevabrik.ee\\\/#\\\/schema\\\/logo\\\/image\\\/\",\"url\":\"https:\\\/\\\/www.valgusevabrik.ee\\\/wp-content\\\/uploads\\\/2025\\\/09\\\/vohmavalgusevabrik.png\",\"contentUrl\":\"https:\\\/\\\/www.valgusevabrik.ee\\\/wp-content\\\/uploads\\\/2025\\\/09\\\/vohmavalgusevabrik.png\",\"width\":256,\"height\":122,\"caption\":\"V\u00f5hma\"},\"image\":{\"@id\":\"https:\\\/\\\/www.valgusevabrik.ee\\\/#\\\/schema\\\/logo\\\/image\\\/\"},\"sameAs\":[\"https:\\\/\\\/www.facebook.com\\\/V\u00f5hma-Valgusevabrik-1511025752479317\\\/\",\"https:\\\/\\\/www.instagram.com\\\/valguse_vabrik\\\/\"]}]}<\/script>\n<!-- \/ Yoast SEO plugin. -->","yoast_head_json":{"title":"Owl with mosquito repellent tealights - V\u00f5hma","description":"Owl with mosquito repellent tealights The set includes owl + 10 mosquito repellent tealights 15 x 15cm, chain length 90cm Estonian handicraft","robots":{"index":"index","follow":"follow","max-snippet":"max-snippet:-1","max-image-preview":"max-image-preview:large","max-video-preview":"max-video-preview:-1"},"canonical":"https:\/\/www.valgusevabrik.ee\/en\/candle-holders-and-accessories\/owl-with-mosquito-repellent-tealights\/","og_locale":"en_US","og_type":"article","og_title":"Owl with mosquito repellent tealights - V\u00f5hma","og_description":"Owl with mosquito repellent tealights The set includes owl + 10 mosquito repellent tealights 15 x 15cm, chain length 90cm Estonian handicraft","og_url":"https:\/\/www.valgusevabrik.ee\/en\/candle-holders-and-accessories\/owl-with-mosquito-repellent-tealights\/","og_site_name":"V\u00f5hma","article_publisher":"https:\/\/www.facebook.com\/V%c3%b5hma-Valgusevabrik-1511025752479317\/","article_modified_time":"2025-06-30T07:31:51+00:00","og_image":[{"width":940,"height":788,"url":"https:\/\/www.valgusevabrik.ee\/wp-content\/uploads\/2019\/04\/facebook-post-940x788-px-2023-04-14t135734-760.jpeg","type":"image\/jpeg"}],"twitter_card":"summary_large_image","twitter_misc":{"Est. reading time":"1 minute"},"schema":{"@context":"https:\/\/schema.org","@graph":[{"@type":"WebPage","@id":"https:\/\/www.valgusevabrik.ee\/en\/candle-holders-and-accessories\/owl-with-mosquito-repellent-tealights\/","url":"https:\/\/www.valgusevabrik.ee\/en\/candle-holders-and-accessories\/owl-with-mosquito-repellent-tealights\/","name":"Owl with mosquito repellent tealights - V\u00f5hma","isPartOf":{"@id":"https:\/\/www.valgusevabrik.ee\/#website"},"primaryImageOfPage":{"@id":"https:\/\/www.valgusevabrik.ee\/en\/candle-holders-and-accessories\/owl-with-mosquito-repellent-tealights\/#primaryimage"},"image":{"@id":"https:\/\/www.valgusevabrik.ee\/en\/candle-holders-and-accessories\/owl-with-mosquito-repellent-tealights\/#primaryimage"},"thumbnailUrl":"https:\/\/www.valgusevabrik.ee\/wp-content\/uploads\/2019\/04\/facebook-post-940x788-px-2023-04-14t135734-760.jpeg","datePublished":"2019-04-11T12:21:06+00:00","dateModified":"2025-06-30T07:31:51+00:00","description":"Owl with mosquito repellent tealights The set includes owl + 10 mosquito repellent tealights 15 x 15cm, chain length 90cm Estonian handicraft","breadcrumb":{"@id":"https:\/\/www.valgusevabrik.ee\/en\/candle-holders-and-accessories\/owl-with-mosquito-repellent-tealights\/#breadcrumb"},"inLanguage":"en-US","potentialAction":[{"@type":"ReadAction","target":["https:\/\/www.valgusevabrik.ee\/en\/candle-holders-and-accessories\/owl-with-mosquito-repellent-tealights\/"]}]},{"@type":"ImageObject","inLanguage":"en-US","@id":"https:\/\/www.valgusevabrik.ee\/en\/candle-holders-and-accessories\/owl-with-mosquito-repellent-tealights\/#primaryimage","url":"https:\/\/www.valgusevabrik.ee\/wp-content\/uploads\/2019\/04\/facebook-post-940x788-px-2023-04-14t135734-760.jpeg","contentUrl":"https:\/\/www.valgusevabrik.ee\/wp-content\/uploads\/2019\/04\/facebook-post-940x788-px-2023-04-14t135734-760.jpeg","width":940,"height":788,"caption":"Keraamiline\u00a0\u00f6\u00f6kull +s\u00e4\u00e4set\u00f5rje teek\u00fc\u00fcnlad 10tk"},{"@type":"BreadcrumbList","@id":"https:\/\/www.valgusevabrik.ee\/en\/candle-holders-and-accessories\/owl-with-mosquito-repellent-tealights\/#breadcrumb","itemListElement":[{"@type":"ListItem","position":1,"name":"Home","item":"https:\/\/www.valgusevabrik.ee\/en\/"},{"@type":"ListItem","position":2,"name":"E-shop","item":"https:\/\/www.valgusevabrik.ee\/en\/e-shop\/"},{"@type":"ListItem","position":3,"name":"Owl with mosquito repellent tealights"}]},{"@type":"WebSite","@id":"https:\/\/www.valgusevabrik.ee\/#website","url":"https:\/\/www.valgusevabrik.ee\/","name":"V\u00f5hma","description":"Valguse Vabrik","publisher":{"@id":"https:\/\/www.valgusevabrik.ee\/#organization"},"potentialAction":[{"@type":"SearchAction","target":{"@type":"EntryPoint","urlTemplate":"https:\/\/www.valgusevabrik.ee\/?s={search_term_string}"},"query-input":{"@type":"PropertyValueSpecification","valueRequired":true,"valueName":"search_term_string"}}],"inLanguage":"en-US"},{"@type":"Organization","@id":"https:\/\/www.valgusevabrik.ee\/#organization","name":"V\u00f5hma","url":"https:\/\/www.valgusevabrik.ee\/","logo":{"@type":"ImageObject","inLanguage":"en-US","@id":"https:\/\/www.valgusevabrik.ee\/#\/schema\/logo\/image\/","url":"https:\/\/www.valgusevabrik.ee\/wp-content\/uploads\/2025\/09\/vohmavalgusevabrik.png","contentUrl":"https:\/\/www.valgusevabrik.ee\/wp-content\/uploads\/2025\/09\/vohmavalgusevabrik.png","width":256,"height":122,"caption":"V\u00f5hma"},"image":{"@id":"https:\/\/www.valgusevabrik.ee\/#\/schema\/logo\/image\/"},"sameAs":["https:\/\/www.facebook.com\/V\u00f5hma-Valgusevabrik-1511025752479317\/","https:\/\/www.instagram.com\/valguse_vabrik\/"]}]}},"_links":{"self":[{"href":"https:\/\/www.valgusevabrik.ee\/en\/wp-json\/wp\/v2\/product\/39736","targetHints":{"allow":["GET"]}}],"collection":[{"href":"https:\/\/www.valgusevabrik.ee\/en\/wp-json\/wp\/v2\/product"}],"about":[{"href":"https:\/\/www.valgusevabrik.ee\/en\/wp-json\/wp\/v2\/types\/product"}],"replies":[{"embeddable":true,"href":"https:\/\/www.valgusevabrik.ee\/en\/wp-json\/wp\/v2\/comments?post=39736"}],"wp:featuredmedia":[{"embeddable":true,"href":"https:\/\/www.valgusevabrik.ee\/en\/wp-json\/wp\/v2\/media\/48889"}],"wp:attachment":[{"href":"https:\/\/www.valgusevabrik.ee\/en\/wp-json\/wp\/v2\/media?parent=39736"}],"wp:term":[{"taxonomy":"product_brand","embeddable":true,"href":"https:\/\/www.valgusevabrik.ee\/en\/wp-json\/wp\/v2\/product_brand?post=39736"},{"taxonomy":"product_cat","embeddable":true,"href":"https:\/\/www.valgusevabrik.ee\/en\/wp-json\/wp\/v2\/product_cat?post=39736"},{"taxonomy":"product_tag","embeddable":true,"href":"https:\/\/www.valgusevabrik.ee\/en\/wp-json\/wp\/v2\/product_tag?post=39736"},{"taxonomy":"giftcard-category","embeddable":true,"href":"https:\/\/www.valgusevabrik.ee\/en\/wp-json\/wp\/v2\/giftcard-category?post=39736"}],"curies":[{"name":"wp","href":"https:\/\/api.w.org\/{rel}","templated":true}]}}