{"id":39702,"date":"2020-03-10T06:46:26","date_gmt":"2020-03-10T04:46:26","guid":{"rendered":"https:\/\/www.valgusevabrik.ee\/toode\/astological-candle\/"},"modified":"2026-04-02T13:39:03","modified_gmt":"2026-04-02T10:39:03","slug":"astological-candle","status":"publish","type":"product","link":"https:\/\/www.valgusevabrik.ee\/en\/product\/gifts\/birthday-candles\/astological-candle\/","title":{"rendered":"Astological Candle"},"content":{"rendered":"<p><strong>Astological Candle<\/strong><\/p>\n<p><strong>Size:<\/strong> 5.5 x 7.5 cm, burning time 23 hours, unscented<\/p>\n<p><strong>Materials:<\/strong>\u00a0high-quality refined paraffin, 100% OEKO-TEX certified cotton wick (lead-free).<\/p>\n<p>We have used special foil print, which melts evenly when burning the candle.<\/p>\n<p>Estonian handicraft<\/p>\n<p>With every purchase you support the Estonian craft tradition and local manufacturer. Thank you!\u2764\ufe0f<\/p>\n","protected":false},"excerpt":{"rendered":"<p>Handmade candle with your astrological symbol.<\/p>\n<ul>\n<li><span class=\"jCAhz ChMk0b\"><span class=\"ryNqvb\">Order fulfillment time up to 7 days.<\/span><\/span><\/li>\n<li><span class=\"jCAhz ChMk0b\"><span class=\"ryNqvb\">If you want to receive it faster, contact us.<\/span><\/span><\/li>\n<li>For purchases from 40\u20ac, shipping to a parcel terminal within Estonia is FREE<\/li>\n<\/ul>\n","protected":false},"featured_media":58057,"comment_status":"open","ping_status":"closed","template":"","meta":{"_acf_changed":false,"inline_featured_image":false},"product_brand":[],"product_cat":[219],"product_tag":[],"giftcard-category":[],"class_list":{"0":"post-39702","1":"product","2":"type-product","3":"status-publish","4":"has-post-thumbnail","6":"product_cat-birthday-candles","8":"first","9":"instock","10":"taxable","11":"shipping-taxable","12":"purchasable","13":"product-type-variable"},"acf":[],"yoast_head":"<!-- This site is optimized with the Yoast SEO plugin v27.5 - https:\/\/yoast.com\/product\/yoast-seo-wordpress\/ -->\n<title>Astological Candle - V\u00f5hma<\/title>\n<meta name=\"description\" content=\"Astological candle Handmade candle with your astrological sign. Size 5.5 x 7.5 cm, burning time 23 hours, unscented Esonian handicraft\" \/>\n<meta name=\"robots\" content=\"index, follow, max-snippet:-1, max-image-preview:large, max-video-preview:-1\" \/>\n<link rel=\"canonical\" href=\"https:\/\/www.valgusevabrik.ee\/en\/product\/gifts\/birthday-candles\/astological-candle\/\" \/>\n<meta property=\"og:locale\" content=\"en_US\" \/>\n<meta property=\"og:type\" content=\"article\" \/>\n<meta property=\"og:title\" content=\"Astological Candle - V\u00f5hma\" \/>\n<meta property=\"og:description\" content=\"Astological candle Handmade candle with your astrological sign. Size 5.5 x 7.5 cm, burning time 23 hours, unscented Esonian handicraft\" \/>\n<meta property=\"og:url\" content=\"https:\/\/www.valgusevabrik.ee\/en\/product\/gifts\/birthday-candles\/astological-candle\/\" \/>\n<meta property=\"og:site_name\" content=\"V\u00f5hma\" \/>\n<meta property=\"article:publisher\" content=\"https:\/\/www.facebook.com\/V%c3%b5hma-Valgusevabrik-1511025752479317\/\" \/>\n<meta property=\"article:modified_time\" content=\"2026-04-02T10:39:03+00:00\" \/>\n<meta property=\"og:image\" content=\"https:\/\/www.valgusevabrik.ee\/wp-content\/uploads\/2020\/03\/tahtkuju-kuunnal-vohma-valgusevabrik.jpeg\" \/>\n\t<meta property=\"og:image:width\" content=\"1080\" \/>\n\t<meta property=\"og:image:height\" content=\"1920\" \/>\n\t<meta property=\"og:image:type\" content=\"image\/jpeg\" \/>\n<meta name=\"twitter:card\" content=\"summary_large_image\" \/>\n<meta name=\"twitter:label1\" content=\"Est. reading time\" \/>\n\t<meta name=\"twitter:data1\" content=\"1 minute\" \/>\n<script type=\"application\/ld+json\" class=\"yoast-schema-graph\">{\"@context\":\"https:\\\/\\\/schema.org\",\"@graph\":[{\"@type\":\"WebPage\",\"@id\":\"https:\\\/\\\/www.valgusevabrik.ee\\\/en\\\/product\\\/gifts\\\/birthday-candles\\\/astological-candle\\\/\",\"url\":\"https:\\\/\\\/www.valgusevabrik.ee\\\/en\\\/product\\\/gifts\\\/birthday-candles\\\/astological-candle\\\/\",\"name\":\"Astological Candle - V\u00f5hma\",\"isPartOf\":{\"@id\":\"https:\\\/\\\/www.valgusevabrik.ee\\\/#website\"},\"primaryImageOfPage\":{\"@id\":\"https:\\\/\\\/www.valgusevabrik.ee\\\/en\\\/product\\\/gifts\\\/birthday-candles\\\/astological-candle\\\/#primaryimage\"},\"image\":{\"@id\":\"https:\\\/\\\/www.valgusevabrik.ee\\\/en\\\/product\\\/gifts\\\/birthday-candles\\\/astological-candle\\\/#primaryimage\"},\"thumbnailUrl\":\"https:\\\/\\\/www.valgusevabrik.ee\\\/wp-content\\\/uploads\\\/2020\\\/03\\\/tahtkuju-kuunnal-vohma-valgusevabrik.jpeg\",\"datePublished\":\"2020-03-10T04:46:26+00:00\",\"dateModified\":\"2026-04-02T10:39:03+00:00\",\"description\":\"Astological candle Handmade candle with your astrological sign. Size 5.5 x 7.5 cm, burning time 23 hours, unscented Esonian handicraft\",\"breadcrumb\":{\"@id\":\"https:\\\/\\\/www.valgusevabrik.ee\\\/en\\\/product\\\/gifts\\\/birthday-candles\\\/astological-candle\\\/#breadcrumb\"},\"inLanguage\":\"en-US\",\"potentialAction\":[{\"@type\":\"ReadAction\",\"target\":[\"https:\\\/\\\/www.valgusevabrik.ee\\\/en\\\/product\\\/gifts\\\/birthday-candles\\\/astological-candle\\\/\"]}]},{\"@type\":\"ImageObject\",\"inLanguage\":\"en-US\",\"@id\":\"https:\\\/\\\/www.valgusevabrik.ee\\\/en\\\/product\\\/gifts\\\/birthday-candles\\\/astological-candle\\\/#primaryimage\",\"url\":\"https:\\\/\\\/www.valgusevabrik.ee\\\/wp-content\\\/uploads\\\/2020\\\/03\\\/tahtkuju-kuunnal-vohma-valgusevabrik.jpeg\",\"contentUrl\":\"https:\\\/\\\/www.valgusevabrik.ee\\\/wp-content\\\/uploads\\\/2020\\\/03\\\/tahtkuju-kuunnal-vohma-valgusevabrik.jpeg\",\"width\":1080,\"height\":1920,\"caption\":\"t\u00e4htkuju k\u00fc\u00fcnnal v\u00f5hma valgusevabrik\"},{\"@type\":\"BreadcrumbList\",\"@id\":\"https:\\\/\\\/www.valgusevabrik.ee\\\/en\\\/product\\\/gifts\\\/birthday-candles\\\/astological-candle\\\/#breadcrumb\",\"itemListElement\":[{\"@type\":\"ListItem\",\"position\":1,\"name\":\"Home\",\"item\":\"https:\\\/\\\/www.valgusevabrik.ee\\\/en\\\/\"},{\"@type\":\"ListItem\",\"position\":2,\"name\":\"E-shop\",\"item\":\"https:\\\/\\\/www.valgusevabrik.ee\\\/en\\\/e-shop\\\/\"},{\"@type\":\"ListItem\",\"position\":3,\"name\":\"Astological Candle\"}]},{\"@type\":\"WebSite\",\"@id\":\"https:\\\/\\\/www.valgusevabrik.ee\\\/#website\",\"url\":\"https:\\\/\\\/www.valgusevabrik.ee\\\/\",\"name\":\"V\u00f5hma\",\"description\":\"Valguse Vabrik\",\"publisher\":{\"@id\":\"https:\\\/\\\/www.valgusevabrik.ee\\\/#organization\"},\"potentialAction\":[{\"@type\":\"SearchAction\",\"target\":{\"@type\":\"EntryPoint\",\"urlTemplate\":\"https:\\\/\\\/www.valgusevabrik.ee\\\/?s={search_term_string}\"},\"query-input\":{\"@type\":\"PropertyValueSpecification\",\"valueRequired\":true,\"valueName\":\"search_term_string\"}}],\"inLanguage\":\"en-US\"},{\"@type\":\"Organization\",\"@id\":\"https:\\\/\\\/www.valgusevabrik.ee\\\/#organization\",\"name\":\"V\u00f5hma\",\"url\":\"https:\\\/\\\/www.valgusevabrik.ee\\\/\",\"logo\":{\"@type\":\"ImageObject\",\"inLanguage\":\"en-US\",\"@id\":\"https:\\\/\\\/www.valgusevabrik.ee\\\/#\\\/schema\\\/logo\\\/image\\\/\",\"url\":\"https:\\\/\\\/www.valgusevabrik.ee\\\/wp-content\\\/uploads\\\/2025\\\/09\\\/vohmavalgusevabrik.png\",\"contentUrl\":\"https:\\\/\\\/www.valgusevabrik.ee\\\/wp-content\\\/uploads\\\/2025\\\/09\\\/vohmavalgusevabrik.png\",\"width\":256,\"height\":122,\"caption\":\"V\u00f5hma\"},\"image\":{\"@id\":\"https:\\\/\\\/www.valgusevabrik.ee\\\/#\\\/schema\\\/logo\\\/image\\\/\"},\"sameAs\":[\"https:\\\/\\\/www.facebook.com\\\/V\u00f5hma-Valgusevabrik-1511025752479317\\\/\",\"https:\\\/\\\/www.instagram.com\\\/valguse_vabrik\\\/\"]}]}<\/script>\n<!-- \/ Yoast SEO plugin. -->","yoast_head_json":{"title":"Astological Candle - V\u00f5hma","description":"Astological candle Handmade candle with your astrological sign. Size 5.5 x 7.5 cm, burning time 23 hours, unscented Esonian handicraft","robots":{"index":"index","follow":"follow","max-snippet":"max-snippet:-1","max-image-preview":"max-image-preview:large","max-video-preview":"max-video-preview:-1"},"canonical":"https:\/\/www.valgusevabrik.ee\/en\/product\/gifts\/birthday-candles\/astological-candle\/","og_locale":"en_US","og_type":"article","og_title":"Astological Candle - V\u00f5hma","og_description":"Astological candle Handmade candle with your astrological sign. Size 5.5 x 7.5 cm, burning time 23 hours, unscented Esonian handicraft","og_url":"https:\/\/www.valgusevabrik.ee\/en\/product\/gifts\/birthday-candles\/astological-candle\/","og_site_name":"V\u00f5hma","article_publisher":"https:\/\/www.facebook.com\/V%c3%b5hma-Valgusevabrik-1511025752479317\/","article_modified_time":"2026-04-02T10:39:03+00:00","og_image":[{"width":1080,"height":1920,"url":"https:\/\/www.valgusevabrik.ee\/wp-content\/uploads\/2020\/03\/tahtkuju-kuunnal-vohma-valgusevabrik.jpeg","type":"image\/jpeg"}],"twitter_card":"summary_large_image","twitter_misc":{"Est. reading time":"1 minute"},"schema":{"@context":"https:\/\/schema.org","@graph":[{"@type":"WebPage","@id":"https:\/\/www.valgusevabrik.ee\/en\/product\/gifts\/birthday-candles\/astological-candle\/","url":"https:\/\/www.valgusevabrik.ee\/en\/product\/gifts\/birthday-candles\/astological-candle\/","name":"Astological Candle - V\u00f5hma","isPartOf":{"@id":"https:\/\/www.valgusevabrik.ee\/#website"},"primaryImageOfPage":{"@id":"https:\/\/www.valgusevabrik.ee\/en\/product\/gifts\/birthday-candles\/astological-candle\/#primaryimage"},"image":{"@id":"https:\/\/www.valgusevabrik.ee\/en\/product\/gifts\/birthday-candles\/astological-candle\/#primaryimage"},"thumbnailUrl":"https:\/\/www.valgusevabrik.ee\/wp-content\/uploads\/2020\/03\/tahtkuju-kuunnal-vohma-valgusevabrik.jpeg","datePublished":"2020-03-10T04:46:26+00:00","dateModified":"2026-04-02T10:39:03+00:00","description":"Astological candle Handmade candle with your astrological sign. Size 5.5 x 7.5 cm, burning time 23 hours, unscented Esonian handicraft","breadcrumb":{"@id":"https:\/\/www.valgusevabrik.ee\/en\/product\/gifts\/birthday-candles\/astological-candle\/#breadcrumb"},"inLanguage":"en-US","potentialAction":[{"@type":"ReadAction","target":["https:\/\/www.valgusevabrik.ee\/en\/product\/gifts\/birthday-candles\/astological-candle\/"]}]},{"@type":"ImageObject","inLanguage":"en-US","@id":"https:\/\/www.valgusevabrik.ee\/en\/product\/gifts\/birthday-candles\/astological-candle\/#primaryimage","url":"https:\/\/www.valgusevabrik.ee\/wp-content\/uploads\/2020\/03\/tahtkuju-kuunnal-vohma-valgusevabrik.jpeg","contentUrl":"https:\/\/www.valgusevabrik.ee\/wp-content\/uploads\/2020\/03\/tahtkuju-kuunnal-vohma-valgusevabrik.jpeg","width":1080,"height":1920,"caption":"t\u00e4htkuju k\u00fc\u00fcnnal v\u00f5hma valgusevabrik"},{"@type":"BreadcrumbList","@id":"https:\/\/www.valgusevabrik.ee\/en\/product\/gifts\/birthday-candles\/astological-candle\/#breadcrumb","itemListElement":[{"@type":"ListItem","position":1,"name":"Home","item":"https:\/\/www.valgusevabrik.ee\/en\/"},{"@type":"ListItem","position":2,"name":"E-shop","item":"https:\/\/www.valgusevabrik.ee\/en\/e-shop\/"},{"@type":"ListItem","position":3,"name":"Astological Candle"}]},{"@type":"WebSite","@id":"https:\/\/www.valgusevabrik.ee\/#website","url":"https:\/\/www.valgusevabrik.ee\/","name":"V\u00f5hma","description":"Valguse Vabrik","publisher":{"@id":"https:\/\/www.valgusevabrik.ee\/#organization"},"potentialAction":[{"@type":"SearchAction","target":{"@type":"EntryPoint","urlTemplate":"https:\/\/www.valgusevabrik.ee\/?s={search_term_string}"},"query-input":{"@type":"PropertyValueSpecification","valueRequired":true,"valueName":"search_term_string"}}],"inLanguage":"en-US"},{"@type":"Organization","@id":"https:\/\/www.valgusevabrik.ee\/#organization","name":"V\u00f5hma","url":"https:\/\/www.valgusevabrik.ee\/","logo":{"@type":"ImageObject","inLanguage":"en-US","@id":"https:\/\/www.valgusevabrik.ee\/#\/schema\/logo\/image\/","url":"https:\/\/www.valgusevabrik.ee\/wp-content\/uploads\/2025\/09\/vohmavalgusevabrik.png","contentUrl":"https:\/\/www.valgusevabrik.ee\/wp-content\/uploads\/2025\/09\/vohmavalgusevabrik.png","width":256,"height":122,"caption":"V\u00f5hma"},"image":{"@id":"https:\/\/www.valgusevabrik.ee\/#\/schema\/logo\/image\/"},"sameAs":["https:\/\/www.facebook.com\/V\u00f5hma-Valgusevabrik-1511025752479317\/","https:\/\/www.instagram.com\/valguse_vabrik\/"]}]}},"_links":{"self":[{"href":"https:\/\/www.valgusevabrik.ee\/en\/wp-json\/wp\/v2\/product\/39702","targetHints":{"allow":["GET"]}}],"collection":[{"href":"https:\/\/www.valgusevabrik.ee\/en\/wp-json\/wp\/v2\/product"}],"about":[{"href":"https:\/\/www.valgusevabrik.ee\/en\/wp-json\/wp\/v2\/types\/product"}],"replies":[{"embeddable":true,"href":"https:\/\/www.valgusevabrik.ee\/en\/wp-json\/wp\/v2\/comments?post=39702"}],"wp:featuredmedia":[{"embeddable":true,"href":"https:\/\/www.valgusevabrik.ee\/en\/wp-json\/wp\/v2\/media\/58057"}],"wp:attachment":[{"href":"https:\/\/www.valgusevabrik.ee\/en\/wp-json\/wp\/v2\/media?parent=39702"}],"wp:term":[{"taxonomy":"product_brand","embeddable":true,"href":"https:\/\/www.valgusevabrik.ee\/en\/wp-json\/wp\/v2\/product_brand?post=39702"},{"taxonomy":"product_cat","embeddable":true,"href":"https:\/\/www.valgusevabrik.ee\/en\/wp-json\/wp\/v2\/product_cat?post=39702"},{"taxonomy":"product_tag","embeddable":true,"href":"https:\/\/www.valgusevabrik.ee\/en\/wp-json\/wp\/v2\/product_tag?post=39702"},{"taxonomy":"giftcard-category","embeddable":true,"href":"https:\/\/www.valgusevabrik.ee\/en\/wp-json\/wp\/v2\/giftcard-category?post=39702"}],"curies":[{"name":"wp","href":"https:\/\/api.w.org\/{rel}","templated":true}]}}