{"id":39650,"date":"2021-04-26T13:05:22","date_gmt":"2021-04-26T10:05:22","guid":{"rendered":"https:\/\/www.valgusevabrik.ee\/toode\/hand-painted-candle-for-mommy\/"},"modified":"2026-03-25T14:14:42","modified_gmt":"2026-03-25T12:14:42","slug":"hand-painted-candle-for-mommy","status":"publish","type":"product","link":"https:\/\/www.valgusevabrik.ee\/en\/product\/gifts\/hand-painted-candle-for-mommy\/","title":{"rendered":"Hand-painted Candle For Mommy"},"content":{"rendered":"<p><strong>Hand-painted Candle For Mommy<\/strong><\/p>\n<p><strong>Size:\u00a0<\/strong>\u00a0about 15 x 14 x 5cm<\/p>\n<p>The artist has used special wax paint, which melt evenly when burning the candle.<\/p>\n<p>When you burn a candle, the edges remain.<br \/>\nOur recommendation is to burn candle a little and then place a tealight candle in the melted hole so that the beautiful painting lasts longer.<\/p>\n<p><strong>Material:<\/strong>\u00a0Made from high-quality refined wax with a stable burn, creating a warm, inviting glow. 100% OEKO-TEX certified cotton wick (lead-free). Special wax colors melt evenly with candle wax.<\/p>\n<p>Does not contain palm oil. Vegan<\/p>\n<p>With every purchase you support Estonian craft tradition and local producers. Thank you! \u2764\ufe0f<\/p>\n","protected":false},"excerpt":{"rendered":"<div>\n<p>Hand-painted beautiful picture of a country home.<br \/>\nWhen we think of mother, we think of childhood, beautiful moments spent together &#8211; home.<\/p>\n<\/div>\n<div>\n<ul>\n<li><span class=\"jCAhz ChMk0b\"><span class=\"ryNqvb\">Shipping time up to 7 days.<\/span><\/span><\/li>\n<li><span class=\"jCAhz ChMk0b\"><span class=\"ryNqvb\">If you want to receive it faster, contact us.<\/span><\/span><\/li>\n<li>For purchases from 40\u20ac, shipping to a parcel terminal within Estonia is FREE<\/li>\n<\/ul>\n<\/div>\n","protected":false},"featured_media":40235,"comment_status":"open","ping_status":"closed","template":"","meta":{"_acf_changed":false,"inline_featured_image":false},"product_brand":[],"product_cat":[1961,59],"product_tag":[],"giftcard-category":[],"class_list":{"0":"post-39650","1":"product","2":"type-product","3":"status-publish","4":"has-post-thumbnail","6":"product_cat-mothers-day","7":"product_cat-gifts","9":"first","10":"instock","11":"taxable","12":"shipping-taxable","13":"purchasable","14":"product-type-variable"},"acf":[],"yoast_head":"<!-- This site is optimized with the Yoast SEO plugin v27.3 - https:\/\/yoast.com\/product\/yoast-seo-wordpress\/ -->\n<title>Hand-painted Candle For Mommy - V\u00f5hma<\/title>\n<meta name=\"description\" content=\"Hand-painted candle \u201cFor Mommy\u201d . Hand-painted beautiful picture of a country home. Size 15 x 14 x 5cm Estonian handicraft\" \/>\n<meta name=\"robots\" content=\"index, follow, max-snippet:-1, max-image-preview:large, max-video-preview:-1\" \/>\n<link rel=\"canonical\" href=\"https:\/\/www.valgusevabrik.ee\/en\/product\/gifts\/mothers-day\/hand-painted-candle-for-mommy\/\" \/>\n<meta property=\"og:locale\" content=\"en_US\" \/>\n<meta property=\"og:type\" content=\"article\" \/>\n<meta property=\"og:title\" content=\"Hand-painted Candle For Mommy - V\u00f5hma\" \/>\n<meta property=\"og:description\" content=\"Hand-painted candle \u201cFor Mommy\u201d . Hand-painted beautiful picture of a country home. Size 15 x 14 x 5cm Estonian handicraft\" \/>\n<meta property=\"og:url\" content=\"https:\/\/www.valgusevabrik.ee\/en\/product\/gifts\/mothers-day\/hand-painted-candle-for-mommy\/\" \/>\n<meta property=\"og:site_name\" content=\"V\u00f5hma\" \/>\n<meta property=\"article:publisher\" content=\"https:\/\/www.facebook.com\/V%c3%b5hma-Valgusevabrik-1511025752479317\/\" \/>\n<meta property=\"article:modified_time\" content=\"2026-03-25T12:14:42+00:00\" \/>\n<meta property=\"og:image\" content=\"https:\/\/www.valgusevabrik.ee\/wp-content\/uploads\/2021\/04\/emadepaev-maalitud-kuunlad-vohma-valgusevabrik--jpg-2.jpeg\" \/>\n\t<meta property=\"og:image:width\" content=\"940\" \/>\n\t<meta property=\"og:image:height\" content=\"788\" \/>\n\t<meta property=\"og:image:type\" content=\"image\/jpeg\" \/>\n<meta name=\"twitter:card\" content=\"summary_large_image\" \/>\n<meta name=\"twitter:label1\" content=\"Est. reading time\" \/>\n\t<meta name=\"twitter:data1\" content=\"1 minute\" \/>\n<script type=\"application\/ld+json\" class=\"yoast-schema-graph\">{\"@context\":\"https:\\\/\\\/schema.org\",\"@graph\":[{\"@type\":\"WebPage\",\"@id\":\"https:\\\/\\\/www.valgusevabrik.ee\\\/en\\\/product\\\/gifts\\\/mothers-day\\\/hand-painted-candle-for-mommy\\\/\",\"url\":\"https:\\\/\\\/www.valgusevabrik.ee\\\/en\\\/product\\\/gifts\\\/mothers-day\\\/hand-painted-candle-for-mommy\\\/\",\"name\":\"Hand-painted Candle For Mommy - V\u00f5hma\",\"isPartOf\":{\"@id\":\"https:\\\/\\\/www.valgusevabrik.ee\\\/#website\"},\"primaryImageOfPage\":{\"@id\":\"https:\\\/\\\/www.valgusevabrik.ee\\\/en\\\/product\\\/gifts\\\/mothers-day\\\/hand-painted-candle-for-mommy\\\/#primaryimage\"},\"image\":{\"@id\":\"https:\\\/\\\/www.valgusevabrik.ee\\\/en\\\/product\\\/gifts\\\/mothers-day\\\/hand-painted-candle-for-mommy\\\/#primaryimage\"},\"thumbnailUrl\":\"https:\\\/\\\/www.valgusevabrik.ee\\\/wp-content\\\/uploads\\\/2021\\\/04\\\/emadepaev-maalitud-kuunlad-vohma-valgusevabrik--jpg-2.jpeg\",\"datePublished\":\"2021-04-26T10:05:22+00:00\",\"dateModified\":\"2026-03-25T12:14:42+00:00\",\"description\":\"Hand-painted candle \u201cFor Mommy\u201d . Hand-painted beautiful picture of a country home. Size 15 x 14 x 5cm Estonian handicraft\",\"breadcrumb\":{\"@id\":\"https:\\\/\\\/www.valgusevabrik.ee\\\/en\\\/product\\\/gifts\\\/mothers-day\\\/hand-painted-candle-for-mommy\\\/#breadcrumb\"},\"inLanguage\":\"en-US\",\"potentialAction\":[{\"@type\":\"ReadAction\",\"target\":[\"https:\\\/\\\/www.valgusevabrik.ee\\\/en\\\/product\\\/gifts\\\/mothers-day\\\/hand-painted-candle-for-mommy\\\/\"]}]},{\"@type\":\"ImageObject\",\"inLanguage\":\"en-US\",\"@id\":\"https:\\\/\\\/www.valgusevabrik.ee\\\/en\\\/product\\\/gifts\\\/mothers-day\\\/hand-painted-candle-for-mommy\\\/#primaryimage\",\"url\":\"https:\\\/\\\/www.valgusevabrik.ee\\\/wp-content\\\/uploads\\\/2021\\\/04\\\/emadepaev-maalitud-kuunlad-vohma-valgusevabrik--jpg-2.jpeg\",\"contentUrl\":\"https:\\\/\\\/www.valgusevabrik.ee\\\/wp-content\\\/uploads\\\/2021\\\/04\\\/emadepaev-maalitud-kuunlad-vohma-valgusevabrik--jpg-2.jpeg\",\"width\":940,\"height\":788,\"caption\":\"emadep\u00e4ev maalitud k\u00fc\u00fcnlad v\u00f5hma valgusevabrik .jpg\"},{\"@type\":\"BreadcrumbList\",\"@id\":\"https:\\\/\\\/www.valgusevabrik.ee\\\/en\\\/product\\\/gifts\\\/mothers-day\\\/hand-painted-candle-for-mommy\\\/#breadcrumb\",\"itemListElement\":[{\"@type\":\"ListItem\",\"position\":1,\"name\":\"Home\",\"item\":\"https:\\\/\\\/www.valgusevabrik.ee\\\/en\\\/\"},{\"@type\":\"ListItem\",\"position\":2,\"name\":\"E-shop\",\"item\":\"https:\\\/\\\/www.valgusevabrik.ee\\\/en\\\/e-shop\\\/\"},{\"@type\":\"ListItem\",\"position\":3,\"name\":\"Hand-painted Candle For Mommy\"}]},{\"@type\":\"WebSite\",\"@id\":\"https:\\\/\\\/www.valgusevabrik.ee\\\/#website\",\"url\":\"https:\\\/\\\/www.valgusevabrik.ee\\\/\",\"name\":\"V\u00f5hma\",\"description\":\"Valguse Vabrik\",\"publisher\":{\"@id\":\"https:\\\/\\\/www.valgusevabrik.ee\\\/#organization\"},\"potentialAction\":[{\"@type\":\"SearchAction\",\"target\":{\"@type\":\"EntryPoint\",\"urlTemplate\":\"https:\\\/\\\/www.valgusevabrik.ee\\\/?s={search_term_string}\"},\"query-input\":{\"@type\":\"PropertyValueSpecification\",\"valueRequired\":true,\"valueName\":\"search_term_string\"}}],\"inLanguage\":\"en-US\"},{\"@type\":\"Organization\",\"@id\":\"https:\\\/\\\/www.valgusevabrik.ee\\\/#organization\",\"name\":\"V\u00f5hma\",\"url\":\"https:\\\/\\\/www.valgusevabrik.ee\\\/\",\"logo\":{\"@type\":\"ImageObject\",\"inLanguage\":\"en-US\",\"@id\":\"https:\\\/\\\/www.valgusevabrik.ee\\\/#\\\/schema\\\/logo\\\/image\\\/\",\"url\":\"https:\\\/\\\/www.valgusevabrik.ee\\\/wp-content\\\/uploads\\\/2025\\\/09\\\/vohmavalgusevabrik.png\",\"contentUrl\":\"https:\\\/\\\/www.valgusevabrik.ee\\\/wp-content\\\/uploads\\\/2025\\\/09\\\/vohmavalgusevabrik.png\",\"width\":256,\"height\":122,\"caption\":\"V\u00f5hma\"},\"image\":{\"@id\":\"https:\\\/\\\/www.valgusevabrik.ee\\\/#\\\/schema\\\/logo\\\/image\\\/\"},\"sameAs\":[\"https:\\\/\\\/www.facebook.com\\\/V\u00f5hma-Valgusevabrik-1511025752479317\\\/\",\"https:\\\/\\\/www.instagram.com\\\/valguse_vabrik\\\/\"]}]}<\/script>\n<!-- \/ Yoast SEO plugin. -->","yoast_head_json":{"title":"Hand-painted Candle For Mommy - V\u00f5hma","description":"Hand-painted candle \u201cFor Mommy\u201d . Hand-painted beautiful picture of a country home. Size 15 x 14 x 5cm Estonian handicraft","robots":{"index":"index","follow":"follow","max-snippet":"max-snippet:-1","max-image-preview":"max-image-preview:large","max-video-preview":"max-video-preview:-1"},"canonical":"https:\/\/www.valgusevabrik.ee\/en\/product\/gifts\/mothers-day\/hand-painted-candle-for-mommy\/","og_locale":"en_US","og_type":"article","og_title":"Hand-painted Candle For Mommy - V\u00f5hma","og_description":"Hand-painted candle \u201cFor Mommy\u201d . Hand-painted beautiful picture of a country home. Size 15 x 14 x 5cm Estonian handicraft","og_url":"https:\/\/www.valgusevabrik.ee\/en\/product\/gifts\/mothers-day\/hand-painted-candle-for-mommy\/","og_site_name":"V\u00f5hma","article_publisher":"https:\/\/www.facebook.com\/V%c3%b5hma-Valgusevabrik-1511025752479317\/","article_modified_time":"2026-03-25T12:14:42+00:00","og_image":[{"width":940,"height":788,"url":"https:\/\/www.valgusevabrik.ee\/wp-content\/uploads\/2021\/04\/emadepaev-maalitud-kuunlad-vohma-valgusevabrik--jpg-2.jpeg","type":"image\/jpeg"}],"twitter_card":"summary_large_image","twitter_misc":{"Est. reading time":"1 minute"},"schema":{"@context":"https:\/\/schema.org","@graph":[{"@type":"WebPage","@id":"https:\/\/www.valgusevabrik.ee\/en\/product\/gifts\/mothers-day\/hand-painted-candle-for-mommy\/","url":"https:\/\/www.valgusevabrik.ee\/en\/product\/gifts\/mothers-day\/hand-painted-candle-for-mommy\/","name":"Hand-painted Candle For Mommy - V\u00f5hma","isPartOf":{"@id":"https:\/\/www.valgusevabrik.ee\/#website"},"primaryImageOfPage":{"@id":"https:\/\/www.valgusevabrik.ee\/en\/product\/gifts\/mothers-day\/hand-painted-candle-for-mommy\/#primaryimage"},"image":{"@id":"https:\/\/www.valgusevabrik.ee\/en\/product\/gifts\/mothers-day\/hand-painted-candle-for-mommy\/#primaryimage"},"thumbnailUrl":"https:\/\/www.valgusevabrik.ee\/wp-content\/uploads\/2021\/04\/emadepaev-maalitud-kuunlad-vohma-valgusevabrik--jpg-2.jpeg","datePublished":"2021-04-26T10:05:22+00:00","dateModified":"2026-03-25T12:14:42+00:00","description":"Hand-painted candle \u201cFor Mommy\u201d . Hand-painted beautiful picture of a country home. Size 15 x 14 x 5cm Estonian handicraft","breadcrumb":{"@id":"https:\/\/www.valgusevabrik.ee\/en\/product\/gifts\/mothers-day\/hand-painted-candle-for-mommy\/#breadcrumb"},"inLanguage":"en-US","potentialAction":[{"@type":"ReadAction","target":["https:\/\/www.valgusevabrik.ee\/en\/product\/gifts\/mothers-day\/hand-painted-candle-for-mommy\/"]}]},{"@type":"ImageObject","inLanguage":"en-US","@id":"https:\/\/www.valgusevabrik.ee\/en\/product\/gifts\/mothers-day\/hand-painted-candle-for-mommy\/#primaryimage","url":"https:\/\/www.valgusevabrik.ee\/wp-content\/uploads\/2021\/04\/emadepaev-maalitud-kuunlad-vohma-valgusevabrik--jpg-2.jpeg","contentUrl":"https:\/\/www.valgusevabrik.ee\/wp-content\/uploads\/2021\/04\/emadepaev-maalitud-kuunlad-vohma-valgusevabrik--jpg-2.jpeg","width":940,"height":788,"caption":"emadep\u00e4ev maalitud k\u00fc\u00fcnlad v\u00f5hma valgusevabrik .jpg"},{"@type":"BreadcrumbList","@id":"https:\/\/www.valgusevabrik.ee\/en\/product\/gifts\/mothers-day\/hand-painted-candle-for-mommy\/#breadcrumb","itemListElement":[{"@type":"ListItem","position":1,"name":"Home","item":"https:\/\/www.valgusevabrik.ee\/en\/"},{"@type":"ListItem","position":2,"name":"E-shop","item":"https:\/\/www.valgusevabrik.ee\/en\/e-shop\/"},{"@type":"ListItem","position":3,"name":"Hand-painted Candle For Mommy"}]},{"@type":"WebSite","@id":"https:\/\/www.valgusevabrik.ee\/#website","url":"https:\/\/www.valgusevabrik.ee\/","name":"V\u00f5hma","description":"Valguse Vabrik","publisher":{"@id":"https:\/\/www.valgusevabrik.ee\/#organization"},"potentialAction":[{"@type":"SearchAction","target":{"@type":"EntryPoint","urlTemplate":"https:\/\/www.valgusevabrik.ee\/?s={search_term_string}"},"query-input":{"@type":"PropertyValueSpecification","valueRequired":true,"valueName":"search_term_string"}}],"inLanguage":"en-US"},{"@type":"Organization","@id":"https:\/\/www.valgusevabrik.ee\/#organization","name":"V\u00f5hma","url":"https:\/\/www.valgusevabrik.ee\/","logo":{"@type":"ImageObject","inLanguage":"en-US","@id":"https:\/\/www.valgusevabrik.ee\/#\/schema\/logo\/image\/","url":"https:\/\/www.valgusevabrik.ee\/wp-content\/uploads\/2025\/09\/vohmavalgusevabrik.png","contentUrl":"https:\/\/www.valgusevabrik.ee\/wp-content\/uploads\/2025\/09\/vohmavalgusevabrik.png","width":256,"height":122,"caption":"V\u00f5hma"},"image":{"@id":"https:\/\/www.valgusevabrik.ee\/#\/schema\/logo\/image\/"},"sameAs":["https:\/\/www.facebook.com\/V\u00f5hma-Valgusevabrik-1511025752479317\/","https:\/\/www.instagram.com\/valguse_vabrik\/"]}]}},"_links":{"self":[{"href":"https:\/\/www.valgusevabrik.ee\/en\/wp-json\/wp\/v2\/product\/39650","targetHints":{"allow":["GET"]}}],"collection":[{"href":"https:\/\/www.valgusevabrik.ee\/en\/wp-json\/wp\/v2\/product"}],"about":[{"href":"https:\/\/www.valgusevabrik.ee\/en\/wp-json\/wp\/v2\/types\/product"}],"replies":[{"embeddable":true,"href":"https:\/\/www.valgusevabrik.ee\/en\/wp-json\/wp\/v2\/comments?post=39650"}],"wp:featuredmedia":[{"embeddable":true,"href":"https:\/\/www.valgusevabrik.ee\/en\/wp-json\/wp\/v2\/media\/40235"}],"wp:attachment":[{"href":"https:\/\/www.valgusevabrik.ee\/en\/wp-json\/wp\/v2\/media?parent=39650"}],"wp:term":[{"taxonomy":"product_brand","embeddable":true,"href":"https:\/\/www.valgusevabrik.ee\/en\/wp-json\/wp\/v2\/product_brand?post=39650"},{"taxonomy":"product_cat","embeddable":true,"href":"https:\/\/www.valgusevabrik.ee\/en\/wp-json\/wp\/v2\/product_cat?post=39650"},{"taxonomy":"product_tag","embeddable":true,"href":"https:\/\/www.valgusevabrik.ee\/en\/wp-json\/wp\/v2\/product_tag?post=39650"},{"taxonomy":"giftcard-category","embeddable":true,"href":"https:\/\/www.valgusevabrik.ee\/en\/wp-json\/wp\/v2\/giftcard-category?post=39650"}],"curies":[{"name":"wp","href":"https:\/\/api.w.org\/{rel}","templated":true}]}}