{"id":33614,"date":"2017-06-02T06:42:46","date_gmt":"2017-06-02T06:42:46","guid":{"rendered":"https:\/\/www.valgusevabrik.ee\/toode\/wedding-candle-no-45-looking-into-the-future\/"},"modified":"2026-04-22T14:02:52","modified_gmt":"2026-04-22T11:02:52","slug":"wedding-candle-looking-into-the-future","status":"publish","type":"product","link":"https:\/\/www.valgusevabrik.ee\/en\/product\/wedding-candles\/wedding-candle-for-bride-and-groom\/wedding-candle-looking-into-the-future\/","title":{"rendered":"Wedding candle Looking Into The Future"},"content":{"rendered":"<p><strong>Wedding candle Looking Into The Future<\/strong><\/p>\n<p>In this picture we use a snow white marble structure candle 10 x 30cm, 180h. You can add names and the date to the candle.<\/p>\n<p>Estonian handcraft.<\/p>\n<p>This design is also available in a <strong>smaller size as a parent gift candle <\/strong><a href=\"https:\/\/www.valgusevabrik.ee\/en\/product\/wedding-candles\/wedding-candle-for-parents\/looking-into-the-future\/\" target=\"_blank\" rel=\"noopener\">here:<\/a><\/p>\n<p>NB! The decoration (the ribbon) is made of flammable material and has to be removed at a safe distance from the flame. The decoration is attached with pins, which makes it easy to remove and use elsewhere.<\/p>\n<p>For candles higher than 60cm, we only offer courier service for order delivery due to limited capacity of parcel terminals!<\/p>\n<p><strong>Please check the order confirmation to ensure that all the details were received correctly. If necessary, send additional information to info@valgusevabrik.ee<\/strong><\/p>\n<p><strong>For wedding candles, the online store offer does not apply to free shipping.<\/strong><br \/>\n<strong>Candles over 30 cm tall we ship only by courier.<\/strong><\/p>\n<p>&nbsp;<\/p>\n","protected":false},"excerpt":{"rendered":"<p>A candle born by the artist&#8217;s inspiration. A carefree, bright look into the shared future. There&#8217;s a ribbon wrapped around the middle. Above it are colourful butterflies and an opened window in which the client can have their idea of a shared future or dreams painted at their own request.<\/p>\n<ul>\n<li>Shipping in Estonia within 14 days<\/li>\n<li>International delivery time depends on the courier in the recipient\u2019s country.<\/li>\n<\/ul>\n<p>Choose from a range of size and colour to match your wedding theme from the drop-down menu. Contact us directly if you have an urgent order or a custom order request.<\/p>\n","protected":false},"featured_media":39222,"comment_status":"open","ping_status":"closed","template":"","meta":{"_acf_changed":false,"inline_featured_image":false},"product_brand":[],"product_cat":[77,1827],"product_tag":[],"giftcard-category":[],"class_list":{"0":"post-33614","1":"product","2":"type-product","3":"status-publish","4":"has-post-thumbnail","6":"product_cat-wedding-candles","7":"product_cat-wedding-candle-for-bride-and-groom","9":"first","10":"instock","11":"taxable","12":"shipping-taxable","13":"purchasable","14":"product-type-variable"},"acf":[],"yoast_head":"<!-- This site is optimized with the Yoast SEO plugin v27.5 - https:\/\/yoast.com\/product\/yoast-seo-wordpress\/ -->\n<title>Wedding candle Looking Into The Future - V\u00f5hma<\/title>\n<meta name=\"description\" content=\"Wedding candle Looking Into The Future A carefree, bright look into the shared future. Above the ribbon are colourful butterflies and an opened window.\" \/>\n<meta name=\"robots\" content=\"index, follow, max-snippet:-1, max-image-preview:large, max-video-preview:-1\" \/>\n<link rel=\"canonical\" href=\"https:\/\/www.valgusevabrik.ee\/en\/product\/wedding-candles\/wedding-candle-for-bride-and-groom\/wedding-candle-looking-into-the-future\/\" \/>\n<meta property=\"og:locale\" content=\"en_US\" \/>\n<meta property=\"og:type\" content=\"article\" \/>\n<meta property=\"og:title\" content=\"Wedding candle Looking Into The Future - V\u00f5hma\" \/>\n<meta property=\"og:description\" content=\"Wedding candle Looking Into The Future A carefree, bright look into the shared future. Above the ribbon are colourful butterflies and an opened window.\" \/>\n<meta property=\"og:url\" content=\"https:\/\/www.valgusevabrik.ee\/en\/product\/wedding-candles\/wedding-candle-for-bride-and-groom\/wedding-candle-looking-into-the-future\/\" \/>\n<meta property=\"og:site_name\" content=\"V\u00f5hma\" \/>\n<meta property=\"article:publisher\" content=\"https:\/\/www.facebook.com\/V%c3%b5hma-Valgusevabrik-1511025752479317\/\" \/>\n<meta property=\"article:modified_time\" content=\"2026-04-22T11:02:52+00:00\" \/>\n<meta property=\"og:image\" content=\"https:\/\/www.valgusevabrik.ee\/wp-content\/uploads\/2022\/02\/pulmakuunal-45-vaadates-tulevikku-vohma-valgusevabrik-kasitoo.jpg\" \/>\n\t<meta property=\"og:image:width\" content=\"683\" \/>\n\t<meta property=\"og:image:height\" content=\"1024\" \/>\n\t<meta property=\"og:image:type\" content=\"image\/jpeg\" \/>\n<meta name=\"twitter:card\" content=\"summary_large_image\" \/>\n<meta name=\"twitter:label1\" content=\"Est. reading time\" \/>\n\t<meta name=\"twitter:data1\" content=\"2 minutes\" \/>\n<script type=\"application\/ld+json\" class=\"yoast-schema-graph\">{\"@context\":\"https:\\\/\\\/schema.org\",\"@graph\":[{\"@type\":\"WebPage\",\"@id\":\"https:\\\/\\\/www.valgusevabrik.ee\\\/en\\\/product\\\/wedding-candles\\\/wedding-candle-for-bride-and-groom\\\/wedding-candle-looking-into-the-future\\\/\",\"url\":\"https:\\\/\\\/www.valgusevabrik.ee\\\/en\\\/product\\\/wedding-candles\\\/wedding-candle-for-bride-and-groom\\\/wedding-candle-looking-into-the-future\\\/\",\"name\":\"Wedding candle Looking Into The Future - V\u00f5hma\",\"isPartOf\":{\"@id\":\"https:\\\/\\\/www.valgusevabrik.ee\\\/#website\"},\"primaryImageOfPage\":{\"@id\":\"https:\\\/\\\/www.valgusevabrik.ee\\\/en\\\/product\\\/wedding-candles\\\/wedding-candle-for-bride-and-groom\\\/wedding-candle-looking-into-the-future\\\/#primaryimage\"},\"image\":{\"@id\":\"https:\\\/\\\/www.valgusevabrik.ee\\\/en\\\/product\\\/wedding-candles\\\/wedding-candle-for-bride-and-groom\\\/wedding-candle-looking-into-the-future\\\/#primaryimage\"},\"thumbnailUrl\":\"https:\\\/\\\/www.valgusevabrik.ee\\\/wp-content\\\/uploads\\\/2022\\\/02\\\/pulmakuunal-45-vaadates-tulevikku-vohma-valgusevabrik-kasitoo.jpg\",\"datePublished\":\"2017-06-02T06:42:46+00:00\",\"dateModified\":\"2026-04-22T11:02:52+00:00\",\"description\":\"Wedding candle Looking Into The Future A carefree, bright look into the shared future. Above the ribbon are colourful butterflies and an opened window.\",\"breadcrumb\":{\"@id\":\"https:\\\/\\\/www.valgusevabrik.ee\\\/en\\\/product\\\/wedding-candles\\\/wedding-candle-for-bride-and-groom\\\/wedding-candle-looking-into-the-future\\\/#breadcrumb\"},\"inLanguage\":\"en-US\",\"potentialAction\":[{\"@type\":\"ReadAction\",\"target\":[\"https:\\\/\\\/www.valgusevabrik.ee\\\/en\\\/product\\\/wedding-candles\\\/wedding-candle-for-bride-and-groom\\\/wedding-candle-looking-into-the-future\\\/\"]}]},{\"@type\":\"ImageObject\",\"inLanguage\":\"en-US\",\"@id\":\"https:\\\/\\\/www.valgusevabrik.ee\\\/en\\\/product\\\/wedding-candles\\\/wedding-candle-for-bride-and-groom\\\/wedding-candle-looking-into-the-future\\\/#primaryimage\",\"url\":\"https:\\\/\\\/www.valgusevabrik.ee\\\/wp-content\\\/uploads\\\/2022\\\/02\\\/pulmakuunal-45-vaadates-tulevikku-vohma-valgusevabrik-kasitoo.jpg\",\"contentUrl\":\"https:\\\/\\\/www.valgusevabrik.ee\\\/wp-content\\\/uploads\\\/2022\\\/02\\\/pulmakuunal-45-vaadates-tulevikku-vohma-valgusevabrik-kasitoo.jpg\",\"width\":683,\"height\":1024,\"caption\":\"K\u00e4sitsi maalitud pulmak\u00fc\u00fcnal \\\"Vaadates tulevikku\\\"\"},{\"@type\":\"BreadcrumbList\",\"@id\":\"https:\\\/\\\/www.valgusevabrik.ee\\\/en\\\/product\\\/wedding-candles\\\/wedding-candle-for-bride-and-groom\\\/wedding-candle-looking-into-the-future\\\/#breadcrumb\",\"itemListElement\":[{\"@type\":\"ListItem\",\"position\":1,\"name\":\"Home\",\"item\":\"https:\\\/\\\/www.valgusevabrik.ee\\\/en\\\/\"},{\"@type\":\"ListItem\",\"position\":2,\"name\":\"E-shop\",\"item\":\"https:\\\/\\\/www.valgusevabrik.ee\\\/en\\\/e-shop\\\/\"},{\"@type\":\"ListItem\",\"position\":3,\"name\":\"Wedding candle Looking Into The Future\"}]},{\"@type\":\"WebSite\",\"@id\":\"https:\\\/\\\/www.valgusevabrik.ee\\\/#website\",\"url\":\"https:\\\/\\\/www.valgusevabrik.ee\\\/\",\"name\":\"V\u00f5hma\",\"description\":\"Valguse Vabrik\",\"publisher\":{\"@id\":\"https:\\\/\\\/www.valgusevabrik.ee\\\/#organization\"},\"potentialAction\":[{\"@type\":\"SearchAction\",\"target\":{\"@type\":\"EntryPoint\",\"urlTemplate\":\"https:\\\/\\\/www.valgusevabrik.ee\\\/?s={search_term_string}\"},\"query-input\":{\"@type\":\"PropertyValueSpecification\",\"valueRequired\":true,\"valueName\":\"search_term_string\"}}],\"inLanguage\":\"en-US\"},{\"@type\":\"Organization\",\"@id\":\"https:\\\/\\\/www.valgusevabrik.ee\\\/#organization\",\"name\":\"V\u00f5hma\",\"url\":\"https:\\\/\\\/www.valgusevabrik.ee\\\/\",\"logo\":{\"@type\":\"ImageObject\",\"inLanguage\":\"en-US\",\"@id\":\"https:\\\/\\\/www.valgusevabrik.ee\\\/#\\\/schema\\\/logo\\\/image\\\/\",\"url\":\"https:\\\/\\\/www.valgusevabrik.ee\\\/wp-content\\\/uploads\\\/2025\\\/09\\\/vohmavalgusevabrik.png\",\"contentUrl\":\"https:\\\/\\\/www.valgusevabrik.ee\\\/wp-content\\\/uploads\\\/2025\\\/09\\\/vohmavalgusevabrik.png\",\"width\":256,\"height\":122,\"caption\":\"V\u00f5hma\"},\"image\":{\"@id\":\"https:\\\/\\\/www.valgusevabrik.ee\\\/#\\\/schema\\\/logo\\\/image\\\/\"},\"sameAs\":[\"https:\\\/\\\/www.facebook.com\\\/V\u00f5hma-Valgusevabrik-1511025752479317\\\/\",\"https:\\\/\\\/www.instagram.com\\\/valguse_vabrik\\\/\"]}]}<\/script>\n<!-- \/ Yoast SEO plugin. -->","yoast_head_json":{"title":"Wedding candle Looking Into The Future - V\u00f5hma","description":"Wedding candle Looking Into The Future A carefree, bright look into the shared future. Above the ribbon are colourful butterflies and an opened window.","robots":{"index":"index","follow":"follow","max-snippet":"max-snippet:-1","max-image-preview":"max-image-preview:large","max-video-preview":"max-video-preview:-1"},"canonical":"https:\/\/www.valgusevabrik.ee\/en\/product\/wedding-candles\/wedding-candle-for-bride-and-groom\/wedding-candle-looking-into-the-future\/","og_locale":"en_US","og_type":"article","og_title":"Wedding candle Looking Into The Future - V\u00f5hma","og_description":"Wedding candle Looking Into The Future A carefree, bright look into the shared future. Above the ribbon are colourful butterflies and an opened window.","og_url":"https:\/\/www.valgusevabrik.ee\/en\/product\/wedding-candles\/wedding-candle-for-bride-and-groom\/wedding-candle-looking-into-the-future\/","og_site_name":"V\u00f5hma","article_publisher":"https:\/\/www.facebook.com\/V%c3%b5hma-Valgusevabrik-1511025752479317\/","article_modified_time":"2026-04-22T11:02:52+00:00","og_image":[{"width":683,"height":1024,"url":"https:\/\/www.valgusevabrik.ee\/wp-content\/uploads\/2022\/02\/pulmakuunal-45-vaadates-tulevikku-vohma-valgusevabrik-kasitoo.jpg","type":"image\/jpeg"}],"twitter_card":"summary_large_image","twitter_misc":{"Est. reading time":"2 minutes"},"schema":{"@context":"https:\/\/schema.org","@graph":[{"@type":"WebPage","@id":"https:\/\/www.valgusevabrik.ee\/en\/product\/wedding-candles\/wedding-candle-for-bride-and-groom\/wedding-candle-looking-into-the-future\/","url":"https:\/\/www.valgusevabrik.ee\/en\/product\/wedding-candles\/wedding-candle-for-bride-and-groom\/wedding-candle-looking-into-the-future\/","name":"Wedding candle Looking Into The Future - V\u00f5hma","isPartOf":{"@id":"https:\/\/www.valgusevabrik.ee\/#website"},"primaryImageOfPage":{"@id":"https:\/\/www.valgusevabrik.ee\/en\/product\/wedding-candles\/wedding-candle-for-bride-and-groom\/wedding-candle-looking-into-the-future\/#primaryimage"},"image":{"@id":"https:\/\/www.valgusevabrik.ee\/en\/product\/wedding-candles\/wedding-candle-for-bride-and-groom\/wedding-candle-looking-into-the-future\/#primaryimage"},"thumbnailUrl":"https:\/\/www.valgusevabrik.ee\/wp-content\/uploads\/2022\/02\/pulmakuunal-45-vaadates-tulevikku-vohma-valgusevabrik-kasitoo.jpg","datePublished":"2017-06-02T06:42:46+00:00","dateModified":"2026-04-22T11:02:52+00:00","description":"Wedding candle Looking Into The Future A carefree, bright look into the shared future. Above the ribbon are colourful butterflies and an opened window.","breadcrumb":{"@id":"https:\/\/www.valgusevabrik.ee\/en\/product\/wedding-candles\/wedding-candle-for-bride-and-groom\/wedding-candle-looking-into-the-future\/#breadcrumb"},"inLanguage":"en-US","potentialAction":[{"@type":"ReadAction","target":["https:\/\/www.valgusevabrik.ee\/en\/product\/wedding-candles\/wedding-candle-for-bride-and-groom\/wedding-candle-looking-into-the-future\/"]}]},{"@type":"ImageObject","inLanguage":"en-US","@id":"https:\/\/www.valgusevabrik.ee\/en\/product\/wedding-candles\/wedding-candle-for-bride-and-groom\/wedding-candle-looking-into-the-future\/#primaryimage","url":"https:\/\/www.valgusevabrik.ee\/wp-content\/uploads\/2022\/02\/pulmakuunal-45-vaadates-tulevikku-vohma-valgusevabrik-kasitoo.jpg","contentUrl":"https:\/\/www.valgusevabrik.ee\/wp-content\/uploads\/2022\/02\/pulmakuunal-45-vaadates-tulevikku-vohma-valgusevabrik-kasitoo.jpg","width":683,"height":1024,"caption":"K\u00e4sitsi maalitud pulmak\u00fc\u00fcnal \"Vaadates tulevikku\""},{"@type":"BreadcrumbList","@id":"https:\/\/www.valgusevabrik.ee\/en\/product\/wedding-candles\/wedding-candle-for-bride-and-groom\/wedding-candle-looking-into-the-future\/#breadcrumb","itemListElement":[{"@type":"ListItem","position":1,"name":"Home","item":"https:\/\/www.valgusevabrik.ee\/en\/"},{"@type":"ListItem","position":2,"name":"E-shop","item":"https:\/\/www.valgusevabrik.ee\/en\/e-shop\/"},{"@type":"ListItem","position":3,"name":"Wedding candle Looking Into The Future"}]},{"@type":"WebSite","@id":"https:\/\/www.valgusevabrik.ee\/#website","url":"https:\/\/www.valgusevabrik.ee\/","name":"V\u00f5hma","description":"Valguse Vabrik","publisher":{"@id":"https:\/\/www.valgusevabrik.ee\/#organization"},"potentialAction":[{"@type":"SearchAction","target":{"@type":"EntryPoint","urlTemplate":"https:\/\/www.valgusevabrik.ee\/?s={search_term_string}"},"query-input":{"@type":"PropertyValueSpecification","valueRequired":true,"valueName":"search_term_string"}}],"inLanguage":"en-US"},{"@type":"Organization","@id":"https:\/\/www.valgusevabrik.ee\/#organization","name":"V\u00f5hma","url":"https:\/\/www.valgusevabrik.ee\/","logo":{"@type":"ImageObject","inLanguage":"en-US","@id":"https:\/\/www.valgusevabrik.ee\/#\/schema\/logo\/image\/","url":"https:\/\/www.valgusevabrik.ee\/wp-content\/uploads\/2025\/09\/vohmavalgusevabrik.png","contentUrl":"https:\/\/www.valgusevabrik.ee\/wp-content\/uploads\/2025\/09\/vohmavalgusevabrik.png","width":256,"height":122,"caption":"V\u00f5hma"},"image":{"@id":"https:\/\/www.valgusevabrik.ee\/#\/schema\/logo\/image\/"},"sameAs":["https:\/\/www.facebook.com\/V\u00f5hma-Valgusevabrik-1511025752479317\/","https:\/\/www.instagram.com\/valguse_vabrik\/"]}]}},"_links":{"self":[{"href":"https:\/\/www.valgusevabrik.ee\/en\/wp-json\/wp\/v2\/product\/33614","targetHints":{"allow":["GET"]}}],"collection":[{"href":"https:\/\/www.valgusevabrik.ee\/en\/wp-json\/wp\/v2\/product"}],"about":[{"href":"https:\/\/www.valgusevabrik.ee\/en\/wp-json\/wp\/v2\/types\/product"}],"replies":[{"embeddable":true,"href":"https:\/\/www.valgusevabrik.ee\/en\/wp-json\/wp\/v2\/comments?post=33614"}],"wp:featuredmedia":[{"embeddable":true,"href":"https:\/\/www.valgusevabrik.ee\/en\/wp-json\/wp\/v2\/media\/39222"}],"wp:attachment":[{"href":"https:\/\/www.valgusevabrik.ee\/en\/wp-json\/wp\/v2\/media?parent=33614"}],"wp:term":[{"taxonomy":"product_brand","embeddable":true,"href":"https:\/\/www.valgusevabrik.ee\/en\/wp-json\/wp\/v2\/product_brand?post=33614"},{"taxonomy":"product_cat","embeddable":true,"href":"https:\/\/www.valgusevabrik.ee\/en\/wp-json\/wp\/v2\/product_cat?post=33614"},{"taxonomy":"product_tag","embeddable":true,"href":"https:\/\/www.valgusevabrik.ee\/en\/wp-json\/wp\/v2\/product_tag?post=33614"},{"taxonomy":"giftcard-category","embeddable":true,"href":"https:\/\/www.valgusevabrik.ee\/en\/wp-json\/wp\/v2\/giftcard-category?post=33614"}],"curies":[{"name":"wp","href":"https:\/\/api.w.org\/{rel}","templated":true}]}}