{"id":32776,"date":"2021-04-22T14:42:53","date_gmt":"2021-04-22T11:42:54","guid":{"rendered":"https:\/\/www.valgusevabrik.ee\/?post_type=product&#038;p=32776"},"modified":"2025-12-17T19:11:00","modified_gmt":"2025-12-17T17:11:00","slug":"natural-rapeseed-wax","status":"publish","type":"product","link":"https:\/\/www.valgusevabrik.ee\/en\/product\/candle-making-supplies\/candle-wax\/natural-rapeseed-wax\/","title":{"rendered":"Natural rapeseed wax"},"content":{"rendered":"<p><strong>Natural rapeseed wax<\/strong><\/p>\n<p>&nbsp;<\/p>\n","protected":false},"excerpt":{"rendered":"<p>Natural rapeseed wax &nbsp;<\/p>\n","protected":false},"featured_media":39494,"comment_status":"open","ping_status":"closed","template":"","meta":{"_acf_changed":false,"inline_featured_image":false},"product_brand":[],"product_cat":[71],"product_tag":[],"giftcard-category":[],"class_list":{"0":"post-32776","1":"product","2":"type-product","3":"status-publish","4":"has-post-thumbnail","6":"product_cat-candle-wax","8":"first","9":"instock","10":"taxable","11":"shipping-taxable","12":"purchasable","13":"product-type-simple"},"acf":[],"yoast_head":"<!-- This site is optimized with the Yoast SEO plugin v27.5 - https:\/\/yoast.com\/product\/yoast-seo-wordpress\/ -->\n<title>Natural rapeseed wax - V\u00f5hma<\/title>\n<meta name=\"robots\" content=\"index, follow, max-snippet:-1, max-image-preview:large, max-video-preview:-1\" \/>\n<link rel=\"canonical\" href=\"https:\/\/www.valgusevabrik.ee\/en\/product\/candle-making-supplies\/candle-wax\/natural-rapeseed-wax\/\" \/>\n<meta property=\"og:locale\" content=\"en_US\" \/>\n<meta property=\"og:type\" content=\"article\" \/>\n<meta property=\"og:title\" content=\"Natural rapeseed wax - V\u00f5hma\" \/>\n<meta property=\"og:description\" content=\"Natural rapeseed wax &nbsp;\" \/>\n<meta property=\"og:url\" content=\"https:\/\/www.valgusevabrik.ee\/en\/product\/candle-making-supplies\/candle-wax\/natural-rapeseed-wax\/\" \/>\n<meta property=\"og:site_name\" content=\"V\u00f5hma\" \/>\n<meta property=\"article:publisher\" content=\"https:\/\/www.facebook.com\/V%c3%b5hma-Valgusevabrik-1511025752479317\/\" \/>\n<meta property=\"article:modified_time\" content=\"2025-12-17T17:11:00+00:00\" \/>\n<meta property=\"og:image\" content=\"https:\/\/www.valgusevabrik.ee\/wp-content\/uploads\/2022\/03\/looduslik-rapsivaha-vohma-valgusevabrik.jpg\" \/>\n\t<meta property=\"og:image:width\" content=\"1031\" \/>\n\t<meta property=\"og:image:height\" content=\"1546\" \/>\n\t<meta property=\"og:image:type\" content=\"image\/jpeg\" \/>\n<meta name=\"twitter:card\" content=\"summary_large_image\" \/>\n<script type=\"application\/ld+json\" class=\"yoast-schema-graph\">{\"@context\":\"https:\\\/\\\/schema.org\",\"@graph\":[{\"@type\":\"WebPage\",\"@id\":\"https:\\\/\\\/www.valgusevabrik.ee\\\/en\\\/product\\\/candle-making-supplies\\\/candle-wax\\\/natural-rapeseed-wax\\\/\",\"url\":\"https:\\\/\\\/www.valgusevabrik.ee\\\/en\\\/product\\\/candle-making-supplies\\\/candle-wax\\\/natural-rapeseed-wax\\\/\",\"name\":\"Natural rapeseed wax - V\u00f5hma\",\"isPartOf\":{\"@id\":\"https:\\\/\\\/www.valgusevabrik.ee\\\/#website\"},\"primaryImageOfPage\":{\"@id\":\"https:\\\/\\\/www.valgusevabrik.ee\\\/en\\\/product\\\/candle-making-supplies\\\/candle-wax\\\/natural-rapeseed-wax\\\/#primaryimage\"},\"image\":{\"@id\":\"https:\\\/\\\/www.valgusevabrik.ee\\\/en\\\/product\\\/candle-making-supplies\\\/candle-wax\\\/natural-rapeseed-wax\\\/#primaryimage\"},\"thumbnailUrl\":\"https:\\\/\\\/www.valgusevabrik.ee\\\/wp-content\\\/uploads\\\/2022\\\/03\\\/looduslik-rapsivaha-vohma-valgusevabrik.jpg\",\"datePublished\":\"2021-04-22T11:42:54+00:00\",\"dateModified\":\"2025-12-17T17:11:00+00:00\",\"breadcrumb\":{\"@id\":\"https:\\\/\\\/www.valgusevabrik.ee\\\/en\\\/product\\\/candle-making-supplies\\\/candle-wax\\\/natural-rapeseed-wax\\\/#breadcrumb\"},\"inLanguage\":\"en-US\",\"potentialAction\":[{\"@type\":\"ReadAction\",\"target\":[\"https:\\\/\\\/www.valgusevabrik.ee\\\/en\\\/product\\\/candle-making-supplies\\\/candle-wax\\\/natural-rapeseed-wax\\\/\"]}]},{\"@type\":\"ImageObject\",\"inLanguage\":\"en-US\",\"@id\":\"https:\\\/\\\/www.valgusevabrik.ee\\\/en\\\/product\\\/candle-making-supplies\\\/candle-wax\\\/natural-rapeseed-wax\\\/#primaryimage\",\"url\":\"https:\\\/\\\/www.valgusevabrik.ee\\\/wp-content\\\/uploads\\\/2022\\\/03\\\/looduslik-rapsivaha-vohma-valgusevabrik.jpg\",\"contentUrl\":\"https:\\\/\\\/www.valgusevabrik.ee\\\/wp-content\\\/uploads\\\/2022\\\/03\\\/looduslik-rapsivaha-vohma-valgusevabrik.jpg\",\"width\":1031,\"height\":1546,\"caption\":\"V\u00f5hma Valgusevabriku looduslik rapsivaha on Euroopas kasvatatud ja toodetud pehme k\u00fc\u00fcnlavaha, mis sobib omadustelt suurep\u00e4raselt klaasides ja anumates, sh teek\u00fc\u00fcnaldes p\u00f5letamiseks.\"},{\"@type\":\"BreadcrumbList\",\"@id\":\"https:\\\/\\\/www.valgusevabrik.ee\\\/en\\\/product\\\/candle-making-supplies\\\/candle-wax\\\/natural-rapeseed-wax\\\/#breadcrumb\",\"itemListElement\":[{\"@type\":\"ListItem\",\"position\":1,\"name\":\"Home\",\"item\":\"https:\\\/\\\/www.valgusevabrik.ee\\\/en\\\/\"},{\"@type\":\"ListItem\",\"position\":2,\"name\":\"E-shop\",\"item\":\"https:\\\/\\\/www.valgusevabrik.ee\\\/en\\\/e-shop\\\/\"},{\"@type\":\"ListItem\",\"position\":3,\"name\":\"Natural rapeseed wax\"}]},{\"@type\":\"WebSite\",\"@id\":\"https:\\\/\\\/www.valgusevabrik.ee\\\/#website\",\"url\":\"https:\\\/\\\/www.valgusevabrik.ee\\\/\",\"name\":\"V\u00f5hma\",\"description\":\"Valguse Vabrik\",\"publisher\":{\"@id\":\"https:\\\/\\\/www.valgusevabrik.ee\\\/#organization\"},\"potentialAction\":[{\"@type\":\"SearchAction\",\"target\":{\"@type\":\"EntryPoint\",\"urlTemplate\":\"https:\\\/\\\/www.valgusevabrik.ee\\\/?s={search_term_string}\"},\"query-input\":{\"@type\":\"PropertyValueSpecification\",\"valueRequired\":true,\"valueName\":\"search_term_string\"}}],\"inLanguage\":\"en-US\"},{\"@type\":\"Organization\",\"@id\":\"https:\\\/\\\/www.valgusevabrik.ee\\\/#organization\",\"name\":\"V\u00f5hma\",\"url\":\"https:\\\/\\\/www.valgusevabrik.ee\\\/\",\"logo\":{\"@type\":\"ImageObject\",\"inLanguage\":\"en-US\",\"@id\":\"https:\\\/\\\/www.valgusevabrik.ee\\\/#\\\/schema\\\/logo\\\/image\\\/\",\"url\":\"https:\\\/\\\/www.valgusevabrik.ee\\\/wp-content\\\/uploads\\\/2025\\\/09\\\/vohmavalgusevabrik.png\",\"contentUrl\":\"https:\\\/\\\/www.valgusevabrik.ee\\\/wp-content\\\/uploads\\\/2025\\\/09\\\/vohmavalgusevabrik.png\",\"width\":256,\"height\":122,\"caption\":\"V\u00f5hma\"},\"image\":{\"@id\":\"https:\\\/\\\/www.valgusevabrik.ee\\\/#\\\/schema\\\/logo\\\/image\\\/\"},\"sameAs\":[\"https:\\\/\\\/www.facebook.com\\\/V\u00f5hma-Valgusevabrik-1511025752479317\\\/\",\"https:\\\/\\\/www.instagram.com\\\/valguse_vabrik\\\/\"]}]}<\/script>\n<!-- \/ Yoast SEO plugin. -->","yoast_head_json":{"title":"Natural rapeseed wax - V\u00f5hma","robots":{"index":"index","follow":"follow","max-snippet":"max-snippet:-1","max-image-preview":"max-image-preview:large","max-video-preview":"max-video-preview:-1"},"canonical":"https:\/\/www.valgusevabrik.ee\/en\/product\/candle-making-supplies\/candle-wax\/natural-rapeseed-wax\/","og_locale":"en_US","og_type":"article","og_title":"Natural rapeseed wax - V\u00f5hma","og_description":"Natural rapeseed wax &nbsp;","og_url":"https:\/\/www.valgusevabrik.ee\/en\/product\/candle-making-supplies\/candle-wax\/natural-rapeseed-wax\/","og_site_name":"V\u00f5hma","article_publisher":"https:\/\/www.facebook.com\/V%c3%b5hma-Valgusevabrik-1511025752479317\/","article_modified_time":"2025-12-17T17:11:00+00:00","og_image":[{"width":1031,"height":1546,"url":"https:\/\/www.valgusevabrik.ee\/wp-content\/uploads\/2022\/03\/looduslik-rapsivaha-vohma-valgusevabrik.jpg","type":"image\/jpeg"}],"twitter_card":"summary_large_image","schema":{"@context":"https:\/\/schema.org","@graph":[{"@type":"WebPage","@id":"https:\/\/www.valgusevabrik.ee\/en\/product\/candle-making-supplies\/candle-wax\/natural-rapeseed-wax\/","url":"https:\/\/www.valgusevabrik.ee\/en\/product\/candle-making-supplies\/candle-wax\/natural-rapeseed-wax\/","name":"Natural rapeseed wax - V\u00f5hma","isPartOf":{"@id":"https:\/\/www.valgusevabrik.ee\/#website"},"primaryImageOfPage":{"@id":"https:\/\/www.valgusevabrik.ee\/en\/product\/candle-making-supplies\/candle-wax\/natural-rapeseed-wax\/#primaryimage"},"image":{"@id":"https:\/\/www.valgusevabrik.ee\/en\/product\/candle-making-supplies\/candle-wax\/natural-rapeseed-wax\/#primaryimage"},"thumbnailUrl":"https:\/\/www.valgusevabrik.ee\/wp-content\/uploads\/2022\/03\/looduslik-rapsivaha-vohma-valgusevabrik.jpg","datePublished":"2021-04-22T11:42:54+00:00","dateModified":"2025-12-17T17:11:00+00:00","breadcrumb":{"@id":"https:\/\/www.valgusevabrik.ee\/en\/product\/candle-making-supplies\/candle-wax\/natural-rapeseed-wax\/#breadcrumb"},"inLanguage":"en-US","potentialAction":[{"@type":"ReadAction","target":["https:\/\/www.valgusevabrik.ee\/en\/product\/candle-making-supplies\/candle-wax\/natural-rapeseed-wax\/"]}]},{"@type":"ImageObject","inLanguage":"en-US","@id":"https:\/\/www.valgusevabrik.ee\/en\/product\/candle-making-supplies\/candle-wax\/natural-rapeseed-wax\/#primaryimage","url":"https:\/\/www.valgusevabrik.ee\/wp-content\/uploads\/2022\/03\/looduslik-rapsivaha-vohma-valgusevabrik.jpg","contentUrl":"https:\/\/www.valgusevabrik.ee\/wp-content\/uploads\/2022\/03\/looduslik-rapsivaha-vohma-valgusevabrik.jpg","width":1031,"height":1546,"caption":"V\u00f5hma Valgusevabriku looduslik rapsivaha on Euroopas kasvatatud ja toodetud pehme k\u00fc\u00fcnlavaha, mis sobib omadustelt suurep\u00e4raselt klaasides ja anumates, sh teek\u00fc\u00fcnaldes p\u00f5letamiseks."},{"@type":"BreadcrumbList","@id":"https:\/\/www.valgusevabrik.ee\/en\/product\/candle-making-supplies\/candle-wax\/natural-rapeseed-wax\/#breadcrumb","itemListElement":[{"@type":"ListItem","position":1,"name":"Home","item":"https:\/\/www.valgusevabrik.ee\/en\/"},{"@type":"ListItem","position":2,"name":"E-shop","item":"https:\/\/www.valgusevabrik.ee\/en\/e-shop\/"},{"@type":"ListItem","position":3,"name":"Natural rapeseed wax"}]},{"@type":"WebSite","@id":"https:\/\/www.valgusevabrik.ee\/#website","url":"https:\/\/www.valgusevabrik.ee\/","name":"V\u00f5hma","description":"Valguse Vabrik","publisher":{"@id":"https:\/\/www.valgusevabrik.ee\/#organization"},"potentialAction":[{"@type":"SearchAction","target":{"@type":"EntryPoint","urlTemplate":"https:\/\/www.valgusevabrik.ee\/?s={search_term_string}"},"query-input":{"@type":"PropertyValueSpecification","valueRequired":true,"valueName":"search_term_string"}}],"inLanguage":"en-US"},{"@type":"Organization","@id":"https:\/\/www.valgusevabrik.ee\/#organization","name":"V\u00f5hma","url":"https:\/\/www.valgusevabrik.ee\/","logo":{"@type":"ImageObject","inLanguage":"en-US","@id":"https:\/\/www.valgusevabrik.ee\/#\/schema\/logo\/image\/","url":"https:\/\/www.valgusevabrik.ee\/wp-content\/uploads\/2025\/09\/vohmavalgusevabrik.png","contentUrl":"https:\/\/www.valgusevabrik.ee\/wp-content\/uploads\/2025\/09\/vohmavalgusevabrik.png","width":256,"height":122,"caption":"V\u00f5hma"},"image":{"@id":"https:\/\/www.valgusevabrik.ee\/#\/schema\/logo\/image\/"},"sameAs":["https:\/\/www.facebook.com\/V\u00f5hma-Valgusevabrik-1511025752479317\/","https:\/\/www.instagram.com\/valguse_vabrik\/"]}]}},"_links":{"self":[{"href":"https:\/\/www.valgusevabrik.ee\/en\/wp-json\/wp\/v2\/product\/32776","targetHints":{"allow":["GET"]}}],"collection":[{"href":"https:\/\/www.valgusevabrik.ee\/en\/wp-json\/wp\/v2\/product"}],"about":[{"href":"https:\/\/www.valgusevabrik.ee\/en\/wp-json\/wp\/v2\/types\/product"}],"replies":[{"embeddable":true,"href":"https:\/\/www.valgusevabrik.ee\/en\/wp-json\/wp\/v2\/comments?post=32776"}],"wp:featuredmedia":[{"embeddable":true,"href":"https:\/\/www.valgusevabrik.ee\/en\/wp-json\/wp\/v2\/media\/39494"}],"wp:attachment":[{"href":"https:\/\/www.valgusevabrik.ee\/en\/wp-json\/wp\/v2\/media?parent=32776"}],"wp:term":[{"taxonomy":"product_brand","embeddable":true,"href":"https:\/\/www.valgusevabrik.ee\/en\/wp-json\/wp\/v2\/product_brand?post=32776"},{"taxonomy":"product_cat","embeddable":true,"href":"https:\/\/www.valgusevabrik.ee\/en\/wp-json\/wp\/v2\/product_cat?post=32776"},{"taxonomy":"product_tag","embeddable":true,"href":"https:\/\/www.valgusevabrik.ee\/en\/wp-json\/wp\/v2\/product_tag?post=32776"},{"taxonomy":"giftcard-category","embeddable":true,"href":"https:\/\/www.valgusevabrik.ee\/en\/wp-json\/wp\/v2\/giftcard-category?post=32776"}],"curies":[{"name":"wp","href":"https:\/\/api.w.org\/{rel}","templated":true}]}}