{"id":30915,"date":"2021-02-08T12:33:30","date_gmt":"2021-02-08T10:33:33","guid":{"rendered":"https:\/\/www.valgusevabrik.ee\/?post_type=product&#038;p=30915"},"modified":"2022-03-16T11:18:52","modified_gmt":"2022-03-16T09:18:52","slug":"candle-holder-bullfinch-10-tealights","status":"publish","type":"product","link":"https:\/\/www.valgusevabrik.ee\/en\/product\/candle-holders-and-accessories\/candle-holder-bullfinch-10-tealights\/","title":{"rendered":"Candle holder Bullfinch + 10 tealights"},"content":{"rendered":"<p><strong>Candle holder Bullfinch + 10 tealights<\/strong><\/p>\n<p>Ceramic tealight holder from the masters of South Estonia.<\/p>\n<p>Size 13.9 x 9 x 13cm<\/p>\n<p>Decorative interior element or a gift for those who love nature and appreciate handicrafts.<\/p>\n<p>The set includes tealights (10 pcs) scented or unscented of your choice.<\/p>\n<p>Burning time about 4h \/ pc.<\/p>\n<p>Make your choice from the drop-down menu.<\/p>\n<p>Estonian handicraft<\/p>\n","protected":false},"excerpt":{"rendered":"<p>Candle holder Bullfinch + 10 tealights Ceramic tealight holder from the masters of South Estonia. Size 13.9 x 9 x 13cm Decorative interior element or a gift for those who love nature and appreciate handicrafts. The set includes tealights (10 pcs) scented or unscented of your choice. Burning time about 4h \/ pc. Make your&#8230;<\/p>\n","protected":false},"featured_media":38994,"comment_status":"open","ping_status":"closed","template":"","meta":{"_acf_changed":false,"inline_featured_image":false},"product_brand":[],"product_cat":[983],"product_tag":[],"giftcard-category":[],"class_list":{"0":"post-30915","1":"product","2":"type-product","3":"status-publish","4":"has-post-thumbnail","6":"product_cat-candle-holders-and-accessories","8":"first","9":"instock","10":"taxable","11":"shipping-taxable","12":"purchasable","13":"product-type-variable"},"acf":[],"yoast_head":"<!-- This site is optimized with the Yoast SEO plugin v27.4 - https:\/\/yoast.com\/product\/yoast-seo-wordpress\/ -->\n<title>Candle holder Bullfinch + 10 tealights - V\u00f5hma<\/title>\n<meta name=\"description\" content=\"Candle holder Bullfinch + 10 tealightsCeramic tealight holder from the masters of South Estonia.Size 13.9 x 9 x 13cm\" \/>\n<meta name=\"robots\" content=\"index, follow, max-snippet:-1, max-image-preview:large, max-video-preview:-1\" \/>\n<link rel=\"canonical\" href=\"https:\/\/www.valgusevabrik.ee\/en\/product\/candle-holders-and-accessories\/candle-holder-bullfinch-10-tealights\/\" \/>\n<meta property=\"og:locale\" content=\"en_US\" \/>\n<meta property=\"og:type\" content=\"article\" \/>\n<meta property=\"og:title\" content=\"Candle holder Bullfinch + 10 tealights - V\u00f5hma\" \/>\n<meta property=\"og:description\" content=\"Candle holder Bullfinch + 10 tealightsCeramic tealight holder from the masters of South Estonia.Size 13.9 x 9 x 13cm\" \/>\n<meta property=\"og:url\" content=\"https:\/\/www.valgusevabrik.ee\/en\/product\/candle-holders-and-accessories\/candle-holder-bullfinch-10-tealights\/\" \/>\n<meta property=\"og:site_name\" content=\"V\u00f5hma\" \/>\n<meta property=\"article:publisher\" content=\"https:\/\/www.facebook.com\/V%c3%b5hma-Valgusevabrik-1511025752479317\/\" \/>\n<meta property=\"article:modified_time\" content=\"2022-03-16T09:18:52+00:00\" \/>\n<meta property=\"og:image\" content=\"https:\/\/www.valgusevabrik.ee\/wp-content\/uploads\/2021\/02\/leevike-kuunlaalus-1.jpg\" \/>\n\t<meta property=\"og:image:width\" content=\"940\" \/>\n\t<meta property=\"og:image:height\" content=\"788\" \/>\n\t<meta property=\"og:image:type\" content=\"image\/jpeg\" \/>\n<meta name=\"twitter:card\" content=\"summary_large_image\" \/>\n<script type=\"application\/ld+json\" class=\"yoast-schema-graph\">{\"@context\":\"https:\\\/\\\/schema.org\",\"@graph\":[{\"@type\":\"WebPage\",\"@id\":\"https:\\\/\\\/www.valgusevabrik.ee\\\/en\\\/product\\\/candle-holders-and-accessories\\\/candle-holder-bullfinch-10-tealights\\\/\",\"url\":\"https:\\\/\\\/www.valgusevabrik.ee\\\/en\\\/product\\\/candle-holders-and-accessories\\\/candle-holder-bullfinch-10-tealights\\\/\",\"name\":\"Candle holder Bullfinch + 10 tealights - V\u00f5hma\",\"isPartOf\":{\"@id\":\"https:\\\/\\\/www.valgusevabrik.ee\\\/#website\"},\"primaryImageOfPage\":{\"@id\":\"https:\\\/\\\/www.valgusevabrik.ee\\\/en\\\/product\\\/candle-holders-and-accessories\\\/candle-holder-bullfinch-10-tealights\\\/#primaryimage\"},\"image\":{\"@id\":\"https:\\\/\\\/www.valgusevabrik.ee\\\/en\\\/product\\\/candle-holders-and-accessories\\\/candle-holder-bullfinch-10-tealights\\\/#primaryimage\"},\"thumbnailUrl\":\"https:\\\/\\\/www.valgusevabrik.ee\\\/wp-content\\\/uploads\\\/2021\\\/02\\\/leevike-kuunlaalus-1.jpg\",\"datePublished\":\"2021-02-08T10:33:33+00:00\",\"dateModified\":\"2022-03-16T09:18:52+00:00\",\"description\":\"Candle holder Bullfinch + 10 tealightsCeramic tealight holder from the masters of South Estonia.Size 13.9 x 9 x 13cm\",\"breadcrumb\":{\"@id\":\"https:\\\/\\\/www.valgusevabrik.ee\\\/en\\\/product\\\/candle-holders-and-accessories\\\/candle-holder-bullfinch-10-tealights\\\/#breadcrumb\"},\"inLanguage\":\"en-US\",\"potentialAction\":[{\"@type\":\"ReadAction\",\"target\":[\"https:\\\/\\\/www.valgusevabrik.ee\\\/en\\\/product\\\/candle-holders-and-accessories\\\/candle-holder-bullfinch-10-tealights\\\/\"]}]},{\"@type\":\"ImageObject\",\"inLanguage\":\"en-US\",\"@id\":\"https:\\\/\\\/www.valgusevabrik.ee\\\/en\\\/product\\\/candle-holders-and-accessories\\\/candle-holder-bullfinch-10-tealights\\\/#primaryimage\",\"url\":\"https:\\\/\\\/www.valgusevabrik.ee\\\/wp-content\\\/uploads\\\/2021\\\/02\\\/leevike-kuunlaalus-1.jpg\",\"contentUrl\":\"https:\\\/\\\/www.valgusevabrik.ee\\\/wp-content\\\/uploads\\\/2021\\\/02\\\/leevike-kuunlaalus-1.jpg\",\"width\":940,\"height\":788,\"caption\":\"Valgest p\u00f5letatud savist keraamiline teek\u00fc\u00fcnlaalus L\u00f5una-Eesti meistritelt. Sobib sisustuselemendiks ja ka suurep\u00e4rane kingiidee neile, kes armastavad loodust, hindavad k\u00e4sit\u00f6\u00f6d. Punase k\u00f5huga leevike on oodatud ja r\u00f5\u00f5mustav k\u00fclaline sinu akna taga ja miks ka mitte turvalise ja kauni teek\u00fc\u00fcnlaalusena sinu laual. Komplektis kaunis teek\u00fc\u00fcnlaalus koos teek\u00fc\u00fcnaldega (10tk) enda valikul kas l\u00f5hnaga v\u00f5i ilma. P\u00f5lemisaeg umbes 4h\\\/tk. Eesti k\u00e4sit\u00f6\u00f6\"},{\"@type\":\"BreadcrumbList\",\"@id\":\"https:\\\/\\\/www.valgusevabrik.ee\\\/en\\\/product\\\/candle-holders-and-accessories\\\/candle-holder-bullfinch-10-tealights\\\/#breadcrumb\",\"itemListElement\":[{\"@type\":\"ListItem\",\"position\":1,\"name\":\"Home\",\"item\":\"https:\\\/\\\/www.valgusevabrik.ee\\\/en\\\/\"},{\"@type\":\"ListItem\",\"position\":2,\"name\":\"E-shop\",\"item\":\"https:\\\/\\\/www.valgusevabrik.ee\\\/en\\\/e-shop\\\/\"},{\"@type\":\"ListItem\",\"position\":3,\"name\":\"Candle holder Bullfinch + 10 tealights\"}]},{\"@type\":\"WebSite\",\"@id\":\"https:\\\/\\\/www.valgusevabrik.ee\\\/#website\",\"url\":\"https:\\\/\\\/www.valgusevabrik.ee\\\/\",\"name\":\"V\u00f5hma\",\"description\":\"Valguse Vabrik\",\"publisher\":{\"@id\":\"https:\\\/\\\/www.valgusevabrik.ee\\\/#organization\"},\"potentialAction\":[{\"@type\":\"SearchAction\",\"target\":{\"@type\":\"EntryPoint\",\"urlTemplate\":\"https:\\\/\\\/www.valgusevabrik.ee\\\/?s={search_term_string}\"},\"query-input\":{\"@type\":\"PropertyValueSpecification\",\"valueRequired\":true,\"valueName\":\"search_term_string\"}}],\"inLanguage\":\"en-US\"},{\"@type\":\"Organization\",\"@id\":\"https:\\\/\\\/www.valgusevabrik.ee\\\/#organization\",\"name\":\"V\u00f5hma\",\"url\":\"https:\\\/\\\/www.valgusevabrik.ee\\\/\",\"logo\":{\"@type\":\"ImageObject\",\"inLanguage\":\"en-US\",\"@id\":\"https:\\\/\\\/www.valgusevabrik.ee\\\/#\\\/schema\\\/logo\\\/image\\\/\",\"url\":\"https:\\\/\\\/www.valgusevabrik.ee\\\/wp-content\\\/uploads\\\/2025\\\/09\\\/vohmavalgusevabrik.png\",\"contentUrl\":\"https:\\\/\\\/www.valgusevabrik.ee\\\/wp-content\\\/uploads\\\/2025\\\/09\\\/vohmavalgusevabrik.png\",\"width\":256,\"height\":122,\"caption\":\"V\u00f5hma\"},\"image\":{\"@id\":\"https:\\\/\\\/www.valgusevabrik.ee\\\/#\\\/schema\\\/logo\\\/image\\\/\"},\"sameAs\":[\"https:\\\/\\\/www.facebook.com\\\/V\u00f5hma-Valgusevabrik-1511025752479317\\\/\",\"https:\\\/\\\/www.instagram.com\\\/valguse_vabrik\\\/\"]}]}<\/script>\n<!-- \/ Yoast SEO plugin. -->","yoast_head_json":{"title":"Candle holder Bullfinch + 10 tealights - V\u00f5hma","description":"Candle holder Bullfinch + 10 tealightsCeramic tealight holder from the masters of South Estonia.Size 13.9 x 9 x 13cm","robots":{"index":"index","follow":"follow","max-snippet":"max-snippet:-1","max-image-preview":"max-image-preview:large","max-video-preview":"max-video-preview:-1"},"canonical":"https:\/\/www.valgusevabrik.ee\/en\/product\/candle-holders-and-accessories\/candle-holder-bullfinch-10-tealights\/","og_locale":"en_US","og_type":"article","og_title":"Candle holder Bullfinch + 10 tealights - V\u00f5hma","og_description":"Candle holder Bullfinch + 10 tealightsCeramic tealight holder from the masters of South Estonia.Size 13.9 x 9 x 13cm","og_url":"https:\/\/www.valgusevabrik.ee\/en\/product\/candle-holders-and-accessories\/candle-holder-bullfinch-10-tealights\/","og_site_name":"V\u00f5hma","article_publisher":"https:\/\/www.facebook.com\/V%c3%b5hma-Valgusevabrik-1511025752479317\/","article_modified_time":"2022-03-16T09:18:52+00:00","og_image":[{"width":940,"height":788,"url":"https:\/\/www.valgusevabrik.ee\/wp-content\/uploads\/2021\/02\/leevike-kuunlaalus-1.jpg","type":"image\/jpeg"}],"twitter_card":"summary_large_image","schema":{"@context":"https:\/\/schema.org","@graph":[{"@type":"WebPage","@id":"https:\/\/www.valgusevabrik.ee\/en\/product\/candle-holders-and-accessories\/candle-holder-bullfinch-10-tealights\/","url":"https:\/\/www.valgusevabrik.ee\/en\/product\/candle-holders-and-accessories\/candle-holder-bullfinch-10-tealights\/","name":"Candle holder Bullfinch + 10 tealights - V\u00f5hma","isPartOf":{"@id":"https:\/\/www.valgusevabrik.ee\/#website"},"primaryImageOfPage":{"@id":"https:\/\/www.valgusevabrik.ee\/en\/product\/candle-holders-and-accessories\/candle-holder-bullfinch-10-tealights\/#primaryimage"},"image":{"@id":"https:\/\/www.valgusevabrik.ee\/en\/product\/candle-holders-and-accessories\/candle-holder-bullfinch-10-tealights\/#primaryimage"},"thumbnailUrl":"https:\/\/www.valgusevabrik.ee\/wp-content\/uploads\/2021\/02\/leevike-kuunlaalus-1.jpg","datePublished":"2021-02-08T10:33:33+00:00","dateModified":"2022-03-16T09:18:52+00:00","description":"Candle holder Bullfinch + 10 tealightsCeramic tealight holder from the masters of South Estonia.Size 13.9 x 9 x 13cm","breadcrumb":{"@id":"https:\/\/www.valgusevabrik.ee\/en\/product\/candle-holders-and-accessories\/candle-holder-bullfinch-10-tealights\/#breadcrumb"},"inLanguage":"en-US","potentialAction":[{"@type":"ReadAction","target":["https:\/\/www.valgusevabrik.ee\/en\/product\/candle-holders-and-accessories\/candle-holder-bullfinch-10-tealights\/"]}]},{"@type":"ImageObject","inLanguage":"en-US","@id":"https:\/\/www.valgusevabrik.ee\/en\/product\/candle-holders-and-accessories\/candle-holder-bullfinch-10-tealights\/#primaryimage","url":"https:\/\/www.valgusevabrik.ee\/wp-content\/uploads\/2021\/02\/leevike-kuunlaalus-1.jpg","contentUrl":"https:\/\/www.valgusevabrik.ee\/wp-content\/uploads\/2021\/02\/leevike-kuunlaalus-1.jpg","width":940,"height":788,"caption":"Valgest p\u00f5letatud savist keraamiline teek\u00fc\u00fcnlaalus L\u00f5una-Eesti meistritelt. Sobib sisustuselemendiks ja ka suurep\u00e4rane kingiidee neile, kes armastavad loodust, hindavad k\u00e4sit\u00f6\u00f6d. Punase k\u00f5huga leevike on oodatud ja r\u00f5\u00f5mustav k\u00fclaline sinu akna taga ja miks ka mitte turvalise ja kauni teek\u00fc\u00fcnlaalusena sinu laual. Komplektis kaunis teek\u00fc\u00fcnlaalus koos teek\u00fc\u00fcnaldega (10tk) enda valikul kas l\u00f5hnaga v\u00f5i ilma. P\u00f5lemisaeg umbes 4h\/tk. Eesti k\u00e4sit\u00f6\u00f6"},{"@type":"BreadcrumbList","@id":"https:\/\/www.valgusevabrik.ee\/en\/product\/candle-holders-and-accessories\/candle-holder-bullfinch-10-tealights\/#breadcrumb","itemListElement":[{"@type":"ListItem","position":1,"name":"Home","item":"https:\/\/www.valgusevabrik.ee\/en\/"},{"@type":"ListItem","position":2,"name":"E-shop","item":"https:\/\/www.valgusevabrik.ee\/en\/e-shop\/"},{"@type":"ListItem","position":3,"name":"Candle holder Bullfinch + 10 tealights"}]},{"@type":"WebSite","@id":"https:\/\/www.valgusevabrik.ee\/#website","url":"https:\/\/www.valgusevabrik.ee\/","name":"V\u00f5hma","description":"Valguse Vabrik","publisher":{"@id":"https:\/\/www.valgusevabrik.ee\/#organization"},"potentialAction":[{"@type":"SearchAction","target":{"@type":"EntryPoint","urlTemplate":"https:\/\/www.valgusevabrik.ee\/?s={search_term_string}"},"query-input":{"@type":"PropertyValueSpecification","valueRequired":true,"valueName":"search_term_string"}}],"inLanguage":"en-US"},{"@type":"Organization","@id":"https:\/\/www.valgusevabrik.ee\/#organization","name":"V\u00f5hma","url":"https:\/\/www.valgusevabrik.ee\/","logo":{"@type":"ImageObject","inLanguage":"en-US","@id":"https:\/\/www.valgusevabrik.ee\/#\/schema\/logo\/image\/","url":"https:\/\/www.valgusevabrik.ee\/wp-content\/uploads\/2025\/09\/vohmavalgusevabrik.png","contentUrl":"https:\/\/www.valgusevabrik.ee\/wp-content\/uploads\/2025\/09\/vohmavalgusevabrik.png","width":256,"height":122,"caption":"V\u00f5hma"},"image":{"@id":"https:\/\/www.valgusevabrik.ee\/#\/schema\/logo\/image\/"},"sameAs":["https:\/\/www.facebook.com\/V\u00f5hma-Valgusevabrik-1511025752479317\/","https:\/\/www.instagram.com\/valguse_vabrik\/"]}]}},"_links":{"self":[{"href":"https:\/\/www.valgusevabrik.ee\/en\/wp-json\/wp\/v2\/product\/30915","targetHints":{"allow":["GET"]}}],"collection":[{"href":"https:\/\/www.valgusevabrik.ee\/en\/wp-json\/wp\/v2\/product"}],"about":[{"href":"https:\/\/www.valgusevabrik.ee\/en\/wp-json\/wp\/v2\/types\/product"}],"replies":[{"embeddable":true,"href":"https:\/\/www.valgusevabrik.ee\/en\/wp-json\/wp\/v2\/comments?post=30915"}],"wp:featuredmedia":[{"embeddable":true,"href":"https:\/\/www.valgusevabrik.ee\/en\/wp-json\/wp\/v2\/media\/38994"}],"wp:attachment":[{"href":"https:\/\/www.valgusevabrik.ee\/en\/wp-json\/wp\/v2\/media?parent=30915"}],"wp:term":[{"taxonomy":"product_brand","embeddable":true,"href":"https:\/\/www.valgusevabrik.ee\/en\/wp-json\/wp\/v2\/product_brand?post=30915"},{"taxonomy":"product_cat","embeddable":true,"href":"https:\/\/www.valgusevabrik.ee\/en\/wp-json\/wp\/v2\/product_cat?post=30915"},{"taxonomy":"product_tag","embeddable":true,"href":"https:\/\/www.valgusevabrik.ee\/en\/wp-json\/wp\/v2\/product_tag?post=30915"},{"taxonomy":"giftcard-category","embeddable":true,"href":"https:\/\/www.valgusevabrik.ee\/en\/wp-json\/wp\/v2\/giftcard-category?post=30915"}],"curies":[{"name":"wp","href":"https:\/\/api.w.org\/{rel}","templated":true}]}}