{"id":30700,"date":"2021-02-08T11:48:17","date_gmt":"2021-02-08T09:48:20","guid":{"rendered":"https:\/\/www.valgusevabrik.ee\/?post_type=product&#038;p=30700"},"modified":"2022-03-16T10:22:38","modified_gmt":"2022-03-16T08:22:38","slug":"ceramic-tealight-holder-frog","status":"publish","type":"product","link":"https:\/\/www.valgusevabrik.ee\/en\/product\/candle-holders-and-accessories\/ceramic-tealight-holder-frog\/","title":{"rendered":"Ceramic Frog  + tealights 10pc"},"content":{"rendered":"<p><strong>Ceramic Frog + tealights 10pc<\/strong><\/p>\n<p>White fired clay ceramic tealight holder from South Estonian masters.<\/p>\n<p>Suitable as an interior element or a gift for those who love nature, appreciate handicrafts.<\/p>\n<p>Safe and beautiful tealight stand with tealights (10 pcs) of your choice, scented or unscented.<\/p>\n<p>Please click on the fragrance list and choose your favourite scent for your tealight holder.<\/p>\n<p>Estonian handicraft<\/p>\n","protected":false},"excerpt":{"rendered":"<p>Ceramic Frog + tealights 10pc White fired clay ceramic tealight holder from South Estonian masters. Suitable as an interior element or a gift for those who love nature, appreciate handicrafts. Safe and beautiful tealight stand with tealights (10 pcs) of your choice, scented or unscented. Please click on the fragrance list and choose your favourite&#8230;<\/p>\n","protected":false},"featured_media":38997,"comment_status":"open","ping_status":"closed","template":"","meta":{"_acf_changed":false,"inline_featured_image":false},"product_brand":[],"product_cat":[983],"product_tag":[],"giftcard-category":[],"class_list":{"0":"post-30700","1":"product","2":"type-product","3":"status-publish","4":"has-post-thumbnail","6":"product_cat-candle-holders-and-accessories","8":"first","9":"instock","10":"taxable","11":"shipping-taxable","12":"purchasable","13":"product-type-variable"},"acf":[],"yoast_head":"<!-- This site is optimized with the Yoast SEO plugin v27.3 - https:\/\/yoast.com\/product\/yoast-seo-wordpress\/ -->\n<title>Ceramic Frog + tealights 10pc - V\u00f5hma<\/title>\n<meta name=\"description\" content=\"White fired clay ceramic tealight holder from South Estonian masters + 10pc tealights of your own choice. Estonian handcraft\" \/>\n<meta name=\"robots\" content=\"index, follow, max-snippet:-1, max-image-preview:large, max-video-preview:-1\" \/>\n<link rel=\"canonical\" href=\"https:\/\/www.valgusevabrik.ee\/en\/product\/candle-holders-and-accessories\/ceramic-tealight-holder-frog\/\" \/>\n<meta property=\"og:locale\" content=\"en_US\" \/>\n<meta property=\"og:type\" content=\"article\" \/>\n<meta property=\"og:title\" content=\"Ceramic Frog + tealights 10pc - V\u00f5hma\" \/>\n<meta property=\"og:description\" content=\"White fired clay ceramic tealight holder from South Estonian masters + 10pc tealights of your own choice. Estonian handcraft\" \/>\n<meta property=\"og:url\" content=\"https:\/\/www.valgusevabrik.ee\/en\/product\/candle-holders-and-accessories\/ceramic-tealight-holder-frog\/\" \/>\n<meta property=\"og:site_name\" content=\"V\u00f5hma\" \/>\n<meta property=\"article:publisher\" content=\"https:\/\/www.facebook.com\/V%c3%b5hma-Valgusevabrik-1511025752479317\/\" \/>\n<meta property=\"article:modified_time\" content=\"2022-03-16T08:22:38+00:00\" \/>\n<meta property=\"og:image\" content=\"https:\/\/www.valgusevabrik.ee\/wp-content\/uploads\/2021\/02\/konn-kuunlaalus.jpg\" \/>\n\t<meta property=\"og:image:width\" content=\"940\" \/>\n\t<meta property=\"og:image:height\" content=\"788\" \/>\n\t<meta property=\"og:image:type\" content=\"image\/jpeg\" \/>\n<meta name=\"twitter:card\" content=\"summary_large_image\" \/>\n<meta name=\"twitter:label1\" content=\"Est. reading time\" \/>\n\t<meta name=\"twitter:data1\" content=\"1 minute\" \/>\n<script type=\"application\/ld+json\" class=\"yoast-schema-graph\">{\"@context\":\"https:\\\/\\\/schema.org\",\"@graph\":[{\"@type\":\"WebPage\",\"@id\":\"https:\\\/\\\/www.valgusevabrik.ee\\\/en\\\/product\\\/candle-holders-and-accessories\\\/ceramic-tealight-holder-frog\\\/\",\"url\":\"https:\\\/\\\/www.valgusevabrik.ee\\\/en\\\/product\\\/candle-holders-and-accessories\\\/ceramic-tealight-holder-frog\\\/\",\"name\":\"Ceramic Frog + tealights 10pc - V\u00f5hma\",\"isPartOf\":{\"@id\":\"https:\\\/\\\/www.valgusevabrik.ee\\\/#website\"},\"primaryImageOfPage\":{\"@id\":\"https:\\\/\\\/www.valgusevabrik.ee\\\/en\\\/product\\\/candle-holders-and-accessories\\\/ceramic-tealight-holder-frog\\\/#primaryimage\"},\"image\":{\"@id\":\"https:\\\/\\\/www.valgusevabrik.ee\\\/en\\\/product\\\/candle-holders-and-accessories\\\/ceramic-tealight-holder-frog\\\/#primaryimage\"},\"thumbnailUrl\":\"https:\\\/\\\/www.valgusevabrik.ee\\\/wp-content\\\/uploads\\\/2021\\\/02\\\/konn-kuunlaalus.jpg\",\"datePublished\":\"2021-02-08T09:48:20+00:00\",\"dateModified\":\"2022-03-16T08:22:38+00:00\",\"description\":\"White fired clay ceramic tealight holder from South Estonian masters + 10pc tealights of your own choice. Estonian handcraft\",\"breadcrumb\":{\"@id\":\"https:\\\/\\\/www.valgusevabrik.ee\\\/en\\\/product\\\/candle-holders-and-accessories\\\/ceramic-tealight-holder-frog\\\/#breadcrumb\"},\"inLanguage\":\"en-US\",\"potentialAction\":[{\"@type\":\"ReadAction\",\"target\":[\"https:\\\/\\\/www.valgusevabrik.ee\\\/en\\\/product\\\/candle-holders-and-accessories\\\/ceramic-tealight-holder-frog\\\/\"]}]},{\"@type\":\"ImageObject\",\"inLanguage\":\"en-US\",\"@id\":\"https:\\\/\\\/www.valgusevabrik.ee\\\/en\\\/product\\\/candle-holders-and-accessories\\\/ceramic-tealight-holder-frog\\\/#primaryimage\",\"url\":\"https:\\\/\\\/www.valgusevabrik.ee\\\/wp-content\\\/uploads\\\/2021\\\/02\\\/konn-kuunlaalus.jpg\",\"contentUrl\":\"https:\\\/\\\/www.valgusevabrik.ee\\\/wp-content\\\/uploads\\\/2021\\\/02\\\/konn-kuunlaalus.jpg\",\"width\":940,\"height\":788,\"caption\":\"Valgest p\u00f5letatud savist keraamiline teek\u00fc\u00fcnlaalus L\u00f5una-Eesti meistritelt. Sobib sisustuselemendiks ja ka suurep\u00e4rane kingiidee neile, kes armastavad loodust, hindavad k\u00e4sit\u00f6\u00f6d. Komplektis kaunis teek\u00fc\u00fcnlaalus koos teek\u00fc\u00fcnaldega (10tk) enda valikul kas l\u00f5hnaga v\u00f5i ilma. P\u00f5lemisaeg umbes 4h\\\/tk. Eesti k\u00e4sit\u00f6\u00f6\"},{\"@type\":\"BreadcrumbList\",\"@id\":\"https:\\\/\\\/www.valgusevabrik.ee\\\/en\\\/product\\\/candle-holders-and-accessories\\\/ceramic-tealight-holder-frog\\\/#breadcrumb\",\"itemListElement\":[{\"@type\":\"ListItem\",\"position\":1,\"name\":\"Home\",\"item\":\"https:\\\/\\\/www.valgusevabrik.ee\\\/en\\\/\"},{\"@type\":\"ListItem\",\"position\":2,\"name\":\"E-shop\",\"item\":\"https:\\\/\\\/www.valgusevabrik.ee\\\/en\\\/e-shop\\\/\"},{\"@type\":\"ListItem\",\"position\":3,\"name\":\"Ceramic Frog + tealights 10pc\"}]},{\"@type\":\"WebSite\",\"@id\":\"https:\\\/\\\/www.valgusevabrik.ee\\\/#website\",\"url\":\"https:\\\/\\\/www.valgusevabrik.ee\\\/\",\"name\":\"V\u00f5hma\",\"description\":\"Valguse Vabrik\",\"publisher\":{\"@id\":\"https:\\\/\\\/www.valgusevabrik.ee\\\/#organization\"},\"potentialAction\":[{\"@type\":\"SearchAction\",\"target\":{\"@type\":\"EntryPoint\",\"urlTemplate\":\"https:\\\/\\\/www.valgusevabrik.ee\\\/?s={search_term_string}\"},\"query-input\":{\"@type\":\"PropertyValueSpecification\",\"valueRequired\":true,\"valueName\":\"search_term_string\"}}],\"inLanguage\":\"en-US\"},{\"@type\":\"Organization\",\"@id\":\"https:\\\/\\\/www.valgusevabrik.ee\\\/#organization\",\"name\":\"V\u00f5hma\",\"url\":\"https:\\\/\\\/www.valgusevabrik.ee\\\/\",\"logo\":{\"@type\":\"ImageObject\",\"inLanguage\":\"en-US\",\"@id\":\"https:\\\/\\\/www.valgusevabrik.ee\\\/#\\\/schema\\\/logo\\\/image\\\/\",\"url\":\"https:\\\/\\\/www.valgusevabrik.ee\\\/wp-content\\\/uploads\\\/2025\\\/09\\\/vohmavalgusevabrik.png\",\"contentUrl\":\"https:\\\/\\\/www.valgusevabrik.ee\\\/wp-content\\\/uploads\\\/2025\\\/09\\\/vohmavalgusevabrik.png\",\"width\":256,\"height\":122,\"caption\":\"V\u00f5hma\"},\"image\":{\"@id\":\"https:\\\/\\\/www.valgusevabrik.ee\\\/#\\\/schema\\\/logo\\\/image\\\/\"},\"sameAs\":[\"https:\\\/\\\/www.facebook.com\\\/V\u00f5hma-Valgusevabrik-1511025752479317\\\/\",\"https:\\\/\\\/www.instagram.com\\\/valguse_vabrik\\\/\"]}]}<\/script>\n<!-- \/ Yoast SEO plugin. -->","yoast_head_json":{"title":"Ceramic Frog + tealights 10pc - V\u00f5hma","description":"White fired clay ceramic tealight holder from South Estonian masters + 10pc tealights of your own choice. Estonian handcraft","robots":{"index":"index","follow":"follow","max-snippet":"max-snippet:-1","max-image-preview":"max-image-preview:large","max-video-preview":"max-video-preview:-1"},"canonical":"https:\/\/www.valgusevabrik.ee\/en\/product\/candle-holders-and-accessories\/ceramic-tealight-holder-frog\/","og_locale":"en_US","og_type":"article","og_title":"Ceramic Frog + tealights 10pc - V\u00f5hma","og_description":"White fired clay ceramic tealight holder from South Estonian masters + 10pc tealights of your own choice. Estonian handcraft","og_url":"https:\/\/www.valgusevabrik.ee\/en\/product\/candle-holders-and-accessories\/ceramic-tealight-holder-frog\/","og_site_name":"V\u00f5hma","article_publisher":"https:\/\/www.facebook.com\/V%c3%b5hma-Valgusevabrik-1511025752479317\/","article_modified_time":"2022-03-16T08:22:38+00:00","og_image":[{"width":940,"height":788,"url":"https:\/\/www.valgusevabrik.ee\/wp-content\/uploads\/2021\/02\/konn-kuunlaalus.jpg","type":"image\/jpeg"}],"twitter_card":"summary_large_image","twitter_misc":{"Est. reading time":"1 minute"},"schema":{"@context":"https:\/\/schema.org","@graph":[{"@type":"WebPage","@id":"https:\/\/www.valgusevabrik.ee\/en\/product\/candle-holders-and-accessories\/ceramic-tealight-holder-frog\/","url":"https:\/\/www.valgusevabrik.ee\/en\/product\/candle-holders-and-accessories\/ceramic-tealight-holder-frog\/","name":"Ceramic Frog + tealights 10pc - V\u00f5hma","isPartOf":{"@id":"https:\/\/www.valgusevabrik.ee\/#website"},"primaryImageOfPage":{"@id":"https:\/\/www.valgusevabrik.ee\/en\/product\/candle-holders-and-accessories\/ceramic-tealight-holder-frog\/#primaryimage"},"image":{"@id":"https:\/\/www.valgusevabrik.ee\/en\/product\/candle-holders-and-accessories\/ceramic-tealight-holder-frog\/#primaryimage"},"thumbnailUrl":"https:\/\/www.valgusevabrik.ee\/wp-content\/uploads\/2021\/02\/konn-kuunlaalus.jpg","datePublished":"2021-02-08T09:48:20+00:00","dateModified":"2022-03-16T08:22:38+00:00","description":"White fired clay ceramic tealight holder from South Estonian masters + 10pc tealights of your own choice. Estonian handcraft","breadcrumb":{"@id":"https:\/\/www.valgusevabrik.ee\/en\/product\/candle-holders-and-accessories\/ceramic-tealight-holder-frog\/#breadcrumb"},"inLanguage":"en-US","potentialAction":[{"@type":"ReadAction","target":["https:\/\/www.valgusevabrik.ee\/en\/product\/candle-holders-and-accessories\/ceramic-tealight-holder-frog\/"]}]},{"@type":"ImageObject","inLanguage":"en-US","@id":"https:\/\/www.valgusevabrik.ee\/en\/product\/candle-holders-and-accessories\/ceramic-tealight-holder-frog\/#primaryimage","url":"https:\/\/www.valgusevabrik.ee\/wp-content\/uploads\/2021\/02\/konn-kuunlaalus.jpg","contentUrl":"https:\/\/www.valgusevabrik.ee\/wp-content\/uploads\/2021\/02\/konn-kuunlaalus.jpg","width":940,"height":788,"caption":"Valgest p\u00f5letatud savist keraamiline teek\u00fc\u00fcnlaalus L\u00f5una-Eesti meistritelt. Sobib sisustuselemendiks ja ka suurep\u00e4rane kingiidee neile, kes armastavad loodust, hindavad k\u00e4sit\u00f6\u00f6d. Komplektis kaunis teek\u00fc\u00fcnlaalus koos teek\u00fc\u00fcnaldega (10tk) enda valikul kas l\u00f5hnaga v\u00f5i ilma. P\u00f5lemisaeg umbes 4h\/tk. Eesti k\u00e4sit\u00f6\u00f6"},{"@type":"BreadcrumbList","@id":"https:\/\/www.valgusevabrik.ee\/en\/product\/candle-holders-and-accessories\/ceramic-tealight-holder-frog\/#breadcrumb","itemListElement":[{"@type":"ListItem","position":1,"name":"Home","item":"https:\/\/www.valgusevabrik.ee\/en\/"},{"@type":"ListItem","position":2,"name":"E-shop","item":"https:\/\/www.valgusevabrik.ee\/en\/e-shop\/"},{"@type":"ListItem","position":3,"name":"Ceramic Frog + tealights 10pc"}]},{"@type":"WebSite","@id":"https:\/\/www.valgusevabrik.ee\/#website","url":"https:\/\/www.valgusevabrik.ee\/","name":"V\u00f5hma","description":"Valguse Vabrik","publisher":{"@id":"https:\/\/www.valgusevabrik.ee\/#organization"},"potentialAction":[{"@type":"SearchAction","target":{"@type":"EntryPoint","urlTemplate":"https:\/\/www.valgusevabrik.ee\/?s={search_term_string}"},"query-input":{"@type":"PropertyValueSpecification","valueRequired":true,"valueName":"search_term_string"}}],"inLanguage":"en-US"},{"@type":"Organization","@id":"https:\/\/www.valgusevabrik.ee\/#organization","name":"V\u00f5hma","url":"https:\/\/www.valgusevabrik.ee\/","logo":{"@type":"ImageObject","inLanguage":"en-US","@id":"https:\/\/www.valgusevabrik.ee\/#\/schema\/logo\/image\/","url":"https:\/\/www.valgusevabrik.ee\/wp-content\/uploads\/2025\/09\/vohmavalgusevabrik.png","contentUrl":"https:\/\/www.valgusevabrik.ee\/wp-content\/uploads\/2025\/09\/vohmavalgusevabrik.png","width":256,"height":122,"caption":"V\u00f5hma"},"image":{"@id":"https:\/\/www.valgusevabrik.ee\/#\/schema\/logo\/image\/"},"sameAs":["https:\/\/www.facebook.com\/V\u00f5hma-Valgusevabrik-1511025752479317\/","https:\/\/www.instagram.com\/valguse_vabrik\/"]}]}},"_links":{"self":[{"href":"https:\/\/www.valgusevabrik.ee\/en\/wp-json\/wp\/v2\/product\/30700","targetHints":{"allow":["GET"]}}],"collection":[{"href":"https:\/\/www.valgusevabrik.ee\/en\/wp-json\/wp\/v2\/product"}],"about":[{"href":"https:\/\/www.valgusevabrik.ee\/en\/wp-json\/wp\/v2\/types\/product"}],"replies":[{"embeddable":true,"href":"https:\/\/www.valgusevabrik.ee\/en\/wp-json\/wp\/v2\/comments?post=30700"}],"wp:featuredmedia":[{"embeddable":true,"href":"https:\/\/www.valgusevabrik.ee\/en\/wp-json\/wp\/v2\/media\/38997"}],"wp:attachment":[{"href":"https:\/\/www.valgusevabrik.ee\/en\/wp-json\/wp\/v2\/media?parent=30700"}],"wp:term":[{"taxonomy":"product_brand","embeddable":true,"href":"https:\/\/www.valgusevabrik.ee\/en\/wp-json\/wp\/v2\/product_brand?post=30700"},{"taxonomy":"product_cat","embeddable":true,"href":"https:\/\/www.valgusevabrik.ee\/en\/wp-json\/wp\/v2\/product_cat?post=30700"},{"taxonomy":"product_tag","embeddable":true,"href":"https:\/\/www.valgusevabrik.ee\/en\/wp-json\/wp\/v2\/product_tag?post=30700"},{"taxonomy":"giftcard-category","embeddable":true,"href":"https:\/\/www.valgusevabrik.ee\/en\/wp-json\/wp\/v2\/giftcard-category?post=30700"}],"curies":[{"name":"wp","href":"https:\/\/api.w.org\/{rel}","templated":true}]}}