{"id":25883,"date":"2020-05-21T10:33:07","date_gmt":"2020-05-21T07:33:07","guid":{"rendered":"https:\/\/www.valgusevabrik.ee\/toode\/christening-candle\/"},"modified":"2021-08-17T14:31:41","modified_gmt":"2021-08-17T11:31:41","slug":"christening-candle","status":"publish","type":"product","link":"https:\/\/www.valgusevabrik.ee\/en\/product\/christening-and-memorial\/christening-candles\/christening-candle\/","title":{"rendered":"Christening candle &#8220;Streams of living water&#8221;"},"content":{"rendered":"<p><strong>Christening candle &#8220;Streams of living water&#8221;<\/strong><\/p>\n<p>Size7 x 22cm, 110h, unscented<\/p>\n<p>In the additional information field, please write the date, name, place of baptism (max. 4 lines of text).<\/p>\n<p>If desired, we can add a Bible verse to the back of the candle.<\/p>\n<p><em>Blessed is the man <\/em><br \/>\n<em>who does not walk in the counsel of the wicked,<\/em><br \/>\n<em>or set foot on the path of sinners,<\/em><br \/>\n<em>or sit in the seat of mockers.<\/em><br \/>\n<em>But his delight is in the Law of the LORD,<\/em><br \/>\n<em>and on His law he meditates day and night.<\/em><br \/>\n<em>He is like a tree planted by streams of water,<\/em><br \/>\n<em>yielding its fruit in season,<\/em><br \/>\n<em>whose leaf does not wither,<\/em><br \/>\n<em>and who prospers in all he does.<\/em><\/p>\n<p><em>Psalm 1:1-3<\/em><\/p>\n<p>If you prefer another scripture, add the text \u201cadditional field\u201d or send us an email to info@valgusevabrik.ee<\/p>\n","protected":false},"excerpt":{"rendered":"<p>Christening candle &#8220;Streams of living water&#8221; Size7 x 22cm, 110h, unscented In the additional information field, please write the date, name, place of baptism (max. 4 lines of text). If desired, we can add a Bible verse to the back of the candle. Blessed is the man who does not walk in the counsel of&#8230;<\/p>\n","protected":false},"featured_media":39106,"comment_status":"open","ping_status":"closed","template":"","meta":{"_acf_changed":false,"inline_featured_image":false},"product_brand":[],"product_cat":[217,1395],"product_tag":[],"giftcard-category":[],"class_list":{"0":"post-25883","1":"product","2":"type-product","3":"status-publish","4":"has-post-thumbnail","6":"product_cat-christening-and-memorial","7":"product_cat-christening-candles","9":"first","10":"instock","11":"taxable","12":"shipping-taxable","13":"purchasable","14":"product-type-variable"},"acf":[],"yoast_head":"<!-- This site is optimized with the Yoast SEO plugin v27.5 - https:\/\/yoast.com\/product\/yoast-seo-wordpress\/ -->\n<title>Christening candle &quot;Streams of living water&quot; - V\u00f5hma<\/title>\n<meta name=\"description\" content=\"Handmade and painted christening candle &quot;Streams of living water&quot;. Optional Bible verse or text of your choice. Size 7 x 22cm, 110h, unscented\" \/>\n<meta name=\"robots\" content=\"index, follow, max-snippet:-1, max-image-preview:large, max-video-preview:-1\" \/>\n<link rel=\"canonical\" href=\"https:\/\/www.valgusevabrik.ee\/en\/product\/christening-and-memorial\/christening-candles\/christening-candle\/\" \/>\n<meta property=\"og:locale\" content=\"en_US\" \/>\n<meta property=\"og:type\" content=\"article\" \/>\n<meta property=\"og:title\" content=\"Christening candle &quot;Streams of living water&quot; - V\u00f5hma\" \/>\n<meta property=\"og:description\" content=\"Handmade and painted christening candle &quot;Streams of living water&quot;. Optional Bible verse or text of your choice. Size 7 x 22cm, 110h, unscented\" \/>\n<meta property=\"og:url\" content=\"https:\/\/www.valgusevabrik.ee\/en\/product\/christening-and-memorial\/christening-candles\/christening-candle\/\" \/>\n<meta property=\"og:site_name\" content=\"V\u00f5hma\" \/>\n<meta property=\"article:publisher\" content=\"https:\/\/www.facebook.com\/V%c3%b5hma-Valgusevabrik-1511025752479317\/\" \/>\n<meta property=\"article:modified_time\" content=\"2021-08-17T11:31:41+00:00\" \/>\n<meta property=\"og:image\" content=\"https:\/\/www.valgusevabrik.ee\/wp-content\/uploads\/2022\/02\/leerikuunal-ristimiskuunal-allikal-vohma-valgusevabrik-kasitoo.jpg\" \/>\n\t<meta property=\"og:image:width\" content=\"683\" \/>\n\t<meta property=\"og:image:height\" content=\"1024\" \/>\n\t<meta property=\"og:image:type\" content=\"image\/jpeg\" \/>\n<meta name=\"twitter:card\" content=\"summary_large_image\" \/>\n<meta name=\"twitter:label1\" content=\"Est. reading time\" \/>\n\t<meta name=\"twitter:data1\" content=\"1 minute\" \/>\n<script type=\"application\/ld+json\" class=\"yoast-schema-graph\">{\"@context\":\"https:\\\/\\\/schema.org\",\"@graph\":[{\"@type\":\"WebPage\",\"@id\":\"https:\\\/\\\/www.valgusevabrik.ee\\\/en\\\/product\\\/christening-and-memorial\\\/christening-candles\\\/christening-candle\\\/\",\"url\":\"https:\\\/\\\/www.valgusevabrik.ee\\\/en\\\/product\\\/christening-and-memorial\\\/christening-candles\\\/christening-candle\\\/\",\"name\":\"Christening candle \\\"Streams of living water\\\" - V\u00f5hma\",\"isPartOf\":{\"@id\":\"https:\\\/\\\/www.valgusevabrik.ee\\\/#website\"},\"primaryImageOfPage\":{\"@id\":\"https:\\\/\\\/www.valgusevabrik.ee\\\/en\\\/product\\\/christening-and-memorial\\\/christening-candles\\\/christening-candle\\\/#primaryimage\"},\"image\":{\"@id\":\"https:\\\/\\\/www.valgusevabrik.ee\\\/en\\\/product\\\/christening-and-memorial\\\/christening-candles\\\/christening-candle\\\/#primaryimage\"},\"thumbnailUrl\":\"https:\\\/\\\/www.valgusevabrik.ee\\\/wp-content\\\/uploads\\\/2022\\\/02\\\/leerikuunal-ristimiskuunal-allikal-vohma-valgusevabrik-kasitoo.jpg\",\"datePublished\":\"2020-05-21T07:33:07+00:00\",\"dateModified\":\"2021-08-17T11:31:41+00:00\",\"description\":\"Handmade and painted christening candle \\\"Streams of living water\\\". Optional Bible verse or text of your choice. Size 7 x 22cm, 110h, unscented\",\"breadcrumb\":{\"@id\":\"https:\\\/\\\/www.valgusevabrik.ee\\\/en\\\/product\\\/christening-and-memorial\\\/christening-candles\\\/christening-candle\\\/#breadcrumb\"},\"inLanguage\":\"en-US\",\"potentialAction\":[{\"@type\":\"ReadAction\",\"target\":[\"https:\\\/\\\/www.valgusevabrik.ee\\\/en\\\/product\\\/christening-and-memorial\\\/christening-candles\\\/christening-candle\\\/\"]}]},{\"@type\":\"ImageObject\",\"inLanguage\":\"en-US\",\"@id\":\"https:\\\/\\\/www.valgusevabrik.ee\\\/en\\\/product\\\/christening-and-memorial\\\/christening-candles\\\/christening-candle\\\/#primaryimage\",\"url\":\"https:\\\/\\\/www.valgusevabrik.ee\\\/wp-content\\\/uploads\\\/2022\\\/02\\\/leerikuunal-ristimiskuunal-allikal-vohma-valgusevabrik-kasitoo.jpg\",\"contentUrl\":\"https:\\\/\\\/www.valgusevabrik.ee\\\/wp-content\\\/uploads\\\/2022\\\/02\\\/leerikuunal-ristimiskuunal-allikal-vohma-valgusevabrik-kasitoo.jpg\",\"width\":683,\"height\":1024,\"caption\":\"K\u00e4sitsi valmistatud leerik\u00fc\u00fcnal \\\"Allikal\\\"\"},{\"@type\":\"BreadcrumbList\",\"@id\":\"https:\\\/\\\/www.valgusevabrik.ee\\\/en\\\/product\\\/christening-and-memorial\\\/christening-candles\\\/christening-candle\\\/#breadcrumb\",\"itemListElement\":[{\"@type\":\"ListItem\",\"position\":1,\"name\":\"Home\",\"item\":\"https:\\\/\\\/www.valgusevabrik.ee\\\/en\\\/\"},{\"@type\":\"ListItem\",\"position\":2,\"name\":\"E-shop\",\"item\":\"https:\\\/\\\/www.valgusevabrik.ee\\\/en\\\/e-shop\\\/\"},{\"@type\":\"ListItem\",\"position\":3,\"name\":\"Christening candle &#8220;Streams of living water&#8221;\"}]},{\"@type\":\"WebSite\",\"@id\":\"https:\\\/\\\/www.valgusevabrik.ee\\\/#website\",\"url\":\"https:\\\/\\\/www.valgusevabrik.ee\\\/\",\"name\":\"V\u00f5hma\",\"description\":\"Valguse Vabrik\",\"publisher\":{\"@id\":\"https:\\\/\\\/www.valgusevabrik.ee\\\/#organization\"},\"potentialAction\":[{\"@type\":\"SearchAction\",\"target\":{\"@type\":\"EntryPoint\",\"urlTemplate\":\"https:\\\/\\\/www.valgusevabrik.ee\\\/?s={search_term_string}\"},\"query-input\":{\"@type\":\"PropertyValueSpecification\",\"valueRequired\":true,\"valueName\":\"search_term_string\"}}],\"inLanguage\":\"en-US\"},{\"@type\":\"Organization\",\"@id\":\"https:\\\/\\\/www.valgusevabrik.ee\\\/#organization\",\"name\":\"V\u00f5hma\",\"url\":\"https:\\\/\\\/www.valgusevabrik.ee\\\/\",\"logo\":{\"@type\":\"ImageObject\",\"inLanguage\":\"en-US\",\"@id\":\"https:\\\/\\\/www.valgusevabrik.ee\\\/#\\\/schema\\\/logo\\\/image\\\/\",\"url\":\"https:\\\/\\\/www.valgusevabrik.ee\\\/wp-content\\\/uploads\\\/2025\\\/09\\\/vohmavalgusevabrik.png\",\"contentUrl\":\"https:\\\/\\\/www.valgusevabrik.ee\\\/wp-content\\\/uploads\\\/2025\\\/09\\\/vohmavalgusevabrik.png\",\"width\":256,\"height\":122,\"caption\":\"V\u00f5hma\"},\"image\":{\"@id\":\"https:\\\/\\\/www.valgusevabrik.ee\\\/#\\\/schema\\\/logo\\\/image\\\/\"},\"sameAs\":[\"https:\\\/\\\/www.facebook.com\\\/V\u00f5hma-Valgusevabrik-1511025752479317\\\/\",\"https:\\\/\\\/www.instagram.com\\\/valguse_vabrik\\\/\"]}]}<\/script>\n<!-- \/ Yoast SEO plugin. -->","yoast_head_json":{"title":"Christening candle \"Streams of living water\" - V\u00f5hma","description":"Handmade and painted christening candle \"Streams of living water\". Optional Bible verse or text of your choice. Size 7 x 22cm, 110h, unscented","robots":{"index":"index","follow":"follow","max-snippet":"max-snippet:-1","max-image-preview":"max-image-preview:large","max-video-preview":"max-video-preview:-1"},"canonical":"https:\/\/www.valgusevabrik.ee\/en\/product\/christening-and-memorial\/christening-candles\/christening-candle\/","og_locale":"en_US","og_type":"article","og_title":"Christening candle \"Streams of living water\" - V\u00f5hma","og_description":"Handmade and painted christening candle \"Streams of living water\". Optional Bible verse or text of your choice. Size 7 x 22cm, 110h, unscented","og_url":"https:\/\/www.valgusevabrik.ee\/en\/product\/christening-and-memorial\/christening-candles\/christening-candle\/","og_site_name":"V\u00f5hma","article_publisher":"https:\/\/www.facebook.com\/V%c3%b5hma-Valgusevabrik-1511025752479317\/","article_modified_time":"2021-08-17T11:31:41+00:00","og_image":[{"width":683,"height":1024,"url":"https:\/\/www.valgusevabrik.ee\/wp-content\/uploads\/2022\/02\/leerikuunal-ristimiskuunal-allikal-vohma-valgusevabrik-kasitoo.jpg","type":"image\/jpeg"}],"twitter_card":"summary_large_image","twitter_misc":{"Est. reading time":"1 minute"},"schema":{"@context":"https:\/\/schema.org","@graph":[{"@type":"WebPage","@id":"https:\/\/www.valgusevabrik.ee\/en\/product\/christening-and-memorial\/christening-candles\/christening-candle\/","url":"https:\/\/www.valgusevabrik.ee\/en\/product\/christening-and-memorial\/christening-candles\/christening-candle\/","name":"Christening candle \"Streams of living water\" - V\u00f5hma","isPartOf":{"@id":"https:\/\/www.valgusevabrik.ee\/#website"},"primaryImageOfPage":{"@id":"https:\/\/www.valgusevabrik.ee\/en\/product\/christening-and-memorial\/christening-candles\/christening-candle\/#primaryimage"},"image":{"@id":"https:\/\/www.valgusevabrik.ee\/en\/product\/christening-and-memorial\/christening-candles\/christening-candle\/#primaryimage"},"thumbnailUrl":"https:\/\/www.valgusevabrik.ee\/wp-content\/uploads\/2022\/02\/leerikuunal-ristimiskuunal-allikal-vohma-valgusevabrik-kasitoo.jpg","datePublished":"2020-05-21T07:33:07+00:00","dateModified":"2021-08-17T11:31:41+00:00","description":"Handmade and painted christening candle \"Streams of living water\". Optional Bible verse or text of your choice. Size 7 x 22cm, 110h, unscented","breadcrumb":{"@id":"https:\/\/www.valgusevabrik.ee\/en\/product\/christening-and-memorial\/christening-candles\/christening-candle\/#breadcrumb"},"inLanguage":"en-US","potentialAction":[{"@type":"ReadAction","target":["https:\/\/www.valgusevabrik.ee\/en\/product\/christening-and-memorial\/christening-candles\/christening-candle\/"]}]},{"@type":"ImageObject","inLanguage":"en-US","@id":"https:\/\/www.valgusevabrik.ee\/en\/product\/christening-and-memorial\/christening-candles\/christening-candle\/#primaryimage","url":"https:\/\/www.valgusevabrik.ee\/wp-content\/uploads\/2022\/02\/leerikuunal-ristimiskuunal-allikal-vohma-valgusevabrik-kasitoo.jpg","contentUrl":"https:\/\/www.valgusevabrik.ee\/wp-content\/uploads\/2022\/02\/leerikuunal-ristimiskuunal-allikal-vohma-valgusevabrik-kasitoo.jpg","width":683,"height":1024,"caption":"K\u00e4sitsi valmistatud leerik\u00fc\u00fcnal \"Allikal\""},{"@type":"BreadcrumbList","@id":"https:\/\/www.valgusevabrik.ee\/en\/product\/christening-and-memorial\/christening-candles\/christening-candle\/#breadcrumb","itemListElement":[{"@type":"ListItem","position":1,"name":"Home","item":"https:\/\/www.valgusevabrik.ee\/en\/"},{"@type":"ListItem","position":2,"name":"E-shop","item":"https:\/\/www.valgusevabrik.ee\/en\/e-shop\/"},{"@type":"ListItem","position":3,"name":"Christening candle &#8220;Streams of living water&#8221;"}]},{"@type":"WebSite","@id":"https:\/\/www.valgusevabrik.ee\/#website","url":"https:\/\/www.valgusevabrik.ee\/","name":"V\u00f5hma","description":"Valguse Vabrik","publisher":{"@id":"https:\/\/www.valgusevabrik.ee\/#organization"},"potentialAction":[{"@type":"SearchAction","target":{"@type":"EntryPoint","urlTemplate":"https:\/\/www.valgusevabrik.ee\/?s={search_term_string}"},"query-input":{"@type":"PropertyValueSpecification","valueRequired":true,"valueName":"search_term_string"}}],"inLanguage":"en-US"},{"@type":"Organization","@id":"https:\/\/www.valgusevabrik.ee\/#organization","name":"V\u00f5hma","url":"https:\/\/www.valgusevabrik.ee\/","logo":{"@type":"ImageObject","inLanguage":"en-US","@id":"https:\/\/www.valgusevabrik.ee\/#\/schema\/logo\/image\/","url":"https:\/\/www.valgusevabrik.ee\/wp-content\/uploads\/2025\/09\/vohmavalgusevabrik.png","contentUrl":"https:\/\/www.valgusevabrik.ee\/wp-content\/uploads\/2025\/09\/vohmavalgusevabrik.png","width":256,"height":122,"caption":"V\u00f5hma"},"image":{"@id":"https:\/\/www.valgusevabrik.ee\/#\/schema\/logo\/image\/"},"sameAs":["https:\/\/www.facebook.com\/V\u00f5hma-Valgusevabrik-1511025752479317\/","https:\/\/www.instagram.com\/valguse_vabrik\/"]}]}},"_links":{"self":[{"href":"https:\/\/www.valgusevabrik.ee\/en\/wp-json\/wp\/v2\/product\/25883","targetHints":{"allow":["GET"]}}],"collection":[{"href":"https:\/\/www.valgusevabrik.ee\/en\/wp-json\/wp\/v2\/product"}],"about":[{"href":"https:\/\/www.valgusevabrik.ee\/en\/wp-json\/wp\/v2\/types\/product"}],"replies":[{"embeddable":true,"href":"https:\/\/www.valgusevabrik.ee\/en\/wp-json\/wp\/v2\/comments?post=25883"}],"wp:featuredmedia":[{"embeddable":true,"href":"https:\/\/www.valgusevabrik.ee\/en\/wp-json\/wp\/v2\/media\/39106"}],"wp:attachment":[{"href":"https:\/\/www.valgusevabrik.ee\/en\/wp-json\/wp\/v2\/media?parent=25883"}],"wp:term":[{"taxonomy":"product_brand","embeddable":true,"href":"https:\/\/www.valgusevabrik.ee\/en\/wp-json\/wp\/v2\/product_brand?post=25883"},{"taxonomy":"product_cat","embeddable":true,"href":"https:\/\/www.valgusevabrik.ee\/en\/wp-json\/wp\/v2\/product_cat?post=25883"},{"taxonomy":"product_tag","embeddable":true,"href":"https:\/\/www.valgusevabrik.ee\/en\/wp-json\/wp\/v2\/product_tag?post=25883"},{"taxonomy":"giftcard-category","embeddable":true,"href":"https:\/\/www.valgusevabrik.ee\/en\/wp-json\/wp\/v2\/giftcard-category?post=25883"}],"curies":[{"name":"wp","href":"https:\/\/api.w.org\/{rel}","templated":true}]}}