{"id":25877,"date":"2020-05-21T10:40:19","date_gmt":"2020-05-21T07:40:19","guid":{"rendered":"https:\/\/www.valgusevabrik.ee\/toode\/7-x-22cm-christening-candle-guardian-angel\/"},"modified":"2021-08-17T14:27:59","modified_gmt":"2021-08-17T11:27:59","slug":"christening-candle-angel","status":"publish","type":"product","link":"https:\/\/www.valgusevabrik.ee\/en\/product\/christening-and-memorial\/christening-candles\/christening-candle-angel\/","title":{"rendered":"Christening candle &#8220;Angel&#8221;"},"content":{"rendered":"<p><strong>Christening candle &#8220;Angel&#8221;<\/strong><\/p>\n<p>Unscented, size 7 x 22cm, 110h, unscented<\/p>\n<p>In the additional information field, please write the date, name, place of baptism (max. 4 lines of text).<\/p>\n<p>If you wish, we can add a Bible verse to the back of the candle:<\/p>\n<p><em>For he will order his angels <\/em><br \/>\n<em>to protect you wherever you go.<\/em><\/p>\n<p><em>Psalm 91:11<\/em><\/p>\n<p>If you would like another scripture, add the text \u201cadditional field\u201d or send us an email to info@valgusevabrik.ee<\/p>\n","protected":false},"excerpt":{"rendered":"<p>Christening candle &#8220;Angel&#8221; Unscented, size 7 x 22cm, 110h, unscented In the additional information field, please write the date, name, place of baptism (max. 4 lines of text). If you wish, we can add a Bible verse to the back of the candle: For he will order his angels to protect you wherever you go&#8230;.<\/p>\n","protected":false},"featured_media":39099,"comment_status":"open","ping_status":"closed","template":"","meta":{"_acf_changed":false,"inline_featured_image":false},"product_brand":[],"product_cat":[217,1395],"product_tag":[],"giftcard-category":[],"class_list":{"0":"post-25877","1":"product","2":"type-product","3":"status-publish","4":"has-post-thumbnail","6":"product_cat-christening-and-memorial","7":"product_cat-christening-candles","9":"first","10":"instock","11":"taxable","12":"shipping-taxable","13":"purchasable","14":"product-type-variable"},"acf":[],"yoast_head":"<!-- This site is optimized with the Yoast SEO plugin v27.4 - https:\/\/yoast.com\/product\/yoast-seo-wordpress\/ -->\n<title>Christening candle &quot;Angel&quot; - V\u00f5hma<\/title>\n<meta name=\"description\" content=\"Handmade and painted baptismal candle &quot;Angel&quot;. Optional Bible verse or text of your choice. Size 7 x 22cm, 110h, unscented\" \/>\n<meta name=\"robots\" content=\"index, follow, max-snippet:-1, max-image-preview:large, max-video-preview:-1\" \/>\n<link rel=\"canonical\" href=\"https:\/\/www.valgusevabrik.ee\/en\/product\/christening-and-memorial\/christening-candles\/christening-candle-angel\/\" \/>\n<meta property=\"og:locale\" content=\"en_US\" \/>\n<meta property=\"og:type\" content=\"article\" \/>\n<meta property=\"og:title\" content=\"Christening candle &quot;Angel&quot; - V\u00f5hma\" \/>\n<meta property=\"og:description\" content=\"Handmade and painted baptismal candle &quot;Angel&quot;. Optional Bible verse or text of your choice. Size 7 x 22cm, 110h, unscented\" \/>\n<meta property=\"og:url\" content=\"https:\/\/www.valgusevabrik.ee\/en\/product\/christening-and-memorial\/christening-candles\/christening-candle-angel\/\" \/>\n<meta property=\"og:site_name\" content=\"V\u00f5hma\" \/>\n<meta property=\"article:publisher\" content=\"https:\/\/www.facebook.com\/V%c3%b5hma-Valgusevabrik-1511025752479317\/\" \/>\n<meta property=\"article:modified_time\" content=\"2021-08-17T11:27:59+00:00\" \/>\n<meta property=\"og:image\" content=\"https:\/\/www.valgusevabrik.ee\/wp-content\/uploads\/2022\/02\/ristimiskuunal-ingel-vohma-valgusevabrik-kasutoo-scaled.jpg\" \/>\n\t<meta property=\"og:image:width\" content=\"1707\" \/>\n\t<meta property=\"og:image:height\" content=\"2560\" \/>\n\t<meta property=\"og:image:type\" content=\"image\/jpeg\" \/>\n<meta name=\"twitter:card\" content=\"summary_large_image\" \/>\n<script type=\"application\/ld+json\" class=\"yoast-schema-graph\">{\"@context\":\"https:\\\/\\\/schema.org\",\"@graph\":[{\"@type\":\"WebPage\",\"@id\":\"https:\\\/\\\/www.valgusevabrik.ee\\\/en\\\/product\\\/christening-and-memorial\\\/christening-candles\\\/christening-candle-angel\\\/\",\"url\":\"https:\\\/\\\/www.valgusevabrik.ee\\\/en\\\/product\\\/christening-and-memorial\\\/christening-candles\\\/christening-candle-angel\\\/\",\"name\":\"Christening candle \\\"Angel\\\" - V\u00f5hma\",\"isPartOf\":{\"@id\":\"https:\\\/\\\/www.valgusevabrik.ee\\\/#website\"},\"primaryImageOfPage\":{\"@id\":\"https:\\\/\\\/www.valgusevabrik.ee\\\/en\\\/product\\\/christening-and-memorial\\\/christening-candles\\\/christening-candle-angel\\\/#primaryimage\"},\"image\":{\"@id\":\"https:\\\/\\\/www.valgusevabrik.ee\\\/en\\\/product\\\/christening-and-memorial\\\/christening-candles\\\/christening-candle-angel\\\/#primaryimage\"},\"thumbnailUrl\":\"https:\\\/\\\/www.valgusevabrik.ee\\\/wp-content\\\/uploads\\\/2022\\\/02\\\/ristimiskuunal-ingel-vohma-valgusevabrik-kasutoo-scaled.jpg\",\"datePublished\":\"2020-05-21T07:40:19+00:00\",\"dateModified\":\"2021-08-17T11:27:59+00:00\",\"description\":\"Handmade and painted baptismal candle \\\"Angel\\\". Optional Bible verse or text of your choice. Size 7 x 22cm, 110h, unscented\",\"breadcrumb\":{\"@id\":\"https:\\\/\\\/www.valgusevabrik.ee\\\/en\\\/product\\\/christening-and-memorial\\\/christening-candles\\\/christening-candle-angel\\\/#breadcrumb\"},\"inLanguage\":\"en-US\",\"potentialAction\":[{\"@type\":\"ReadAction\",\"target\":[\"https:\\\/\\\/www.valgusevabrik.ee\\\/en\\\/product\\\/christening-and-memorial\\\/christening-candles\\\/christening-candle-angel\\\/\"]}]},{\"@type\":\"ImageObject\",\"inLanguage\":\"en-US\",\"@id\":\"https:\\\/\\\/www.valgusevabrik.ee\\\/en\\\/product\\\/christening-and-memorial\\\/christening-candles\\\/christening-candle-angel\\\/#primaryimage\",\"url\":\"https:\\\/\\\/www.valgusevabrik.ee\\\/wp-content\\\/uploads\\\/2022\\\/02\\\/ristimiskuunal-ingel-vohma-valgusevabrik-kasutoo-scaled.jpg\",\"contentUrl\":\"https:\\\/\\\/www.valgusevabrik.ee\\\/wp-content\\\/uploads\\\/2022\\\/02\\\/ristimiskuunal-ingel-vohma-valgusevabrik-kasutoo-scaled.jpg\",\"width\":1707,\"height\":2560,\"caption\":\"K\u00e4sitsi valmistatud leerik\u00fc\u00fcnal \\\"Ingel\\\"\"},{\"@type\":\"BreadcrumbList\",\"@id\":\"https:\\\/\\\/www.valgusevabrik.ee\\\/en\\\/product\\\/christening-and-memorial\\\/christening-candles\\\/christening-candle-angel\\\/#breadcrumb\",\"itemListElement\":[{\"@type\":\"ListItem\",\"position\":1,\"name\":\"Home\",\"item\":\"https:\\\/\\\/www.valgusevabrik.ee\\\/en\\\/\"},{\"@type\":\"ListItem\",\"position\":2,\"name\":\"E-shop\",\"item\":\"https:\\\/\\\/www.valgusevabrik.ee\\\/en\\\/e-shop\\\/\"},{\"@type\":\"ListItem\",\"position\":3,\"name\":\"Christening candle &#8220;Angel&#8221;\"}]},{\"@type\":\"WebSite\",\"@id\":\"https:\\\/\\\/www.valgusevabrik.ee\\\/#website\",\"url\":\"https:\\\/\\\/www.valgusevabrik.ee\\\/\",\"name\":\"V\u00f5hma\",\"description\":\"Valguse Vabrik\",\"publisher\":{\"@id\":\"https:\\\/\\\/www.valgusevabrik.ee\\\/#organization\"},\"potentialAction\":[{\"@type\":\"SearchAction\",\"target\":{\"@type\":\"EntryPoint\",\"urlTemplate\":\"https:\\\/\\\/www.valgusevabrik.ee\\\/?s={search_term_string}\"},\"query-input\":{\"@type\":\"PropertyValueSpecification\",\"valueRequired\":true,\"valueName\":\"search_term_string\"}}],\"inLanguage\":\"en-US\"},{\"@type\":\"Organization\",\"@id\":\"https:\\\/\\\/www.valgusevabrik.ee\\\/#organization\",\"name\":\"V\u00f5hma\",\"url\":\"https:\\\/\\\/www.valgusevabrik.ee\\\/\",\"logo\":{\"@type\":\"ImageObject\",\"inLanguage\":\"en-US\",\"@id\":\"https:\\\/\\\/www.valgusevabrik.ee\\\/#\\\/schema\\\/logo\\\/image\\\/\",\"url\":\"https:\\\/\\\/www.valgusevabrik.ee\\\/wp-content\\\/uploads\\\/2025\\\/09\\\/vohmavalgusevabrik.png\",\"contentUrl\":\"https:\\\/\\\/www.valgusevabrik.ee\\\/wp-content\\\/uploads\\\/2025\\\/09\\\/vohmavalgusevabrik.png\",\"width\":256,\"height\":122,\"caption\":\"V\u00f5hma\"},\"image\":{\"@id\":\"https:\\\/\\\/www.valgusevabrik.ee\\\/#\\\/schema\\\/logo\\\/image\\\/\"},\"sameAs\":[\"https:\\\/\\\/www.facebook.com\\\/V\u00f5hma-Valgusevabrik-1511025752479317\\\/\",\"https:\\\/\\\/www.instagram.com\\\/valguse_vabrik\\\/\"]}]}<\/script>\n<!-- \/ Yoast SEO plugin. -->","yoast_head_json":{"title":"Christening candle \"Angel\" - V\u00f5hma","description":"Handmade and painted baptismal candle \"Angel\". Optional Bible verse or text of your choice. Size 7 x 22cm, 110h, unscented","robots":{"index":"index","follow":"follow","max-snippet":"max-snippet:-1","max-image-preview":"max-image-preview:large","max-video-preview":"max-video-preview:-1"},"canonical":"https:\/\/www.valgusevabrik.ee\/en\/product\/christening-and-memorial\/christening-candles\/christening-candle-angel\/","og_locale":"en_US","og_type":"article","og_title":"Christening candle \"Angel\" - V\u00f5hma","og_description":"Handmade and painted baptismal candle \"Angel\". Optional Bible verse or text of your choice. Size 7 x 22cm, 110h, unscented","og_url":"https:\/\/www.valgusevabrik.ee\/en\/product\/christening-and-memorial\/christening-candles\/christening-candle-angel\/","og_site_name":"V\u00f5hma","article_publisher":"https:\/\/www.facebook.com\/V%c3%b5hma-Valgusevabrik-1511025752479317\/","article_modified_time":"2021-08-17T11:27:59+00:00","og_image":[{"width":1707,"height":2560,"url":"https:\/\/www.valgusevabrik.ee\/wp-content\/uploads\/2022\/02\/ristimiskuunal-ingel-vohma-valgusevabrik-kasutoo-scaled.jpg","type":"image\/jpeg"}],"twitter_card":"summary_large_image","schema":{"@context":"https:\/\/schema.org","@graph":[{"@type":"WebPage","@id":"https:\/\/www.valgusevabrik.ee\/en\/product\/christening-and-memorial\/christening-candles\/christening-candle-angel\/","url":"https:\/\/www.valgusevabrik.ee\/en\/product\/christening-and-memorial\/christening-candles\/christening-candle-angel\/","name":"Christening candle \"Angel\" - V\u00f5hma","isPartOf":{"@id":"https:\/\/www.valgusevabrik.ee\/#website"},"primaryImageOfPage":{"@id":"https:\/\/www.valgusevabrik.ee\/en\/product\/christening-and-memorial\/christening-candles\/christening-candle-angel\/#primaryimage"},"image":{"@id":"https:\/\/www.valgusevabrik.ee\/en\/product\/christening-and-memorial\/christening-candles\/christening-candle-angel\/#primaryimage"},"thumbnailUrl":"https:\/\/www.valgusevabrik.ee\/wp-content\/uploads\/2022\/02\/ristimiskuunal-ingel-vohma-valgusevabrik-kasutoo-scaled.jpg","datePublished":"2020-05-21T07:40:19+00:00","dateModified":"2021-08-17T11:27:59+00:00","description":"Handmade and painted baptismal candle \"Angel\". Optional Bible verse or text of your choice. Size 7 x 22cm, 110h, unscented","breadcrumb":{"@id":"https:\/\/www.valgusevabrik.ee\/en\/product\/christening-and-memorial\/christening-candles\/christening-candle-angel\/#breadcrumb"},"inLanguage":"en-US","potentialAction":[{"@type":"ReadAction","target":["https:\/\/www.valgusevabrik.ee\/en\/product\/christening-and-memorial\/christening-candles\/christening-candle-angel\/"]}]},{"@type":"ImageObject","inLanguage":"en-US","@id":"https:\/\/www.valgusevabrik.ee\/en\/product\/christening-and-memorial\/christening-candles\/christening-candle-angel\/#primaryimage","url":"https:\/\/www.valgusevabrik.ee\/wp-content\/uploads\/2022\/02\/ristimiskuunal-ingel-vohma-valgusevabrik-kasutoo-scaled.jpg","contentUrl":"https:\/\/www.valgusevabrik.ee\/wp-content\/uploads\/2022\/02\/ristimiskuunal-ingel-vohma-valgusevabrik-kasutoo-scaled.jpg","width":1707,"height":2560,"caption":"K\u00e4sitsi valmistatud leerik\u00fc\u00fcnal \"Ingel\""},{"@type":"BreadcrumbList","@id":"https:\/\/www.valgusevabrik.ee\/en\/product\/christening-and-memorial\/christening-candles\/christening-candle-angel\/#breadcrumb","itemListElement":[{"@type":"ListItem","position":1,"name":"Home","item":"https:\/\/www.valgusevabrik.ee\/en\/"},{"@type":"ListItem","position":2,"name":"E-shop","item":"https:\/\/www.valgusevabrik.ee\/en\/e-shop\/"},{"@type":"ListItem","position":3,"name":"Christening candle &#8220;Angel&#8221;"}]},{"@type":"WebSite","@id":"https:\/\/www.valgusevabrik.ee\/#website","url":"https:\/\/www.valgusevabrik.ee\/","name":"V\u00f5hma","description":"Valguse Vabrik","publisher":{"@id":"https:\/\/www.valgusevabrik.ee\/#organization"},"potentialAction":[{"@type":"SearchAction","target":{"@type":"EntryPoint","urlTemplate":"https:\/\/www.valgusevabrik.ee\/?s={search_term_string}"},"query-input":{"@type":"PropertyValueSpecification","valueRequired":true,"valueName":"search_term_string"}}],"inLanguage":"en-US"},{"@type":"Organization","@id":"https:\/\/www.valgusevabrik.ee\/#organization","name":"V\u00f5hma","url":"https:\/\/www.valgusevabrik.ee\/","logo":{"@type":"ImageObject","inLanguage":"en-US","@id":"https:\/\/www.valgusevabrik.ee\/#\/schema\/logo\/image\/","url":"https:\/\/www.valgusevabrik.ee\/wp-content\/uploads\/2025\/09\/vohmavalgusevabrik.png","contentUrl":"https:\/\/www.valgusevabrik.ee\/wp-content\/uploads\/2025\/09\/vohmavalgusevabrik.png","width":256,"height":122,"caption":"V\u00f5hma"},"image":{"@id":"https:\/\/www.valgusevabrik.ee\/#\/schema\/logo\/image\/"},"sameAs":["https:\/\/www.facebook.com\/V\u00f5hma-Valgusevabrik-1511025752479317\/","https:\/\/www.instagram.com\/valguse_vabrik\/"]}]}},"_links":{"self":[{"href":"https:\/\/www.valgusevabrik.ee\/en\/wp-json\/wp\/v2\/product\/25877","targetHints":{"allow":["GET"]}}],"collection":[{"href":"https:\/\/www.valgusevabrik.ee\/en\/wp-json\/wp\/v2\/product"}],"about":[{"href":"https:\/\/www.valgusevabrik.ee\/en\/wp-json\/wp\/v2\/types\/product"}],"replies":[{"embeddable":true,"href":"https:\/\/www.valgusevabrik.ee\/en\/wp-json\/wp\/v2\/comments?post=25877"}],"wp:featuredmedia":[{"embeddable":true,"href":"https:\/\/www.valgusevabrik.ee\/en\/wp-json\/wp\/v2\/media\/39099"}],"wp:attachment":[{"href":"https:\/\/www.valgusevabrik.ee\/en\/wp-json\/wp\/v2\/media?parent=25877"}],"wp:term":[{"taxonomy":"product_brand","embeddable":true,"href":"https:\/\/www.valgusevabrik.ee\/en\/wp-json\/wp\/v2\/product_brand?post=25877"},{"taxonomy":"product_cat","embeddable":true,"href":"https:\/\/www.valgusevabrik.ee\/en\/wp-json\/wp\/v2\/product_cat?post=25877"},{"taxonomy":"product_tag","embeddable":true,"href":"https:\/\/www.valgusevabrik.ee\/en\/wp-json\/wp\/v2\/product_tag?post=25877"},{"taxonomy":"giftcard-category","embeddable":true,"href":"https:\/\/www.valgusevabrik.ee\/en\/wp-json\/wp\/v2\/giftcard-category?post=25877"}],"curies":[{"name":"wp","href":"https:\/\/api.w.org\/{rel}","templated":true}]}}