{"id":25817,"date":"2017-08-25T12:52:17","date_gmt":"2017-08-25T12:52:17","guid":{"rendered":"https:\/\/www.valgusevabrik.ee\/toode\/pyramid-6-x-22cm-gladioli\/"},"modified":"2026-04-04T18:17:19","modified_gmt":"2026-04-04T15:17:19","slug":"pyramid-6-x-22cm-glamorous-gladioli","status":"publish","type":"product","link":"https:\/\/www.valgusevabrik.ee\/en\/product\/gifts\/seasons\/pyramid-6-x-22cm-glamorous-gladioli\/","title":{"rendered":"Pyramid 6 x 22cm Glamorous Gladioli"},"content":{"rendered":"<p><strong>Pyramid 6 x 22cm Glamorous Gladioli<\/strong><\/p>\n<p><strong>Size:<\/strong> 6&#215;22 cm, burning time ap 45h<\/p>\n<p><strong>Materials:<\/strong> high-quality refined paraffin, 100% OEKO-TEX certified cotton wick (lead-free).<\/p>\n<p>The candle is handmade, painted with special wax paints.<\/p>\n<p>Estonian handicraft<\/p>\n<p>With every purchase you support the Estonian craft tradition and local manufacturer. Thank you!\u2764\ufe0f<\/p>\n","protected":false},"excerpt":{"rendered":"<p>Hand-painted glamorous gladioli for your idyllic autumn decoration.<\/p>\n<div>\n<p>Suitable as a gift. Packed in cellophane.<\/p>\n<\/div>\n<div>\n<ul>\n<li><span class=\"jCAhz ChMk0b\"><span class=\"ryNqvb\">Order fulfillment time up to 7 days.<\/span><\/span><\/li>\n<li><span class=\"jCAhz ChMk0b\"><span class=\"ryNqvb\">If you want to receive it faster, contact us.<\/span><\/span><\/li>\n<li>For purchases from 40\u20ac, shipping to a parcel terminal within Estonia is FREE<\/li>\n<\/ul>\n<\/div>\n<p>&nbsp;<\/p>\n","protected":false},"featured_media":40332,"comment_status":"open","ping_status":"closed","template":"","meta":{"_acf_changed":false,"inline_featured_image":false},"product_brand":[],"product_cat":[59,812,1942],"product_tag":[],"giftcard-category":[],"class_list":{"0":"post-25817","1":"product","2":"type-product","3":"status-publish","4":"has-post-thumbnail","6":"product_cat-gifts","7":"product_cat-seasons","8":"product_cat-autumn","10":"first","11":"instock","12":"taxable","13":"shipping-taxable","14":"purchasable","15":"product-type-variable"},"acf":[],"yoast_head":"<!-- This site is optimized with the Yoast SEO plugin v27.3 - https:\/\/yoast.com\/product\/yoast-seo-wordpress\/ -->\n<title>Pyramid 6 x 22cm Glamorous Gladioli - V\u00f5hma<\/title>\n<meta name=\"description\" content=\"Handpainted pyramid glamorous gladioli for your idyllic autumn decoration. Size: 6x22 cm, burning time ap 45h V\u00f5hma Valgusevabrik handmade\" \/>\n<meta name=\"robots\" content=\"index, follow, max-snippet:-1, max-image-preview:large, max-video-preview:-1\" \/>\n<link rel=\"canonical\" href=\"https:\/\/www.valgusevabrik.ee\/en\/product\/gifts\/seasons\/pyramid-6-x-22cm-glamorous-gladioli\/\" \/>\n<meta property=\"og:locale\" content=\"en_US\" \/>\n<meta property=\"og:type\" content=\"article\" \/>\n<meta property=\"og:title\" content=\"Pyramid 6 x 22cm Glamorous Gladioli - V\u00f5hma\" \/>\n<meta property=\"og:description\" content=\"Handpainted pyramid glamorous gladioli for your idyllic autumn decoration. Size: 6x22 cm, burning time ap 45h V\u00f5hma Valgusevabrik handmade\" \/>\n<meta property=\"og:url\" content=\"https:\/\/www.valgusevabrik.ee\/en\/product\/gifts\/seasons\/pyramid-6-x-22cm-glamorous-gladioli\/\" \/>\n<meta property=\"og:site_name\" content=\"V\u00f5hma\" \/>\n<meta property=\"article:publisher\" content=\"https:\/\/www.facebook.com\/V%c3%b5hma-Valgusevabrik-1511025752479317\/\" \/>\n<meta property=\"article:modified_time\" content=\"2026-04-04T15:17:19+00:00\" \/>\n<meta property=\"og:image\" content=\"https:\/\/www.valgusevabrik.ee\/wp-content\/uploads\/2017\/08\/kuunal-maalitud-puramiid-gladioolid-vohma-valgusevabrik-kasitoo-scaled.jpg\" \/>\n\t<meta property=\"og:image:width\" content=\"1707\" \/>\n\t<meta property=\"og:image:height\" content=\"2560\" \/>\n\t<meta property=\"og:image:type\" content=\"image\/jpeg\" \/>\n<meta name=\"twitter:card\" content=\"summary_large_image\" \/>\n<meta name=\"twitter:label1\" content=\"Est. reading time\" \/>\n\t<meta name=\"twitter:data1\" content=\"1 minute\" \/>\n<script type=\"application\/ld+json\" class=\"yoast-schema-graph\">{\"@context\":\"https:\\\/\\\/schema.org\",\"@graph\":[{\"@type\":\"WebPage\",\"@id\":\"https:\\\/\\\/www.valgusevabrik.ee\\\/en\\\/product\\\/gifts\\\/seasons\\\/pyramid-6-x-22cm-glamorous-gladioli\\\/\",\"url\":\"https:\\\/\\\/www.valgusevabrik.ee\\\/en\\\/product\\\/gifts\\\/seasons\\\/pyramid-6-x-22cm-glamorous-gladioli\\\/\",\"name\":\"Pyramid 6 x 22cm Glamorous Gladioli - V\u00f5hma\",\"isPartOf\":{\"@id\":\"https:\\\/\\\/www.valgusevabrik.ee\\\/#website\"},\"primaryImageOfPage\":{\"@id\":\"https:\\\/\\\/www.valgusevabrik.ee\\\/en\\\/product\\\/gifts\\\/seasons\\\/pyramid-6-x-22cm-glamorous-gladioli\\\/#primaryimage\"},\"image\":{\"@id\":\"https:\\\/\\\/www.valgusevabrik.ee\\\/en\\\/product\\\/gifts\\\/seasons\\\/pyramid-6-x-22cm-glamorous-gladioli\\\/#primaryimage\"},\"thumbnailUrl\":\"https:\\\/\\\/www.valgusevabrik.ee\\\/wp-content\\\/uploads\\\/2017\\\/08\\\/kuunal-maalitud-puramiid-gladioolid-vohma-valgusevabrik-kasitoo-scaled.jpg\",\"datePublished\":\"2017-08-25T12:52:17+00:00\",\"dateModified\":\"2026-04-04T15:17:19+00:00\",\"description\":\"Handpainted pyramid glamorous gladioli for your idyllic autumn decoration. Size: 6x22 cm, burning time ap 45h V\u00f5hma Valgusevabrik handmade\",\"breadcrumb\":{\"@id\":\"https:\\\/\\\/www.valgusevabrik.ee\\\/en\\\/product\\\/gifts\\\/seasons\\\/pyramid-6-x-22cm-glamorous-gladioli\\\/#breadcrumb\"},\"inLanguage\":\"en-US\",\"potentialAction\":[{\"@type\":\"ReadAction\",\"target\":[\"https:\\\/\\\/www.valgusevabrik.ee\\\/en\\\/product\\\/gifts\\\/seasons\\\/pyramid-6-x-22cm-glamorous-gladioli\\\/\"]}]},{\"@type\":\"ImageObject\",\"inLanguage\":\"en-US\",\"@id\":\"https:\\\/\\\/www.valgusevabrik.ee\\\/en\\\/product\\\/gifts\\\/seasons\\\/pyramid-6-x-22cm-glamorous-gladioli\\\/#primaryimage\",\"url\":\"https:\\\/\\\/www.valgusevabrik.ee\\\/wp-content\\\/uploads\\\/2017\\\/08\\\/kuunal-maalitud-puramiid-gladioolid-vohma-valgusevabrik-kasitoo-scaled.jpg\",\"contentUrl\":\"https:\\\/\\\/www.valgusevabrik.ee\\\/wp-content\\\/uploads\\\/2017\\\/08\\\/kuunal-maalitud-puramiid-gladioolid-vohma-valgusevabrik-kasitoo-scaled.jpg\",\"width\":1707,\"height\":2560,\"caption\":\"k\u00fc\u00fcnal maalitud p\u00fcramiid Gladioolid V\u00f5hma Valgusevabrik k\u00e4sit\u00f6\u00f6\"},{\"@type\":\"BreadcrumbList\",\"@id\":\"https:\\\/\\\/www.valgusevabrik.ee\\\/en\\\/product\\\/gifts\\\/seasons\\\/pyramid-6-x-22cm-glamorous-gladioli\\\/#breadcrumb\",\"itemListElement\":[{\"@type\":\"ListItem\",\"position\":1,\"name\":\"Home\",\"item\":\"https:\\\/\\\/www.valgusevabrik.ee\\\/en\\\/\"},{\"@type\":\"ListItem\",\"position\":2,\"name\":\"E-shop\",\"item\":\"https:\\\/\\\/www.valgusevabrik.ee\\\/en\\\/e-shop\\\/\"},{\"@type\":\"ListItem\",\"position\":3,\"name\":\"Pyramid 6 x 22cm Glamorous Gladioli\"}]},{\"@type\":\"WebSite\",\"@id\":\"https:\\\/\\\/www.valgusevabrik.ee\\\/#website\",\"url\":\"https:\\\/\\\/www.valgusevabrik.ee\\\/\",\"name\":\"V\u00f5hma\",\"description\":\"Valguse Vabrik\",\"publisher\":{\"@id\":\"https:\\\/\\\/www.valgusevabrik.ee\\\/#organization\"},\"potentialAction\":[{\"@type\":\"SearchAction\",\"target\":{\"@type\":\"EntryPoint\",\"urlTemplate\":\"https:\\\/\\\/www.valgusevabrik.ee\\\/?s={search_term_string}\"},\"query-input\":{\"@type\":\"PropertyValueSpecification\",\"valueRequired\":true,\"valueName\":\"search_term_string\"}}],\"inLanguage\":\"en-US\"},{\"@type\":\"Organization\",\"@id\":\"https:\\\/\\\/www.valgusevabrik.ee\\\/#organization\",\"name\":\"V\u00f5hma\",\"url\":\"https:\\\/\\\/www.valgusevabrik.ee\\\/\",\"logo\":{\"@type\":\"ImageObject\",\"inLanguage\":\"en-US\",\"@id\":\"https:\\\/\\\/www.valgusevabrik.ee\\\/#\\\/schema\\\/logo\\\/image\\\/\",\"url\":\"https:\\\/\\\/www.valgusevabrik.ee\\\/wp-content\\\/uploads\\\/2025\\\/09\\\/vohmavalgusevabrik.png\",\"contentUrl\":\"https:\\\/\\\/www.valgusevabrik.ee\\\/wp-content\\\/uploads\\\/2025\\\/09\\\/vohmavalgusevabrik.png\",\"width\":256,\"height\":122,\"caption\":\"V\u00f5hma\"},\"image\":{\"@id\":\"https:\\\/\\\/www.valgusevabrik.ee\\\/#\\\/schema\\\/logo\\\/image\\\/\"},\"sameAs\":[\"https:\\\/\\\/www.facebook.com\\\/V\u00f5hma-Valgusevabrik-1511025752479317\\\/\",\"https:\\\/\\\/www.instagram.com\\\/valguse_vabrik\\\/\"]}]}<\/script>\n<!-- \/ Yoast SEO plugin. -->","yoast_head_json":{"title":"Pyramid 6 x 22cm Glamorous Gladioli - V\u00f5hma","description":"Handpainted pyramid glamorous gladioli for your idyllic autumn decoration. Size: 6x22 cm, burning time ap 45h V\u00f5hma Valgusevabrik handmade","robots":{"index":"index","follow":"follow","max-snippet":"max-snippet:-1","max-image-preview":"max-image-preview:large","max-video-preview":"max-video-preview:-1"},"canonical":"https:\/\/www.valgusevabrik.ee\/en\/product\/gifts\/seasons\/pyramid-6-x-22cm-glamorous-gladioli\/","og_locale":"en_US","og_type":"article","og_title":"Pyramid 6 x 22cm Glamorous Gladioli - V\u00f5hma","og_description":"Handpainted pyramid glamorous gladioli for your idyllic autumn decoration. Size: 6x22 cm, burning time ap 45h V\u00f5hma Valgusevabrik handmade","og_url":"https:\/\/www.valgusevabrik.ee\/en\/product\/gifts\/seasons\/pyramid-6-x-22cm-glamorous-gladioli\/","og_site_name":"V\u00f5hma","article_publisher":"https:\/\/www.facebook.com\/V%c3%b5hma-Valgusevabrik-1511025752479317\/","article_modified_time":"2026-04-04T15:17:19+00:00","og_image":[{"width":1707,"height":2560,"url":"https:\/\/www.valgusevabrik.ee\/wp-content\/uploads\/2017\/08\/kuunal-maalitud-puramiid-gladioolid-vohma-valgusevabrik-kasitoo-scaled.jpg","type":"image\/jpeg"}],"twitter_card":"summary_large_image","twitter_misc":{"Est. reading time":"1 minute"},"schema":{"@context":"https:\/\/schema.org","@graph":[{"@type":"WebPage","@id":"https:\/\/www.valgusevabrik.ee\/en\/product\/gifts\/seasons\/pyramid-6-x-22cm-glamorous-gladioli\/","url":"https:\/\/www.valgusevabrik.ee\/en\/product\/gifts\/seasons\/pyramid-6-x-22cm-glamorous-gladioli\/","name":"Pyramid 6 x 22cm Glamorous Gladioli - V\u00f5hma","isPartOf":{"@id":"https:\/\/www.valgusevabrik.ee\/#website"},"primaryImageOfPage":{"@id":"https:\/\/www.valgusevabrik.ee\/en\/product\/gifts\/seasons\/pyramid-6-x-22cm-glamorous-gladioli\/#primaryimage"},"image":{"@id":"https:\/\/www.valgusevabrik.ee\/en\/product\/gifts\/seasons\/pyramid-6-x-22cm-glamorous-gladioli\/#primaryimage"},"thumbnailUrl":"https:\/\/www.valgusevabrik.ee\/wp-content\/uploads\/2017\/08\/kuunal-maalitud-puramiid-gladioolid-vohma-valgusevabrik-kasitoo-scaled.jpg","datePublished":"2017-08-25T12:52:17+00:00","dateModified":"2026-04-04T15:17:19+00:00","description":"Handpainted pyramid glamorous gladioli for your idyllic autumn decoration. Size: 6x22 cm, burning time ap 45h V\u00f5hma Valgusevabrik handmade","breadcrumb":{"@id":"https:\/\/www.valgusevabrik.ee\/en\/product\/gifts\/seasons\/pyramid-6-x-22cm-glamorous-gladioli\/#breadcrumb"},"inLanguage":"en-US","potentialAction":[{"@type":"ReadAction","target":["https:\/\/www.valgusevabrik.ee\/en\/product\/gifts\/seasons\/pyramid-6-x-22cm-glamorous-gladioli\/"]}]},{"@type":"ImageObject","inLanguage":"en-US","@id":"https:\/\/www.valgusevabrik.ee\/en\/product\/gifts\/seasons\/pyramid-6-x-22cm-glamorous-gladioli\/#primaryimage","url":"https:\/\/www.valgusevabrik.ee\/wp-content\/uploads\/2017\/08\/kuunal-maalitud-puramiid-gladioolid-vohma-valgusevabrik-kasitoo-scaled.jpg","contentUrl":"https:\/\/www.valgusevabrik.ee\/wp-content\/uploads\/2017\/08\/kuunal-maalitud-puramiid-gladioolid-vohma-valgusevabrik-kasitoo-scaled.jpg","width":1707,"height":2560,"caption":"k\u00fc\u00fcnal maalitud p\u00fcramiid Gladioolid V\u00f5hma Valgusevabrik k\u00e4sit\u00f6\u00f6"},{"@type":"BreadcrumbList","@id":"https:\/\/www.valgusevabrik.ee\/en\/product\/gifts\/seasons\/pyramid-6-x-22cm-glamorous-gladioli\/#breadcrumb","itemListElement":[{"@type":"ListItem","position":1,"name":"Home","item":"https:\/\/www.valgusevabrik.ee\/en\/"},{"@type":"ListItem","position":2,"name":"E-shop","item":"https:\/\/www.valgusevabrik.ee\/en\/e-shop\/"},{"@type":"ListItem","position":3,"name":"Pyramid 6 x 22cm Glamorous Gladioli"}]},{"@type":"WebSite","@id":"https:\/\/www.valgusevabrik.ee\/#website","url":"https:\/\/www.valgusevabrik.ee\/","name":"V\u00f5hma","description":"Valguse Vabrik","publisher":{"@id":"https:\/\/www.valgusevabrik.ee\/#organization"},"potentialAction":[{"@type":"SearchAction","target":{"@type":"EntryPoint","urlTemplate":"https:\/\/www.valgusevabrik.ee\/?s={search_term_string}"},"query-input":{"@type":"PropertyValueSpecification","valueRequired":true,"valueName":"search_term_string"}}],"inLanguage":"en-US"},{"@type":"Organization","@id":"https:\/\/www.valgusevabrik.ee\/#organization","name":"V\u00f5hma","url":"https:\/\/www.valgusevabrik.ee\/","logo":{"@type":"ImageObject","inLanguage":"en-US","@id":"https:\/\/www.valgusevabrik.ee\/#\/schema\/logo\/image\/","url":"https:\/\/www.valgusevabrik.ee\/wp-content\/uploads\/2025\/09\/vohmavalgusevabrik.png","contentUrl":"https:\/\/www.valgusevabrik.ee\/wp-content\/uploads\/2025\/09\/vohmavalgusevabrik.png","width":256,"height":122,"caption":"V\u00f5hma"},"image":{"@id":"https:\/\/www.valgusevabrik.ee\/#\/schema\/logo\/image\/"},"sameAs":["https:\/\/www.facebook.com\/V\u00f5hma-Valgusevabrik-1511025752479317\/","https:\/\/www.instagram.com\/valguse_vabrik\/"]}]}},"_links":{"self":[{"href":"https:\/\/www.valgusevabrik.ee\/en\/wp-json\/wp\/v2\/product\/25817","targetHints":{"allow":["GET"]}}],"collection":[{"href":"https:\/\/www.valgusevabrik.ee\/en\/wp-json\/wp\/v2\/product"}],"about":[{"href":"https:\/\/www.valgusevabrik.ee\/en\/wp-json\/wp\/v2\/types\/product"}],"replies":[{"embeddable":true,"href":"https:\/\/www.valgusevabrik.ee\/en\/wp-json\/wp\/v2\/comments?post=25817"}],"wp:featuredmedia":[{"embeddable":true,"href":"https:\/\/www.valgusevabrik.ee\/en\/wp-json\/wp\/v2\/media\/40332"}],"wp:attachment":[{"href":"https:\/\/www.valgusevabrik.ee\/en\/wp-json\/wp\/v2\/media?parent=25817"}],"wp:term":[{"taxonomy":"product_brand","embeddable":true,"href":"https:\/\/www.valgusevabrik.ee\/en\/wp-json\/wp\/v2\/product_brand?post=25817"},{"taxonomy":"product_cat","embeddable":true,"href":"https:\/\/www.valgusevabrik.ee\/en\/wp-json\/wp\/v2\/product_cat?post=25817"},{"taxonomy":"product_tag","embeddable":true,"href":"https:\/\/www.valgusevabrik.ee\/en\/wp-json\/wp\/v2\/product_tag?post=25817"},{"taxonomy":"giftcard-category","embeddable":true,"href":"https:\/\/www.valgusevabrik.ee\/en\/wp-json\/wp\/v2\/giftcard-category?post=25817"}],"curies":[{"name":"wp","href":"https:\/\/api.w.org\/{rel}","templated":true}]}}