{"id":25816,"date":"2017-08-25T12:45:19","date_gmt":"2017-08-25T12:45:19","guid":{"rendered":"https:\/\/www.valgusevabrik.ee\/toode\/pyramid-6-x-22cm-rowan-berries-and-birds\/"},"modified":"2026-03-24T15:18:45","modified_gmt":"2026-03-24T13:18:45","slug":"pyramid-colorful-rowan-berries-and-birds","status":"publish","type":"product","link":"https:\/\/www.valgusevabrik.ee\/en\/product\/gifts\/seasons\/pyramid-colorful-rowan-berries-and-birds\/","title":{"rendered":"Pyramid Colorful Rowan Berries And Birds"},"content":{"rendered":"<p><strong>Pyramid Colorful Rowan Berries And Birds<\/strong><\/p>\n<p><strong>Size:<\/strong> 6 x 22cm, burntime approx. 45h unscented<\/p>\n<p><strong>Material:<\/strong>\u00a0Made from high-quality refined wax with a stable burn, creating a warm, inviting glow. 100% OEKO-TEX certified cotton wick (lead-free). Special wax colors melt evenly with candle wax.<\/p>\n<p>Does not contain palm oil. Vegan<\/p>\n<p>With every purchase you support Estonian craft tradition and local producers. Thank you! \u2764\ufe0f<\/p>\n","protected":false},"excerpt":{"rendered":"<p>Handpainted litte birds inmidst of colorful rowan berries.<\/p>\n<p>Suitable as a gift. Packed in cellophane.<\/p>\n<div>\n<ul>\n<li><span class=\"jCAhz ChMk0b\"><span class=\"ryNqvb\">Order fulfillment time up to 7 days.<\/span><\/span><\/li>\n<li><span class=\"jCAhz ChMk0b\"><span class=\"ryNqvb\">If you want to receive it faster, contact us.<\/span><\/span><\/li>\n<li>For purchases from 40\u20ac, shipping to a parcel terminal within Estonia is FREE<\/li>\n<\/ul>\n<\/div>\n","protected":false},"featured_media":40335,"comment_status":"open","ping_status":"closed","template":"","meta":{"_acf_changed":false,"inline_featured_image":false},"product_brand":[],"product_cat":[59,812],"product_tag":[],"giftcard-category":[],"class_list":{"0":"post-25816","1":"product","2":"type-product","3":"status-publish","4":"has-post-thumbnail","6":"product_cat-gifts","7":"product_cat-seasons","9":"first","10":"instock","11":"taxable","12":"shipping-taxable","13":"purchasable","14":"product-type-simple"},"acf":[],"yoast_head":"<!-- This site is optimized with the Yoast SEO plugin v27.5 - https:\/\/yoast.com\/product\/yoast-seo-wordpress\/ -->\n<title>Pyramid Colorful Rowan Berries And Birds - V\u00f5hma<\/title>\n<meta name=\"description\" content=\"Pyramid Colorful Rowan Berries And Birds. Handpainted litte birds inmidst of colorful rowan berries. Size: 6 x 22cm, burntime approx. 45h unscented\" \/>\n<meta name=\"robots\" content=\"index, follow, max-snippet:-1, max-image-preview:large, max-video-preview:-1\" \/>\n<link rel=\"canonical\" href=\"https:\/\/www.valgusevabrik.ee\/en\/product\/gifts\/seasons\/pyramid-colorful-rowan-berries-and-birds\/\" \/>\n<meta property=\"og:locale\" content=\"en_US\" \/>\n<meta property=\"og:type\" content=\"article\" \/>\n<meta property=\"og:title\" content=\"Pyramid Colorful Rowan Berries And Birds - V\u00f5hma\" \/>\n<meta property=\"og:description\" content=\"Pyramid Colorful Rowan Berries And Birds. Handpainted litte birds inmidst of colorful rowan berries. Size: 6 x 22cm, burntime approx. 45h unscented\" \/>\n<meta property=\"og:url\" content=\"https:\/\/www.valgusevabrik.ee\/en\/product\/gifts\/seasons\/pyramid-colorful-rowan-berries-and-birds\/\" \/>\n<meta property=\"og:site_name\" content=\"V\u00f5hma\" \/>\n<meta property=\"article:publisher\" content=\"https:\/\/www.facebook.com\/V%c3%b5hma-Valgusevabrik-1511025752479317\/\" \/>\n<meta property=\"article:modified_time\" content=\"2026-03-24T13:18:45+00:00\" \/>\n<meta property=\"og:image\" content=\"https:\/\/www.valgusevabrik.ee\/wp-content\/uploads\/2017\/08\/kuunal-maalitud-puramiid-pihlakad-vohma-valgusevabrik-kasitoo.jpg\" \/>\n\t<meta property=\"og:image:width\" content=\"1307\" \/>\n\t<meta property=\"og:image:height\" content=\"1963\" \/>\n\t<meta property=\"og:image:type\" content=\"image\/jpeg\" \/>\n<meta name=\"twitter:card\" content=\"summary_large_image\" \/>\n<meta name=\"twitter:label1\" content=\"Est. reading time\" \/>\n\t<meta name=\"twitter:data1\" content=\"1 minute\" \/>\n<script type=\"application\/ld+json\" class=\"yoast-schema-graph\">{\"@context\":\"https:\\\/\\\/schema.org\",\"@graph\":[{\"@type\":\"WebPage\",\"@id\":\"https:\\\/\\\/www.valgusevabrik.ee\\\/en\\\/product\\\/gifts\\\/seasons\\\/pyramid-colorful-rowan-berries-and-birds\\\/\",\"url\":\"https:\\\/\\\/www.valgusevabrik.ee\\\/en\\\/product\\\/gifts\\\/seasons\\\/pyramid-colorful-rowan-berries-and-birds\\\/\",\"name\":\"Pyramid Colorful Rowan Berries And Birds - V\u00f5hma\",\"isPartOf\":{\"@id\":\"https:\\\/\\\/www.valgusevabrik.ee\\\/#website\"},\"primaryImageOfPage\":{\"@id\":\"https:\\\/\\\/www.valgusevabrik.ee\\\/en\\\/product\\\/gifts\\\/seasons\\\/pyramid-colorful-rowan-berries-and-birds\\\/#primaryimage\"},\"image\":{\"@id\":\"https:\\\/\\\/www.valgusevabrik.ee\\\/en\\\/product\\\/gifts\\\/seasons\\\/pyramid-colorful-rowan-berries-and-birds\\\/#primaryimage\"},\"thumbnailUrl\":\"https:\\\/\\\/www.valgusevabrik.ee\\\/wp-content\\\/uploads\\\/2017\\\/08\\\/kuunal-maalitud-puramiid-pihlakad-vohma-valgusevabrik-kasitoo.jpg\",\"datePublished\":\"2017-08-25T12:45:19+00:00\",\"dateModified\":\"2026-03-24T13:18:45+00:00\",\"description\":\"Pyramid Colorful Rowan Berries And Birds. Handpainted litte birds inmidst of colorful rowan berries. Size: 6 x 22cm, burntime approx. 45h unscented\",\"breadcrumb\":{\"@id\":\"https:\\\/\\\/www.valgusevabrik.ee\\\/en\\\/product\\\/gifts\\\/seasons\\\/pyramid-colorful-rowan-berries-and-birds\\\/#breadcrumb\"},\"inLanguage\":\"en-US\",\"potentialAction\":[{\"@type\":\"ReadAction\",\"target\":[\"https:\\\/\\\/www.valgusevabrik.ee\\\/en\\\/product\\\/gifts\\\/seasons\\\/pyramid-colorful-rowan-berries-and-birds\\\/\"]}]},{\"@type\":\"ImageObject\",\"inLanguage\":\"en-US\",\"@id\":\"https:\\\/\\\/www.valgusevabrik.ee\\\/en\\\/product\\\/gifts\\\/seasons\\\/pyramid-colorful-rowan-berries-and-birds\\\/#primaryimage\",\"url\":\"https:\\\/\\\/www.valgusevabrik.ee\\\/wp-content\\\/uploads\\\/2017\\\/08\\\/kuunal-maalitud-puramiid-pihlakad-vohma-valgusevabrik-kasitoo.jpg\",\"contentUrl\":\"https:\\\/\\\/www.valgusevabrik.ee\\\/wp-content\\\/uploads\\\/2017\\\/08\\\/kuunal-maalitud-puramiid-pihlakad-vohma-valgusevabrik-kasitoo.jpg\",\"width\":1307,\"height\":1963,\"caption\":\"k\u00fc\u00fcnal maalitud p\u00fcramiid Pihlakad V\u00f5hma Valgusevabrik k\u00e4sit\u00f6\u00f6\"},{\"@type\":\"BreadcrumbList\",\"@id\":\"https:\\\/\\\/www.valgusevabrik.ee\\\/en\\\/product\\\/gifts\\\/seasons\\\/pyramid-colorful-rowan-berries-and-birds\\\/#breadcrumb\",\"itemListElement\":[{\"@type\":\"ListItem\",\"position\":1,\"name\":\"Home\",\"item\":\"https:\\\/\\\/www.valgusevabrik.ee\\\/en\\\/\"},{\"@type\":\"ListItem\",\"position\":2,\"name\":\"E-shop\",\"item\":\"https:\\\/\\\/www.valgusevabrik.ee\\\/en\\\/e-shop\\\/\"},{\"@type\":\"ListItem\",\"position\":3,\"name\":\"Pyramid Colorful Rowan Berries And Birds\"}]},{\"@type\":\"WebSite\",\"@id\":\"https:\\\/\\\/www.valgusevabrik.ee\\\/#website\",\"url\":\"https:\\\/\\\/www.valgusevabrik.ee\\\/\",\"name\":\"V\u00f5hma\",\"description\":\"Valguse Vabrik\",\"publisher\":{\"@id\":\"https:\\\/\\\/www.valgusevabrik.ee\\\/#organization\"},\"potentialAction\":[{\"@type\":\"SearchAction\",\"target\":{\"@type\":\"EntryPoint\",\"urlTemplate\":\"https:\\\/\\\/www.valgusevabrik.ee\\\/?s={search_term_string}\"},\"query-input\":{\"@type\":\"PropertyValueSpecification\",\"valueRequired\":true,\"valueName\":\"search_term_string\"}}],\"inLanguage\":\"en-US\"},{\"@type\":\"Organization\",\"@id\":\"https:\\\/\\\/www.valgusevabrik.ee\\\/#organization\",\"name\":\"V\u00f5hma\",\"url\":\"https:\\\/\\\/www.valgusevabrik.ee\\\/\",\"logo\":{\"@type\":\"ImageObject\",\"inLanguage\":\"en-US\",\"@id\":\"https:\\\/\\\/www.valgusevabrik.ee\\\/#\\\/schema\\\/logo\\\/image\\\/\",\"url\":\"https:\\\/\\\/www.valgusevabrik.ee\\\/wp-content\\\/uploads\\\/2025\\\/09\\\/vohmavalgusevabrik.png\",\"contentUrl\":\"https:\\\/\\\/www.valgusevabrik.ee\\\/wp-content\\\/uploads\\\/2025\\\/09\\\/vohmavalgusevabrik.png\",\"width\":256,\"height\":122,\"caption\":\"V\u00f5hma\"},\"image\":{\"@id\":\"https:\\\/\\\/www.valgusevabrik.ee\\\/#\\\/schema\\\/logo\\\/image\\\/\"},\"sameAs\":[\"https:\\\/\\\/www.facebook.com\\\/V\u00f5hma-Valgusevabrik-1511025752479317\\\/\",\"https:\\\/\\\/www.instagram.com\\\/valguse_vabrik\\\/\"]}]}<\/script>\n<!-- \/ Yoast SEO plugin. -->","yoast_head_json":{"title":"Pyramid Colorful Rowan Berries And Birds - V\u00f5hma","description":"Pyramid Colorful Rowan Berries And Birds. Handpainted litte birds inmidst of colorful rowan berries. Size: 6 x 22cm, burntime approx. 45h unscented","robots":{"index":"index","follow":"follow","max-snippet":"max-snippet:-1","max-image-preview":"max-image-preview:large","max-video-preview":"max-video-preview:-1"},"canonical":"https:\/\/www.valgusevabrik.ee\/en\/product\/gifts\/seasons\/pyramid-colorful-rowan-berries-and-birds\/","og_locale":"en_US","og_type":"article","og_title":"Pyramid Colorful Rowan Berries And Birds - V\u00f5hma","og_description":"Pyramid Colorful Rowan Berries And Birds. Handpainted litte birds inmidst of colorful rowan berries. Size: 6 x 22cm, burntime approx. 45h unscented","og_url":"https:\/\/www.valgusevabrik.ee\/en\/product\/gifts\/seasons\/pyramid-colorful-rowan-berries-and-birds\/","og_site_name":"V\u00f5hma","article_publisher":"https:\/\/www.facebook.com\/V%c3%b5hma-Valgusevabrik-1511025752479317\/","article_modified_time":"2026-03-24T13:18:45+00:00","og_image":[{"width":1307,"height":1963,"url":"https:\/\/www.valgusevabrik.ee\/wp-content\/uploads\/2017\/08\/kuunal-maalitud-puramiid-pihlakad-vohma-valgusevabrik-kasitoo.jpg","type":"image\/jpeg"}],"twitter_card":"summary_large_image","twitter_misc":{"Est. reading time":"1 minute"},"schema":{"@context":"https:\/\/schema.org","@graph":[{"@type":"WebPage","@id":"https:\/\/www.valgusevabrik.ee\/en\/product\/gifts\/seasons\/pyramid-colorful-rowan-berries-and-birds\/","url":"https:\/\/www.valgusevabrik.ee\/en\/product\/gifts\/seasons\/pyramid-colorful-rowan-berries-and-birds\/","name":"Pyramid Colorful Rowan Berries And Birds - V\u00f5hma","isPartOf":{"@id":"https:\/\/www.valgusevabrik.ee\/#website"},"primaryImageOfPage":{"@id":"https:\/\/www.valgusevabrik.ee\/en\/product\/gifts\/seasons\/pyramid-colorful-rowan-berries-and-birds\/#primaryimage"},"image":{"@id":"https:\/\/www.valgusevabrik.ee\/en\/product\/gifts\/seasons\/pyramid-colorful-rowan-berries-and-birds\/#primaryimage"},"thumbnailUrl":"https:\/\/www.valgusevabrik.ee\/wp-content\/uploads\/2017\/08\/kuunal-maalitud-puramiid-pihlakad-vohma-valgusevabrik-kasitoo.jpg","datePublished":"2017-08-25T12:45:19+00:00","dateModified":"2026-03-24T13:18:45+00:00","description":"Pyramid Colorful Rowan Berries And Birds. Handpainted litte birds inmidst of colorful rowan berries. Size: 6 x 22cm, burntime approx. 45h unscented","breadcrumb":{"@id":"https:\/\/www.valgusevabrik.ee\/en\/product\/gifts\/seasons\/pyramid-colorful-rowan-berries-and-birds\/#breadcrumb"},"inLanguage":"en-US","potentialAction":[{"@type":"ReadAction","target":["https:\/\/www.valgusevabrik.ee\/en\/product\/gifts\/seasons\/pyramid-colorful-rowan-berries-and-birds\/"]}]},{"@type":"ImageObject","inLanguage":"en-US","@id":"https:\/\/www.valgusevabrik.ee\/en\/product\/gifts\/seasons\/pyramid-colorful-rowan-berries-and-birds\/#primaryimage","url":"https:\/\/www.valgusevabrik.ee\/wp-content\/uploads\/2017\/08\/kuunal-maalitud-puramiid-pihlakad-vohma-valgusevabrik-kasitoo.jpg","contentUrl":"https:\/\/www.valgusevabrik.ee\/wp-content\/uploads\/2017\/08\/kuunal-maalitud-puramiid-pihlakad-vohma-valgusevabrik-kasitoo.jpg","width":1307,"height":1963,"caption":"k\u00fc\u00fcnal maalitud p\u00fcramiid Pihlakad V\u00f5hma Valgusevabrik k\u00e4sit\u00f6\u00f6"},{"@type":"BreadcrumbList","@id":"https:\/\/www.valgusevabrik.ee\/en\/product\/gifts\/seasons\/pyramid-colorful-rowan-berries-and-birds\/#breadcrumb","itemListElement":[{"@type":"ListItem","position":1,"name":"Home","item":"https:\/\/www.valgusevabrik.ee\/en\/"},{"@type":"ListItem","position":2,"name":"E-shop","item":"https:\/\/www.valgusevabrik.ee\/en\/e-shop\/"},{"@type":"ListItem","position":3,"name":"Pyramid Colorful Rowan Berries And Birds"}]},{"@type":"WebSite","@id":"https:\/\/www.valgusevabrik.ee\/#website","url":"https:\/\/www.valgusevabrik.ee\/","name":"V\u00f5hma","description":"Valguse Vabrik","publisher":{"@id":"https:\/\/www.valgusevabrik.ee\/#organization"},"potentialAction":[{"@type":"SearchAction","target":{"@type":"EntryPoint","urlTemplate":"https:\/\/www.valgusevabrik.ee\/?s={search_term_string}"},"query-input":{"@type":"PropertyValueSpecification","valueRequired":true,"valueName":"search_term_string"}}],"inLanguage":"en-US"},{"@type":"Organization","@id":"https:\/\/www.valgusevabrik.ee\/#organization","name":"V\u00f5hma","url":"https:\/\/www.valgusevabrik.ee\/","logo":{"@type":"ImageObject","inLanguage":"en-US","@id":"https:\/\/www.valgusevabrik.ee\/#\/schema\/logo\/image\/","url":"https:\/\/www.valgusevabrik.ee\/wp-content\/uploads\/2025\/09\/vohmavalgusevabrik.png","contentUrl":"https:\/\/www.valgusevabrik.ee\/wp-content\/uploads\/2025\/09\/vohmavalgusevabrik.png","width":256,"height":122,"caption":"V\u00f5hma"},"image":{"@id":"https:\/\/www.valgusevabrik.ee\/#\/schema\/logo\/image\/"},"sameAs":["https:\/\/www.facebook.com\/V\u00f5hma-Valgusevabrik-1511025752479317\/","https:\/\/www.instagram.com\/valguse_vabrik\/"]}]}},"_links":{"self":[{"href":"https:\/\/www.valgusevabrik.ee\/en\/wp-json\/wp\/v2\/product\/25816","targetHints":{"allow":["GET"]}}],"collection":[{"href":"https:\/\/www.valgusevabrik.ee\/en\/wp-json\/wp\/v2\/product"}],"about":[{"href":"https:\/\/www.valgusevabrik.ee\/en\/wp-json\/wp\/v2\/types\/product"}],"replies":[{"embeddable":true,"href":"https:\/\/www.valgusevabrik.ee\/en\/wp-json\/wp\/v2\/comments?post=25816"}],"wp:featuredmedia":[{"embeddable":true,"href":"https:\/\/www.valgusevabrik.ee\/en\/wp-json\/wp\/v2\/media\/40335"}],"wp:attachment":[{"href":"https:\/\/www.valgusevabrik.ee\/en\/wp-json\/wp\/v2\/media?parent=25816"}],"wp:term":[{"taxonomy":"product_brand","embeddable":true,"href":"https:\/\/www.valgusevabrik.ee\/en\/wp-json\/wp\/v2\/product_brand?post=25816"},{"taxonomy":"product_cat","embeddable":true,"href":"https:\/\/www.valgusevabrik.ee\/en\/wp-json\/wp\/v2\/product_cat?post=25816"},{"taxonomy":"product_tag","embeddable":true,"href":"https:\/\/www.valgusevabrik.ee\/en\/wp-json\/wp\/v2\/product_tag?post=25816"},{"taxonomy":"giftcard-category","embeddable":true,"href":"https:\/\/www.valgusevabrik.ee\/en\/wp-json\/wp\/v2\/giftcard-category?post=25816"}],"curies":[{"name":"wp","href":"https:\/\/api.w.org\/{rel}","templated":true}]}}