{"id":25194,"date":"2020-03-21T13:28:04","date_gmt":"2020-03-21T11:28:04","guid":{"rendered":"https:\/\/www.valgusevabrik.ee\/toode\/new-cute-little-sheepy\/"},"modified":"2026-03-25T15:14:15","modified_gmt":"2026-03-25T13:14:15","slug":"cute-little-sheepy","status":"publish","type":"product","link":"https:\/\/www.valgusevabrik.ee\/en\/product\/unscented-candles\/special-shaped-unscented\/cute-little-sheepy\/","title":{"rendered":"Cute Little Sheepy"},"content":{"rendered":"<p><strong>Cute Little Sheepy<\/strong><\/p>\n<p>A mixture of rapeseed wax, which gives the candle a soft appearance and paraffin, which ensures a stable burn. A small circle of wax remains, as the shape has a disproportionate special shape.<\/p>\n<p><strong>Size:<\/strong> 6.5 x 5.5 x 5.4 cm, burn time approx 12h, unscented<\/p>\n<p><strong>Material:<\/strong>\u00a0 rapeseed wax, 100% OEKO-TEX certified cotton wick (lead-free).<\/p>\n<p>Does not contain palm oil. Vegan<\/p>\n<p>With every purchase you support Estonian craft tradition and local producers. Thank you! \u2764\ufe0f<\/p>\n","protected":false},"excerpt":{"rendered":"<p>These little, colorful cute balls make a good mood!<\/p>\n<ul>\n<li>\ufe0f\ufe0fFast delivery 1-3 days across Estonia<\/li>\n<li>Free shipping to parcel lockers from \u20ac40<\/li>\n<\/ul>\n","protected":false},"featured_media":24473,"comment_status":"open","ping_status":"closed","template":"","meta":{"_acf_changed":false,"inline_featured_image":false},"product_brand":[],"product_cat":[59,1776,1959],"product_tag":[],"giftcard-category":[],"class_list":{"0":"post-25194","1":"product","2":"type-product","3":"status-publish","4":"has-post-thumbnail","6":"product_cat-gifts","7":"product_cat-special-shaped-unscented","8":"product_cat-spring","10":"first","11":"instock","12":"taxable","13":"shipping-taxable","14":"purchasable","15":"product-type-variable"},"acf":[],"yoast_head":"<!-- This site is optimized with the Yoast SEO plugin v27.3 - https:\/\/yoast.com\/product\/yoast-seo-wordpress\/ -->\n<title>Cute Little Sheepy - V\u00f5hma<\/title>\n<meta name=\"description\" content=\"Cute little sheepy. Size 6.5 x 5.5 x 5.4 cm, burn time approx 12h Handmade by V\u00f5hma Valgusevabrik artisan. Suitable as a gift\" \/>\n<meta name=\"robots\" content=\"index, follow, max-snippet:-1, max-image-preview:large, max-video-preview:-1\" \/>\n<link rel=\"canonical\" href=\"https:\/\/www.valgusevabrik.ee\/en\/product\/unscented-candles\/special-shaped-unscented\/cute-little-sheepy\/\" \/>\n<meta property=\"og:locale\" content=\"en_US\" \/>\n<meta property=\"og:type\" content=\"article\" \/>\n<meta property=\"og:title\" content=\"Cute Little Sheepy - V\u00f5hma\" \/>\n<meta property=\"og:description\" content=\"Cute little sheepy. Size 6.5 x 5.5 x 5.4 cm, burn time approx 12h Handmade by V\u00f5hma Valgusevabrik artisan. Suitable as a gift\" \/>\n<meta property=\"og:url\" content=\"https:\/\/www.valgusevabrik.ee\/en\/product\/unscented-candles\/special-shaped-unscented\/cute-little-sheepy\/\" \/>\n<meta property=\"og:site_name\" content=\"V\u00f5hma\" \/>\n<meta property=\"article:publisher\" content=\"https:\/\/www.facebook.com\/V%c3%b5hma-Valgusevabrik-1511025752479317\/\" \/>\n<meta property=\"article:modified_time\" content=\"2026-03-25T13:14:15+00:00\" \/>\n<meta property=\"og:image\" content=\"https:\/\/www.valgusevabrik.ee\/wp-content\/uploads\/2020\/03\/lambad_tootefoto-scaled.jpg\" \/>\n\t<meta property=\"og:image:width\" content=\"1707\" \/>\n\t<meta property=\"og:image:height\" content=\"2560\" \/>\n\t<meta property=\"og:image:type\" content=\"image\/jpeg\" \/>\n<meta name=\"twitter:card\" content=\"summary_large_image\" \/>\n<meta name=\"twitter:label1\" content=\"Est. reading time\" \/>\n\t<meta name=\"twitter:data1\" content=\"1 minute\" \/>\n<script type=\"application\/ld+json\" class=\"yoast-schema-graph\">{\"@context\":\"https:\\\/\\\/schema.org\",\"@graph\":[{\"@type\":\"WebPage\",\"@id\":\"https:\\\/\\\/www.valgusevabrik.ee\\\/en\\\/product\\\/unscented-candles\\\/special-shaped-unscented\\\/cute-little-sheepy\\\/\",\"url\":\"https:\\\/\\\/www.valgusevabrik.ee\\\/en\\\/product\\\/unscented-candles\\\/special-shaped-unscented\\\/cute-little-sheepy\\\/\",\"name\":\"Cute Little Sheepy - V\u00f5hma\",\"isPartOf\":{\"@id\":\"https:\\\/\\\/www.valgusevabrik.ee\\\/#website\"},\"primaryImageOfPage\":{\"@id\":\"https:\\\/\\\/www.valgusevabrik.ee\\\/en\\\/product\\\/unscented-candles\\\/special-shaped-unscented\\\/cute-little-sheepy\\\/#primaryimage\"},\"image\":{\"@id\":\"https:\\\/\\\/www.valgusevabrik.ee\\\/en\\\/product\\\/unscented-candles\\\/special-shaped-unscented\\\/cute-little-sheepy\\\/#primaryimage\"},\"thumbnailUrl\":\"https:\\\/\\\/www.valgusevabrik.ee\\\/wp-content\\\/uploads\\\/2020\\\/03\\\/lambad_tootefoto-scaled.jpg\",\"datePublished\":\"2020-03-21T11:28:04+00:00\",\"dateModified\":\"2026-03-25T13:14:15+00:00\",\"description\":\"Cute little sheepy. Size 6.5 x 5.5 x 5.4 cm, burn time approx 12h Handmade by V\u00f5hma Valgusevabrik artisan. Suitable as a gift\",\"breadcrumb\":{\"@id\":\"https:\\\/\\\/www.valgusevabrik.ee\\\/en\\\/product\\\/unscented-candles\\\/special-shaped-unscented\\\/cute-little-sheepy\\\/#breadcrumb\"},\"inLanguage\":\"en-US\",\"potentialAction\":[{\"@type\":\"ReadAction\",\"target\":[\"https:\\\/\\\/www.valgusevabrik.ee\\\/en\\\/product\\\/unscented-candles\\\/special-shaped-unscented\\\/cute-little-sheepy\\\/\"]}]},{\"@type\":\"ImageObject\",\"inLanguage\":\"en-US\",\"@id\":\"https:\\\/\\\/www.valgusevabrik.ee\\\/en\\\/product\\\/unscented-candles\\\/special-shaped-unscented\\\/cute-little-sheepy\\\/#primaryimage\",\"url\":\"https:\\\/\\\/www.valgusevabrik.ee\\\/wp-content\\\/uploads\\\/2020\\\/03\\\/lambad_tootefoto-scaled.jpg\",\"contentUrl\":\"https:\\\/\\\/www.valgusevabrik.ee\\\/wp-content\\\/uploads\\\/2020\\\/03\\\/lambad_tootefoto-scaled.jpg\",\"width\":1707,\"height\":2560,\"caption\":\"K\u00e4sitsi valmistatud erikujuline k\u00fc\u00fcnal \\\"Lammas\\\"\"},{\"@type\":\"BreadcrumbList\",\"@id\":\"https:\\\/\\\/www.valgusevabrik.ee\\\/en\\\/product\\\/unscented-candles\\\/special-shaped-unscented\\\/cute-little-sheepy\\\/#breadcrumb\",\"itemListElement\":[{\"@type\":\"ListItem\",\"position\":1,\"name\":\"Home\",\"item\":\"https:\\\/\\\/www.valgusevabrik.ee\\\/en\\\/\"},{\"@type\":\"ListItem\",\"position\":2,\"name\":\"E-shop\",\"item\":\"https:\\\/\\\/www.valgusevabrik.ee\\\/en\\\/e-shop\\\/\"},{\"@type\":\"ListItem\",\"position\":3,\"name\":\"Cute Little Sheepy\"}]},{\"@type\":\"WebSite\",\"@id\":\"https:\\\/\\\/www.valgusevabrik.ee\\\/#website\",\"url\":\"https:\\\/\\\/www.valgusevabrik.ee\\\/\",\"name\":\"V\u00f5hma\",\"description\":\"Valguse Vabrik\",\"publisher\":{\"@id\":\"https:\\\/\\\/www.valgusevabrik.ee\\\/#organization\"},\"potentialAction\":[{\"@type\":\"SearchAction\",\"target\":{\"@type\":\"EntryPoint\",\"urlTemplate\":\"https:\\\/\\\/www.valgusevabrik.ee\\\/?s={search_term_string}\"},\"query-input\":{\"@type\":\"PropertyValueSpecification\",\"valueRequired\":true,\"valueName\":\"search_term_string\"}}],\"inLanguage\":\"en-US\"},{\"@type\":\"Organization\",\"@id\":\"https:\\\/\\\/www.valgusevabrik.ee\\\/#organization\",\"name\":\"V\u00f5hma\",\"url\":\"https:\\\/\\\/www.valgusevabrik.ee\\\/\",\"logo\":{\"@type\":\"ImageObject\",\"inLanguage\":\"en-US\",\"@id\":\"https:\\\/\\\/www.valgusevabrik.ee\\\/#\\\/schema\\\/logo\\\/image\\\/\",\"url\":\"https:\\\/\\\/www.valgusevabrik.ee\\\/wp-content\\\/uploads\\\/2025\\\/09\\\/vohmavalgusevabrik.png\",\"contentUrl\":\"https:\\\/\\\/www.valgusevabrik.ee\\\/wp-content\\\/uploads\\\/2025\\\/09\\\/vohmavalgusevabrik.png\",\"width\":256,\"height\":122,\"caption\":\"V\u00f5hma\"},\"image\":{\"@id\":\"https:\\\/\\\/www.valgusevabrik.ee\\\/#\\\/schema\\\/logo\\\/image\\\/\"},\"sameAs\":[\"https:\\\/\\\/www.facebook.com\\\/V\u00f5hma-Valgusevabrik-1511025752479317\\\/\",\"https:\\\/\\\/www.instagram.com\\\/valguse_vabrik\\\/\"]}]}<\/script>\n<!-- \/ Yoast SEO plugin. -->","yoast_head_json":{"title":"Cute Little Sheepy - V\u00f5hma","description":"Cute little sheepy. Size 6.5 x 5.5 x 5.4 cm, burn time approx 12h Handmade by V\u00f5hma Valgusevabrik artisan. Suitable as a gift","robots":{"index":"index","follow":"follow","max-snippet":"max-snippet:-1","max-image-preview":"max-image-preview:large","max-video-preview":"max-video-preview:-1"},"canonical":"https:\/\/www.valgusevabrik.ee\/en\/product\/unscented-candles\/special-shaped-unscented\/cute-little-sheepy\/","og_locale":"en_US","og_type":"article","og_title":"Cute Little Sheepy - V\u00f5hma","og_description":"Cute little sheepy. Size 6.5 x 5.5 x 5.4 cm, burn time approx 12h Handmade by V\u00f5hma Valgusevabrik artisan. Suitable as a gift","og_url":"https:\/\/www.valgusevabrik.ee\/en\/product\/unscented-candles\/special-shaped-unscented\/cute-little-sheepy\/","og_site_name":"V\u00f5hma","article_publisher":"https:\/\/www.facebook.com\/V%c3%b5hma-Valgusevabrik-1511025752479317\/","article_modified_time":"2026-03-25T13:14:15+00:00","og_image":[{"width":1707,"height":2560,"url":"https:\/\/www.valgusevabrik.ee\/wp-content\/uploads\/2020\/03\/lambad_tootefoto-scaled.jpg","type":"image\/jpeg"}],"twitter_card":"summary_large_image","twitter_misc":{"Est. reading time":"1 minute"},"schema":{"@context":"https:\/\/schema.org","@graph":[{"@type":"WebPage","@id":"https:\/\/www.valgusevabrik.ee\/en\/product\/unscented-candles\/special-shaped-unscented\/cute-little-sheepy\/","url":"https:\/\/www.valgusevabrik.ee\/en\/product\/unscented-candles\/special-shaped-unscented\/cute-little-sheepy\/","name":"Cute Little Sheepy - V\u00f5hma","isPartOf":{"@id":"https:\/\/www.valgusevabrik.ee\/#website"},"primaryImageOfPage":{"@id":"https:\/\/www.valgusevabrik.ee\/en\/product\/unscented-candles\/special-shaped-unscented\/cute-little-sheepy\/#primaryimage"},"image":{"@id":"https:\/\/www.valgusevabrik.ee\/en\/product\/unscented-candles\/special-shaped-unscented\/cute-little-sheepy\/#primaryimage"},"thumbnailUrl":"https:\/\/www.valgusevabrik.ee\/wp-content\/uploads\/2020\/03\/lambad_tootefoto-scaled.jpg","datePublished":"2020-03-21T11:28:04+00:00","dateModified":"2026-03-25T13:14:15+00:00","description":"Cute little sheepy. Size 6.5 x 5.5 x 5.4 cm, burn time approx 12h Handmade by V\u00f5hma Valgusevabrik artisan. Suitable as a gift","breadcrumb":{"@id":"https:\/\/www.valgusevabrik.ee\/en\/product\/unscented-candles\/special-shaped-unscented\/cute-little-sheepy\/#breadcrumb"},"inLanguage":"en-US","potentialAction":[{"@type":"ReadAction","target":["https:\/\/www.valgusevabrik.ee\/en\/product\/unscented-candles\/special-shaped-unscented\/cute-little-sheepy\/"]}]},{"@type":"ImageObject","inLanguage":"en-US","@id":"https:\/\/www.valgusevabrik.ee\/en\/product\/unscented-candles\/special-shaped-unscented\/cute-little-sheepy\/#primaryimage","url":"https:\/\/www.valgusevabrik.ee\/wp-content\/uploads\/2020\/03\/lambad_tootefoto-scaled.jpg","contentUrl":"https:\/\/www.valgusevabrik.ee\/wp-content\/uploads\/2020\/03\/lambad_tootefoto-scaled.jpg","width":1707,"height":2560,"caption":"K\u00e4sitsi valmistatud erikujuline k\u00fc\u00fcnal \"Lammas\""},{"@type":"BreadcrumbList","@id":"https:\/\/www.valgusevabrik.ee\/en\/product\/unscented-candles\/special-shaped-unscented\/cute-little-sheepy\/#breadcrumb","itemListElement":[{"@type":"ListItem","position":1,"name":"Home","item":"https:\/\/www.valgusevabrik.ee\/en\/"},{"@type":"ListItem","position":2,"name":"E-shop","item":"https:\/\/www.valgusevabrik.ee\/en\/e-shop\/"},{"@type":"ListItem","position":3,"name":"Cute Little Sheepy"}]},{"@type":"WebSite","@id":"https:\/\/www.valgusevabrik.ee\/#website","url":"https:\/\/www.valgusevabrik.ee\/","name":"V\u00f5hma","description":"Valguse Vabrik","publisher":{"@id":"https:\/\/www.valgusevabrik.ee\/#organization"},"potentialAction":[{"@type":"SearchAction","target":{"@type":"EntryPoint","urlTemplate":"https:\/\/www.valgusevabrik.ee\/?s={search_term_string}"},"query-input":{"@type":"PropertyValueSpecification","valueRequired":true,"valueName":"search_term_string"}}],"inLanguage":"en-US"},{"@type":"Organization","@id":"https:\/\/www.valgusevabrik.ee\/#organization","name":"V\u00f5hma","url":"https:\/\/www.valgusevabrik.ee\/","logo":{"@type":"ImageObject","inLanguage":"en-US","@id":"https:\/\/www.valgusevabrik.ee\/#\/schema\/logo\/image\/","url":"https:\/\/www.valgusevabrik.ee\/wp-content\/uploads\/2025\/09\/vohmavalgusevabrik.png","contentUrl":"https:\/\/www.valgusevabrik.ee\/wp-content\/uploads\/2025\/09\/vohmavalgusevabrik.png","width":256,"height":122,"caption":"V\u00f5hma"},"image":{"@id":"https:\/\/www.valgusevabrik.ee\/#\/schema\/logo\/image\/"},"sameAs":["https:\/\/www.facebook.com\/V\u00f5hma-Valgusevabrik-1511025752479317\/","https:\/\/www.instagram.com\/valguse_vabrik\/"]}]}},"_links":{"self":[{"href":"https:\/\/www.valgusevabrik.ee\/en\/wp-json\/wp\/v2\/product\/25194","targetHints":{"allow":["GET"]}}],"collection":[{"href":"https:\/\/www.valgusevabrik.ee\/en\/wp-json\/wp\/v2\/product"}],"about":[{"href":"https:\/\/www.valgusevabrik.ee\/en\/wp-json\/wp\/v2\/types\/product"}],"replies":[{"embeddable":true,"href":"https:\/\/www.valgusevabrik.ee\/en\/wp-json\/wp\/v2\/comments?post=25194"}],"wp:featuredmedia":[{"embeddable":true,"href":"https:\/\/www.valgusevabrik.ee\/en\/wp-json\/wp\/v2\/media\/24473"}],"wp:attachment":[{"href":"https:\/\/www.valgusevabrik.ee\/en\/wp-json\/wp\/v2\/media?parent=25194"}],"wp:term":[{"taxonomy":"product_brand","embeddable":true,"href":"https:\/\/www.valgusevabrik.ee\/en\/wp-json\/wp\/v2\/product_brand?post=25194"},{"taxonomy":"product_cat","embeddable":true,"href":"https:\/\/www.valgusevabrik.ee\/en\/wp-json\/wp\/v2\/product_cat?post=25194"},{"taxonomy":"product_tag","embeddable":true,"href":"https:\/\/www.valgusevabrik.ee\/en\/wp-json\/wp\/v2\/product_tag?post=25194"},{"taxonomy":"giftcard-category","embeddable":true,"href":"https:\/\/www.valgusevabrik.ee\/en\/wp-json\/wp\/v2\/giftcard-category?post=25194"}],"curies":[{"name":"wp","href":"https:\/\/api.w.org\/{rel}","templated":true}]}}