{"id":20312,"date":"2019-01-29T08:00:00","date_gmt":"2019-01-29T08:00:00","guid":{"rendered":"https:\/\/www.valgusevabrik.ee\/?post_type=product&#038;p=20312"},"modified":"2021-08-18T15:44:58","modified_gmt":"2021-08-18T12:44:58","slug":"small-heart-candle-unscented-in-estonian-flag-colors","status":"publish","type":"product","link":"https:\/\/www.valgusevabrik.ee\/en\/product\/estonian-festive-candles\/small-heart-candle-unscented-in-estonian-flag-colors\/","title":{"rendered":"Small heart candle in Estonian flag colours"},"content":{"rendered":"<p><strong>Small heart candle in Estonian flag colours<\/strong><\/p>\n<p>Perfect giveaway and a beautiful table decoration for your home.<\/p>\n<p>Handmade from high quality refined paraffin, 100% cotton wick.<\/p>\n<p>Size 7 x 5,5cm, burn time 23h,\u00a0unscented<\/p>\n<p>Estonian handcraft<\/p>\n","protected":false},"excerpt":{"rendered":"<p>Small heart candle in Estonian flag colours Perfect giveaway and a beautiful table decoration for your home. Handmade from high quality refined paraffin, 100% cotton wick. Size 7 x 5,5cm, burn time 23h,\u00a0unscented Estonian handcraft<\/p>\n","protected":false},"featured_media":88322,"comment_status":"open","ping_status":"closed","template":"","meta":{"_acf_changed":false,"inline_featured_image":false},"product_brand":[],"product_cat":[62],"product_tag":[],"giftcard-category":[],"class_list":{"0":"post-20312","1":"product","2":"type-product","3":"status-publish","4":"has-post-thumbnail","6":"product_cat-estonian-festive-candles","8":"first","9":"instock","10":"taxable","11":"shipping-taxable","12":"purchasable","13":"product-type-simple"},"acf":[],"yoast_head":"<!-- This site is optimized with the Yoast SEO plugin v27.5 - https:\/\/yoast.com\/product\/yoast-seo-wordpress\/ -->\n<title>Small heart candle in Estonian flag colours - V\u00f5hma<\/title>\n<meta name=\"description\" content=\"Perfect giveaway and a beautiful table decoration for your home. Size 7 x 5,5cm, burn time 23h,\u00a0unscented. Estonian handcraft\" \/>\n<meta name=\"robots\" content=\"index, follow, max-snippet:-1, max-image-preview:large, max-video-preview:-1\" \/>\n<link rel=\"canonical\" href=\"https:\/\/www.valgusevabrik.ee\/en\/estonian-festive-candles\/small-heart-candle-unscented-in-estonian-flag-colors\/\" \/>\n<meta property=\"og:locale\" content=\"en_US\" \/>\n<meta property=\"og:type\" content=\"article\" \/>\n<meta property=\"og:title\" content=\"Small heart candle in Estonian flag colours - V\u00f5hma\" \/>\n<meta property=\"og:description\" content=\"Perfect giveaway and a beautiful table decoration for your home. Size 7 x 5,5cm, burn time 23h,\u00a0unscented. Estonian handcraft\" \/>\n<meta property=\"og:url\" content=\"https:\/\/www.valgusevabrik.ee\/en\/estonian-festive-candles\/small-heart-candle-unscented-in-estonian-flag-colors\/\" \/>\n<meta property=\"og:site_name\" content=\"V\u00f5hma\" \/>\n<meta property=\"article:publisher\" content=\"https:\/\/www.facebook.com\/V%c3%b5hma-Valgusevabrik-1511025752479317\/\" \/>\n<meta property=\"article:modified_time\" content=\"2021-08-18T12:44:58+00:00\" \/>\n<meta property=\"og:image\" content=\"https:\/\/www.valgusevabrik.ee\/wp-content\/uploads\/2019\/01\/suda_smv-scaled.jpg\" \/>\n\t<meta property=\"og:image:width\" content=\"1707\" \/>\n\t<meta property=\"og:image:height\" content=\"2560\" \/>\n\t<meta property=\"og:image:type\" content=\"image\/jpeg\" \/>\n<meta name=\"twitter:card\" content=\"summary_large_image\" \/>\n<script type=\"application\/ld+json\" class=\"yoast-schema-graph\">{\"@context\":\"https:\\\/\\\/schema.org\",\"@graph\":[{\"@type\":\"WebPage\",\"@id\":\"https:\\\/\\\/www.valgusevabrik.ee\\\/en\\\/estonian-festive-candles\\\/small-heart-candle-unscented-in-estonian-flag-colors\\\/\",\"url\":\"https:\\\/\\\/www.valgusevabrik.ee\\\/en\\\/estonian-festive-candles\\\/small-heart-candle-unscented-in-estonian-flag-colors\\\/\",\"name\":\"Small heart candle in Estonian flag colours - V\u00f5hma\",\"isPartOf\":{\"@id\":\"https:\\\/\\\/www.valgusevabrik.ee\\\/#website\"},\"primaryImageOfPage\":{\"@id\":\"https:\\\/\\\/www.valgusevabrik.ee\\\/en\\\/estonian-festive-candles\\\/small-heart-candle-unscented-in-estonian-flag-colors\\\/#primaryimage\"},\"image\":{\"@id\":\"https:\\\/\\\/www.valgusevabrik.ee\\\/en\\\/estonian-festive-candles\\\/small-heart-candle-unscented-in-estonian-flag-colors\\\/#primaryimage\"},\"thumbnailUrl\":\"https:\\\/\\\/www.valgusevabrik.ee\\\/wp-content\\\/uploads\\\/2019\\\/01\\\/Sudamekujuline-sinimustvalge-kuunal-ilma-lohnata.-4743288002477.jpg\",\"datePublished\":\"2019-01-29T08:00:00+00:00\",\"dateModified\":\"2021-08-18T12:44:58+00:00\",\"description\":\"Perfect giveaway and a beautiful table decoration for your home. Size 7 x 5,5cm, burn time 23h,\u00a0unscented. Estonian handcraft\",\"breadcrumb\":{\"@id\":\"https:\\\/\\\/www.valgusevabrik.ee\\\/en\\\/estonian-festive-candles\\\/small-heart-candle-unscented-in-estonian-flag-colors\\\/#breadcrumb\"},\"inLanguage\":\"en-US\",\"potentialAction\":[{\"@type\":\"ReadAction\",\"target\":[\"https:\\\/\\\/www.valgusevabrik.ee\\\/en\\\/estonian-festive-candles\\\/small-heart-candle-unscented-in-estonian-flag-colors\\\/\"]}]},{\"@type\":\"ImageObject\",\"inLanguage\":\"en-US\",\"@id\":\"https:\\\/\\\/www.valgusevabrik.ee\\\/en\\\/estonian-festive-candles\\\/small-heart-candle-unscented-in-estonian-flag-colors\\\/#primaryimage\",\"url\":\"https:\\\/\\\/www.valgusevabrik.ee\\\/wp-content\\\/uploads\\\/2019\\\/01\\\/Sudamekujuline-sinimustvalge-kuunal-ilma-lohnata.-4743288002477.jpg\",\"contentUrl\":\"https:\\\/\\\/www.valgusevabrik.ee\\\/wp-content\\\/uploads\\\/2019\\\/01\\\/Sudamekujuline-sinimustvalge-kuunal-ilma-lohnata.-4743288002477.jpg\",\"width\":1365,\"height\":2048,\"caption\":\"S\u00fcdamekujuline sinimustvalge k\u00fc\u00fcnal ilma l\u00f5hnata.\"},{\"@type\":\"BreadcrumbList\",\"@id\":\"https:\\\/\\\/www.valgusevabrik.ee\\\/en\\\/estonian-festive-candles\\\/small-heart-candle-unscented-in-estonian-flag-colors\\\/#breadcrumb\",\"itemListElement\":[{\"@type\":\"ListItem\",\"position\":1,\"name\":\"Home\",\"item\":\"https:\\\/\\\/www.valgusevabrik.ee\\\/en\\\/\"},{\"@type\":\"ListItem\",\"position\":2,\"name\":\"E-shop\",\"item\":\"https:\\\/\\\/www.valgusevabrik.ee\\\/en\\\/e-shop\\\/\"},{\"@type\":\"ListItem\",\"position\":3,\"name\":\"Small heart candle in Estonian flag colours\"}]},{\"@type\":\"WebSite\",\"@id\":\"https:\\\/\\\/www.valgusevabrik.ee\\\/#website\",\"url\":\"https:\\\/\\\/www.valgusevabrik.ee\\\/\",\"name\":\"V\u00f5hma\",\"description\":\"Valguse Vabrik\",\"publisher\":{\"@id\":\"https:\\\/\\\/www.valgusevabrik.ee\\\/#organization\"},\"potentialAction\":[{\"@type\":\"SearchAction\",\"target\":{\"@type\":\"EntryPoint\",\"urlTemplate\":\"https:\\\/\\\/www.valgusevabrik.ee\\\/?s={search_term_string}\"},\"query-input\":{\"@type\":\"PropertyValueSpecification\",\"valueRequired\":true,\"valueName\":\"search_term_string\"}}],\"inLanguage\":\"en-US\"},{\"@type\":\"Organization\",\"@id\":\"https:\\\/\\\/www.valgusevabrik.ee\\\/#organization\",\"name\":\"V\u00f5hma\",\"url\":\"https:\\\/\\\/www.valgusevabrik.ee\\\/\",\"logo\":{\"@type\":\"ImageObject\",\"inLanguage\":\"en-US\",\"@id\":\"https:\\\/\\\/www.valgusevabrik.ee\\\/#\\\/schema\\\/logo\\\/image\\\/\",\"url\":\"https:\\\/\\\/www.valgusevabrik.ee\\\/wp-content\\\/uploads\\\/2025\\\/09\\\/vohmavalgusevabrik.png\",\"contentUrl\":\"https:\\\/\\\/www.valgusevabrik.ee\\\/wp-content\\\/uploads\\\/2025\\\/09\\\/vohmavalgusevabrik.png\",\"width\":256,\"height\":122,\"caption\":\"V\u00f5hma\"},\"image\":{\"@id\":\"https:\\\/\\\/www.valgusevabrik.ee\\\/#\\\/schema\\\/logo\\\/image\\\/\"},\"sameAs\":[\"https:\\\/\\\/www.facebook.com\\\/V\u00f5hma-Valgusevabrik-1511025752479317\\\/\",\"https:\\\/\\\/www.instagram.com\\\/valguse_vabrik\\\/\"]}]}<\/script>\n<!-- \/ Yoast SEO plugin. -->","yoast_head_json":{"title":"Small heart candle in Estonian flag colours - V\u00f5hma","description":"Perfect giveaway and a beautiful table decoration for your home. Size 7 x 5,5cm, burn time 23h,\u00a0unscented. Estonian handcraft","robots":{"index":"index","follow":"follow","max-snippet":"max-snippet:-1","max-image-preview":"max-image-preview:large","max-video-preview":"max-video-preview:-1"},"canonical":"https:\/\/www.valgusevabrik.ee\/en\/estonian-festive-candles\/small-heart-candle-unscented-in-estonian-flag-colors\/","og_locale":"en_US","og_type":"article","og_title":"Small heart candle in Estonian flag colours - V\u00f5hma","og_description":"Perfect giveaway and a beautiful table decoration for your home. Size 7 x 5,5cm, burn time 23h,\u00a0unscented. Estonian handcraft","og_url":"https:\/\/www.valgusevabrik.ee\/en\/estonian-festive-candles\/small-heart-candle-unscented-in-estonian-flag-colors\/","og_site_name":"V\u00f5hma","article_publisher":"https:\/\/www.facebook.com\/V%c3%b5hma-Valgusevabrik-1511025752479317\/","article_modified_time":"2021-08-18T12:44:58+00:00","og_image":[{"width":1707,"height":2560,"url":"https:\/\/www.valgusevabrik.ee\/wp-content\/uploads\/2019\/01\/suda_smv-scaled.jpg","type":"image\/jpeg"}],"twitter_card":"summary_large_image","schema":{"@context":"https:\/\/schema.org","@graph":[{"@type":"WebPage","@id":"https:\/\/www.valgusevabrik.ee\/en\/estonian-festive-candles\/small-heart-candle-unscented-in-estonian-flag-colors\/","url":"https:\/\/www.valgusevabrik.ee\/en\/estonian-festive-candles\/small-heart-candle-unscented-in-estonian-flag-colors\/","name":"Small heart candle in Estonian flag colours - V\u00f5hma","isPartOf":{"@id":"https:\/\/www.valgusevabrik.ee\/#website"},"primaryImageOfPage":{"@id":"https:\/\/www.valgusevabrik.ee\/en\/estonian-festive-candles\/small-heart-candle-unscented-in-estonian-flag-colors\/#primaryimage"},"image":{"@id":"https:\/\/www.valgusevabrik.ee\/en\/estonian-festive-candles\/small-heart-candle-unscented-in-estonian-flag-colors\/#primaryimage"},"thumbnailUrl":"https:\/\/www.valgusevabrik.ee\/wp-content\/uploads\/2019\/01\/Sudamekujuline-sinimustvalge-kuunal-ilma-lohnata.-4743288002477.jpg","datePublished":"2019-01-29T08:00:00+00:00","dateModified":"2021-08-18T12:44:58+00:00","description":"Perfect giveaway and a beautiful table decoration for your home. Size 7 x 5,5cm, burn time 23h,\u00a0unscented. Estonian handcraft","breadcrumb":{"@id":"https:\/\/www.valgusevabrik.ee\/en\/estonian-festive-candles\/small-heart-candle-unscented-in-estonian-flag-colors\/#breadcrumb"},"inLanguage":"en-US","potentialAction":[{"@type":"ReadAction","target":["https:\/\/www.valgusevabrik.ee\/en\/estonian-festive-candles\/small-heart-candle-unscented-in-estonian-flag-colors\/"]}]},{"@type":"ImageObject","inLanguage":"en-US","@id":"https:\/\/www.valgusevabrik.ee\/en\/estonian-festive-candles\/small-heart-candle-unscented-in-estonian-flag-colors\/#primaryimage","url":"https:\/\/www.valgusevabrik.ee\/wp-content\/uploads\/2019\/01\/Sudamekujuline-sinimustvalge-kuunal-ilma-lohnata.-4743288002477.jpg","contentUrl":"https:\/\/www.valgusevabrik.ee\/wp-content\/uploads\/2019\/01\/Sudamekujuline-sinimustvalge-kuunal-ilma-lohnata.-4743288002477.jpg","width":1365,"height":2048,"caption":"S\u00fcdamekujuline sinimustvalge k\u00fc\u00fcnal ilma l\u00f5hnata."},{"@type":"BreadcrumbList","@id":"https:\/\/www.valgusevabrik.ee\/en\/estonian-festive-candles\/small-heart-candle-unscented-in-estonian-flag-colors\/#breadcrumb","itemListElement":[{"@type":"ListItem","position":1,"name":"Home","item":"https:\/\/www.valgusevabrik.ee\/en\/"},{"@type":"ListItem","position":2,"name":"E-shop","item":"https:\/\/www.valgusevabrik.ee\/en\/e-shop\/"},{"@type":"ListItem","position":3,"name":"Small heart candle in Estonian flag colours"}]},{"@type":"WebSite","@id":"https:\/\/www.valgusevabrik.ee\/#website","url":"https:\/\/www.valgusevabrik.ee\/","name":"V\u00f5hma","description":"Valguse Vabrik","publisher":{"@id":"https:\/\/www.valgusevabrik.ee\/#organization"},"potentialAction":[{"@type":"SearchAction","target":{"@type":"EntryPoint","urlTemplate":"https:\/\/www.valgusevabrik.ee\/?s={search_term_string}"},"query-input":{"@type":"PropertyValueSpecification","valueRequired":true,"valueName":"search_term_string"}}],"inLanguage":"en-US"},{"@type":"Organization","@id":"https:\/\/www.valgusevabrik.ee\/#organization","name":"V\u00f5hma","url":"https:\/\/www.valgusevabrik.ee\/","logo":{"@type":"ImageObject","inLanguage":"en-US","@id":"https:\/\/www.valgusevabrik.ee\/#\/schema\/logo\/image\/","url":"https:\/\/www.valgusevabrik.ee\/wp-content\/uploads\/2025\/09\/vohmavalgusevabrik.png","contentUrl":"https:\/\/www.valgusevabrik.ee\/wp-content\/uploads\/2025\/09\/vohmavalgusevabrik.png","width":256,"height":122,"caption":"V\u00f5hma"},"image":{"@id":"https:\/\/www.valgusevabrik.ee\/#\/schema\/logo\/image\/"},"sameAs":["https:\/\/www.facebook.com\/V\u00f5hma-Valgusevabrik-1511025752479317\/","https:\/\/www.instagram.com\/valguse_vabrik\/"]}]}},"_links":{"self":[{"href":"https:\/\/www.valgusevabrik.ee\/en\/wp-json\/wp\/v2\/product\/20312","targetHints":{"allow":["GET"]}}],"collection":[{"href":"https:\/\/www.valgusevabrik.ee\/en\/wp-json\/wp\/v2\/product"}],"about":[{"href":"https:\/\/www.valgusevabrik.ee\/en\/wp-json\/wp\/v2\/types\/product"}],"replies":[{"embeddable":true,"href":"https:\/\/www.valgusevabrik.ee\/en\/wp-json\/wp\/v2\/comments?post=20312"}],"wp:featuredmedia":[{"embeddable":true,"href":"https:\/\/www.valgusevabrik.ee\/en\/wp-json\/wp\/v2\/media\/88322"}],"wp:attachment":[{"href":"https:\/\/www.valgusevabrik.ee\/en\/wp-json\/wp\/v2\/media?parent=20312"}],"wp:term":[{"taxonomy":"product_brand","embeddable":true,"href":"https:\/\/www.valgusevabrik.ee\/en\/wp-json\/wp\/v2\/product_brand?post=20312"},{"taxonomy":"product_cat","embeddable":true,"href":"https:\/\/www.valgusevabrik.ee\/en\/wp-json\/wp\/v2\/product_cat?post=20312"},{"taxonomy":"product_tag","embeddable":true,"href":"https:\/\/www.valgusevabrik.ee\/en\/wp-json\/wp\/v2\/product_tag?post=20312"},{"taxonomy":"giftcard-category","embeddable":true,"href":"https:\/\/www.valgusevabrik.ee\/en\/wp-json\/wp\/v2\/giftcard-category?post=20312"}],"curies":[{"name":"wp","href":"https:\/\/api.w.org\/{rel}","templated":true}]}}