{"id":20309,"date":"2017-02-08T08:31:23","date_gmt":"2017-02-08T08:31:23","guid":{"rendered":"https:\/\/www.valgusevabrik.ee\/?post_type=product&#038;p=20309"},"modified":"2026-03-23T15:41:21","modified_gmt":"2026-03-23T13:41:21","slug":"4-egg-candles-in-a-small-tray","status":"publish","type":"product","link":"https:\/\/www.valgusevabrik.ee\/en\/product\/unscented-candles\/special-shaped-unscented\/4-egg-candles-in-a-small-tray\/","title":{"rendered":"4 Egg Candles in a small tray"},"content":{"rendered":"<p><strong>4 Egg Candles in a small tray<\/strong><\/p>\n<p><strong>Size:<\/strong> 4,5 x 6,5cm,\u00a0 burn time approx. 11h<\/p>\n<p><strong>Material:<\/strong>\u00a0Made from high-quality refined wax with a stable burn, creating a warm, inviting glow. 100% OEKO-TEX certified cotton wick (lead-free). Special wax colors melt evenly with candle wax.<\/p>\n<p>Does not contain palm oil. Vegan<\/p>\n<p>With every purchase you support Estonian craft tradition and local producers. Thank you! \u2764\ufe0f<\/p>\n","protected":false},"excerpt":{"rendered":"<p>4 Colorful egg candles in a original small egg-tray. Perfect decoration for your Easter breakfast table!<\/p>\n<ul>\n<li>\ufe0f\ufe0fFast delivery 1-3 days across Estonia<\/li>\n<li>Free shipping to parcel lockers from \u20ac40<\/li>\n<\/ul>\n","protected":false},"featured_media":39427,"comment_status":"open","ping_status":"closed","template":"","meta":{"_acf_changed":false,"inline_featured_image":false},"product_brand":[],"product_cat":[1959,1776],"product_tag":[],"giftcard-category":[],"class_list":{"0":"post-20309","1":"product","2":"type-product","3":"status-publish","4":"has-post-thumbnail","6":"product_cat-spring","7":"product_cat-special-shaped-unscented","9":"first","10":"instock","11":"taxable","12":"shipping-taxable","13":"purchasable","14":"product-type-simple"},"acf":[],"yoast_head":"<!-- This site is optimized with the Yoast SEO plugin v27.2 - https:\/\/yoast.com\/product\/yoast-seo-wordpress\/ -->\n<title>4 Egg Candles in a small tray - V\u00f5hma<\/title>\n<meta name=\"description\" content=\"4 egg candles in a small tray, unscented Perfect decoration for your Easter breakfast table! 4,5 x 6,5cm Estonian handicraft\" \/>\n<meta name=\"robots\" content=\"index, follow, max-snippet:-1, max-image-preview:large, max-video-preview:-1\" \/>\n<link rel=\"canonical\" href=\"https:\/\/www.valgusevabrik.ee\/en\/product\/unscented-candles\/special-shaped-unscented\/4-egg-candles-in-a-small-tray\/\" \/>\n<meta property=\"og:locale\" content=\"en_US\" \/>\n<meta property=\"og:type\" content=\"article\" \/>\n<meta property=\"og:title\" content=\"4 Egg Candles in a small tray - V\u00f5hma\" \/>\n<meta property=\"og:description\" content=\"4 egg candles in a small tray, unscented Perfect decoration for your Easter breakfast table! 4,5 x 6,5cm Estonian handicraft\" \/>\n<meta property=\"og:url\" content=\"https:\/\/www.valgusevabrik.ee\/en\/product\/unscented-candles\/special-shaped-unscented\/4-egg-candles-in-a-small-tray\/\" \/>\n<meta property=\"og:site_name\" content=\"V\u00f5hma\" \/>\n<meta property=\"article:publisher\" content=\"https:\/\/www.facebook.com\/V%c3%b5hma-Valgusevabrik-1511025752479317\/\" \/>\n<meta property=\"article:modified_time\" content=\"2026-03-23T13:41:21+00:00\" \/>\n<meta property=\"og:image\" content=\"https:\/\/www.valgusevabrik.ee\/wp-content\/uploads\/2017\/02\/lobusad-munad-4tk-karbis-lohnata-vohma-valgusevabrik-kasitoo.jpg\" \/>\n\t<meta property=\"og:image:width\" content=\"569\" \/>\n\t<meta property=\"og:image:height\" content=\"723\" \/>\n\t<meta property=\"og:image:type\" content=\"image\/jpeg\" \/>\n<meta name=\"twitter:card\" content=\"summary_large_image\" \/>\n<meta name=\"twitter:label1\" content=\"Est. reading time\" \/>\n\t<meta name=\"twitter:data1\" content=\"1 minute\" \/>\n<script type=\"application\/ld+json\" class=\"yoast-schema-graph\">{\"@context\":\"https:\/\/schema.org\",\"@graph\":[{\"@type\":\"WebPage\",\"@id\":\"https:\/\/www.valgusevabrik.ee\/en\/product\/unscented-candles\/special-shaped-unscented\/4-egg-candles-in-a-small-tray\/\",\"url\":\"https:\/\/www.valgusevabrik.ee\/en\/product\/unscented-candles\/special-shaped-unscented\/4-egg-candles-in-a-small-tray\/\",\"name\":\"4 Egg Candles in a small tray - V\u00f5hma\",\"isPartOf\":{\"@id\":\"https:\/\/www.valgusevabrik.ee\/#website\"},\"primaryImageOfPage\":{\"@id\":\"https:\/\/www.valgusevabrik.ee\/en\/product\/unscented-candles\/special-shaped-unscented\/4-egg-candles-in-a-small-tray\/#primaryimage\"},\"image\":{\"@id\":\"https:\/\/www.valgusevabrik.ee\/en\/product\/unscented-candles\/special-shaped-unscented\/4-egg-candles-in-a-small-tray\/#primaryimage\"},\"thumbnailUrl\":\"https:\/\/www.valgusevabrik.ee\/wp-content\/uploads\/2017\/02\/lobusad-munad-4tk-karbis-lohnata-vohma-valgusevabrik-kasitoo.jpg\",\"datePublished\":\"2017-02-08T08:31:23+00:00\",\"dateModified\":\"2026-03-23T13:41:21+00:00\",\"description\":\"4 egg candles in a small tray, unscented Perfect decoration for your Easter breakfast table! 4,5 x 6,5cm Estonian handicraft\",\"breadcrumb\":{\"@id\":\"https:\/\/www.valgusevabrik.ee\/en\/product\/unscented-candles\/special-shaped-unscented\/4-egg-candles-in-a-small-tray\/#breadcrumb\"},\"inLanguage\":\"en-US\",\"potentialAction\":[{\"@type\":\"ReadAction\",\"target\":[\"https:\/\/www.valgusevabrik.ee\/en\/product\/unscented-candles\/special-shaped-unscented\/4-egg-candles-in-a-small-tray\/\"]}]},{\"@type\":\"ImageObject\",\"inLanguage\":\"en-US\",\"@id\":\"https:\/\/www.valgusevabrik.ee\/en\/product\/unscented-candles\/special-shaped-unscented\/4-egg-candles-in-a-small-tray\/#primaryimage\",\"url\":\"https:\/\/www.valgusevabrik.ee\/wp-content\/uploads\/2017\/02\/lobusad-munad-4tk-karbis-lohnata-vohma-valgusevabrik-kasitoo.jpg\",\"contentUrl\":\"https:\/\/www.valgusevabrik.ee\/wp-content\/uploads\/2017\/02\/lobusad-munad-4tk-karbis-lohnata-vohma-valgusevabrik-kasitoo.jpg\",\"width\":569,\"height\":723,\"caption\":\"L\u00f5busad munad 4tk karbis, l\u00f5hnata V\u00f5hma Valgusevabrik k\u00e4sit\u00f6\u00f6\"},{\"@type\":\"BreadcrumbList\",\"@id\":\"https:\/\/www.valgusevabrik.ee\/en\/product\/unscented-candles\/special-shaped-unscented\/4-egg-candles-in-a-small-tray\/#breadcrumb\",\"itemListElement\":[{\"@type\":\"ListItem\",\"position\":1,\"name\":\"Home\",\"item\":\"https:\/\/www.valgusevabrik.ee\/en\/\"},{\"@type\":\"ListItem\",\"position\":2,\"name\":\"E-shop\",\"item\":\"https:\/\/www.valgusevabrik.ee\/en\/e-shop\/\"},{\"@type\":\"ListItem\",\"position\":3,\"name\":\"4 Egg Candles in a small tray\"}]},{\"@type\":\"WebSite\",\"@id\":\"https:\/\/www.valgusevabrik.ee\/#website\",\"url\":\"https:\/\/www.valgusevabrik.ee\/\",\"name\":\"V\u00f5hma\",\"description\":\"Valguse Vabrik\",\"publisher\":{\"@id\":\"https:\/\/www.valgusevabrik.ee\/#organization\"},\"potentialAction\":[{\"@type\":\"SearchAction\",\"target\":{\"@type\":\"EntryPoint\",\"urlTemplate\":\"https:\/\/www.valgusevabrik.ee\/?s={search_term_string}\"},\"query-input\":{\"@type\":\"PropertyValueSpecification\",\"valueRequired\":true,\"valueName\":\"search_term_string\"}}],\"inLanguage\":\"en-US\"},{\"@type\":\"Organization\",\"@id\":\"https:\/\/www.valgusevabrik.ee\/#organization\",\"name\":\"V\u00f5hma\",\"url\":\"https:\/\/www.valgusevabrik.ee\/\",\"logo\":{\"@type\":\"ImageObject\",\"inLanguage\":\"en-US\",\"@id\":\"https:\/\/www.valgusevabrik.ee\/#\/schema\/logo\/image\/\",\"url\":\"https:\/\/www.valgusevabrik.ee\/wp-content\/uploads\/2025\/09\/vohmavalgusevabrik.png\",\"contentUrl\":\"https:\/\/www.valgusevabrik.ee\/wp-content\/uploads\/2025\/09\/vohmavalgusevabrik.png\",\"width\":256,\"height\":122,\"caption\":\"V\u00f5hma\"},\"image\":{\"@id\":\"https:\/\/www.valgusevabrik.ee\/#\/schema\/logo\/image\/\"},\"sameAs\":[\"https:\/\/www.facebook.com\/V\u00f5hma-Valgusevabrik-1511025752479317\/\",\"https:\/\/www.instagram.com\/valguse_vabrik\/\"]}]}<\/script>\n<!-- \/ Yoast SEO plugin. -->","yoast_head_json":{"title":"4 Egg Candles in a small tray - V\u00f5hma","description":"4 egg candles in a small tray, unscented Perfect decoration for your Easter breakfast table! 4,5 x 6,5cm Estonian handicraft","robots":{"index":"index","follow":"follow","max-snippet":"max-snippet:-1","max-image-preview":"max-image-preview:large","max-video-preview":"max-video-preview:-1"},"canonical":"https:\/\/www.valgusevabrik.ee\/en\/product\/unscented-candles\/special-shaped-unscented\/4-egg-candles-in-a-small-tray\/","og_locale":"en_US","og_type":"article","og_title":"4 Egg Candles in a small tray - V\u00f5hma","og_description":"4 egg candles in a small tray, unscented Perfect decoration for your Easter breakfast table! 4,5 x 6,5cm Estonian handicraft","og_url":"https:\/\/www.valgusevabrik.ee\/en\/product\/unscented-candles\/special-shaped-unscented\/4-egg-candles-in-a-small-tray\/","og_site_name":"V\u00f5hma","article_publisher":"https:\/\/www.facebook.com\/V%c3%b5hma-Valgusevabrik-1511025752479317\/","article_modified_time":"2026-03-23T13:41:21+00:00","og_image":[{"width":569,"height":723,"url":"https:\/\/www.valgusevabrik.ee\/wp-content\/uploads\/2017\/02\/lobusad-munad-4tk-karbis-lohnata-vohma-valgusevabrik-kasitoo.jpg","type":"image\/jpeg"}],"twitter_card":"summary_large_image","twitter_misc":{"Est. reading time":"1 minute"},"schema":{"@context":"https:\/\/schema.org","@graph":[{"@type":"WebPage","@id":"https:\/\/www.valgusevabrik.ee\/en\/product\/unscented-candles\/special-shaped-unscented\/4-egg-candles-in-a-small-tray\/","url":"https:\/\/www.valgusevabrik.ee\/en\/product\/unscented-candles\/special-shaped-unscented\/4-egg-candles-in-a-small-tray\/","name":"4 Egg Candles in a small tray - V\u00f5hma","isPartOf":{"@id":"https:\/\/www.valgusevabrik.ee\/#website"},"primaryImageOfPage":{"@id":"https:\/\/www.valgusevabrik.ee\/en\/product\/unscented-candles\/special-shaped-unscented\/4-egg-candles-in-a-small-tray\/#primaryimage"},"image":{"@id":"https:\/\/www.valgusevabrik.ee\/en\/product\/unscented-candles\/special-shaped-unscented\/4-egg-candles-in-a-small-tray\/#primaryimage"},"thumbnailUrl":"https:\/\/www.valgusevabrik.ee\/wp-content\/uploads\/2017\/02\/lobusad-munad-4tk-karbis-lohnata-vohma-valgusevabrik-kasitoo.jpg","datePublished":"2017-02-08T08:31:23+00:00","dateModified":"2026-03-23T13:41:21+00:00","description":"4 egg candles in a small tray, unscented Perfect decoration for your Easter breakfast table! 4,5 x 6,5cm Estonian handicraft","breadcrumb":{"@id":"https:\/\/www.valgusevabrik.ee\/en\/product\/unscented-candles\/special-shaped-unscented\/4-egg-candles-in-a-small-tray\/#breadcrumb"},"inLanguage":"en-US","potentialAction":[{"@type":"ReadAction","target":["https:\/\/www.valgusevabrik.ee\/en\/product\/unscented-candles\/special-shaped-unscented\/4-egg-candles-in-a-small-tray\/"]}]},{"@type":"ImageObject","inLanguage":"en-US","@id":"https:\/\/www.valgusevabrik.ee\/en\/product\/unscented-candles\/special-shaped-unscented\/4-egg-candles-in-a-small-tray\/#primaryimage","url":"https:\/\/www.valgusevabrik.ee\/wp-content\/uploads\/2017\/02\/lobusad-munad-4tk-karbis-lohnata-vohma-valgusevabrik-kasitoo.jpg","contentUrl":"https:\/\/www.valgusevabrik.ee\/wp-content\/uploads\/2017\/02\/lobusad-munad-4tk-karbis-lohnata-vohma-valgusevabrik-kasitoo.jpg","width":569,"height":723,"caption":"L\u00f5busad munad 4tk karbis, l\u00f5hnata V\u00f5hma Valgusevabrik k\u00e4sit\u00f6\u00f6"},{"@type":"BreadcrumbList","@id":"https:\/\/www.valgusevabrik.ee\/en\/product\/unscented-candles\/special-shaped-unscented\/4-egg-candles-in-a-small-tray\/#breadcrumb","itemListElement":[{"@type":"ListItem","position":1,"name":"Home","item":"https:\/\/www.valgusevabrik.ee\/en\/"},{"@type":"ListItem","position":2,"name":"E-shop","item":"https:\/\/www.valgusevabrik.ee\/en\/e-shop\/"},{"@type":"ListItem","position":3,"name":"4 Egg Candles in a small tray"}]},{"@type":"WebSite","@id":"https:\/\/www.valgusevabrik.ee\/#website","url":"https:\/\/www.valgusevabrik.ee\/","name":"V\u00f5hma","description":"Valguse Vabrik","publisher":{"@id":"https:\/\/www.valgusevabrik.ee\/#organization"},"potentialAction":[{"@type":"SearchAction","target":{"@type":"EntryPoint","urlTemplate":"https:\/\/www.valgusevabrik.ee\/?s={search_term_string}"},"query-input":{"@type":"PropertyValueSpecification","valueRequired":true,"valueName":"search_term_string"}}],"inLanguage":"en-US"},{"@type":"Organization","@id":"https:\/\/www.valgusevabrik.ee\/#organization","name":"V\u00f5hma","url":"https:\/\/www.valgusevabrik.ee\/","logo":{"@type":"ImageObject","inLanguage":"en-US","@id":"https:\/\/www.valgusevabrik.ee\/#\/schema\/logo\/image\/","url":"https:\/\/www.valgusevabrik.ee\/wp-content\/uploads\/2025\/09\/vohmavalgusevabrik.png","contentUrl":"https:\/\/www.valgusevabrik.ee\/wp-content\/uploads\/2025\/09\/vohmavalgusevabrik.png","width":256,"height":122,"caption":"V\u00f5hma"},"image":{"@id":"https:\/\/www.valgusevabrik.ee\/#\/schema\/logo\/image\/"},"sameAs":["https:\/\/www.facebook.com\/V\u00f5hma-Valgusevabrik-1511025752479317\/","https:\/\/www.instagram.com\/valguse_vabrik\/"]}]}},"_links":{"self":[{"href":"https:\/\/www.valgusevabrik.ee\/en\/wp-json\/wp\/v2\/product\/20309","targetHints":{"allow":["GET"]}}],"collection":[{"href":"https:\/\/www.valgusevabrik.ee\/en\/wp-json\/wp\/v2\/product"}],"about":[{"href":"https:\/\/www.valgusevabrik.ee\/en\/wp-json\/wp\/v2\/types\/product"}],"replies":[{"embeddable":true,"href":"https:\/\/www.valgusevabrik.ee\/en\/wp-json\/wp\/v2\/comments?post=20309"}],"wp:featuredmedia":[{"embeddable":true,"href":"https:\/\/www.valgusevabrik.ee\/en\/wp-json\/wp\/v2\/media\/39427"}],"wp:attachment":[{"href":"https:\/\/www.valgusevabrik.ee\/en\/wp-json\/wp\/v2\/media?parent=20309"}],"wp:term":[{"taxonomy":"product_brand","embeddable":true,"href":"https:\/\/www.valgusevabrik.ee\/en\/wp-json\/wp\/v2\/product_brand?post=20309"},{"taxonomy":"product_cat","embeddable":true,"href":"https:\/\/www.valgusevabrik.ee\/en\/wp-json\/wp\/v2\/product_cat?post=20309"},{"taxonomy":"product_tag","embeddable":true,"href":"https:\/\/www.valgusevabrik.ee\/en\/wp-json\/wp\/v2\/product_tag?post=20309"},{"taxonomy":"giftcard-category","embeddable":true,"href":"https:\/\/www.valgusevabrik.ee\/en\/wp-json\/wp\/v2\/giftcard-category?post=20309"}],"curies":[{"name":"wp","href":"https:\/\/api.w.org\/{rel}","templated":true}]}}