{"id":20291,"date":"2018-03-13T13:02:18","date_gmt":"2018-03-13T13:02:18","guid":{"rendered":"https:\/\/www.valgusevabrik.ee\/?post_type=product&#038;p=20291"},"modified":"2026-03-26T11:08:34","modified_gmt":"2026-03-26T09:08:34","slug":"flower-tealight-candles-5pc-unscented","status":"publish","type":"product","link":"https:\/\/www.valgusevabrik.ee\/en\/product\/tealight-candles\/flower-tealight-candles-5pc-unscented\/","title":{"rendered":"Flower Tealight Candles <br> 5pc, unscented"},"content":{"rendered":"<p><strong>Flower Tealight Candles 5pc, unscented<\/strong><\/p>\n<p><strong>Burning time:<\/strong>\u00a04h<\/p>\n<p><strong>Materials:<\/strong>\u00a0high-quality refined paraffin, 100% OEKO-TEX certified cotton wick (lead-free). Transparent recycled plastic fireproof tealight cups.<\/p>\n<p>Does not contain palm oil. Vegan<\/p>\n<p><strong>Manufacturer:<\/strong>\u00a0Eesti Valgus Handicrafts<\/p>\n<p>We will pack your order with recycled packaging material. If you want new packaging, make the appropriate selection in the shopping cart.<\/p>\n<p>A beautiful selection of candle holders can be found\u00a0<a href=\"https:\/\/www.valgusevabrik.ee\/en\/product-cat\/candle-holders-and-accessories\/\" target=\"_blank\" rel=\"noopener\">here:<\/a><\/p>\n<p>With every purchase, you support the Estonian craft tradition and a local manufacturer. Thank you! \u2764\ufe0f<\/p>\n<p>&nbsp;<\/p>\n","protected":false},"excerpt":{"rendered":"<p>Flower-shaped tealight candles in joyful colours.<\/p>\n<ul>\n<li>Shipping in Estonia within 1-3 days<\/li>\n<li>FREE shipping to parcel machines within Estonia for purchases over \u20ac40<\/li>\n<\/ul>\n","protected":false},"featured_media":87844,"comment_status":"open","ping_status":"closed","template":"","meta":{"_acf_changed":false,"inline_featured_image":false},"product_brand":[],"product_cat":[880],"product_tag":[],"giftcard-category":[],"class_list":{"0":"post-20291","1":"product","2":"type-product","3":"status-publish","4":"has-post-thumbnail","6":"product_cat-tealight-candles","8":"first","9":"instock","10":"taxable","11":"shipping-taxable","12":"purchasable","13":"product-type-simple"},"acf":[],"yoast_head":"<!-- This site is optimized with the Yoast SEO plugin v27.5 - https:\/\/yoast.com\/product\/yoast-seo-wordpress\/ -->\n<title>Flower Tealight Candles  5pc, unscented - V\u00f5hma<\/title>\n<meta name=\"description\" content=\"Flower Tealight Candles 5pc unscented in joyful colours. Burning time:\u00a04h. Shipping in Estonia within 1-3 days. Manufacturer:\u00a0Eesti Valgus Handicrafts\" \/>\n<meta name=\"robots\" content=\"index, follow, max-snippet:-1, max-image-preview:large, max-video-preview:-1\" \/>\n<link rel=\"canonical\" href=\"https:\/\/www.valgusevabrik.ee\/en\/product\/tealight-candles\/flower-tealight-candles-5pc-unscented\/\" \/>\n<meta property=\"og:locale\" content=\"en_US\" \/>\n<meta property=\"og:type\" content=\"article\" \/>\n<meta property=\"og:title\" content=\"Flower Tealight Candles  5pc, unscented - V\u00f5hma\" \/>\n<meta property=\"og:description\" content=\"Flower Tealight Candles 5pc unscented in joyful colours. Burning time:\u00a04h. Shipping in Estonia within 1-3 days. Manufacturer:\u00a0Eesti Valgus Handicrafts\" \/>\n<meta property=\"og:url\" content=\"https:\/\/www.valgusevabrik.ee\/en\/product\/tealight-candles\/flower-tealight-candles-5pc-unscented\/\" \/>\n<meta property=\"og:site_name\" content=\"V\u00f5hma\" \/>\n<meta property=\"article:publisher\" content=\"https:\/\/www.facebook.com\/V%c3%b5hma-Valgusevabrik-1511025752479317\/\" \/>\n<meta property=\"article:modified_time\" content=\"2026-03-26T09:08:34+00:00\" \/>\n<meta property=\"og:image\" content=\"https:\/\/www.valgusevabrik.ee\/wp-content\/uploads\/2023\/02\/ilma-lohnata-lillekujulised-teekuunlad-5tk-pakis-Vohma-Valgusevabrik-kasitoo.jpg\" \/>\n\t<meta property=\"og:image:width\" content=\"1448\" \/>\n\t<meta property=\"og:image:height\" content=\"2048\" \/>\n\t<meta property=\"og:image:type\" content=\"image\/jpeg\" \/>\n<meta name=\"twitter:card\" content=\"summary_large_image\" \/>\n<meta name=\"twitter:label1\" content=\"Est. reading time\" \/>\n\t<meta name=\"twitter:data1\" content=\"1 minute\" \/>\n<script type=\"application\/ld+json\" class=\"yoast-schema-graph\">{\"@context\":\"https:\\\/\\\/schema.org\",\"@graph\":[{\"@type\":\"WebPage\",\"@id\":\"https:\\\/\\\/www.valgusevabrik.ee\\\/en\\\/product\\\/tealight-candles\\\/flower-tealight-candles-5pc-unscented\\\/\",\"url\":\"https:\\\/\\\/www.valgusevabrik.ee\\\/en\\\/product\\\/tealight-candles\\\/flower-tealight-candles-5pc-unscented\\\/\",\"name\":\"Flower Tealight Candles 5pc, unscented - V\u00f5hma\",\"isPartOf\":{\"@id\":\"https:\\\/\\\/www.valgusevabrik.ee\\\/#website\"},\"primaryImageOfPage\":{\"@id\":\"https:\\\/\\\/www.valgusevabrik.ee\\\/en\\\/product\\\/tealight-candles\\\/flower-tealight-candles-5pc-unscented\\\/#primaryimage\"},\"image\":{\"@id\":\"https:\\\/\\\/www.valgusevabrik.ee\\\/en\\\/product\\\/tealight-candles\\\/flower-tealight-candles-5pc-unscented\\\/#primaryimage\"},\"thumbnailUrl\":\"https:\\\/\\\/www.valgusevabrik.ee\\\/wp-content\\\/uploads\\\/2023\\\/02\\\/ilma-lohnata-lillekujulised-teekuunlad-5tk-pakis-Vohma-Valgusevabrik-kasitoo.jpg\",\"datePublished\":\"2018-03-13T13:02:18+00:00\",\"dateModified\":\"2026-03-26T09:08:34+00:00\",\"description\":\"Flower Tealight Candles 5pc unscented in joyful colours. Burning time:\u00a04h. Shipping in Estonia within 1-3 days. Manufacturer:\u00a0Eesti Valgus Handicrafts\",\"breadcrumb\":{\"@id\":\"https:\\\/\\\/www.valgusevabrik.ee\\\/en\\\/product\\\/tealight-candles\\\/flower-tealight-candles-5pc-unscented\\\/#breadcrumb\"},\"inLanguage\":\"en-US\",\"potentialAction\":[{\"@type\":\"ReadAction\",\"target\":[\"https:\\\/\\\/www.valgusevabrik.ee\\\/en\\\/product\\\/tealight-candles\\\/flower-tealight-candles-5pc-unscented\\\/\"]}]},{\"@type\":\"ImageObject\",\"inLanguage\":\"en-US\",\"@id\":\"https:\\\/\\\/www.valgusevabrik.ee\\\/en\\\/product\\\/tealight-candles\\\/flower-tealight-candles-5pc-unscented\\\/#primaryimage\",\"url\":\"https:\\\/\\\/www.valgusevabrik.ee\\\/wp-content\\\/uploads\\\/2023\\\/02\\\/ilma-lohnata-lillekujulised-teekuunlad-5tk-pakis-Vohma-Valgusevabrik-kasitoo.jpg\",\"contentUrl\":\"https:\\\/\\\/www.valgusevabrik.ee\\\/wp-content\\\/uploads\\\/2023\\\/02\\\/ilma-lohnata-lillekujulised-teekuunlad-5tk-pakis-Vohma-Valgusevabrik-kasitoo.jpg\",\"width\":1448,\"height\":2048,\"caption\":\"ilma l\u00f5hnata lillekujulised teek\u00fc\u00fcnlad 10tk pakis V\u00f5hma Valgusevabrik k\u00e4sit\u00f6\u00f6\"},{\"@type\":\"BreadcrumbList\",\"@id\":\"https:\\\/\\\/www.valgusevabrik.ee\\\/en\\\/product\\\/tealight-candles\\\/flower-tealight-candles-5pc-unscented\\\/#breadcrumb\",\"itemListElement\":[{\"@type\":\"ListItem\",\"position\":1,\"name\":\"Home\",\"item\":\"https:\\\/\\\/www.valgusevabrik.ee\\\/en\\\/\"},{\"@type\":\"ListItem\",\"position\":2,\"name\":\"E-shop\",\"item\":\"https:\\\/\\\/www.valgusevabrik.ee\\\/en\\\/e-shop\\\/\"},{\"@type\":\"ListItem\",\"position\":3,\"name\":\"Flower Tealight Candles 5pc, unscented\"}]},{\"@type\":\"WebSite\",\"@id\":\"https:\\\/\\\/www.valgusevabrik.ee\\\/#website\",\"url\":\"https:\\\/\\\/www.valgusevabrik.ee\\\/\",\"name\":\"V\u00f5hma\",\"description\":\"Valguse Vabrik\",\"publisher\":{\"@id\":\"https:\\\/\\\/www.valgusevabrik.ee\\\/#organization\"},\"potentialAction\":[{\"@type\":\"SearchAction\",\"target\":{\"@type\":\"EntryPoint\",\"urlTemplate\":\"https:\\\/\\\/www.valgusevabrik.ee\\\/?s={search_term_string}\"},\"query-input\":{\"@type\":\"PropertyValueSpecification\",\"valueRequired\":true,\"valueName\":\"search_term_string\"}}],\"inLanguage\":\"en-US\"},{\"@type\":\"Organization\",\"@id\":\"https:\\\/\\\/www.valgusevabrik.ee\\\/#organization\",\"name\":\"V\u00f5hma\",\"url\":\"https:\\\/\\\/www.valgusevabrik.ee\\\/\",\"logo\":{\"@type\":\"ImageObject\",\"inLanguage\":\"en-US\",\"@id\":\"https:\\\/\\\/www.valgusevabrik.ee\\\/#\\\/schema\\\/logo\\\/image\\\/\",\"url\":\"https:\\\/\\\/www.valgusevabrik.ee\\\/wp-content\\\/uploads\\\/2025\\\/09\\\/vohmavalgusevabrik.png\",\"contentUrl\":\"https:\\\/\\\/www.valgusevabrik.ee\\\/wp-content\\\/uploads\\\/2025\\\/09\\\/vohmavalgusevabrik.png\",\"width\":256,\"height\":122,\"caption\":\"V\u00f5hma\"},\"image\":{\"@id\":\"https:\\\/\\\/www.valgusevabrik.ee\\\/#\\\/schema\\\/logo\\\/image\\\/\"},\"sameAs\":[\"https:\\\/\\\/www.facebook.com\\\/V\u00f5hma-Valgusevabrik-1511025752479317\\\/\",\"https:\\\/\\\/www.instagram.com\\\/valguse_vabrik\\\/\"]}]}<\/script>\n<!-- \/ Yoast SEO plugin. -->","yoast_head_json":{"title":"Flower Tealight Candles  5pc, unscented - V\u00f5hma","description":"Flower Tealight Candles 5pc unscented in joyful colours. Burning time:\u00a04h. Shipping in Estonia within 1-3 days. Manufacturer:\u00a0Eesti Valgus Handicrafts","robots":{"index":"index","follow":"follow","max-snippet":"max-snippet:-1","max-image-preview":"max-image-preview:large","max-video-preview":"max-video-preview:-1"},"canonical":"https:\/\/www.valgusevabrik.ee\/en\/product\/tealight-candles\/flower-tealight-candles-5pc-unscented\/","og_locale":"en_US","og_type":"article","og_title":"Flower Tealight Candles  5pc, unscented - V\u00f5hma","og_description":"Flower Tealight Candles 5pc unscented in joyful colours. Burning time:\u00a04h. Shipping in Estonia within 1-3 days. Manufacturer:\u00a0Eesti Valgus Handicrafts","og_url":"https:\/\/www.valgusevabrik.ee\/en\/product\/tealight-candles\/flower-tealight-candles-5pc-unscented\/","og_site_name":"V\u00f5hma","article_publisher":"https:\/\/www.facebook.com\/V%c3%b5hma-Valgusevabrik-1511025752479317\/","article_modified_time":"2026-03-26T09:08:34+00:00","og_image":[{"width":1448,"height":2048,"url":"https:\/\/www.valgusevabrik.ee\/wp-content\/uploads\/2023\/02\/ilma-lohnata-lillekujulised-teekuunlad-5tk-pakis-Vohma-Valgusevabrik-kasitoo.jpg","type":"image\/jpeg"}],"twitter_card":"summary_large_image","twitter_misc":{"Est. reading time":"1 minute"},"schema":{"@context":"https:\/\/schema.org","@graph":[{"@type":"WebPage","@id":"https:\/\/www.valgusevabrik.ee\/en\/product\/tealight-candles\/flower-tealight-candles-5pc-unscented\/","url":"https:\/\/www.valgusevabrik.ee\/en\/product\/tealight-candles\/flower-tealight-candles-5pc-unscented\/","name":"Flower Tealight Candles 5pc, unscented - V\u00f5hma","isPartOf":{"@id":"https:\/\/www.valgusevabrik.ee\/#website"},"primaryImageOfPage":{"@id":"https:\/\/www.valgusevabrik.ee\/en\/product\/tealight-candles\/flower-tealight-candles-5pc-unscented\/#primaryimage"},"image":{"@id":"https:\/\/www.valgusevabrik.ee\/en\/product\/tealight-candles\/flower-tealight-candles-5pc-unscented\/#primaryimage"},"thumbnailUrl":"https:\/\/www.valgusevabrik.ee\/wp-content\/uploads\/2023\/02\/ilma-lohnata-lillekujulised-teekuunlad-5tk-pakis-Vohma-Valgusevabrik-kasitoo.jpg","datePublished":"2018-03-13T13:02:18+00:00","dateModified":"2026-03-26T09:08:34+00:00","description":"Flower Tealight Candles 5pc unscented in joyful colours. Burning time:\u00a04h. Shipping in Estonia within 1-3 days. Manufacturer:\u00a0Eesti Valgus Handicrafts","breadcrumb":{"@id":"https:\/\/www.valgusevabrik.ee\/en\/product\/tealight-candles\/flower-tealight-candles-5pc-unscented\/#breadcrumb"},"inLanguage":"en-US","potentialAction":[{"@type":"ReadAction","target":["https:\/\/www.valgusevabrik.ee\/en\/product\/tealight-candles\/flower-tealight-candles-5pc-unscented\/"]}]},{"@type":"ImageObject","inLanguage":"en-US","@id":"https:\/\/www.valgusevabrik.ee\/en\/product\/tealight-candles\/flower-tealight-candles-5pc-unscented\/#primaryimage","url":"https:\/\/www.valgusevabrik.ee\/wp-content\/uploads\/2023\/02\/ilma-lohnata-lillekujulised-teekuunlad-5tk-pakis-Vohma-Valgusevabrik-kasitoo.jpg","contentUrl":"https:\/\/www.valgusevabrik.ee\/wp-content\/uploads\/2023\/02\/ilma-lohnata-lillekujulised-teekuunlad-5tk-pakis-Vohma-Valgusevabrik-kasitoo.jpg","width":1448,"height":2048,"caption":"ilma l\u00f5hnata lillekujulised teek\u00fc\u00fcnlad 10tk pakis V\u00f5hma Valgusevabrik k\u00e4sit\u00f6\u00f6"},{"@type":"BreadcrumbList","@id":"https:\/\/www.valgusevabrik.ee\/en\/product\/tealight-candles\/flower-tealight-candles-5pc-unscented\/#breadcrumb","itemListElement":[{"@type":"ListItem","position":1,"name":"Home","item":"https:\/\/www.valgusevabrik.ee\/en\/"},{"@type":"ListItem","position":2,"name":"E-shop","item":"https:\/\/www.valgusevabrik.ee\/en\/e-shop\/"},{"@type":"ListItem","position":3,"name":"Flower Tealight Candles 5pc, unscented"}]},{"@type":"WebSite","@id":"https:\/\/www.valgusevabrik.ee\/#website","url":"https:\/\/www.valgusevabrik.ee\/","name":"V\u00f5hma","description":"Valguse Vabrik","publisher":{"@id":"https:\/\/www.valgusevabrik.ee\/#organization"},"potentialAction":[{"@type":"SearchAction","target":{"@type":"EntryPoint","urlTemplate":"https:\/\/www.valgusevabrik.ee\/?s={search_term_string}"},"query-input":{"@type":"PropertyValueSpecification","valueRequired":true,"valueName":"search_term_string"}}],"inLanguage":"en-US"},{"@type":"Organization","@id":"https:\/\/www.valgusevabrik.ee\/#organization","name":"V\u00f5hma","url":"https:\/\/www.valgusevabrik.ee\/","logo":{"@type":"ImageObject","inLanguage":"en-US","@id":"https:\/\/www.valgusevabrik.ee\/#\/schema\/logo\/image\/","url":"https:\/\/www.valgusevabrik.ee\/wp-content\/uploads\/2025\/09\/vohmavalgusevabrik.png","contentUrl":"https:\/\/www.valgusevabrik.ee\/wp-content\/uploads\/2025\/09\/vohmavalgusevabrik.png","width":256,"height":122,"caption":"V\u00f5hma"},"image":{"@id":"https:\/\/www.valgusevabrik.ee\/#\/schema\/logo\/image\/"},"sameAs":["https:\/\/www.facebook.com\/V\u00f5hma-Valgusevabrik-1511025752479317\/","https:\/\/www.instagram.com\/valguse_vabrik\/"]}]}},"_links":{"self":[{"href":"https:\/\/www.valgusevabrik.ee\/en\/wp-json\/wp\/v2\/product\/20291","targetHints":{"allow":["GET"]}}],"collection":[{"href":"https:\/\/www.valgusevabrik.ee\/en\/wp-json\/wp\/v2\/product"}],"about":[{"href":"https:\/\/www.valgusevabrik.ee\/en\/wp-json\/wp\/v2\/types\/product"}],"replies":[{"embeddable":true,"href":"https:\/\/www.valgusevabrik.ee\/en\/wp-json\/wp\/v2\/comments?post=20291"}],"wp:featuredmedia":[{"embeddable":true,"href":"https:\/\/www.valgusevabrik.ee\/en\/wp-json\/wp\/v2\/media\/87844"}],"wp:attachment":[{"href":"https:\/\/www.valgusevabrik.ee\/en\/wp-json\/wp\/v2\/media?parent=20291"}],"wp:term":[{"taxonomy":"product_brand","embeddable":true,"href":"https:\/\/www.valgusevabrik.ee\/en\/wp-json\/wp\/v2\/product_brand?post=20291"},{"taxonomy":"product_cat","embeddable":true,"href":"https:\/\/www.valgusevabrik.ee\/en\/wp-json\/wp\/v2\/product_cat?post=20291"},{"taxonomy":"product_tag","embeddable":true,"href":"https:\/\/www.valgusevabrik.ee\/en\/wp-json\/wp\/v2\/product_tag?post=20291"},{"taxonomy":"giftcard-category","embeddable":true,"href":"https:\/\/www.valgusevabrik.ee\/en\/wp-json\/wp\/v2\/giftcard-category?post=20291"}],"curies":[{"name":"wp","href":"https:\/\/api.w.org\/{rel}","templated":true}]}}