{"id":14871,"date":"2017-02-08T10:54:53","date_gmt":"2017-02-08T10:54:53","guid":{"rendered":"https:\/\/www.valgusevabrik.ee\/?post_type=product&#038;p=14871\/"},"modified":"2026-04-15T15:29:14","modified_gmt":"2026-04-15T12:29:14","slug":"wedding-candle-the-tree-of-wishes","status":"publish","type":"product","link":"https:\/\/www.valgusevabrik.ee\/en\/product\/wedding-candles\/wedding-candle-for-bride-and-groom\/wedding-candle-the-tree-of-wishes\/","title":{"rendered":"Wedding candle The Tree Of Wishes"},"content":{"rendered":"<p><strong>Wedding candle The Tree Of Wishes<\/strong><\/p>\n<ul>\n<li><strong>Elegant hand-painted design<\/strong><\/li>\n<li><strong>Customizable details \u2013\u00a0<\/strong>Personalize your candle with the bride and groom\u2019s names and wedding date (optional<strong>).<\/strong>\u00a0If you have special requests regarding color and decoration, please contact us\u00a0<a href=\"mailto:info@valgusevabrik.ee\">info@valgusevabrik.ee<\/a>\u00a0The colour scheme of candle design can be personalised without any extra charges.<\/li>\n<li><strong>Premium quality \u2013\u00a0<\/strong>Made from high-quality refined wax with a stable burn, creating a warm, inviting glow throughout your event. 100% OEKO-TEX certified cotton wick (lead-free). Special wax colors melt evenly with candle wax. Does not contain palm oil. Vegan<\/li>\n<li><strong>Perfect size\u00a0<\/strong>\u2013 Candle on the photo is in white marble colour size 10 \u00d7 30 cm, approximate burning time 180 h. In addition to the most popular wedding candle sizes offered, we can also make wedding candles in other sizes. A larger size wedding candle, 60cm can only be sent to an Omniva parcel machine or by courier.<\/li>\n<li><strong>Estonian handcraft<\/strong><\/li>\n<\/ul>\n<p><strong>Related products:<\/strong><\/p>\n<p>This design is also available in a\u00a0<strong>smaller size as a parent gift candle\u00a0<\/strong><a href=\"https:\/\/www.valgusevabrik.ee\/en\/product\/wedding-candles\/wedding-candle-for-parents\/parents-gift-candle-vintage-roses\/\" target=\"_blank\" rel=\"noopener\">here:<\/a><\/p>\n<p>You may also choose a\u00a0<strong>matching unity ceremony candles<\/strong>\u00a0to lit the wedding candle\u00a0<a href=\"https:\/\/www.valgusevabrik.ee\/en\/product\/wedding-candles\/ceremony-candles\/unity-ceremony-candles\/\" target=\"_blank\" rel=\"noopener\">here:<\/a><\/p>\n<p>Please find suitable\u00a0<strong>ceramic candle holders<\/strong>\u00a0<a href=\"https:\/\/www.valgusevabrik.ee\/en\/product-cat\/candle-holders-and-accessories\/\" target=\"_blank\" rel=\"noopener\">here:<\/a><\/p>\n<p>Please check the order confirmation to make sure all details were entered correctly. If necessary, please send additional information to\u00a0<strong><a href=\"mailto:info@valgusevabrik.ee\">info@valgusevabrik.ee<\/a><\/strong><\/p>\n<p>We work with you to design your candle, so you get personalised customised and individually crafted candle creating everlasting memories.<\/p>\n<p><strong>For wedding candles, the online store offer does not apply to free shipping.<\/strong><br \/>\n<strong>Candles over 30 cm tall we ship only by courier.<\/strong><\/p>\n","protected":false},"excerpt":{"rendered":"<p>Happy birds and apple blossoms decorate this hand-painted wedding candle, giving it a summerly feel.<\/p>\n<ul>\n<li style=\"list-style-type: none;\">\n<ul>\n<li style=\"list-style-type: none;\">\n<ul>\n<li>Shipping in Estonia within 14 days<\/li>\n<li>International delivery time depends on the courier in the recipient\u2019s country.<\/li>\n<\/ul>\n<\/li>\n<\/ul>\n<\/li>\n<\/ul>\n<p>Choose from a range of size and colour to match your wedding theme from the drop-down menu. Contact us directly if you have an urgent order or a custom order request.<\/p>\n","protected":false},"featured_media":35417,"comment_status":"open","ping_status":"closed","template":"","meta":{"_acf_changed":false,"inline_featured_image":false},"product_brand":[],"product_cat":[77,1827],"product_tag":[],"giftcard-category":[],"class_list":{"0":"post-14871","1":"product","2":"type-product","3":"status-publish","4":"has-post-thumbnail","6":"product_cat-wedding-candles","7":"product_cat-wedding-candle-for-bride-and-groom","9":"first","10":"instock","11":"taxable","12":"shipping-taxable","13":"purchasable","14":"product-type-variable"},"acf":[],"yoast_head":"<!-- This site is optimized with the Yoast SEO plugin v27.3 - https:\/\/yoast.com\/product\/yoast-seo-wordpress\/ -->\n<title>Wedding candle The Tree Of Wishes - V\u00f5hma<\/title>\n<meta name=\"description\" content=\"Happy birds and apple blossoms decorate this handpainted wedding candle, giving it a summerly feel. Handmade by V\u00f5hma Light Factory.\" \/>\n<meta name=\"robots\" content=\"index, follow, max-snippet:-1, max-image-preview:large, max-video-preview:-1\" \/>\n<link rel=\"canonical\" href=\"https:\/\/www.valgusevabrik.ee\/en\/product\/wedding-candles\/wedding-candle-for-bride-and-groom\/wedding-candle-the-tree-of-wishes\/\" \/>\n<meta property=\"og:locale\" content=\"en_US\" \/>\n<meta property=\"og:type\" content=\"article\" \/>\n<meta property=\"og:title\" content=\"Wedding candle The Tree Of Wishes - V\u00f5hma\" \/>\n<meta property=\"og:description\" content=\"Happy birds and apple blossoms decorate this handpainted wedding candle, giving it a summerly feel. Handmade by V\u00f5hma Light Factory.\" \/>\n<meta property=\"og:url\" content=\"https:\/\/www.valgusevabrik.ee\/en\/product\/wedding-candles\/wedding-candle-for-bride-and-groom\/wedding-candle-the-tree-of-wishes\/\" \/>\n<meta property=\"og:site_name\" content=\"V\u00f5hma\" \/>\n<meta property=\"article:publisher\" content=\"https:\/\/www.facebook.com\/V%c3%b5hma-Valgusevabrik-1511025752479317\/\" \/>\n<meta property=\"article:modified_time\" content=\"2026-04-15T12:29:14+00:00\" \/>\n<meta property=\"og:image\" content=\"https:\/\/www.valgusevabrik.ee\/wp-content\/uploads\/2021\/09\/pulma-33_soovidepuu-scaled.jpg\" \/>\n\t<meta property=\"og:image:width\" content=\"1707\" \/>\n\t<meta property=\"og:image:height\" content=\"2560\" \/>\n\t<meta property=\"og:image:type\" content=\"image\/jpeg\" \/>\n<meta name=\"twitter:card\" content=\"summary_large_image\" \/>\n<meta name=\"twitter:label1\" content=\"Est. reading time\" \/>\n\t<meta name=\"twitter:data1\" content=\"2 minutes\" \/>\n<script type=\"application\/ld+json\" class=\"yoast-schema-graph\">{\"@context\":\"https:\\\/\\\/schema.org\",\"@graph\":[{\"@type\":\"WebPage\",\"@id\":\"https:\\\/\\\/www.valgusevabrik.ee\\\/en\\\/product\\\/wedding-candles\\\/wedding-candle-for-bride-and-groom\\\/wedding-candle-the-tree-of-wishes\\\/\",\"url\":\"https:\\\/\\\/www.valgusevabrik.ee\\\/en\\\/product\\\/wedding-candles\\\/wedding-candle-for-bride-and-groom\\\/wedding-candle-the-tree-of-wishes\\\/\",\"name\":\"Wedding candle The Tree Of Wishes - V\u00f5hma\",\"isPartOf\":{\"@id\":\"https:\\\/\\\/www.valgusevabrik.ee\\\/#website\"},\"primaryImageOfPage\":{\"@id\":\"https:\\\/\\\/www.valgusevabrik.ee\\\/en\\\/product\\\/wedding-candles\\\/wedding-candle-for-bride-and-groom\\\/wedding-candle-the-tree-of-wishes\\\/#primaryimage\"},\"image\":{\"@id\":\"https:\\\/\\\/www.valgusevabrik.ee\\\/en\\\/product\\\/wedding-candles\\\/wedding-candle-for-bride-and-groom\\\/wedding-candle-the-tree-of-wishes\\\/#primaryimage\"},\"thumbnailUrl\":\"https:\\\/\\\/www.valgusevabrik.ee\\\/wp-content\\\/uploads\\\/2021\\\/09\\\/pulma-33_soovidepuu-scaled.jpg\",\"datePublished\":\"2017-02-08T10:54:53+00:00\",\"dateModified\":\"2026-04-15T12:29:14+00:00\",\"description\":\"Happy birds and apple blossoms decorate this handpainted wedding candle, giving it a summerly feel. Handmade by V\u00f5hma Light Factory.\",\"breadcrumb\":{\"@id\":\"https:\\\/\\\/www.valgusevabrik.ee\\\/en\\\/product\\\/wedding-candles\\\/wedding-candle-for-bride-and-groom\\\/wedding-candle-the-tree-of-wishes\\\/#breadcrumb\"},\"inLanguage\":\"en-US\",\"potentialAction\":[{\"@type\":\"ReadAction\",\"target\":[\"https:\\\/\\\/www.valgusevabrik.ee\\\/en\\\/product\\\/wedding-candles\\\/wedding-candle-for-bride-and-groom\\\/wedding-candle-the-tree-of-wishes\\\/\"]}]},{\"@type\":\"ImageObject\",\"inLanguage\":\"en-US\",\"@id\":\"https:\\\/\\\/www.valgusevabrik.ee\\\/en\\\/product\\\/wedding-candles\\\/wedding-candle-for-bride-and-groom\\\/wedding-candle-the-tree-of-wishes\\\/#primaryimage\",\"url\":\"https:\\\/\\\/www.valgusevabrik.ee\\\/wp-content\\\/uploads\\\/2021\\\/09\\\/pulma-33_soovidepuu-scaled.jpg\",\"contentUrl\":\"https:\\\/\\\/www.valgusevabrik.ee\\\/wp-content\\\/uploads\\\/2021\\\/09\\\/pulma-33_soovidepuu-scaled.jpg\",\"width\":1707,\"height\":2560,\"caption\":\"K\u00e4sitsi maalitud pulmak\u00fc\u00fcnal \\\"Soovidepuu\\\"\"},{\"@type\":\"BreadcrumbList\",\"@id\":\"https:\\\/\\\/www.valgusevabrik.ee\\\/en\\\/product\\\/wedding-candles\\\/wedding-candle-for-bride-and-groom\\\/wedding-candle-the-tree-of-wishes\\\/#breadcrumb\",\"itemListElement\":[{\"@type\":\"ListItem\",\"position\":1,\"name\":\"Home\",\"item\":\"https:\\\/\\\/www.valgusevabrik.ee\\\/en\\\/\"},{\"@type\":\"ListItem\",\"position\":2,\"name\":\"E-shop\",\"item\":\"https:\\\/\\\/www.valgusevabrik.ee\\\/en\\\/e-shop\\\/\"},{\"@type\":\"ListItem\",\"position\":3,\"name\":\"Wedding candle The Tree Of Wishes\"}]},{\"@type\":\"WebSite\",\"@id\":\"https:\\\/\\\/www.valgusevabrik.ee\\\/#website\",\"url\":\"https:\\\/\\\/www.valgusevabrik.ee\\\/\",\"name\":\"V\u00f5hma\",\"description\":\"Valguse Vabrik\",\"publisher\":{\"@id\":\"https:\\\/\\\/www.valgusevabrik.ee\\\/#organization\"},\"potentialAction\":[{\"@type\":\"SearchAction\",\"target\":{\"@type\":\"EntryPoint\",\"urlTemplate\":\"https:\\\/\\\/www.valgusevabrik.ee\\\/?s={search_term_string}\"},\"query-input\":{\"@type\":\"PropertyValueSpecification\",\"valueRequired\":true,\"valueName\":\"search_term_string\"}}],\"inLanguage\":\"en-US\"},{\"@type\":\"Organization\",\"@id\":\"https:\\\/\\\/www.valgusevabrik.ee\\\/#organization\",\"name\":\"V\u00f5hma\",\"url\":\"https:\\\/\\\/www.valgusevabrik.ee\\\/\",\"logo\":{\"@type\":\"ImageObject\",\"inLanguage\":\"en-US\",\"@id\":\"https:\\\/\\\/www.valgusevabrik.ee\\\/#\\\/schema\\\/logo\\\/image\\\/\",\"url\":\"https:\\\/\\\/www.valgusevabrik.ee\\\/wp-content\\\/uploads\\\/2025\\\/09\\\/vohmavalgusevabrik.png\",\"contentUrl\":\"https:\\\/\\\/www.valgusevabrik.ee\\\/wp-content\\\/uploads\\\/2025\\\/09\\\/vohmavalgusevabrik.png\",\"width\":256,\"height\":122,\"caption\":\"V\u00f5hma\"},\"image\":{\"@id\":\"https:\\\/\\\/www.valgusevabrik.ee\\\/#\\\/schema\\\/logo\\\/image\\\/\"},\"sameAs\":[\"https:\\\/\\\/www.facebook.com\\\/V\u00f5hma-Valgusevabrik-1511025752479317\\\/\",\"https:\\\/\\\/www.instagram.com\\\/valguse_vabrik\\\/\"]}]}<\/script>\n<!-- \/ Yoast SEO plugin. -->","yoast_head_json":{"title":"Wedding candle The Tree Of Wishes - V\u00f5hma","description":"Happy birds and apple blossoms decorate this handpainted wedding candle, giving it a summerly feel. Handmade by V\u00f5hma Light Factory.","robots":{"index":"index","follow":"follow","max-snippet":"max-snippet:-1","max-image-preview":"max-image-preview:large","max-video-preview":"max-video-preview:-1"},"canonical":"https:\/\/www.valgusevabrik.ee\/en\/product\/wedding-candles\/wedding-candle-for-bride-and-groom\/wedding-candle-the-tree-of-wishes\/","og_locale":"en_US","og_type":"article","og_title":"Wedding candle The Tree Of Wishes - V\u00f5hma","og_description":"Happy birds and apple blossoms decorate this handpainted wedding candle, giving it a summerly feel. Handmade by V\u00f5hma Light Factory.","og_url":"https:\/\/www.valgusevabrik.ee\/en\/product\/wedding-candles\/wedding-candle-for-bride-and-groom\/wedding-candle-the-tree-of-wishes\/","og_site_name":"V\u00f5hma","article_publisher":"https:\/\/www.facebook.com\/V%c3%b5hma-Valgusevabrik-1511025752479317\/","article_modified_time":"2026-04-15T12:29:14+00:00","og_image":[{"width":1707,"height":2560,"url":"https:\/\/www.valgusevabrik.ee\/wp-content\/uploads\/2021\/09\/pulma-33_soovidepuu-scaled.jpg","type":"image\/jpeg"}],"twitter_card":"summary_large_image","twitter_misc":{"Est. reading time":"2 minutes"},"schema":{"@context":"https:\/\/schema.org","@graph":[{"@type":"WebPage","@id":"https:\/\/www.valgusevabrik.ee\/en\/product\/wedding-candles\/wedding-candle-for-bride-and-groom\/wedding-candle-the-tree-of-wishes\/","url":"https:\/\/www.valgusevabrik.ee\/en\/product\/wedding-candles\/wedding-candle-for-bride-and-groom\/wedding-candle-the-tree-of-wishes\/","name":"Wedding candle The Tree Of Wishes - V\u00f5hma","isPartOf":{"@id":"https:\/\/www.valgusevabrik.ee\/#website"},"primaryImageOfPage":{"@id":"https:\/\/www.valgusevabrik.ee\/en\/product\/wedding-candles\/wedding-candle-for-bride-and-groom\/wedding-candle-the-tree-of-wishes\/#primaryimage"},"image":{"@id":"https:\/\/www.valgusevabrik.ee\/en\/product\/wedding-candles\/wedding-candle-for-bride-and-groom\/wedding-candle-the-tree-of-wishes\/#primaryimage"},"thumbnailUrl":"https:\/\/www.valgusevabrik.ee\/wp-content\/uploads\/2021\/09\/pulma-33_soovidepuu-scaled.jpg","datePublished":"2017-02-08T10:54:53+00:00","dateModified":"2026-04-15T12:29:14+00:00","description":"Happy birds and apple blossoms decorate this handpainted wedding candle, giving it a summerly feel. Handmade by V\u00f5hma Light Factory.","breadcrumb":{"@id":"https:\/\/www.valgusevabrik.ee\/en\/product\/wedding-candles\/wedding-candle-for-bride-and-groom\/wedding-candle-the-tree-of-wishes\/#breadcrumb"},"inLanguage":"en-US","potentialAction":[{"@type":"ReadAction","target":["https:\/\/www.valgusevabrik.ee\/en\/product\/wedding-candles\/wedding-candle-for-bride-and-groom\/wedding-candle-the-tree-of-wishes\/"]}]},{"@type":"ImageObject","inLanguage":"en-US","@id":"https:\/\/www.valgusevabrik.ee\/en\/product\/wedding-candles\/wedding-candle-for-bride-and-groom\/wedding-candle-the-tree-of-wishes\/#primaryimage","url":"https:\/\/www.valgusevabrik.ee\/wp-content\/uploads\/2021\/09\/pulma-33_soovidepuu-scaled.jpg","contentUrl":"https:\/\/www.valgusevabrik.ee\/wp-content\/uploads\/2021\/09\/pulma-33_soovidepuu-scaled.jpg","width":1707,"height":2560,"caption":"K\u00e4sitsi maalitud pulmak\u00fc\u00fcnal \"Soovidepuu\""},{"@type":"BreadcrumbList","@id":"https:\/\/www.valgusevabrik.ee\/en\/product\/wedding-candles\/wedding-candle-for-bride-and-groom\/wedding-candle-the-tree-of-wishes\/#breadcrumb","itemListElement":[{"@type":"ListItem","position":1,"name":"Home","item":"https:\/\/www.valgusevabrik.ee\/en\/"},{"@type":"ListItem","position":2,"name":"E-shop","item":"https:\/\/www.valgusevabrik.ee\/en\/e-shop\/"},{"@type":"ListItem","position":3,"name":"Wedding candle The Tree Of Wishes"}]},{"@type":"WebSite","@id":"https:\/\/www.valgusevabrik.ee\/#website","url":"https:\/\/www.valgusevabrik.ee\/","name":"V\u00f5hma","description":"Valguse Vabrik","publisher":{"@id":"https:\/\/www.valgusevabrik.ee\/#organization"},"potentialAction":[{"@type":"SearchAction","target":{"@type":"EntryPoint","urlTemplate":"https:\/\/www.valgusevabrik.ee\/?s={search_term_string}"},"query-input":{"@type":"PropertyValueSpecification","valueRequired":true,"valueName":"search_term_string"}}],"inLanguage":"en-US"},{"@type":"Organization","@id":"https:\/\/www.valgusevabrik.ee\/#organization","name":"V\u00f5hma","url":"https:\/\/www.valgusevabrik.ee\/","logo":{"@type":"ImageObject","inLanguage":"en-US","@id":"https:\/\/www.valgusevabrik.ee\/#\/schema\/logo\/image\/","url":"https:\/\/www.valgusevabrik.ee\/wp-content\/uploads\/2025\/09\/vohmavalgusevabrik.png","contentUrl":"https:\/\/www.valgusevabrik.ee\/wp-content\/uploads\/2025\/09\/vohmavalgusevabrik.png","width":256,"height":122,"caption":"V\u00f5hma"},"image":{"@id":"https:\/\/www.valgusevabrik.ee\/#\/schema\/logo\/image\/"},"sameAs":["https:\/\/www.facebook.com\/V\u00f5hma-Valgusevabrik-1511025752479317\/","https:\/\/www.instagram.com\/valguse_vabrik\/"]}]}},"_links":{"self":[{"href":"https:\/\/www.valgusevabrik.ee\/en\/wp-json\/wp\/v2\/product\/14871","targetHints":{"allow":["GET"]}}],"collection":[{"href":"https:\/\/www.valgusevabrik.ee\/en\/wp-json\/wp\/v2\/product"}],"about":[{"href":"https:\/\/www.valgusevabrik.ee\/en\/wp-json\/wp\/v2\/types\/product"}],"replies":[{"embeddable":true,"href":"https:\/\/www.valgusevabrik.ee\/en\/wp-json\/wp\/v2\/comments?post=14871"}],"wp:featuredmedia":[{"embeddable":true,"href":"https:\/\/www.valgusevabrik.ee\/en\/wp-json\/wp\/v2\/media\/35417"}],"wp:attachment":[{"href":"https:\/\/www.valgusevabrik.ee\/en\/wp-json\/wp\/v2\/media?parent=14871"}],"wp:term":[{"taxonomy":"product_brand","embeddable":true,"href":"https:\/\/www.valgusevabrik.ee\/en\/wp-json\/wp\/v2\/product_brand?post=14871"},{"taxonomy":"product_cat","embeddable":true,"href":"https:\/\/www.valgusevabrik.ee\/en\/wp-json\/wp\/v2\/product_cat?post=14871"},{"taxonomy":"product_tag","embeddable":true,"href":"https:\/\/www.valgusevabrik.ee\/en\/wp-json\/wp\/v2\/product_tag?post=14871"},{"taxonomy":"giftcard-category","embeddable":true,"href":"https:\/\/www.valgusevabrik.ee\/en\/wp-json\/wp\/v2\/giftcard-category?post=14871"}],"curies":[{"name":"wp","href":"https:\/\/api.w.org\/{rel}","templated":true}]}}