{"id":13876,"date":"2017-05-24T12:30:11","date_gmt":"2017-05-24T12:53:50","guid":{"rendered":"https:\/\/www.valgusevabrik.ee\/?post_type=product&#038;p=13876\/"},"modified":"2025-06-16T15:13:27","modified_gmt":"2025-06-16T12:13:27","slug":"floating-candles","status":"publish","type":"product","link":"https:\/\/www.valgusevabrik.ee\/en\/product\/outdoor-and-garden\/floating-candles\/","title":{"rendered":"Floating candle"},"content":{"rendered":"<p><strong>Floating candle<\/strong><\/p>\n<p>Suitable for both indoor and outdoor burning!<\/p>\n<p>Size 6.5 x 3.5 cm, burning time 4-5 hours<\/p>\n<p>Estonian handicrafts<\/p>\n","protected":false},"excerpt":{"rendered":"<p>Floating candle Suitable for both indoor and outdoor burning! Size 6.5 x 3.5 cm, burning time 4-5 hours Estonian handicrafts<\/p>\n","protected":false},"featured_media":39518,"comment_status":"open","ping_status":"closed","template":"","meta":{"_acf_changed":false,"inline_featured_image":false},"product_brand":[],"product_cat":[1769],"product_tag":[],"giftcard-category":[],"class_list":{"0":"post-13876","1":"product","2":"type-product","3":"status-publish","4":"has-post-thumbnail","6":"product_cat-outdoor-and-garden","8":"first","9":"instock","10":"taxable","11":"shipping-taxable","12":"purchasable","13":"product-type-simple"},"acf":[],"yoast_head":"<!-- This site is optimized with the Yoast SEO plugin v27.2 - https:\/\/yoast.com\/product\/yoast-seo-wordpress\/ -->\n<title>Floating candle - V\u00f5hma<\/title>\n<meta name=\"description\" content=\"Floating candles 3 pcs Suitable for both indoor and outdoor burning! Three floating candles in the package. Size 6.5 x 3.5 cm, burning time 4 hours Estonian handicrafts\" \/>\n<meta name=\"robots\" content=\"index, follow, max-snippet:-1, max-image-preview:large, max-video-preview:-1\" \/>\n<link rel=\"canonical\" href=\"https:\/\/www.valgusevabrik.ee\/en\/product\/outdoor-and-garden\/floating-candles\/\" \/>\n<meta property=\"og:locale\" content=\"en_US\" \/>\n<meta property=\"og:type\" content=\"article\" \/>\n<meta property=\"og:title\" content=\"Floating candle - V\u00f5hma\" \/>\n<meta property=\"og:description\" content=\"Floating candles 3 pcs Suitable for both indoor and outdoor burning! Three floating candles in the package. Size 6.5 x 3.5 cm, burning time 4 hours Estonian handicrafts\" \/>\n<meta property=\"og:url\" content=\"https:\/\/www.valgusevabrik.ee\/en\/product\/outdoor-and-garden\/floating-candles\/\" \/>\n<meta property=\"og:site_name\" content=\"V\u00f5hma\" \/>\n<meta property=\"article:publisher\" content=\"https:\/\/www.facebook.com\/V%c3%b5hma-Valgusevabrik-1511025752479317\/\" \/>\n<meta property=\"article:modified_time\" content=\"2025-06-16T12:13:27+00:00\" \/>\n<meta property=\"og:image\" content=\"https:\/\/www.valgusevabrik.ee\/wp-content\/uploads\/2022\/03\/ujuvkuunlad-vohma-valgusevabrik-scaled.jpg\" \/>\n\t<meta property=\"og:image:width\" content=\"1707\" \/>\n\t<meta property=\"og:image:height\" content=\"2560\" \/>\n\t<meta property=\"og:image:type\" content=\"image\/jpeg\" \/>\n<meta name=\"twitter:card\" content=\"summary_large_image\" \/>\n<script type=\"application\/ld+json\" class=\"yoast-schema-graph\">{\"@context\":\"https:\/\/schema.org\",\"@graph\":[{\"@type\":\"WebPage\",\"@id\":\"https:\/\/www.valgusevabrik.ee\/en\/product\/outdoor-and-garden\/floating-candles\/\",\"url\":\"https:\/\/www.valgusevabrik.ee\/en\/product\/outdoor-and-garden\/floating-candles\/\",\"name\":\"Floating candle - V\u00f5hma\",\"isPartOf\":{\"@id\":\"https:\/\/www.valgusevabrik.ee\/#website\"},\"primaryImageOfPage\":{\"@id\":\"https:\/\/www.valgusevabrik.ee\/en\/product\/outdoor-and-garden\/floating-candles\/#primaryimage\"},\"image\":{\"@id\":\"https:\/\/www.valgusevabrik.ee\/en\/product\/outdoor-and-garden\/floating-candles\/#primaryimage\"},\"thumbnailUrl\":\"https:\/\/www.valgusevabrik.ee\/wp-content\/uploads\/2022\/03\/ujuvkuunlad-vohma-valgusevabrik-scaled.jpg\",\"datePublished\":\"2017-05-24T12:53:50+00:00\",\"dateModified\":\"2025-06-16T12:13:27+00:00\",\"description\":\"Floating candles 3 pcs Suitable for both indoor and outdoor burning! Three floating candles in the package. Size 6.5 x 3.5 cm, burning time 4 hours Estonian handicrafts\",\"breadcrumb\":{\"@id\":\"https:\/\/www.valgusevabrik.ee\/en\/product\/outdoor-and-garden\/floating-candles\/#breadcrumb\"},\"inLanguage\":\"en-US\",\"potentialAction\":[{\"@type\":\"ReadAction\",\"target\":[\"https:\/\/www.valgusevabrik.ee\/en\/product\/outdoor-and-garden\/floating-candles\/\"]}]},{\"@type\":\"ImageObject\",\"inLanguage\":\"en-US\",\"@id\":\"https:\/\/www.valgusevabrik.ee\/en\/product\/outdoor-and-garden\/floating-candles\/#primaryimage\",\"url\":\"https:\/\/www.valgusevabrik.ee\/wp-content\/uploads\/2022\/03\/ujuvkuunlad-vohma-valgusevabrik-scaled.jpg\",\"contentUrl\":\"https:\/\/www.valgusevabrik.ee\/wp-content\/uploads\/2022\/03\/ujuvkuunlad-vohma-valgusevabrik-scaled.jpg\",\"width\":1707,\"height\":2560,\"caption\":\"Ujuv k\u00fc\u00fcnal, l\u00f5hnata. Eesti k\u00e4sit\u00f6\u00f6\"},{\"@type\":\"BreadcrumbList\",\"@id\":\"https:\/\/www.valgusevabrik.ee\/en\/product\/outdoor-and-garden\/floating-candles\/#breadcrumb\",\"itemListElement\":[{\"@type\":\"ListItem\",\"position\":1,\"name\":\"Home\",\"item\":\"https:\/\/www.valgusevabrik.ee\/en\/\"},{\"@type\":\"ListItem\",\"position\":2,\"name\":\"E-shop\",\"item\":\"https:\/\/www.valgusevabrik.ee\/en\/e-shop\/\"},{\"@type\":\"ListItem\",\"position\":3,\"name\":\"Floating candle\"}]},{\"@type\":\"WebSite\",\"@id\":\"https:\/\/www.valgusevabrik.ee\/#website\",\"url\":\"https:\/\/www.valgusevabrik.ee\/\",\"name\":\"V\u00f5hma\",\"description\":\"Valguse Vabrik\",\"publisher\":{\"@id\":\"https:\/\/www.valgusevabrik.ee\/#organization\"},\"potentialAction\":[{\"@type\":\"SearchAction\",\"target\":{\"@type\":\"EntryPoint\",\"urlTemplate\":\"https:\/\/www.valgusevabrik.ee\/?s={search_term_string}\"},\"query-input\":{\"@type\":\"PropertyValueSpecification\",\"valueRequired\":true,\"valueName\":\"search_term_string\"}}],\"inLanguage\":\"en-US\"},{\"@type\":\"Organization\",\"@id\":\"https:\/\/www.valgusevabrik.ee\/#organization\",\"name\":\"V\u00f5hma\",\"url\":\"https:\/\/www.valgusevabrik.ee\/\",\"logo\":{\"@type\":\"ImageObject\",\"inLanguage\":\"en-US\",\"@id\":\"https:\/\/www.valgusevabrik.ee\/#\/schema\/logo\/image\/\",\"url\":\"https:\/\/www.valgusevabrik.ee\/wp-content\/uploads\/2025\/09\/vohmavalgusevabrik.png\",\"contentUrl\":\"https:\/\/www.valgusevabrik.ee\/wp-content\/uploads\/2025\/09\/vohmavalgusevabrik.png\",\"width\":256,\"height\":122,\"caption\":\"V\u00f5hma\"},\"image\":{\"@id\":\"https:\/\/www.valgusevabrik.ee\/#\/schema\/logo\/image\/\"},\"sameAs\":[\"https:\/\/www.facebook.com\/V\u00f5hma-Valgusevabrik-1511025752479317\/\",\"https:\/\/www.instagram.com\/valguse_vabrik\/\"]}]}<\/script>\n<!-- \/ Yoast SEO plugin. -->","yoast_head_json":{"title":"Floating candle - V\u00f5hma","description":"Floating candles 3 pcs Suitable for both indoor and outdoor burning! Three floating candles in the package. Size 6.5 x 3.5 cm, burning time 4 hours Estonian handicrafts","robots":{"index":"index","follow":"follow","max-snippet":"max-snippet:-1","max-image-preview":"max-image-preview:large","max-video-preview":"max-video-preview:-1"},"canonical":"https:\/\/www.valgusevabrik.ee\/en\/product\/outdoor-and-garden\/floating-candles\/","og_locale":"en_US","og_type":"article","og_title":"Floating candle - V\u00f5hma","og_description":"Floating candles 3 pcs Suitable for both indoor and outdoor burning! Three floating candles in the package. Size 6.5 x 3.5 cm, burning time 4 hours Estonian handicrafts","og_url":"https:\/\/www.valgusevabrik.ee\/en\/product\/outdoor-and-garden\/floating-candles\/","og_site_name":"V\u00f5hma","article_publisher":"https:\/\/www.facebook.com\/V%c3%b5hma-Valgusevabrik-1511025752479317\/","article_modified_time":"2025-06-16T12:13:27+00:00","og_image":[{"width":1707,"height":2560,"url":"https:\/\/www.valgusevabrik.ee\/wp-content\/uploads\/2022\/03\/ujuvkuunlad-vohma-valgusevabrik-scaled.jpg","type":"image\/jpeg"}],"twitter_card":"summary_large_image","schema":{"@context":"https:\/\/schema.org","@graph":[{"@type":"WebPage","@id":"https:\/\/www.valgusevabrik.ee\/en\/product\/outdoor-and-garden\/floating-candles\/","url":"https:\/\/www.valgusevabrik.ee\/en\/product\/outdoor-and-garden\/floating-candles\/","name":"Floating candle - V\u00f5hma","isPartOf":{"@id":"https:\/\/www.valgusevabrik.ee\/#website"},"primaryImageOfPage":{"@id":"https:\/\/www.valgusevabrik.ee\/en\/product\/outdoor-and-garden\/floating-candles\/#primaryimage"},"image":{"@id":"https:\/\/www.valgusevabrik.ee\/en\/product\/outdoor-and-garden\/floating-candles\/#primaryimage"},"thumbnailUrl":"https:\/\/www.valgusevabrik.ee\/wp-content\/uploads\/2022\/03\/ujuvkuunlad-vohma-valgusevabrik-scaled.jpg","datePublished":"2017-05-24T12:53:50+00:00","dateModified":"2025-06-16T12:13:27+00:00","description":"Floating candles 3 pcs Suitable for both indoor and outdoor burning! Three floating candles in the package. Size 6.5 x 3.5 cm, burning time 4 hours Estonian handicrafts","breadcrumb":{"@id":"https:\/\/www.valgusevabrik.ee\/en\/product\/outdoor-and-garden\/floating-candles\/#breadcrumb"},"inLanguage":"en-US","potentialAction":[{"@type":"ReadAction","target":["https:\/\/www.valgusevabrik.ee\/en\/product\/outdoor-and-garden\/floating-candles\/"]}]},{"@type":"ImageObject","inLanguage":"en-US","@id":"https:\/\/www.valgusevabrik.ee\/en\/product\/outdoor-and-garden\/floating-candles\/#primaryimage","url":"https:\/\/www.valgusevabrik.ee\/wp-content\/uploads\/2022\/03\/ujuvkuunlad-vohma-valgusevabrik-scaled.jpg","contentUrl":"https:\/\/www.valgusevabrik.ee\/wp-content\/uploads\/2022\/03\/ujuvkuunlad-vohma-valgusevabrik-scaled.jpg","width":1707,"height":2560,"caption":"Ujuv k\u00fc\u00fcnal, l\u00f5hnata. Eesti k\u00e4sit\u00f6\u00f6"},{"@type":"BreadcrumbList","@id":"https:\/\/www.valgusevabrik.ee\/en\/product\/outdoor-and-garden\/floating-candles\/#breadcrumb","itemListElement":[{"@type":"ListItem","position":1,"name":"Home","item":"https:\/\/www.valgusevabrik.ee\/en\/"},{"@type":"ListItem","position":2,"name":"E-shop","item":"https:\/\/www.valgusevabrik.ee\/en\/e-shop\/"},{"@type":"ListItem","position":3,"name":"Floating candle"}]},{"@type":"WebSite","@id":"https:\/\/www.valgusevabrik.ee\/#website","url":"https:\/\/www.valgusevabrik.ee\/","name":"V\u00f5hma","description":"Valguse Vabrik","publisher":{"@id":"https:\/\/www.valgusevabrik.ee\/#organization"},"potentialAction":[{"@type":"SearchAction","target":{"@type":"EntryPoint","urlTemplate":"https:\/\/www.valgusevabrik.ee\/?s={search_term_string}"},"query-input":{"@type":"PropertyValueSpecification","valueRequired":true,"valueName":"search_term_string"}}],"inLanguage":"en-US"},{"@type":"Organization","@id":"https:\/\/www.valgusevabrik.ee\/#organization","name":"V\u00f5hma","url":"https:\/\/www.valgusevabrik.ee\/","logo":{"@type":"ImageObject","inLanguage":"en-US","@id":"https:\/\/www.valgusevabrik.ee\/#\/schema\/logo\/image\/","url":"https:\/\/www.valgusevabrik.ee\/wp-content\/uploads\/2025\/09\/vohmavalgusevabrik.png","contentUrl":"https:\/\/www.valgusevabrik.ee\/wp-content\/uploads\/2025\/09\/vohmavalgusevabrik.png","width":256,"height":122,"caption":"V\u00f5hma"},"image":{"@id":"https:\/\/www.valgusevabrik.ee\/#\/schema\/logo\/image\/"},"sameAs":["https:\/\/www.facebook.com\/V\u00f5hma-Valgusevabrik-1511025752479317\/","https:\/\/www.instagram.com\/valguse_vabrik\/"]}]}},"_links":{"self":[{"href":"https:\/\/www.valgusevabrik.ee\/en\/wp-json\/wp\/v2\/product\/13876","targetHints":{"allow":["GET"]}}],"collection":[{"href":"https:\/\/www.valgusevabrik.ee\/en\/wp-json\/wp\/v2\/product"}],"about":[{"href":"https:\/\/www.valgusevabrik.ee\/en\/wp-json\/wp\/v2\/types\/product"}],"replies":[{"embeddable":true,"href":"https:\/\/www.valgusevabrik.ee\/en\/wp-json\/wp\/v2\/comments?post=13876"}],"wp:featuredmedia":[{"embeddable":true,"href":"https:\/\/www.valgusevabrik.ee\/en\/wp-json\/wp\/v2\/media\/39518"}],"wp:attachment":[{"href":"https:\/\/www.valgusevabrik.ee\/en\/wp-json\/wp\/v2\/media?parent=13876"}],"wp:term":[{"taxonomy":"product_brand","embeddable":true,"href":"https:\/\/www.valgusevabrik.ee\/en\/wp-json\/wp\/v2\/product_brand?post=13876"},{"taxonomy":"product_cat","embeddable":true,"href":"https:\/\/www.valgusevabrik.ee\/en\/wp-json\/wp\/v2\/product_cat?post=13876"},{"taxonomy":"product_tag","embeddable":true,"href":"https:\/\/www.valgusevabrik.ee\/en\/wp-json\/wp\/v2\/product_tag?post=13876"},{"taxonomy":"giftcard-category","embeddable":true,"href":"https:\/\/www.valgusevabrik.ee\/en\/wp-json\/wp\/v2\/giftcard-category?post=13876"}],"curies":[{"name":"wp","href":"https:\/\/api.w.org\/{rel}","templated":true}]}}