{"id":1707,"date":"2016-11-10T10:00:06","date_gmt":"2016-11-10T10:00:06","guid":{"rendered":"https:\/\/www.valgusevabrik.ee\/kontakt\/"},"modified":"2025-08-19T12:35:42","modified_gmt":"2025-08-19T09:35:42","slug":"kontakt","status":"publish","type":"page","link":"https:\/\/www.valgusevabrik.ee\/en\/kontakt\/","title":{"rendered":"Contact"},"content":{"rendered":"\n<div class=\"wp-block-columns is-layout-flex wp-container-core-columns-is-layout-9d6595d7 wp-block-columns-is-layout-flex\">\n<div class=\"wp-block-column is-layout-flow wp-block-column-is-layout-flow\">\n<p><strong><strong>Shop \u201eKihvt Galerii\u201c<\/strong><br><\/strong>P. +372 437 7075 \/ +372 5349 3771<br>Kauba 3A, V\u00f5hma, Viljandimaa<\/p>\n<\/div>\n\n\n\n<div class=\"wp-block-column is-layout-flow wp-block-column-is-layout-flow\">\n<p class=\"has-text-align-right\">Mon \u2013 Fri 9.00 \u2013 18.00<br>Sat 9.00 \u2013 17.00<br>Sun 11.00 &#8211; 15.00<\/p>\n\n\n\n<p class=\"has-text-align-right\"><a href=\"https:\/\/goo.gl\/maps\/DkgqgNtR5x42\" target=\"_blank\" rel=\"noreferrer noopener\">view map<\/a><\/p>\n<\/div>\n<\/div>\n\n\n\n<div class=\"wp-block-columns is-layout-flex wp-container-core-columns-is-layout-9d6595d7 wp-block-columns-is-layout-flex\">\n<div class=\"wp-block-column is-layout-flow wp-block-column-is-layout-flow\">\n<p><strong>V\u00f5hma Valgusevabrik<\/strong><br>P. +372 437 7075 \/ +372 5340 3732<br>Kauba 3A, V\u00f5hma, Viljandimaa<\/p>\n<\/div>\n\n\n\n<div class=\"wp-block-column is-layout-flow wp-block-column-is-layout-flow\">\n<p class=\"has-text-align-right\">e-mail: <a href=\"mailto:info@valgusevabrik.ee\">info@valgusevabrik.ee<\/a><\/p>\n\n\n\n<p class=\"has-text-align-right\"><a href=\"https:\/\/goo.gl\/maps\/DkgqgNtR5x42\" target=\"_blank\" rel=\"noreferrer noopener\">view map<\/a><\/p>\n<\/div>\n<\/div>\n\n\n\n<div class=\"wp-block-columns is-layout-flex wp-container-core-columns-is-layout-9d6595d7 wp-block-columns-is-layout-flex\">\n<div class=\"wp-block-column is-layout-flow wp-block-column-is-layout-flow\">\n<p><strong>V\u00f5hma uisuv\u00e4ljak ja m\u00e4ngumaa<\/strong><br>P. +372 5853 3520 \/ +372 5349 3771<br>Sepa 4, V\u00f5hma, Viljandimaa<\/p>\n<\/div>\n\n\n\n<div class=\"wp-block-column is-layout-flow wp-block-column-is-layout-flow\">\n<p class=\"has-text-align-right\">e-mail: <a href=\"mailto:ekskursioon@valgusevabrik.ee\">ekskursioon@valgusevabrik.ee<\/a><\/p>\n\n\n\n<p class=\"has-text-align-right\"><a href=\"https:\/\/goo.gl\/maps\/TEiCe19e3D12\" target=\"_blank\" rel=\"noreferrer noopener\">view map<\/a><\/p>\n<\/div>\n<\/div>\n","protected":false},"excerpt":{"rendered":"<p>Shop \u201eKihvt Galerii\u201cP. +372 437 7075 \/ +372 5349 3771Kauba 3A, V\u00f5hma, Viljandimaa Mon \u2013 Fri 9.00 \u2013 18.00Sat 9.00 \u2013 17.00Sun 11.00 &#8211; 15.00 view map V\u00f5hma ValgusevabrikP. +372 437 7075 \/ +372 5340 3732Kauba 3A, V\u00f5hma, Viljandimaa e-mail: info@valgusevabrik.ee view map V\u00f5hma uisuv\u00e4ljak ja m\u00e4ngumaaP. +372 5853 3520 \/ +372 5349 3771Sepa 4,&#8230;<\/p>\n","protected":false},"author":1,"featured_media":73705,"parent":0,"menu_order":0,"comment_status":"closed","ping_status":"closed","template":"page-templates\/page-contact-us.php","meta":{"_acf_changed":false,"inline_featured_image":false,"footnotes":""},"class_list":["post-1707","page","type-page","status-publish","has-post-thumbnail","hentry"],"acf":[],"yoast_head":"<!-- This site is optimized with the Yoast SEO plugin v27.4 - https:\/\/yoast.com\/product\/yoast-seo-wordpress\/ -->\n<title>Contact - V\u00f5hma<\/title>\n<meta name=\"robots\" content=\"index, follow, max-snippet:-1, max-image-preview:large, max-video-preview:-1\" \/>\n<link rel=\"canonical\" href=\"https:\/\/www.valgusevabrik.ee\/en\/kontakt\/\" \/>\n<meta property=\"og:locale\" content=\"en_US\" \/>\n<meta property=\"og:type\" content=\"article\" \/>\n<meta property=\"og:title\" content=\"Contact - V\u00f5hma\" \/>\n<meta property=\"og:description\" content=\"Shop \u201eKihvt Galerii\u201cP. +372 437 7075 \/ +372 5349 3771Kauba 3A, V\u00f5hma, Viljandimaa Mon \u2013 Fri 9.00 \u2013 18.00Sat 9.00 \u2013 17.00Sun 11.00 &#8211; 15.00 view map V\u00f5hma ValgusevabrikP. +372 437 7075 \/ +372 5340 3732Kauba 3A, V\u00f5hma, Viljandimaa e-mail: info@valgusevabrik.ee view map V\u00f5hma uisuv\u00e4ljak ja m\u00e4ngumaaP. +372 5853 3520 \/ +372 5349 3771Sepa 4,...\" \/>\n<meta property=\"og:url\" content=\"https:\/\/www.valgusevabrik.ee\/en\/kontakt\/\" \/>\n<meta property=\"og:site_name\" content=\"V\u00f5hma\" \/>\n<meta property=\"article:publisher\" content=\"https:\/\/www.facebook.com\/V%c3%b5hma-Valgusevabrik-1511025752479317\/\" \/>\n<meta property=\"article:modified_time\" content=\"2025-08-19T09:35:42+00:00\" \/>\n<meta property=\"og:image\" content=\"https:\/\/www.valgusevabrik.ee\/wp-content\/uploads\/2025\/08\/head_img.webp\" \/>\n\t<meta property=\"og:image:width\" content=\"1340\" \/>\n\t<meta property=\"og:image:height\" content=\"350\" \/>\n\t<meta property=\"og:image:type\" content=\"image\/webp\" \/>\n<meta name=\"twitter:card\" content=\"summary_large_image\" \/>\n<meta name=\"twitter:label1\" content=\"Est. reading time\" \/>\n\t<meta name=\"twitter:data1\" content=\"1 minute\" \/>\n<script type=\"application\/ld+json\" class=\"yoast-schema-graph\">{\"@context\":\"https:\\\/\\\/schema.org\",\"@graph\":[{\"@type\":\"WebPage\",\"@id\":\"https:\\\/\\\/www.valgusevabrik.ee\\\/en\\\/kontakt\\\/\",\"url\":\"https:\\\/\\\/www.valgusevabrik.ee\\\/en\\\/kontakt\\\/\",\"name\":\"Contact - V\u00f5hma\",\"isPartOf\":{\"@id\":\"https:\\\/\\\/www.valgusevabrik.ee\\\/#website\"},\"primaryImageOfPage\":{\"@id\":\"https:\\\/\\\/www.valgusevabrik.ee\\\/en\\\/kontakt\\\/#primaryimage\"},\"image\":{\"@id\":\"https:\\\/\\\/www.valgusevabrik.ee\\\/en\\\/kontakt\\\/#primaryimage\"},\"thumbnailUrl\":\"https:\\\/\\\/www.valgusevabrik.ee\\\/wp-content\\\/uploads\\\/2025\\\/08\\\/head_img.webp\",\"datePublished\":\"2016-11-10T10:00:06+00:00\",\"dateModified\":\"2025-08-19T09:35:42+00:00\",\"breadcrumb\":{\"@id\":\"https:\\\/\\\/www.valgusevabrik.ee\\\/en\\\/kontakt\\\/#breadcrumb\"},\"inLanguage\":\"en-US\",\"potentialAction\":[{\"@type\":\"ReadAction\",\"target\":[\"https:\\\/\\\/www.valgusevabrik.ee\\\/en\\\/kontakt\\\/\"]}]},{\"@type\":\"ImageObject\",\"inLanguage\":\"en-US\",\"@id\":\"https:\\\/\\\/www.valgusevabrik.ee\\\/en\\\/kontakt\\\/#primaryimage\",\"url\":\"https:\\\/\\\/www.valgusevabrik.ee\\\/wp-content\\\/uploads\\\/2025\\\/08\\\/head_img.webp\",\"contentUrl\":\"https:\\\/\\\/www.valgusevabrik.ee\\\/wp-content\\\/uploads\\\/2025\\\/08\\\/head_img.webp\",\"width\":1340,\"height\":350},{\"@type\":\"BreadcrumbList\",\"@id\":\"https:\\\/\\\/www.valgusevabrik.ee\\\/en\\\/kontakt\\\/#breadcrumb\",\"itemListElement\":[{\"@type\":\"ListItem\",\"position\":1,\"name\":\"Home\",\"item\":\"https:\\\/\\\/www.valgusevabrik.ee\\\/en\\\/\"},{\"@type\":\"ListItem\",\"position\":2,\"name\":\"Contact\"}]},{\"@type\":\"WebSite\",\"@id\":\"https:\\\/\\\/www.valgusevabrik.ee\\\/#website\",\"url\":\"https:\\\/\\\/www.valgusevabrik.ee\\\/\",\"name\":\"V\u00f5hma\",\"description\":\"Valguse Vabrik\",\"publisher\":{\"@id\":\"https:\\\/\\\/www.valgusevabrik.ee\\\/#organization\"},\"potentialAction\":[{\"@type\":\"SearchAction\",\"target\":{\"@type\":\"EntryPoint\",\"urlTemplate\":\"https:\\\/\\\/www.valgusevabrik.ee\\\/?s={search_term_string}\"},\"query-input\":{\"@type\":\"PropertyValueSpecification\",\"valueRequired\":true,\"valueName\":\"search_term_string\"}}],\"inLanguage\":\"en-US\"},{\"@type\":\"Organization\",\"@id\":\"https:\\\/\\\/www.valgusevabrik.ee\\\/#organization\",\"name\":\"V\u00f5hma\",\"url\":\"https:\\\/\\\/www.valgusevabrik.ee\\\/\",\"logo\":{\"@type\":\"ImageObject\",\"inLanguage\":\"en-US\",\"@id\":\"https:\\\/\\\/www.valgusevabrik.ee\\\/#\\\/schema\\\/logo\\\/image\\\/\",\"url\":\"https:\\\/\\\/www.valgusevabrik.ee\\\/wp-content\\\/uploads\\\/2025\\\/09\\\/vohmavalgusevabrik.png\",\"contentUrl\":\"https:\\\/\\\/www.valgusevabrik.ee\\\/wp-content\\\/uploads\\\/2025\\\/09\\\/vohmavalgusevabrik.png\",\"width\":256,\"height\":122,\"caption\":\"V\u00f5hma\"},\"image\":{\"@id\":\"https:\\\/\\\/www.valgusevabrik.ee\\\/#\\\/schema\\\/logo\\\/image\\\/\"},\"sameAs\":[\"https:\\\/\\\/www.facebook.com\\\/V\u00f5hma-Valgusevabrik-1511025752479317\\\/\",\"https:\\\/\\\/www.instagram.com\\\/valguse_vabrik\\\/\"]}]}<\/script>\n<!-- \/ Yoast SEO plugin. -->","yoast_head_json":{"title":"Contact - V\u00f5hma","robots":{"index":"index","follow":"follow","max-snippet":"max-snippet:-1","max-image-preview":"max-image-preview:large","max-video-preview":"max-video-preview:-1"},"canonical":"https:\/\/www.valgusevabrik.ee\/en\/kontakt\/","og_locale":"en_US","og_type":"article","og_title":"Contact - V\u00f5hma","og_description":"Shop \u201eKihvt Galerii\u201cP. +372 437 7075 \/ +372 5349 3771Kauba 3A, V\u00f5hma, Viljandimaa Mon \u2013 Fri 9.00 \u2013 18.00Sat 9.00 \u2013 17.00Sun 11.00 &#8211; 15.00 view map V\u00f5hma ValgusevabrikP. +372 437 7075 \/ +372 5340 3732Kauba 3A, V\u00f5hma, Viljandimaa e-mail: info@valgusevabrik.ee view map V\u00f5hma uisuv\u00e4ljak ja m\u00e4ngumaaP. +372 5853 3520 \/ +372 5349 3771Sepa 4,...","og_url":"https:\/\/www.valgusevabrik.ee\/en\/kontakt\/","og_site_name":"V\u00f5hma","article_publisher":"https:\/\/www.facebook.com\/V%c3%b5hma-Valgusevabrik-1511025752479317\/","article_modified_time":"2025-08-19T09:35:42+00:00","og_image":[{"width":1340,"height":350,"url":"https:\/\/www.valgusevabrik.ee\/wp-content\/uploads\/2025\/08\/head_img.webp","type":"image\/webp"}],"twitter_card":"summary_large_image","twitter_misc":{"Est. reading time":"1 minute"},"schema":{"@context":"https:\/\/schema.org","@graph":[{"@type":"WebPage","@id":"https:\/\/www.valgusevabrik.ee\/en\/kontakt\/","url":"https:\/\/www.valgusevabrik.ee\/en\/kontakt\/","name":"Contact - V\u00f5hma","isPartOf":{"@id":"https:\/\/www.valgusevabrik.ee\/#website"},"primaryImageOfPage":{"@id":"https:\/\/www.valgusevabrik.ee\/en\/kontakt\/#primaryimage"},"image":{"@id":"https:\/\/www.valgusevabrik.ee\/en\/kontakt\/#primaryimage"},"thumbnailUrl":"https:\/\/www.valgusevabrik.ee\/wp-content\/uploads\/2025\/08\/head_img.webp","datePublished":"2016-11-10T10:00:06+00:00","dateModified":"2025-08-19T09:35:42+00:00","breadcrumb":{"@id":"https:\/\/www.valgusevabrik.ee\/en\/kontakt\/#breadcrumb"},"inLanguage":"en-US","potentialAction":[{"@type":"ReadAction","target":["https:\/\/www.valgusevabrik.ee\/en\/kontakt\/"]}]},{"@type":"ImageObject","inLanguage":"en-US","@id":"https:\/\/www.valgusevabrik.ee\/en\/kontakt\/#primaryimage","url":"https:\/\/www.valgusevabrik.ee\/wp-content\/uploads\/2025\/08\/head_img.webp","contentUrl":"https:\/\/www.valgusevabrik.ee\/wp-content\/uploads\/2025\/08\/head_img.webp","width":1340,"height":350},{"@type":"BreadcrumbList","@id":"https:\/\/www.valgusevabrik.ee\/en\/kontakt\/#breadcrumb","itemListElement":[{"@type":"ListItem","position":1,"name":"Home","item":"https:\/\/www.valgusevabrik.ee\/en\/"},{"@type":"ListItem","position":2,"name":"Contact"}]},{"@type":"WebSite","@id":"https:\/\/www.valgusevabrik.ee\/#website","url":"https:\/\/www.valgusevabrik.ee\/","name":"V\u00f5hma","description":"Valguse Vabrik","publisher":{"@id":"https:\/\/www.valgusevabrik.ee\/#organization"},"potentialAction":[{"@type":"SearchAction","target":{"@type":"EntryPoint","urlTemplate":"https:\/\/www.valgusevabrik.ee\/?s={search_term_string}"},"query-input":{"@type":"PropertyValueSpecification","valueRequired":true,"valueName":"search_term_string"}}],"inLanguage":"en-US"},{"@type":"Organization","@id":"https:\/\/www.valgusevabrik.ee\/#organization","name":"V\u00f5hma","url":"https:\/\/www.valgusevabrik.ee\/","logo":{"@type":"ImageObject","inLanguage":"en-US","@id":"https:\/\/www.valgusevabrik.ee\/#\/schema\/logo\/image\/","url":"https:\/\/www.valgusevabrik.ee\/wp-content\/uploads\/2025\/09\/vohmavalgusevabrik.png","contentUrl":"https:\/\/www.valgusevabrik.ee\/wp-content\/uploads\/2025\/09\/vohmavalgusevabrik.png","width":256,"height":122,"caption":"V\u00f5hma"},"image":{"@id":"https:\/\/www.valgusevabrik.ee\/#\/schema\/logo\/image\/"},"sameAs":["https:\/\/www.facebook.com\/V\u00f5hma-Valgusevabrik-1511025752479317\/","https:\/\/www.instagram.com\/valguse_vabrik\/"]}]}},"_links":{"self":[{"href":"https:\/\/www.valgusevabrik.ee\/en\/wp-json\/wp\/v2\/pages\/1707","targetHints":{"allow":["GET"]}}],"collection":[{"href":"https:\/\/www.valgusevabrik.ee\/en\/wp-json\/wp\/v2\/pages"}],"about":[{"href":"https:\/\/www.valgusevabrik.ee\/en\/wp-json\/wp\/v2\/types\/page"}],"author":[{"embeddable":true,"href":"https:\/\/www.valgusevabrik.ee\/en\/wp-json\/wp\/v2\/users\/1"}],"replies":[{"embeddable":true,"href":"https:\/\/www.valgusevabrik.ee\/en\/wp-json\/wp\/v2\/comments?post=1707"}],"version-history":[{"count":0,"href":"https:\/\/www.valgusevabrik.ee\/en\/wp-json\/wp\/v2\/pages\/1707\/revisions"}],"wp:featuredmedia":[{"embeddable":true,"href":"https:\/\/www.valgusevabrik.ee\/en\/wp-json\/wp\/v2\/media\/73705"}],"wp:attachment":[{"href":"https:\/\/www.valgusevabrik.ee\/en\/wp-json\/wp\/v2\/media?parent=1707"}],"curies":[{"name":"wp","href":"https:\/\/api.w.org\/{rel}","templated":true}]}}