{"id":1699,"date":"2016-11-16T07:46:03","date_gmt":"2016-11-16T07:46:03","guid":{"rendered":"https:\/\/www.valgusevabrik.ee\/meile-kulla\/"},"modified":"2026-04-28T14:24:17","modified_gmt":"2026-04-28T11:24:17","slug":"visit-us","status":"publish","type":"page","link":"https:\/\/www.valgusevabrik.ee\/en\/visit-us\/","title":{"rendered":"Come for a visit!"},"content":{"rendered":"\n<h4 class=\"wp-block-heading has-text-align-center\">Step into the world of craftsmanship and create your own candle guided by skilled artisans. Enjoy a playground, explore our mini zoo, and discover unique finds in our factory store, Kihvt Galerii.<br>See you in V\u00f5hma!<\/h4>\n\n\n\n<div class=\"wp-block-columns are-vertically-aligned-top is-layout-flex wp-container-core-columns-is-layout-9d6595d7 wp-block-columns-is-layout-flex\">\n<div class=\"wp-block-column is-vertically-aligned-top is-layout-flow wp-block-column-is-layout-flow\">\n<figure class=\"wp-block-image size-full is-resized\"><img decoding=\"async\" width=\"650\" height=\"425\" src=\"https:\/\/www.valgusevabrik.ee\/wp-content\/uploads\/2025\/08\/ekskursioon-vohma-valgusevabrikus-650x425-1.webp\" alt=\"\" class=\"wp-image-73777\" style=\"object-fit:cover;width:600px;height:400px\" srcset=\"https:\/\/www.valgusevabrik.ee\/wp-content\/uploads\/2025\/08\/ekskursioon-vohma-valgusevabrikus-650x425-1.webp 650w, https:\/\/www.valgusevabrik.ee\/wp-content\/uploads\/2025\/08\/ekskursioon-vohma-valgusevabrikus-650x425-1-300x196.webp 300w\" sizes=\"(max-width: 650px) 100vw, 650px\" \/><\/figure>\n\n\n\n<h2 class=\"wp-block-heading has-text-align-center heading-primary\">Excursion in candle factory<\/h2>\n\n\n\n<p class=\"has-text-align-center\">Discover the art of candle-making with a guided tour of our factory. You\u2019ll have the opportunity to pour your own candle under the guidance of a skilled master and visit our artists\u2019 studio, where beautifully decorated anniversary candles come to life.<\/p>\n\n\n\n<p class=\"has-text-align-center\">The experience lasts approximately one hour and is suitable for all ages\u2014from kindergarten children to adults.<\/p>\n\n\n\n<p class=\"has-text-align-center\"><strong>Pricing:<\/strong><br>\u2022 \u20ac7 per person (includes candle pouring)<br>\u2022 \u20ac35 per group (up to 5 people)<\/p>\n\n\n\n<p class=\"has-text-align-center\">Tours are available every day of the week by prior reservation.<\/p>\n\n\n\n<p class=\"has-text-align-center\"><strong>For more information and bookings:<\/strong><br>+372 5349 3771 or +372 5196 3375<br>info@valgusevabrik.ee<\/p>\n\n\n\n<p class=\"has-text-align-center\"><strong>Book your visit today and experience the magic of candle-making!<\/strong><\/p>\n\n\n\n<div class=\"wp-block-buttons is-vertical is-content-justification-center is-layout-flex wp-container-core-buttons-is-layout-4b2eccd6 wp-block-buttons-is-layout-flex\">\n<div class=\"wp-block-button\"><a class=\"wp-block-button__link wp-element-button\" href=\"https:\/\/www.valgusevabrik.ee\/en\/guided-tour\/\">Read more<\/a><\/div>\n<\/div>\n<\/div>\n\n\n\n<div class=\"wp-block-column is-vertically-aligned-top is-layout-flow wp-block-column-is-layout-flow\">\n<div class=\"wp-block-columns is-layout-flex wp-container-core-columns-is-layout-9d6595d7 wp-block-columns-is-layout-flex\">\n<div class=\"wp-block-column is-layout-flow wp-block-column-is-layout-flow\" style=\"flex-basis:100%\">\n<figure class=\"wp-block-gallery has-nested-images columns-default is-cropped wp-block-gallery-1 is-layout-flex wp-block-gallery-is-layout-flex\">\n<figure class=\"wp-block-image size-large\"><img decoding=\"async\" width=\"1024\" height=\"683\" data-id=\"87030\" src=\"https:\/\/www.valgusevabrik.ee\/wp-content\/uploads\/2025\/12\/batuut-vohma-mangumaal-1024x683.jpg\" alt=\"batuut v\u00f5hma m\u00e4ngumaal\" class=\"wp-image-87030\" srcset=\"https:\/\/www.valgusevabrik.ee\/wp-content\/uploads\/2025\/12\/batuut-vohma-mangumaal-1024x683.jpg 1024w, https:\/\/www.valgusevabrik.ee\/wp-content\/uploads\/2025\/12\/batuut-vohma-mangumaal-300x200.jpg 300w, https:\/\/www.valgusevabrik.ee\/wp-content\/uploads\/2025\/12\/batuut-vohma-mangumaal-768x512.jpg 768w, https:\/\/www.valgusevabrik.ee\/wp-content\/uploads\/2025\/12\/batuut-vohma-mangumaal-1536x1024.jpg 1536w, https:\/\/www.valgusevabrik.ee\/wp-content\/uploads\/2025\/12\/batuut-vohma-mangumaal-2048x1365.jpg 2048w, https:\/\/www.valgusevabrik.ee\/wp-content\/uploads\/2025\/12\/batuut-vohma-mangumaal-600x400.jpg 600w, https:\/\/www.valgusevabrik.ee\/wp-content\/uploads\/2025\/12\/batuut-vohma-mangumaal-170x113.jpg 170w\" sizes=\"(max-width: 1024px) 100vw, 1024px\" \/><\/figure>\n\n\n\n<figure class=\"wp-block-image size-large\"><img decoding=\"async\" width=\"917\" height=\"1024\" data-id=\"87031\" src=\"https:\/\/www.valgusevabrik.ee\/wp-content\/uploads\/2025\/12\/poiss-siseronilas-917x1024.jpg\" alt=\"\" class=\"wp-image-87031\" srcset=\"https:\/\/www.valgusevabrik.ee\/wp-content\/uploads\/2025\/12\/poiss-siseronilas-917x1024.jpg 917w, https:\/\/www.valgusevabrik.ee\/wp-content\/uploads\/2025\/12\/poiss-siseronilas-269x300.jpg 269w, https:\/\/www.valgusevabrik.ee\/wp-content\/uploads\/2025\/12\/poiss-siseronilas-768x857.jpg 768w, https:\/\/www.valgusevabrik.ee\/wp-content\/uploads\/2025\/12\/poiss-siseronilas-1376x1536.jpg 1376w, https:\/\/www.valgusevabrik.ee\/wp-content\/uploads\/2025\/12\/poiss-siseronilas-1834x2048.jpg 1834w\" sizes=\"(max-width: 917px) 100vw, 917px\" \/><\/figure>\n\n\n\n<figure class=\"wp-block-image size-large\"><img decoding=\"async\" data-id=\"89837\" src=\"https:\/\/www.valgusevabrik.ee\/wp-content\/uploads\/2025\/12\/siseronila-768x1024.jpg\" alt=\"\" class=\"wp-image-89837\"\/><\/figure>\n\n\n\n<figure class=\"wp-block-image size-large\"><img decoding=\"async\" width=\"683\" height=\"1024\" data-id=\"87033\" src=\"https:\/\/www.valgusevabrik.ee\/wp-content\/uploads\/2025\/12\/IMG_3411-683x1024.jpg\" alt=\"\" class=\"wp-image-87033\" srcset=\"https:\/\/www.valgusevabrik.ee\/wp-content\/uploads\/2025\/12\/IMG_3411-683x1024.jpg 683w, https:\/\/www.valgusevabrik.ee\/wp-content\/uploads\/2025\/12\/IMG_3411-200x300.jpg 200w, https:\/\/www.valgusevabrik.ee\/wp-content\/uploads\/2025\/12\/IMG_3411-768x1152.jpg 768w, https:\/\/www.valgusevabrik.ee\/wp-content\/uploads\/2025\/12\/IMG_3411-1024x1536.jpg 1024w, https:\/\/www.valgusevabrik.ee\/wp-content\/uploads\/2025\/12\/IMG_3411-1365x2048.jpg 1365w, https:\/\/www.valgusevabrik.ee\/wp-content\/uploads\/2025\/12\/IMG_3411-scaled.jpg 1707w\" sizes=\"(max-width: 683px) 100vw, 683px\" \/><\/figure>\n\n\n\n<figure class=\"wp-block-image size-large\"><img decoding=\"async\" width=\"1024\" height=\"683\" data-id=\"87034\" src=\"https:\/\/www.valgusevabrik.ee\/wp-content\/uploads\/2025\/12\/IMG_3423-1024x683.jpg\" alt=\"\" class=\"wp-image-87034\" srcset=\"https:\/\/www.valgusevabrik.ee\/wp-content\/uploads\/2025\/12\/IMG_3423-1024x683.jpg 1024w, https:\/\/www.valgusevabrik.ee\/wp-content\/uploads\/2025\/12\/IMG_3423-300x200.jpg 300w, https:\/\/www.valgusevabrik.ee\/wp-content\/uploads\/2025\/12\/IMG_3423-768x512.jpg 768w, https:\/\/www.valgusevabrik.ee\/wp-content\/uploads\/2025\/12\/IMG_3423-1536x1024.jpg 1536w, https:\/\/www.valgusevabrik.ee\/wp-content\/uploads\/2025\/12\/IMG_3423-2048x1365.jpg 2048w, https:\/\/www.valgusevabrik.ee\/wp-content\/uploads\/2025\/12\/IMG_3423-600x400.jpg 600w, https:\/\/www.valgusevabrik.ee\/wp-content\/uploads\/2025\/12\/IMG_3423-170x113.jpg 170w\" sizes=\"(max-width: 1024px) 100vw, 1024px\" \/><\/figure>\n\n\n\n<figure class=\"wp-block-image size-large\"><img decoding=\"async\" width=\"1024\" height=\"683\" data-id=\"87035\" src=\"https:\/\/www.valgusevabrik.ee\/wp-content\/uploads\/2025\/12\/IMG_3465-1024x683.jpg\" alt=\"\" class=\"wp-image-87035\" srcset=\"https:\/\/www.valgusevabrik.ee\/wp-content\/uploads\/2025\/12\/IMG_3465-1024x683.jpg 1024w, https:\/\/www.valgusevabrik.ee\/wp-content\/uploads\/2025\/12\/IMG_3465-300x200.jpg 300w, https:\/\/www.valgusevabrik.ee\/wp-content\/uploads\/2025\/12\/IMG_3465-768x512.jpg 768w, https:\/\/www.valgusevabrik.ee\/wp-content\/uploads\/2025\/12\/IMG_3465-1536x1024.jpg 1536w, https:\/\/www.valgusevabrik.ee\/wp-content\/uploads\/2025\/12\/IMG_3465-2048x1365.jpg 2048w, https:\/\/www.valgusevabrik.ee\/wp-content\/uploads\/2025\/12\/IMG_3465-600x400.jpg 600w, https:\/\/www.valgusevabrik.ee\/wp-content\/uploads\/2025\/12\/IMG_3465-170x113.jpg 170w\" sizes=\"(max-width: 1024px) 100vw, 1024px\" \/><\/figure>\n<\/figure>\n<\/div>\n<\/div>\n\n\n\n<h2 class=\"wp-block-heading has-text-align-center heading-primary\">V\u00f5hma Playland<\/h2>\n\n\n\n<p class=\"has-text-align-center\"><strong>Opening Hours:<\/strong><br>\u2022 Thu\u2013Fri: 16:00\u201319:00<br>\u2022 Sat\u2013Sun: 12:00\u201316:00<\/p>\n\n\n\n<p class=\"has-text-align-center\">Visits can also be arranged outside regular opening hours.<\/p>\n\n\n\n<p class=\"has-text-align-center\">At V\u00f5hma Playland, there\u2019s plenty of fun for everyone\u2014roller skating, a two-level indoor climbing area with slides and a ball pit, a large trampoline with an obstacle course etc<\/p>\n\n\n\n<p class=\"has-text-align-center\">A separate room with tables and chairs is available for picnics, and the space is perfect for hosting birthday parties.<\/p>\n\n\n\n<p class=\"has-text-align-center\"><strong>For more information and bookings:<\/strong><br>+372 5349 3771 or +372 5196 3375<br>info@valgusevabrik.ee<\/p>\n\n\n\n<p class=\"has-text-align-center\"><strong>Come and enjoy a day full of fun!<\/strong><\/p>\n\n\n\n<div class=\"wp-block-buttons is-content-justification-center is-layout-flex wp-container-core-buttons-is-layout-16018d1d wp-block-buttons-is-layout-flex\">\n<div class=\"wp-block-button\"><a class=\"wp-block-button__link wp-element-button\" href=\"https:\/\/www.valgusevabrik.ee\/en\/skating-rink\/\">Read more<\/a><\/div>\n<\/div>\n<\/div>\n<\/div>\n\n\n\n<div style=\"height:40px\" aria-hidden=\"true\" class=\"wp-block-spacer\"><\/div>\n\n\n\n<div class=\"wp-block-columns are-vertically-aligned-top is-layout-flex wp-container-core-columns-is-layout-9d6595d7 wp-block-columns-is-layout-flex\">\n<div class=\"wp-block-column is-vertically-aligned-top is-layout-flow wp-block-column-is-layout-flow\"><div class=\"wp-block-image\">\n<figure class=\"aligncenter size-full\"><img decoding=\"async\" width=\"400\" height=\"265\" src=\"https:\/\/www.valgusevabrik.ee\/wp-content\/uploads\/2025\/08\/mnpliyuf-400x265-1.webp\" alt=\"\" class=\"wp-image-73783\"\/><\/figure><\/div>\n\n\n<h3 class=\"wp-block-heading has-text-align-center heading-primary\">Gift Shop<\/h3>\n\n\n\n<p class=\"has-text-align-center\">Discover the full range of candles crafted at the V\u00f5hma Light Factory. Our selection includes beautifully painted and decorated candles in various sizes\u2014perfect for gifts, weddings and special occasions.<\/p>\n\n\n\n<p class=\"has-text-align-center\">You\u2019ll also find a wide assortment of home d\u00e9cor, including flower pots, ceramics, candle holders, special offers, and much more.<\/p>\n\n\n\n<p class=\"has-text-align-center\"><strong>Opening Hours:<\/strong><br>\u2022 Mon\u2013Fri: 09:00\u201318:00<br>\u2022 Sat: 09:00\u201317:00<br>\u2022 Sun: 11:00\u201315:00<\/p>\n\n\n\n<p class=\"has-text-align-center\">+372 5349 3771 or +372 5196 3375<\/p>\n\n\n\n<p class=\"has-text-align-center\">The store can also be opened for tour groups outside regular hours.<\/p>\n\n\n\n<p class=\"has-text-align-center\">An Omniva parcel point is located in-store for your convenience.<\/p>\n\n\n\n<p class=\"has-text-align-center\"><strong>Visit us and find something special to take home!<\/strong><\/p>\n<\/div>\n\n\n\n<div class=\"wp-block-column is-vertically-aligned-top is-layout-flow wp-block-column-is-layout-flow\"><div class=\"wp-block-image\">\n<figure class=\"aligncenter size-full\"><img decoding=\"async\" width=\"2000\" height=\"1333\" src=\"https:\/\/www.valgusevabrik.ee\/wp-content\/uploads\/2026\/01\/Lasteaia-ekskursioon-Valgusevabrik-rong-2.jpg\" alt=\"Mini rongis\u00f5it m\u00f6\u00f6da V\u00f5hmat\" class=\"wp-image-89834\" srcset=\"https:\/\/www.valgusevabrik.ee\/wp-content\/uploads\/2026\/01\/Lasteaia-ekskursioon-Valgusevabrik-rong-2.jpg 2000w, https:\/\/www.valgusevabrik.ee\/wp-content\/uploads\/2026\/01\/Lasteaia-ekskursioon-Valgusevabrik-rong-2-300x200.jpg 300w, https:\/\/www.valgusevabrik.ee\/wp-content\/uploads\/2026\/01\/Lasteaia-ekskursioon-Valgusevabrik-rong-2-1024x682.jpg 1024w, https:\/\/www.valgusevabrik.ee\/wp-content\/uploads\/2026\/01\/Lasteaia-ekskursioon-Valgusevabrik-rong-2-768x512.jpg 768w, https:\/\/www.valgusevabrik.ee\/wp-content\/uploads\/2026\/01\/Lasteaia-ekskursioon-Valgusevabrik-rong-2-1536x1024.jpg 1536w, https:\/\/www.valgusevabrik.ee\/wp-content\/uploads\/2026\/01\/Lasteaia-ekskursioon-Valgusevabrik-rong-2-600x400.jpg 600w, https:\/\/www.valgusevabrik.ee\/wp-content\/uploads\/2026\/01\/Lasteaia-ekskursioon-Valgusevabrik-rong-2-170x113.jpg 170w\" sizes=\"(max-width: 2000px) 100vw, 2000px\" \/><\/figure><\/div>\n\n\n<h3 class=\"wp-block-heading has-text-align-center heading-primary\">Mini Train Tour &amp; Catering<\/h3>\n\n\n\n<p class=\"has-text-align-center\">Explore the small authentic railway town of V\u00f5hma on a fun mini train ride. Perfect for groups, families, and visitors of all ages.<\/p>\n\n\n\n<p class=\"has-text-align-center\">The train is also available for private bookings, including birthday parties and special events. It can accommodate up to 30 adults or 36 children.<\/p>\n\n\n\n<p class=\"has-text-align-center\"><strong>Pricing:<\/strong><br>\u2022 \u20ac2 per person (groups of 25 or more)<br>\u2022 \u20ac50 per group (fewer than 25 people)<\/p>\n\n\n\n<p class=\"has-text-align-center\">Right next door, you\u2019ll find Caf\u00e9 \u201cV\u00f5hma,\u201d where you can enjoy a delicious daily meal.<\/p>\n\n\n\n<p class=\"has-text-align-center\"><strong>Contact:<\/strong><br> +372 5387 1139<\/p>\n\n\n\n<p class=\"has-text-align-center\"><strong>Book your ride and make your visit even more memorable!<\/strong><\/p>\n<\/div>\n\n\n\n<div class=\"wp-block-column is-vertically-aligned-top is-layout-flow wp-block-column-is-layout-flow\"><div class=\"wp-block-image\">\n<figure class=\"aligncenter size-full\"><img decoding=\"async\" width=\"1129\" height=\"985\" src=\"https:\/\/www.valgusevabrik.ee\/wp-content\/uploads\/2026\/01\/jankud-3-Vohma-Valgusevabrik.png\" alt=\"j\u00e4nkud 3 V\u00f5hma Valgusevabrik\" class=\"wp-image-89835\" srcset=\"https:\/\/www.valgusevabrik.ee\/wp-content\/uploads\/2026\/01\/jankud-3-Vohma-Valgusevabrik.png 1129w, https:\/\/www.valgusevabrik.ee\/wp-content\/uploads\/2026\/01\/jankud-3-Vohma-Valgusevabrik-300x262.png 300w, https:\/\/www.valgusevabrik.ee\/wp-content\/uploads\/2026\/01\/jankud-3-Vohma-Valgusevabrik-1024x893.png 1024w, https:\/\/www.valgusevabrik.ee\/wp-content\/uploads\/2026\/01\/jankud-3-Vohma-Valgusevabrik-768x670.png 768w\" sizes=\"(max-width: 1129px) 100vw, 1129px\" \/><\/figure><\/div>\n\n\n<h3 class=\"wp-block-heading has-text-align-center heading-primary\">Pet Park &amp; Playground<\/h3>\n\n\n\n<p class=\"has-text-align-center\">In the cozy courtyard of our factory, you`ll find a <strong>free-to-visit<\/strong> pet park with rabbits, ducks, guinea pigs and a playground for kids.<\/p>\n\n\n\n<p class=\"has-text-align-center\"><strong>Opening Hours:<\/strong> Monday to Sunday from 9:00 \u2013 20:00<\/p>\n\n\n\n<p class=\"has-text-align-center\"><strong>Come and enjoy a fun-filled visit for the whole family!<\/strong><\/p>\n<\/div>\n<\/div>\n\n\n<div class=\"wp-block-image\">\n<figure class=\"aligncenter size-full\"><img decoding=\"async\" width=\"158\" height=\"121\" src=\"https:\/\/www.valgusevabrik.ee\/wp-content\/uploads\/2025\/08\/logo_slider_bottom.webp\" alt=\"\" class=\"wp-image-73755\"\/><\/figure><\/div>","protected":false},"excerpt":{"rendered":"<p>Step into the world of craftsmanship and create your own candle guided by skilled artisans. Enjoy a playground, explore our mini zoo, and discover unique finds in our factory store, Kihvt Galerii.See you in V\u00f5hma! Excursion in candle factory Discover the art of candle-making with a guided tour of our factory. You\u2019ll have the opportunity&#8230;<\/p>\n","protected":false},"author":1,"featured_media":469,"parent":0,"menu_order":0,"comment_status":"closed","ping_status":"closed","template":"","meta":{"_acf_changed":false,"inline_featured_image":false,"footnotes":""},"class_list":["post-1699","page","type-page","status-publish","has-post-thumbnail","hentry"],"acf":[],"yoast_head":"<!-- This site is optimized with the Yoast SEO plugin v27.4 - https:\/\/yoast.com\/product\/yoast-seo-wordpress\/ -->\n<title>Come for a visit! - V\u00f5hma<\/title>\n<meta name=\"robots\" content=\"index, follow, max-snippet:-1, max-image-preview:large, max-video-preview:-1\" \/>\n<link rel=\"canonical\" href=\"https:\/\/www.valgusevabrik.ee\/en\/visit-us\/\" \/>\n<meta property=\"og:locale\" content=\"en_US\" \/>\n<meta property=\"og:type\" content=\"article\" \/>\n<meta property=\"og:title\" content=\"Come for a visit! - V\u00f5hma\" \/>\n<meta property=\"og:description\" content=\"Step into the world of craftsmanship and create your own candle guided by skilled artisans. Enjoy a playground, explore our mini zoo, and discover unique finds in our factory store, Kihvt Galerii.See you in V\u00f5hma! Excursion in candle factory Discover the art of candle-making with a guided tour of our factory. You\u2019ll have the opportunity...\" \/>\n<meta property=\"og:url\" content=\"https:\/\/www.valgusevabrik.ee\/en\/visit-us\/\" \/>\n<meta property=\"og:site_name\" content=\"V\u00f5hma\" \/>\n<meta property=\"article:publisher\" content=\"https:\/\/www.facebook.com\/V%c3%b5hma-Valgusevabrik-1511025752479317\/\" \/>\n<meta property=\"article:modified_time\" content=\"2026-04-28T11:24:17+00:00\" \/>\n<meta property=\"og:image\" content=\"https:\/\/www.valgusevabrik.ee\/wp-content\/uploads\/2016\/11\/Meile-kulla.jpg\" \/>\n\t<meta property=\"og:image:width\" content=\"1383\" \/>\n\t<meta property=\"og:image:height\" content=\"785\" \/>\n\t<meta property=\"og:image:type\" content=\"image\/jpeg\" \/>\n<meta name=\"twitter:card\" content=\"summary_large_image\" \/>\n<meta name=\"twitter:label1\" content=\"Est. reading time\" \/>\n\t<meta name=\"twitter:data1\" content=\"6 minutes\" \/>\n<script type=\"application\/ld+json\" class=\"yoast-schema-graph\">{\"@context\":\"https:\\\/\\\/schema.org\",\"@graph\":[{\"@type\":\"WebPage\",\"@id\":\"https:\\\/\\\/www.valgusevabrik.ee\\\/en\\\/visit-us\\\/\",\"url\":\"https:\\\/\\\/www.valgusevabrik.ee\\\/en\\\/visit-us\\\/\",\"name\":\"Come for a visit! - V\u00f5hma\",\"isPartOf\":{\"@id\":\"https:\\\/\\\/www.valgusevabrik.ee\\\/#website\"},\"primaryImageOfPage\":{\"@id\":\"https:\\\/\\\/www.valgusevabrik.ee\\\/en\\\/visit-us\\\/#primaryimage\"},\"image\":{\"@id\":\"https:\\\/\\\/www.valgusevabrik.ee\\\/en\\\/visit-us\\\/#primaryimage\"},\"thumbnailUrl\":\"https:\\\/\\\/www.valgusevabrik.ee\\\/wp-content\\\/uploads\\\/2016\\\/11\\\/Meile-kulla.jpg\",\"datePublished\":\"2016-11-16T07:46:03+00:00\",\"dateModified\":\"2026-04-28T11:24:17+00:00\",\"breadcrumb\":{\"@id\":\"https:\\\/\\\/www.valgusevabrik.ee\\\/en\\\/visit-us\\\/#breadcrumb\"},\"inLanguage\":\"en-US\",\"potentialAction\":[{\"@type\":\"ReadAction\",\"target\":[\"https:\\\/\\\/www.valgusevabrik.ee\\\/en\\\/visit-us\\\/\"]}]},{\"@type\":\"ImageObject\",\"inLanguage\":\"en-US\",\"@id\":\"https:\\\/\\\/www.valgusevabrik.ee\\\/en\\\/visit-us\\\/#primaryimage\",\"url\":\"https:\\\/\\\/www.valgusevabrik.ee\\\/wp-content\\\/uploads\\\/2016\\\/11\\\/Meile-kulla.jpg\",\"contentUrl\":\"https:\\\/\\\/www.valgusevabrik.ee\\\/wp-content\\\/uploads\\\/2016\\\/11\\\/Meile-kulla.jpg\",\"width\":1383,\"height\":785},{\"@type\":\"BreadcrumbList\",\"@id\":\"https:\\\/\\\/www.valgusevabrik.ee\\\/en\\\/visit-us\\\/#breadcrumb\",\"itemListElement\":[{\"@type\":\"ListItem\",\"position\":1,\"name\":\"Home\",\"item\":\"https:\\\/\\\/www.valgusevabrik.ee\\\/en\\\/\"},{\"@type\":\"ListItem\",\"position\":2,\"name\":\"Come for a visit!\"}]},{\"@type\":\"WebSite\",\"@id\":\"https:\\\/\\\/www.valgusevabrik.ee\\\/#website\",\"url\":\"https:\\\/\\\/www.valgusevabrik.ee\\\/\",\"name\":\"V\u00f5hma\",\"description\":\"Valguse Vabrik\",\"publisher\":{\"@id\":\"https:\\\/\\\/www.valgusevabrik.ee\\\/#organization\"},\"potentialAction\":[{\"@type\":\"SearchAction\",\"target\":{\"@type\":\"EntryPoint\",\"urlTemplate\":\"https:\\\/\\\/www.valgusevabrik.ee\\\/?s={search_term_string}\"},\"query-input\":{\"@type\":\"PropertyValueSpecification\",\"valueRequired\":true,\"valueName\":\"search_term_string\"}}],\"inLanguage\":\"en-US\"},{\"@type\":\"Organization\",\"@id\":\"https:\\\/\\\/www.valgusevabrik.ee\\\/#organization\",\"name\":\"V\u00f5hma\",\"url\":\"https:\\\/\\\/www.valgusevabrik.ee\\\/\",\"logo\":{\"@type\":\"ImageObject\",\"inLanguage\":\"en-US\",\"@id\":\"https:\\\/\\\/www.valgusevabrik.ee\\\/#\\\/schema\\\/logo\\\/image\\\/\",\"url\":\"https:\\\/\\\/www.valgusevabrik.ee\\\/wp-content\\\/uploads\\\/2025\\\/09\\\/vohmavalgusevabrik.png\",\"contentUrl\":\"https:\\\/\\\/www.valgusevabrik.ee\\\/wp-content\\\/uploads\\\/2025\\\/09\\\/vohmavalgusevabrik.png\",\"width\":256,\"height\":122,\"caption\":\"V\u00f5hma\"},\"image\":{\"@id\":\"https:\\\/\\\/www.valgusevabrik.ee\\\/#\\\/schema\\\/logo\\\/image\\\/\"},\"sameAs\":[\"https:\\\/\\\/www.facebook.com\\\/V\u00f5hma-Valgusevabrik-1511025752479317\\\/\",\"https:\\\/\\\/www.instagram.com\\\/valguse_vabrik\\\/\"]}]}<\/script>\n<!-- \/ Yoast SEO plugin. -->","yoast_head_json":{"title":"Come for a visit! - V\u00f5hma","robots":{"index":"index","follow":"follow","max-snippet":"max-snippet:-1","max-image-preview":"max-image-preview:large","max-video-preview":"max-video-preview:-1"},"canonical":"https:\/\/www.valgusevabrik.ee\/en\/visit-us\/","og_locale":"en_US","og_type":"article","og_title":"Come for a visit! - V\u00f5hma","og_description":"Step into the world of craftsmanship and create your own candle guided by skilled artisans. Enjoy a playground, explore our mini zoo, and discover unique finds in our factory store, Kihvt Galerii.See you in V\u00f5hma! Excursion in candle factory Discover the art of candle-making with a guided tour of our factory. You\u2019ll have the opportunity...","og_url":"https:\/\/www.valgusevabrik.ee\/en\/visit-us\/","og_site_name":"V\u00f5hma","article_publisher":"https:\/\/www.facebook.com\/V%c3%b5hma-Valgusevabrik-1511025752479317\/","article_modified_time":"2026-04-28T11:24:17+00:00","og_image":[{"width":1383,"height":785,"url":"https:\/\/www.valgusevabrik.ee\/wp-content\/uploads\/2016\/11\/Meile-kulla.jpg","type":"image\/jpeg"}],"twitter_card":"summary_large_image","twitter_misc":{"Est. reading time":"6 minutes"},"schema":{"@context":"https:\/\/schema.org","@graph":[{"@type":"WebPage","@id":"https:\/\/www.valgusevabrik.ee\/en\/visit-us\/","url":"https:\/\/www.valgusevabrik.ee\/en\/visit-us\/","name":"Come for a visit! - V\u00f5hma","isPartOf":{"@id":"https:\/\/www.valgusevabrik.ee\/#website"},"primaryImageOfPage":{"@id":"https:\/\/www.valgusevabrik.ee\/en\/visit-us\/#primaryimage"},"image":{"@id":"https:\/\/www.valgusevabrik.ee\/en\/visit-us\/#primaryimage"},"thumbnailUrl":"https:\/\/www.valgusevabrik.ee\/wp-content\/uploads\/2016\/11\/Meile-kulla.jpg","datePublished":"2016-11-16T07:46:03+00:00","dateModified":"2026-04-28T11:24:17+00:00","breadcrumb":{"@id":"https:\/\/www.valgusevabrik.ee\/en\/visit-us\/#breadcrumb"},"inLanguage":"en-US","potentialAction":[{"@type":"ReadAction","target":["https:\/\/www.valgusevabrik.ee\/en\/visit-us\/"]}]},{"@type":"ImageObject","inLanguage":"en-US","@id":"https:\/\/www.valgusevabrik.ee\/en\/visit-us\/#primaryimage","url":"https:\/\/www.valgusevabrik.ee\/wp-content\/uploads\/2016\/11\/Meile-kulla.jpg","contentUrl":"https:\/\/www.valgusevabrik.ee\/wp-content\/uploads\/2016\/11\/Meile-kulla.jpg","width":1383,"height":785},{"@type":"BreadcrumbList","@id":"https:\/\/www.valgusevabrik.ee\/en\/visit-us\/#breadcrumb","itemListElement":[{"@type":"ListItem","position":1,"name":"Home","item":"https:\/\/www.valgusevabrik.ee\/en\/"},{"@type":"ListItem","position":2,"name":"Come for a visit!"}]},{"@type":"WebSite","@id":"https:\/\/www.valgusevabrik.ee\/#website","url":"https:\/\/www.valgusevabrik.ee\/","name":"V\u00f5hma","description":"Valguse Vabrik","publisher":{"@id":"https:\/\/www.valgusevabrik.ee\/#organization"},"potentialAction":[{"@type":"SearchAction","target":{"@type":"EntryPoint","urlTemplate":"https:\/\/www.valgusevabrik.ee\/?s={search_term_string}"},"query-input":{"@type":"PropertyValueSpecification","valueRequired":true,"valueName":"search_term_string"}}],"inLanguage":"en-US"},{"@type":"Organization","@id":"https:\/\/www.valgusevabrik.ee\/#organization","name":"V\u00f5hma","url":"https:\/\/www.valgusevabrik.ee\/","logo":{"@type":"ImageObject","inLanguage":"en-US","@id":"https:\/\/www.valgusevabrik.ee\/#\/schema\/logo\/image\/","url":"https:\/\/www.valgusevabrik.ee\/wp-content\/uploads\/2025\/09\/vohmavalgusevabrik.png","contentUrl":"https:\/\/www.valgusevabrik.ee\/wp-content\/uploads\/2025\/09\/vohmavalgusevabrik.png","width":256,"height":122,"caption":"V\u00f5hma"},"image":{"@id":"https:\/\/www.valgusevabrik.ee\/#\/schema\/logo\/image\/"},"sameAs":["https:\/\/www.facebook.com\/V\u00f5hma-Valgusevabrik-1511025752479317\/","https:\/\/www.instagram.com\/valguse_vabrik\/"]}]}},"_links":{"self":[{"href":"https:\/\/www.valgusevabrik.ee\/en\/wp-json\/wp\/v2\/pages\/1699","targetHints":{"allow":["GET"]}}],"collection":[{"href":"https:\/\/www.valgusevabrik.ee\/en\/wp-json\/wp\/v2\/pages"}],"about":[{"href":"https:\/\/www.valgusevabrik.ee\/en\/wp-json\/wp\/v2\/types\/page"}],"author":[{"embeddable":true,"href":"https:\/\/www.valgusevabrik.ee\/en\/wp-json\/wp\/v2\/users\/1"}],"replies":[{"embeddable":true,"href":"https:\/\/www.valgusevabrik.ee\/en\/wp-json\/wp\/v2\/comments?post=1699"}],"version-history":[{"count":0,"href":"https:\/\/www.valgusevabrik.ee\/en\/wp-json\/wp\/v2\/pages\/1699\/revisions"}],"wp:featuredmedia":[{"embeddable":true,"href":"https:\/\/www.valgusevabrik.ee\/en\/wp-json\/wp\/v2\/media\/469"}],"wp:attachment":[{"href":"https:\/\/www.valgusevabrik.ee\/en\/wp-json\/wp\/v2\/media?parent=1699"}],"curies":[{"name":"wp","href":"https:\/\/api.w.org\/{rel}","templated":true}]}}